{"id":2085,"date":"2019-09-13T11:21:39","date_gmt":"2019-09-13T14:21:39","guid":{"rendered":"http:\/\/nossacasa.net\/nossosriachos\/rios\/?page_id=2085"},"modified":"2020-02-11T15:48:55","modified_gmt":"2020-02-11T18:48:55","slug":"geophagus","status":"publish","type":"page","link":"http:\/\/nossacasa.net\/nossosriachos\/tabuleiros\/geophagus\/","title":{"rendered":"Geophagus"},"content":{"rendered":"<div style=\"text-align: justify\">\n<h1>Os <em>Geophagus<\/em> Heckel, 1840<\/h1>\n<p><img loading=\"lazy\" decoding=\"async\" src=\"http:\/\/nossacasa.net\/nossosriachos\/tabuleiros\/wp-content\/uploads\/sites\/13\/2020\/02\/Geophagus-sup.png\" alt=\"\" width=\"800\" height=\"388\" class=\"aligncenter size-full wp-image-4658\" srcset=\"http:\/\/nossacasa.net\/nossosriachos\/tabuleiros\/wp-content\/uploads\/sites\/13\/2020\/02\/Geophagus-sup.png 800w, http:\/\/nossacasa.net\/nossosriachos\/tabuleiros\/wp-content\/uploads\/sites\/13\/2020\/02\/Geophagus-sup-300x146.png 300w, http:\/\/nossacasa.net\/nossosriachos\/tabuleiros\/wp-content\/uploads\/sites\/13\/2020\/02\/Geophagus-sup-768x372.png 768w, http:\/\/nossacasa.net\/nossosriachos\/tabuleiros\/wp-content\/uploads\/sites\/13\/2020\/02\/Geophagus-sup-500x243.png 500w\" sizes=\"auto, (max-width: 800px) 100vw, 800px\" \/><\/p>\n<p><img loading=\"lazy\" decoding=\"async\" src=\"http:\/\/nossacasa.net\/nossosriachos\/tabuleiros\/wp-content\/uploads\/sites\/13\/2020\/02\/Geophagus_infe.png\" alt=\"\" width=\"800\" height=\"283\" class=\"aligncenter size-full wp-image-4654\" srcset=\"http:\/\/nossacasa.net\/nossosriachos\/tabuleiros\/wp-content\/uploads\/sites\/13\/2020\/02\/Geophagus_infe.png 800w, http:\/\/nossacasa.net\/nossosriachos\/tabuleiros\/wp-content\/uploads\/sites\/13\/2020\/02\/Geophagus_infe-300x106.png 300w, http:\/\/nossacasa.net\/nossosriachos\/tabuleiros\/wp-content\/uploads\/sites\/13\/2020\/02\/Geophagus_infe-768x272.png 768w, http:\/\/nossacasa.net\/nossosriachos\/tabuleiros\/wp-content\/uploads\/sites\/13\/2020\/02\/Geophagus_infe-500x177.png 500w\" sizes=\"auto, (max-width: 800px) 100vw, 800px\" \/><\/p>\n<p>Algumas caracter\u00edsticas do g\u00eanero <strong><em>Geophagus<\/em><\/strong> est\u00e3o indicadas na figura acima.<\/p>\n<p>Facilmente distinguido dos demais Cichlidae nos tabuleiros pelo ramo superior do primeiro arco branquial com l\u00f3bulo proeminente na regi\u00e3o dos rastros. Para visualizar o l\u00f3bulo \u00e9 preciso levantar o op\u00e9rculo.<\/p>\n<p>Outras caracter\u00edsticas visuais que podem ajudar em seu reconhecimento incluem a cabe\u00e7a alongada, 45% no comprimento padr\u00e3o; barra vertical escura na altura da \u00f3rbita; m\u00e1cula verticalmente ovalada no meio do corpo; corpo baixo, 37% no comprimento com espinhos anteriores e raios posteriores padr\u00e3o; nadadeira caudal com colorido reticulado. A nadadeira dorsal \u00fanica e cont\u00ednua e a linha lateral interrompida em duas se\u00e7\u00f5es s\u00e3o caracter\u00edsticas compartilhadas por outros peixes desta fam\u00edlia.<\/p>\n<p>O g\u00eanero <strong><em>Geophagus<\/em><\/strong> \u00e9 um dos sete g\u00eaneros da fam\u00edlia <a href=\"http:\/\/nossacasa.net\/nossosriachos\/tabuleiros\/cichlidae\/\">Cichlidae<\/a> representante dos <a href=\"http:\/\/nossacasa.net\/nossosriachos\/tabuleiros\/cichliformes\/\">Cichliformes<\/a> nas regi\u00f5es dos tabuleiros. <\/p>\n<p>Na regi\u00e3o dos tabuleiros da Mata Atl\u00e2ntica encontramos uma \u00fanica esp\u00e9cie do g\u00eanero <strong><em>Geophagus<\/em><\/strong>: <em><a href=\"http:\/\/nossacasa.net\/nossosriachos\/tabuleiros\/geophagus-brasiliensis\/\">Geophagus brasiliensis<\/a><\/em>.<\/p>\n<hr>\n<\/div>\n","protected":false},"excerpt":{"rendered":"<p>Os Geophagus Heckel, 1840 Algumas caracter\u00edsticas do g\u00eanero Geophagus est\u00e3o indicadas na figura acima. Facilmente distinguido dos demais Cichlidae nos tabuleiros pelo ramo superior do primeiro arco branquial com l\u00f3bulo proeminente na regi\u00e3o dos rastros. Para visualizar o l\u00f3bulo \u00e9 &hellip; <a href=\"http:\/\/nossacasa.net\/nossosriachos\/tabuleiros\/geophagus\/\">Continue lendo <span class=\"meta-nav\">&rarr;<\/span><\/a><\/p>\n","protected":false},"author":1,"featured_media":4658,"parent":0,"menu_order":0,"comment_status":"closed","ping_status":"closed","template":"","meta":{"footnotes":""},"class_list":["post-2085","page","type-page","status-publish","has-post-thumbnail","hentry"],"_links":{"self":[{"href":"http:\/\/nossacasa.net\/nossosriachos\/tabuleiros\/wp-json\/wp\/v2\/pages\/2085","targetHints":{"allow":["GET"]}}],"collection":[{"href":"http:\/\/nossacasa.net\/nossosriachos\/tabuleiros\/wp-json\/wp\/v2\/pages"}],"about":[{"href":"http:\/\/nossacasa.net\/nossosriachos\/tabuleiros\/wp-json\/wp\/v2\/types\/page"}],"author":[{"embeddable":true,"href":"http:\/\/nossacasa.net\/nossosriachos\/tabuleiros\/wp-json\/wp\/v2\/users\/1"}],"replies":[{"embeddable":true,"href":"http:\/\/nossacasa.net\/nossosriachos\/tabuleiros\/wp-json\/wp\/v2\/comments?post=2085"}],"version-history":[{"count":3,"href":"http:\/\/nossacasa.net\/nossosriachos\/tabuleiros\/wp-json\/wp\/v2\/pages\/2085\/revisions"}],"predecessor-version":[{"id":4659,"href":"http:\/\/nossacasa.net\/nossosriachos\/tabuleiros\/wp-json\/wp\/v2\/pages\/2085\/revisions\/4659"}],"wp:featuredmedia":[{"embeddable":true,"href":"http:\/\/nossacasa.net\/nossosriachos\/tabuleiros\/wp-json\/wp\/v2\/media\/4658"}],"wp:attachment":[{"href":"http:\/\/nossacasa.net\/nossosriachos\/tabuleiros\/wp-json\/wp\/v2\/media?parent=2085"}],"curies":[{"name":"wp","href":"https:\/\/api.w.org\/{rel}","templated":true}]}}