{"id":2089,"date":"2019-09-13T11:26:13","date_gmt":"2019-09-13T14:26:13","guid":{"rendered":"http:\/\/nossacasa.net\/nossosriachos\/rios\/?page_id=2089"},"modified":"2020-02-11T16:47:36","modified_gmt":"2020-02-11T19:47:36","slug":"oreochromis-niloticus","status":"publish","type":"page","link":"http:\/\/nossacasa.net\/nossosriachos\/tabuleiros\/oreochromis-niloticus\/","title":{"rendered":"Oreochromis niloticus"},"content":{"rendered":"<div style=\"text-align: justify\">\n<h1><em>Oreochromis niloticus<\/em> (Linnaeus 1758)<\/h1>\n<p>Algumas caracter\u00edsticas da esp\u00e9cie <strong><em>Oreochromis niloticus<\/em><\/strong> est\u00e3o indicadas na figura acima.<\/p>\n<p>As til\u00e1pias <em>Oreochromis<\/em> n\u00e3o possuem m\u00e1culas sobre os raios da nadadeira dorsal. Escamas entre as nadadeiras peitorais e p\u00e9lvicas menores do que aquelas nos lados do corpo. Visualmente se distinguem das til\u00e1pias do g\u00eanero Coptodon pela aus\u00eancia de m\u00e1cula sobre os raios da nadadeira dorsal e caracteres anat\u00f4micos.<\/p>\n<p>H\u00e1 duas esp\u00e9cies de til\u00e1pias africanas na regi\u00e3o dos tabuleiros.  Por serem resistentes a condi\u00e7\u00f5es extremas, conseguem sobreviver onde outros peixes de \u00e1gua doce n\u00e3o tolerariam, e sendo fonte de prote\u00edna animal para popula\u00e7\u00f5es ribeirinhas em a\u00e7udes artificiais de \u00e1guas calc\u00e1reas no nordeste do Brasil.<\/p>\n<p>A esp\u00e9cie introduzida <em>Oreochromis niloticuss<\/em> \u00e9 a \u00fanica representante do g\u00eanero <em><a href=\"http:\/\/nossacasa.net\/nossosriachos\/rios\/oreochromis\/\">Oreochromis<\/a><\/em> da fam\u00edlia <a href=\"http:\/\/nossacasa.net\/nossosriachos\/rios\/cichlidae\/\">Cichlidae<\/a> nas regi\u00f5es dos tabuleiros.\n<\/div>\n","protected":false},"excerpt":{"rendered":"<p>Oreochromis niloticus (Linnaeus 1758) Algumas caracter\u00edsticas da esp\u00e9cie Oreochromis niloticus est\u00e3o indicadas na figura acima. As til\u00e1pias Oreochromis n\u00e3o possuem m\u00e1culas sobre os raios da nadadeira dorsal. Escamas entre as nadadeiras peitorais e p\u00e9lvicas menores do que aquelas nos lados &hellip; <a href=\"http:\/\/nossacasa.net\/nossosriachos\/tabuleiros\/oreochromis-niloticus\/\">Continue lendo <span class=\"meta-nav\">&rarr;<\/span><\/a><\/p>\n","protected":false},"author":1,"featured_media":1601,"parent":0,"menu_order":0,"comment_status":"closed","ping_status":"closed","template":"","meta":{"footnotes":""},"class_list":["post-2089","page","type-page","status-publish","has-post-thumbnail","hentry"],"_links":{"self":[{"href":"http:\/\/nossacasa.net\/nossosriachos\/tabuleiros\/wp-json\/wp\/v2\/pages\/2089","targetHints":{"allow":["GET"]}}],"collection":[{"href":"http:\/\/nossacasa.net\/nossosriachos\/tabuleiros\/wp-json\/wp\/v2\/pages"}],"about":[{"href":"http:\/\/nossacasa.net\/nossosriachos\/tabuleiros\/wp-json\/wp\/v2\/types\/page"}],"author":[{"embeddable":true,"href":"http:\/\/nossacasa.net\/nossosriachos\/tabuleiros\/wp-json\/wp\/v2\/users\/1"}],"replies":[{"embeddable":true,"href":"http:\/\/nossacasa.net\/nossosriachos\/tabuleiros\/wp-json\/wp\/v2\/comments?post=2089"}],"version-history":[{"count":2,"href":"http:\/\/nossacasa.net\/nossosriachos\/tabuleiros\/wp-json\/wp\/v2\/pages\/2089\/revisions"}],"predecessor-version":[{"id":4666,"href":"http:\/\/nossacasa.net\/nossosriachos\/tabuleiros\/wp-json\/wp\/v2\/pages\/2089\/revisions\/4666"}],"wp:featuredmedia":[{"embeddable":true,"href":"http:\/\/nossacasa.net\/nossosriachos\/tabuleiros\/wp-json\/wp\/v2\/media\/1601"}],"wp:attachment":[{"href":"http:\/\/nossacasa.net\/nossosriachos\/tabuleiros\/wp-json\/wp\/v2\/media?parent=2089"}],"curies":[{"name":"wp","href":"https:\/\/api.w.org\/{rel}","templated":true}]}}