{"id":2091,"date":"2019-09-13T11:25:01","date_gmt":"2019-09-13T14:25:01","guid":{"rendered":"http:\/\/nossacasa.net\/nossosriachos\/rios\/?page_id=2091"},"modified":"2020-02-11T16:30:13","modified_gmt":"2020-02-11T19:30:13","slug":"oreochromis","status":"publish","type":"page","link":"http:\/\/nossacasa.net\/nossosriachos\/tabuleiros\/oreochromis\/","title":{"rendered":"Oreochromis"},"content":{"rendered":"<div style=\"text-align: justify\">\n<h1>Os <em>Oreochromis<\/em> G\u00fcnther, 1889<\/h1>\n<p><img loading=\"lazy\" decoding=\"async\" src=\"http:\/\/nossacasa.net\/nossosriachos\/tabuleiros\/wp-content\/uploads\/sites\/13\/2020\/02\/Oreochromis.png\" alt=\"\" width=\"800\" height=\"381\" class=\"aligncenter size-full wp-image-4662\" srcset=\"http:\/\/nossacasa.net\/nossosriachos\/tabuleiros\/wp-content\/uploads\/sites\/13\/2020\/02\/Oreochromis.png 800w, http:\/\/nossacasa.net\/nossosriachos\/tabuleiros\/wp-content\/uploads\/sites\/13\/2020\/02\/Oreochromis-300x143.png 300w, http:\/\/nossacasa.net\/nossosriachos\/tabuleiros\/wp-content\/uploads\/sites\/13\/2020\/02\/Oreochromis-768x366.png 768w, http:\/\/nossacasa.net\/nossosriachos\/tabuleiros\/wp-content\/uploads\/sites\/13\/2020\/02\/Oreochromis-500x238.png 500w\" sizes=\"auto, (max-width: 800px) 100vw, 800px\" \/><\/p>\n<p>Algumas caracter\u00edsticas do g\u00eanero <strong><em>Oreochromis<\/em><\/strong> est\u00e3o indicadas na figura acima.<\/p>\n<p>As til\u00e1pias <strong><em>Oreochromis<\/em><\/strong> n\u00e3o possuem m\u00e1culas sobre os raios da nadadeira dorsal. Escamas entre as nadadeiras peitorais e p\u00e9lvicas menores do que aquelas nos lados do corpo.<\/p>\n<p>Possuem 13-27 rastros branquiais longos e afilados no ramo inferior do primeiro arco branquial. <\/p>\n<p>O g\u00eanero <strong><em>Oreochromis<\/em><\/strong> \u00e9 um dos sete g\u00eaneros da fam\u00edlia <a href=\"http:\/\/nossacasa.net\/nossosriachos\/tabuleiros\/cichlidae\/\">Cichlidae<\/a> representante dos <a href=\"http:\/\/nossacasa.net\/nossosriachos\/tabuleiros\/cichliformes\/\">Cichliformes<\/a> nas regi\u00f5es dos tabuleiros. <\/p>\n<p>Na regi\u00e3o dos tabuleiros da Mata Atl\u00e2ntica encontramos uma \u00fanica esp\u00e9cie introduzida do g\u00eanero <strong><em>Oreochromis<\/em><\/strong>: <em><a href=\"http:\/\/nossacasa.net\/nossosriachos\/tabuleiros\/oreochromis-niloticus\/\">Oreochromis niloticus<\/a><\/em>.<\/p>\n<hr>\n<\/div>\n","protected":false},"excerpt":{"rendered":"<p>Os Oreochromis G\u00fcnther, 1889 Algumas caracter\u00edsticas do g\u00eanero Oreochromis est\u00e3o indicadas na figura acima. As til\u00e1pias Oreochromis n\u00e3o possuem m\u00e1culas sobre os raios da nadadeira dorsal. Escamas entre as nadadeiras peitorais e p\u00e9lvicas menores do que aquelas nos lados do &hellip; <a href=\"http:\/\/nossacasa.net\/nossosriachos\/tabuleiros\/oreochromis\/\">Continue lendo <span class=\"meta-nav\">&rarr;<\/span><\/a><\/p>\n","protected":false},"author":1,"featured_media":4662,"parent":0,"menu_order":0,"comment_status":"closed","ping_status":"closed","template":"","meta":{"footnotes":""},"class_list":["post-2091","page","type-page","status-publish","has-post-thumbnail","hentry"],"_links":{"self":[{"href":"http:\/\/nossacasa.net\/nossosriachos\/tabuleiros\/wp-json\/wp\/v2\/pages\/2091","targetHints":{"allow":["GET"]}}],"collection":[{"href":"http:\/\/nossacasa.net\/nossosriachos\/tabuleiros\/wp-json\/wp\/v2\/pages"}],"about":[{"href":"http:\/\/nossacasa.net\/nossosriachos\/tabuleiros\/wp-json\/wp\/v2\/types\/page"}],"author":[{"embeddable":true,"href":"http:\/\/nossacasa.net\/nossosriachos\/tabuleiros\/wp-json\/wp\/v2\/users\/1"}],"replies":[{"embeddable":true,"href":"http:\/\/nossacasa.net\/nossosriachos\/tabuleiros\/wp-json\/wp\/v2\/comments?post=2091"}],"version-history":[{"count":3,"href":"http:\/\/nossacasa.net\/nossosriachos\/tabuleiros\/wp-json\/wp\/v2\/pages\/2091\/revisions"}],"predecessor-version":[{"id":4664,"href":"http:\/\/nossacasa.net\/nossosriachos\/tabuleiros\/wp-json\/wp\/v2\/pages\/2091\/revisions\/4664"}],"wp:featuredmedia":[{"embeddable":true,"href":"http:\/\/nossacasa.net\/nossosriachos\/tabuleiros\/wp-json\/wp\/v2\/media\/4662"}],"wp:attachment":[{"href":"http:\/\/nossacasa.net\/nossosriachos\/tabuleiros\/wp-json\/wp\/v2\/media?parent=2091"}],"curies":[{"name":"wp","href":"https:\/\/api.w.org\/{rel}","templated":true}]}}