{"id":2114,"date":"2019-09-13T12:27:14","date_gmt":"2019-09-13T15:27:14","guid":{"rendered":"http:\/\/nossacasa.net\/nossosriachos\/rios\/?page_id=2114"},"modified":"2019-09-24T11:37:13","modified_gmt":"2019-09-24T14:37:13","slug":"atlantirivulus","status":"publish","type":"page","link":"http:\/\/nossacasa.net\/nossosriachos\/tabuleiros\/atlantirivulus\/","title":{"rendered":"Atlantirivulus"},"content":{"rendered":"<div style=\"text-align: justify\">\n<h1>Os <em>Atlantirivulus<\/em> Costa 2008<\/h1>\n<p>Algumas caracter\u00edsticas do g\u00eanero <strong><em>Atlantirivulus<\/em><\/strong> est\u00e3o indicadas na figura acima.<\/p>\n<p>O g\u00eanero <strong><em>Atlantirivulus<\/em><\/strong> \u00e9 um dos quatro g\u00eaneros da fam\u00edlia <a href=\"http:\/\/nossacasa.net\/nossosriachos\/tabuleiros\/rivulidae\/\">Rivulidae<\/a> representante dos <a href=\"http:\/\/nossacasa.net\/nossosriachos\/tabuleiros\/cyprinodontiformes\/\">Cyprinodontiformes<\/a> nas regi\u00f5es dos tabuleiros. <\/p>\n<p>Na regi\u00e3o dos tabuleiros da Mata Atl\u00e2ntica encontramos uma \u00fanica esp\u00e9cie do g\u00eanero <strong><em>Atlantirivulus<\/em><\/strong>: <em><a href=\"http:\/\/nossacasa.net\/nossosriachos\/tabuleiros\/atlantirivulus-depressus\/\">Atlantirivulus depressus<\/a><\/em>.<\/p>\n<hr>\n<\/div>\n","protected":false},"excerpt":{"rendered":"<p>Os Atlantirivulus Costa 2008 Algumas caracter\u00edsticas do g\u00eanero Atlantirivulus est\u00e3o indicadas na figura acima. O g\u00eanero Atlantirivulus \u00e9 um dos quatro g\u00eaneros da fam\u00edlia Rivulidae representante dos Cyprinodontiformes nas regi\u00f5es dos tabuleiros. Na regi\u00e3o dos tabuleiros da Mata Atl\u00e2ntica encontramos &hellip; <a href=\"http:\/\/nossacasa.net\/nossosriachos\/tabuleiros\/atlantirivulus\/\">Continue lendo <span class=\"meta-nav\">&rarr;<\/span><\/a><\/p>\n","protected":false},"author":1,"featured_media":0,"parent":0,"menu_order":0,"comment_status":"closed","ping_status":"closed","template":"","meta":{"footnotes":""},"class_list":["post-2114","page","type-page","status-publish","hentry"],"_links":{"self":[{"href":"http:\/\/nossacasa.net\/nossosriachos\/tabuleiros\/wp-json\/wp\/v2\/pages\/2114","targetHints":{"allow":["GET"]}}],"collection":[{"href":"http:\/\/nossacasa.net\/nossosriachos\/tabuleiros\/wp-json\/wp\/v2\/pages"}],"about":[{"href":"http:\/\/nossacasa.net\/nossosriachos\/tabuleiros\/wp-json\/wp\/v2\/types\/page"}],"author":[{"embeddable":true,"href":"http:\/\/nossacasa.net\/nossosriachos\/tabuleiros\/wp-json\/wp\/v2\/users\/1"}],"replies":[{"embeddable":true,"href":"http:\/\/nossacasa.net\/nossosriachos\/tabuleiros\/wp-json\/wp\/v2\/comments?post=2114"}],"version-history":[{"count":1,"href":"http:\/\/nossacasa.net\/nossosriachos\/tabuleiros\/wp-json\/wp\/v2\/pages\/2114\/revisions"}],"predecessor-version":[{"id":3940,"href":"http:\/\/nossacasa.net\/nossosriachos\/tabuleiros\/wp-json\/wp\/v2\/pages\/2114\/revisions\/3940"}],"wp:attachment":[{"href":"http:\/\/nossacasa.net\/nossosriachos\/tabuleiros\/wp-json\/wp\/v2\/media?parent=2114"}],"curies":[{"name":"wp","href":"https:\/\/api.w.org\/{rel}","templated":true}]}}