{"id":2127,"date":"2019-09-13T13:34:10","date_gmt":"2019-09-13T16:34:10","guid":{"rendered":"http:\/\/nossacasa.net\/nossosriachos\/rios\/?page_id=2127"},"modified":"2019-09-13T13:34:10","modified_gmt":"2019-09-13T16:34:10","slug":"mucurilebias-leitaoi","status":"publish","type":"page","link":"http:\/\/nossacasa.net\/nossosriachos\/tabuleiros\/mucurilebias-leitaoi\/","title":{"rendered":"Mucurilebias leitaoi"},"content":{"rendered":"<div style=\"text-align: justify\">\n<h1><em>Mucurilebias leitaoi<\/em> (Da Cruz &amp; Peixoto 1992)<\/h1>\n<p>Algumas caracter\u00edsticas da esp\u00e9cie <em>Mucurilebias leitaoi<\/em> est\u00e3o indicadas na figura acima.<\/p>\n<p>A esp\u00e9cie <em>Mucurilebias leitaoi<\/em> \u00e9 a \u00fanica representante do g\u00eanero <em><a href=\"http:\/\/nossacasa.net\/nossosriachos\/rios\/kryptolebias\/\">Kryptolebias<\/a><\/em> da fam\u00edlia <a href=\"http:\/\/nossacasa.net\/nossosriachos\/rios\/rivulidae\/\">Rivulidae<\/a> nas regi\u00f5es dos tabuleiros.\n<\/div>\n","protected":false},"excerpt":{"rendered":"<p>Mucurilebias leitaoi (Da Cruz &amp; Peixoto 1992) Algumas caracter\u00edsticas da esp\u00e9cie Mucurilebias leitaoi est\u00e3o indicadas na figura acima. A esp\u00e9cie Mucurilebias leitaoi \u00e9 a \u00fanica representante do g\u00eanero Kryptolebias da fam\u00edlia Rivulidae nas regi\u00f5es dos tabuleiros.<\/p>\n","protected":false},"author":1,"featured_media":1601,"parent":0,"menu_order":0,"comment_status":"closed","ping_status":"closed","template":"","meta":{"footnotes":""},"class_list":["post-2127","page","type-page","status-publish","has-post-thumbnail","hentry"],"_links":{"self":[{"href":"http:\/\/nossacasa.net\/nossosriachos\/tabuleiros\/wp-json\/wp\/v2\/pages\/2127","targetHints":{"allow":["GET"]}}],"collection":[{"href":"http:\/\/nossacasa.net\/nossosriachos\/tabuleiros\/wp-json\/wp\/v2\/pages"}],"about":[{"href":"http:\/\/nossacasa.net\/nossosriachos\/tabuleiros\/wp-json\/wp\/v2\/types\/page"}],"author":[{"embeddable":true,"href":"http:\/\/nossacasa.net\/nossosriachos\/tabuleiros\/wp-json\/wp\/v2\/users\/1"}],"replies":[{"embeddable":true,"href":"http:\/\/nossacasa.net\/nossosriachos\/tabuleiros\/wp-json\/wp\/v2\/comments?post=2127"}],"version-history":[{"count":0,"href":"http:\/\/nossacasa.net\/nossosriachos\/tabuleiros\/wp-json\/wp\/v2\/pages\/2127\/revisions"}],"wp:featuredmedia":[{"embeddable":true,"href":"http:\/\/nossacasa.net\/nossosriachos\/tabuleiros\/wp-json\/wp\/v2\/media\/1601"}],"wp:attachment":[{"href":"http:\/\/nossacasa.net\/nossosriachos\/tabuleiros\/wp-json\/wp\/v2\/media?parent=2127"}],"curies":[{"name":"wp","href":"https:\/\/api.w.org\/{rel}","templated":true}]}}