{"id":2143,"date":"2019-09-13T13:54:28","date_gmt":"2019-09-13T16:54:28","guid":{"rendered":"http:\/\/nossacasa.net\/nossosriachos\/rios\/?page_id=2143"},"modified":"2019-09-13T13:54:28","modified_gmt":"2019-09-13T16:54:28","slug":"xenurolebias-pataxo","status":"publish","type":"page","link":"http:\/\/nossacasa.net\/nossosriachos\/tabuleiros\/xenurolebias-pataxo\/","title":{"rendered":"Xenurolebias pataxo"},"content":{"rendered":"<div style=\"text-align: justify\">\n<h1><em>Xenurolebias pataxo<\/em> Costa 2014<\/h1>\n<p>Algumas caracter\u00edsticas da esp\u00e9cie <em>Xenurolebias pataxo<\/em> est\u00e3o indicadas na figura acima.<\/p>\n<p>A esp\u00e9cie <em>Xenurolebias pataxo<\/em> \u00e9 uma das quatro representantes do g\u00eanero <em><a href=\"http:\/\/nossacasa.net\/nossosriachos\/rios\/xenurolebias\/\">Xenurolebias<\/a><\/em> da fam\u00edlia <a href=\"http:\/\/nossacasa.net\/nossosriachos\/rios\/rivulidae\/\">Rivulidae<\/a> nas regi\u00f5es dos tabuleiros.\n<\/div>\n","protected":false},"excerpt":{"rendered":"<p>Xenurolebias pataxo Costa 2014 Algumas caracter\u00edsticas da esp\u00e9cie Xenurolebias pataxo est\u00e3o indicadas na figura acima. A esp\u00e9cie Xenurolebias pataxo \u00e9 uma das quatro representantes do g\u00eanero Xenurolebias da fam\u00edlia Rivulidae nas regi\u00f5es dos tabuleiros.<\/p>\n","protected":false},"author":1,"featured_media":1601,"parent":0,"menu_order":0,"comment_status":"closed","ping_status":"closed","template":"","meta":{"footnotes":""},"class_list":["post-2143","page","type-page","status-publish","has-post-thumbnail","hentry"],"_links":{"self":[{"href":"http:\/\/nossacasa.net\/nossosriachos\/tabuleiros\/wp-json\/wp\/v2\/pages\/2143","targetHints":{"allow":["GET"]}}],"collection":[{"href":"http:\/\/nossacasa.net\/nossosriachos\/tabuleiros\/wp-json\/wp\/v2\/pages"}],"about":[{"href":"http:\/\/nossacasa.net\/nossosriachos\/tabuleiros\/wp-json\/wp\/v2\/types\/page"}],"author":[{"embeddable":true,"href":"http:\/\/nossacasa.net\/nossosriachos\/tabuleiros\/wp-json\/wp\/v2\/users\/1"}],"replies":[{"embeddable":true,"href":"http:\/\/nossacasa.net\/nossosriachos\/tabuleiros\/wp-json\/wp\/v2\/comments?post=2143"}],"version-history":[{"count":0,"href":"http:\/\/nossacasa.net\/nossosriachos\/tabuleiros\/wp-json\/wp\/v2\/pages\/2143\/revisions"}],"wp:featuredmedia":[{"embeddable":true,"href":"http:\/\/nossacasa.net\/nossosriachos\/tabuleiros\/wp-json\/wp\/v2\/media\/1601"}],"wp:attachment":[{"href":"http:\/\/nossacasa.net\/nossosriachos\/tabuleiros\/wp-json\/wp\/v2\/media?parent=2143"}],"curies":[{"name":"wp","href":"https:\/\/api.w.org\/{rel}","templated":true}]}}