{"id":2189,"date":"2019-09-13T15:33:26","date_gmt":"2019-09-13T18:33:26","guid":{"rendered":"http:\/\/nossacasa.net\/nossosriachos\/rios\/?page_id=2189"},"modified":"2019-09-13T15:33:26","modified_gmt":"2019-09-13T18:33:26","slug":"achirus-lineatus","status":"publish","type":"page","link":"http:\/\/nossacasa.net\/nossosriachos\/tabuleiros\/achirus-lineatus\/","title":{"rendered":"Achirus lineatus"},"content":{"rendered":"<div style=\"text-align: justify\">\n<h1><em>Achirus lineatus<\/em> (Linnaeus, 1758).<\/h1>\n<p>Algumas caracter\u00edsticas da esp\u00e9cie <em>Achirus lineatus<\/em> est\u00e3o indicadas na figura acima.<\/p>\n<p>A esp\u00e9cie <em>Achirus lineatus<\/em> \u00e9 a \u00fanica representantes do g\u00eanero <em><a href=\"http:\/\/nossacasa.net\/nossosriachos\/rios\/achirus\/\">Achirus<\/a><\/em> da fam\u00edlia <a href=\"http:\/\/nossacasa.net\/nossosriachos\/rios\/achiridae\/\">Achiridae<\/a> nas regi\u00f5es dos tabuleiros.\n<\/div>\n","protected":false},"excerpt":{"rendered":"<p>Achirus lineatus (Linnaeus, 1758). Algumas caracter\u00edsticas da esp\u00e9cie Achirus lineatus est\u00e3o indicadas na figura acima. A esp\u00e9cie Achirus lineatus \u00e9 a \u00fanica representantes do g\u00eanero Achirus da fam\u00edlia Achiridae nas regi\u00f5es dos tabuleiros.<\/p>\n","protected":false},"author":1,"featured_media":1601,"parent":0,"menu_order":0,"comment_status":"closed","ping_status":"closed","template":"","meta":{"footnotes":""},"class_list":["post-2189","page","type-page","status-publish","has-post-thumbnail","hentry"],"_links":{"self":[{"href":"http:\/\/nossacasa.net\/nossosriachos\/tabuleiros\/wp-json\/wp\/v2\/pages\/2189","targetHints":{"allow":["GET"]}}],"collection":[{"href":"http:\/\/nossacasa.net\/nossosriachos\/tabuleiros\/wp-json\/wp\/v2\/pages"}],"about":[{"href":"http:\/\/nossacasa.net\/nossosriachos\/tabuleiros\/wp-json\/wp\/v2\/types\/page"}],"author":[{"embeddable":true,"href":"http:\/\/nossacasa.net\/nossosriachos\/tabuleiros\/wp-json\/wp\/v2\/users\/1"}],"replies":[{"embeddable":true,"href":"http:\/\/nossacasa.net\/nossosriachos\/tabuleiros\/wp-json\/wp\/v2\/comments?post=2189"}],"version-history":[{"count":0,"href":"http:\/\/nossacasa.net\/nossosriachos\/tabuleiros\/wp-json\/wp\/v2\/pages\/2189\/revisions"}],"wp:featuredmedia":[{"embeddable":true,"href":"http:\/\/nossacasa.net\/nossosriachos\/tabuleiros\/wp-json\/wp\/v2\/media\/1601"}],"wp:attachment":[{"href":"http:\/\/nossacasa.net\/nossosriachos\/tabuleiros\/wp-json\/wp\/v2\/media?parent=2189"}],"curies":[{"name":"wp","href":"https:\/\/api.w.org\/{rel}","templated":true}]}}