{"id":2205,"date":"2019-09-13T16:12:46","date_gmt":"2019-09-13T19:12:46","guid":{"rendered":"http:\/\/nossacasa.net\/nossosriachos\/rios\/?page_id=2205"},"modified":"2019-09-23T09:46:40","modified_gmt":"2019-09-23T12:46:40","slug":"symphurus","status":"publish","type":"page","link":"http:\/\/nossacasa.net\/nossosriachos\/tabuleiros\/symphurus\/","title":{"rendered":"Symphurus"},"content":{"rendered":"<div style=\"text-align: justify\">\n<h1>Os <em>Symphurus<\/em> Rafinesque, 1810<\/h1>\n<p>Algumas caracter\u00edsticas do g\u00eanero <strong><em>Symphurus<\/em><\/strong> est\u00e3o indicadas na figura acima.<\/p>\n<p>O g\u00eanero <strong><em>Symphurus<\/em><\/strong> \u00e9 o \u00fanico g\u00eanero da fam\u00edlia <a href=\"http:\/\/nossacasa.net\/nossosriachos\/tabuleiros\/cynoglossidae\/\">Cynoglossidae<\/a> representante dos <a href=\"http:\/\/nossacasa.net\/nossosriachos\/tabuleiros\/pleuronectiformes\/\"><\/a> nas regi\u00f5es dos tabuleiros. <\/p>\n<p>Na regi\u00e3o dos tabuleiros da Mata Atl\u00e2ntica encontramos duas esp\u00e9cies do g\u00eanero <em>Symphurus<\/em>: <em><a href=\"http:\/\/nossacasa.net\/nossosriachos\/tabuleiros\/symphurus-plagiusa\/\">Symphurus plagiusa<\/a><\/em> e <em><a href=\"http:\/\/nossacasa.net\/nossosriachos\/tabuleiros\/symphurus-tessellatus\/\">Symphurus tessellatus<\/a><\/em>.<\/p>\n<hr>\n<\/div>\n","protected":false},"excerpt":{"rendered":"<p>Os Symphurus Rafinesque, 1810 Algumas caracter\u00edsticas do g\u00eanero Symphurus est\u00e3o indicadas na figura acima. O g\u00eanero Symphurus \u00e9 o \u00fanico g\u00eanero da fam\u00edlia Cynoglossidae representante dos nas regi\u00f5es dos tabuleiros. Na regi\u00e3o dos tabuleiros da Mata Atl\u00e2ntica encontramos duas esp\u00e9cies &hellip; <a href=\"http:\/\/nossacasa.net\/nossosriachos\/tabuleiros\/symphurus\/\">Continue lendo <span class=\"meta-nav\">&rarr;<\/span><\/a><\/p>\n","protected":false},"author":1,"featured_media":0,"parent":0,"menu_order":0,"comment_status":"closed","ping_status":"closed","template":"","meta":{"footnotes":""},"class_list":["post-2205","page","type-page","status-publish","hentry"],"_links":{"self":[{"href":"http:\/\/nossacasa.net\/nossosriachos\/tabuleiros\/wp-json\/wp\/v2\/pages\/2205","targetHints":{"allow":["GET"]}}],"collection":[{"href":"http:\/\/nossacasa.net\/nossosriachos\/tabuleiros\/wp-json\/wp\/v2\/pages"}],"about":[{"href":"http:\/\/nossacasa.net\/nossosriachos\/tabuleiros\/wp-json\/wp\/v2\/types\/page"}],"author":[{"embeddable":true,"href":"http:\/\/nossacasa.net\/nossosriachos\/tabuleiros\/wp-json\/wp\/v2\/users\/1"}],"replies":[{"embeddable":true,"href":"http:\/\/nossacasa.net\/nossosriachos\/tabuleiros\/wp-json\/wp\/v2\/comments?post=2205"}],"version-history":[{"count":2,"href":"http:\/\/nossacasa.net\/nossosriachos\/tabuleiros\/wp-json\/wp\/v2\/pages\/2205\/revisions"}],"predecessor-version":[{"id":3779,"href":"http:\/\/nossacasa.net\/nossosriachos\/tabuleiros\/wp-json\/wp\/v2\/pages\/2205\/revisions\/3779"}],"wp:attachment":[{"href":"http:\/\/nossacasa.net\/nossosriachos\/tabuleiros\/wp-json\/wp\/v2\/media?parent=2205"}],"curies":[{"name":"wp","href":"https:\/\/api.w.org\/{rel}","templated":true}]}}