{"id":2222,"date":"2019-09-13T16:31:47","date_gmt":"2019-09-13T19:31:47","guid":{"rendered":"http:\/\/nossacasa.net\/nossosriachos\/rios\/?page_id=2222"},"modified":"2019-09-13T16:31:47","modified_gmt":"2019-09-13T19:31:47","slug":"citharichthys-spilopterus","status":"publish","type":"page","link":"http:\/\/nossacasa.net\/nossosriachos\/tabuleiros\/citharichthys-spilopterus\/","title":{"rendered":"Citharichthys spilopterus"},"content":{"rendered":"<div style=\"text-align: justify\">\n<h1><em>Citharichthys spilopterus<\/em> G\u00fcnther, 18620<\/h1>\n<p>Algumas caracter\u00edsticas da esp\u00e9cie <em>Citharichthys spilopterus<\/em> est\u00e3o indicadas na figura acima.<\/p>\n<p>A esp\u00e9cie <em>Citharichthys spilopteruss<\/em> \u00e9 uma das duas representantes do g\u00eanero <em><a href=\"http:\/\/nossacasa.net\/nossosriachos\/rios\/citharichthys\/\">Citharichthys<\/a><\/em> da fam\u00edlia <a href=\"http:\/\/nossacasa.net\/nossosriachos\/rios\/paralichthyidae\/\">Paralichthyidae<\/a> nas regi\u00f5es dos tabuleiros.\n<\/div>\n","protected":false},"excerpt":{"rendered":"<p>Citharichthys spilopterus G\u00fcnther, 18620 Algumas caracter\u00edsticas da esp\u00e9cie Citharichthys spilopterus est\u00e3o indicadas na figura acima. A esp\u00e9cie Citharichthys spilopteruss \u00e9 uma das duas representantes do g\u00eanero Citharichthys da fam\u00edlia Paralichthyidae nas regi\u00f5es dos tabuleiros.<\/p>\n","protected":false},"author":1,"featured_media":1601,"parent":0,"menu_order":0,"comment_status":"closed","ping_status":"closed","template":"","meta":{"footnotes":""},"class_list":["post-2222","page","type-page","status-publish","has-post-thumbnail","hentry"],"_links":{"self":[{"href":"http:\/\/nossacasa.net\/nossosriachos\/tabuleiros\/wp-json\/wp\/v2\/pages\/2222","targetHints":{"allow":["GET"]}}],"collection":[{"href":"http:\/\/nossacasa.net\/nossosriachos\/tabuleiros\/wp-json\/wp\/v2\/pages"}],"about":[{"href":"http:\/\/nossacasa.net\/nossosriachos\/tabuleiros\/wp-json\/wp\/v2\/types\/page"}],"author":[{"embeddable":true,"href":"http:\/\/nossacasa.net\/nossosriachos\/tabuleiros\/wp-json\/wp\/v2\/users\/1"}],"replies":[{"embeddable":true,"href":"http:\/\/nossacasa.net\/nossosriachos\/tabuleiros\/wp-json\/wp\/v2\/comments?post=2222"}],"version-history":[{"count":0,"href":"http:\/\/nossacasa.net\/nossosriachos\/tabuleiros\/wp-json\/wp\/v2\/pages\/2222\/revisions"}],"wp:featuredmedia":[{"embeddable":true,"href":"http:\/\/nossacasa.net\/nossosriachos\/tabuleiros\/wp-json\/wp\/v2\/media\/1601"}],"wp:attachment":[{"href":"http:\/\/nossacasa.net\/nossosriachos\/tabuleiros\/wp-json\/wp\/v2\/media?parent=2222"}],"curies":[{"name":"wp","href":"https:\/\/api.w.org\/{rel}","templated":true}]}}