{"id":2244,"date":"2019-09-13T17:29:06","date_gmt":"2019-09-13T20:29:06","guid":{"rendered":"http:\/\/nossacasa.net\/nossosriachos\/rios\/?page_id=2244"},"modified":"2019-09-24T13:55:19","modified_gmt":"2019-09-24T16:55:19","slug":"pseudophallus","status":"publish","type":"page","link":"http:\/\/nossacasa.net\/nossosriachos\/tabuleiros\/pseudophallus\/","title":{"rendered":"Pseudophallus"},"content":{"rendered":"<div style=\"text-align: justify\">\n<h1>Os <em>Pseudophallus<\/em> Herald, 1940<\/h1>\n<p>Algumas caracter\u00edsticas do g\u00eanero <strong><em>Pseudophallus<\/em><\/strong> est\u00e3o indicadas na figura acima.<\/p>\n<p>O g\u00eanero <strong><em>Pseudophallus<\/em><\/strong> \u00e9 um dos tr\u00eas g\u00eaneros da fam\u00edlia <a href=\"http:\/\/nossacasa.net\/nossosriachos\/tabuleiros\/syngnathidae\/\">Syngnathidae<\/a> representante dos <a href=\"http:\/\/nossacasa.net\/nossosriachos\/tabuleiros\/syngnathiformes\/\">Syngnathiformes<\/a> nas regi\u00f5es dos tabuleiros. <\/p>\n<p>Na regi\u00e3o dos tabuleiros da Mata Atl\u00e2ntica encontramos uma \u00fanica esp\u00e9cie do g\u00eanero <strong><em>Pseudophallus<\/em><\/strong>: <em><a href=\"http:\/\/nossacasa.net\/nossosriachos\/tabuleiros\/pseudophallus-mindii\/\">Pseudophallus mindii<\/a><\/em>.<\/p>\n<hr>\n<\/div>\n","protected":false},"excerpt":{"rendered":"<p>Os Pseudophallus Herald, 1940 Algumas caracter\u00edsticas do g\u00eanero Pseudophallus est\u00e3o indicadas na figura acima. O g\u00eanero Pseudophallus \u00e9 um dos tr\u00eas g\u00eaneros da fam\u00edlia Syngnathidae representante dos Syngnathiformes nas regi\u00f5es dos tabuleiros. Na regi\u00e3o dos tabuleiros da Mata Atl\u00e2ntica encontramos &hellip; <a href=\"http:\/\/nossacasa.net\/nossosriachos\/tabuleiros\/pseudophallus\/\">Continue lendo <span class=\"meta-nav\">&rarr;<\/span><\/a><\/p>\n","protected":false},"author":1,"featured_media":0,"parent":0,"menu_order":0,"comment_status":"closed","ping_status":"closed","template":"","meta":{"footnotes":""},"class_list":["post-2244","page","type-page","status-publish","hentry"],"_links":{"self":[{"href":"http:\/\/nossacasa.net\/nossosriachos\/tabuleiros\/wp-json\/wp\/v2\/pages\/2244","targetHints":{"allow":["GET"]}}],"collection":[{"href":"http:\/\/nossacasa.net\/nossosriachos\/tabuleiros\/wp-json\/wp\/v2\/pages"}],"about":[{"href":"http:\/\/nossacasa.net\/nossosriachos\/tabuleiros\/wp-json\/wp\/v2\/types\/page"}],"author":[{"embeddable":true,"href":"http:\/\/nossacasa.net\/nossosriachos\/tabuleiros\/wp-json\/wp\/v2\/users\/1"}],"replies":[{"embeddable":true,"href":"http:\/\/nossacasa.net\/nossosriachos\/tabuleiros\/wp-json\/wp\/v2\/comments?post=2244"}],"version-history":[{"count":1,"href":"http:\/\/nossacasa.net\/nossosriachos\/tabuleiros\/wp-json\/wp\/v2\/pages\/2244\/revisions"}],"predecessor-version":[{"id":3977,"href":"http:\/\/nossacasa.net\/nossosriachos\/tabuleiros\/wp-json\/wp\/v2\/pages\/2244\/revisions\/3977"}],"wp:attachment":[{"href":"http:\/\/nossacasa.net\/nossosriachos\/tabuleiros\/wp-json\/wp\/v2\/media?parent=2244"}],"curies":[{"name":"wp","href":"https:\/\/api.w.org\/{rel}","templated":true}]}}