{"id":2245,"date":"2019-09-13T17:30:06","date_gmt":"2019-09-13T20:30:06","guid":{"rendered":"http:\/\/nossacasa.net\/nossosriachos\/rios\/?page_id=2245"},"modified":"2019-09-13T17:30:06","modified_gmt":"2019-09-13T20:30:06","slug":"pseudophallus-mindii","status":"publish","type":"page","link":"http:\/\/nossacasa.net\/nossosriachos\/tabuleiros\/pseudophallus-mindii\/","title":{"rendered":"Pseudophallus mindii"},"content":{"rendered":"<div style=\"text-align: justify\">\n<h1><em>Pseudophallus mindii<\/em> (Meek and Hildebrand, 1923)<\/h1>\n<p>Algumas caracter\u00edsticas da esp\u00e9cie <em>Pseudophallus mindii<\/em> est\u00e3o indicadas na figura acima.<\/p>\n<p>A esp\u00e9cie <em>Pseudophallus mindii<\/em> \u00e9 a \u00fanica representante do g\u00eanero <em><a href=\"http:\/\/nossacasa.net\/nossosriachos\/rios\/pseudophallus\/\">Pseudophallus<\/a><\/em> da fam\u00edlia <a href=\"http:\/\/nossacasa.net\/nossosriachos\/rios\/syngnathidae\/\">Syngnathidae<\/a> nas regi\u00f5es dos tabuleiros.\n<\/div>\n","protected":false},"excerpt":{"rendered":"<p>Pseudophallus mindii (Meek and Hildebrand, 1923) Algumas caracter\u00edsticas da esp\u00e9cie Pseudophallus mindii est\u00e3o indicadas na figura acima. A esp\u00e9cie Pseudophallus mindii \u00e9 a \u00fanica representante do g\u00eanero Pseudophallus da fam\u00edlia Syngnathidae nas regi\u00f5es dos tabuleiros.<\/p>\n","protected":false},"author":1,"featured_media":1601,"parent":0,"menu_order":0,"comment_status":"closed","ping_status":"closed","template":"","meta":{"footnotes":""},"class_list":["post-2245","page","type-page","status-publish","has-post-thumbnail","hentry"],"_links":{"self":[{"href":"http:\/\/nossacasa.net\/nossosriachos\/tabuleiros\/wp-json\/wp\/v2\/pages\/2245","targetHints":{"allow":["GET"]}}],"collection":[{"href":"http:\/\/nossacasa.net\/nossosriachos\/tabuleiros\/wp-json\/wp\/v2\/pages"}],"about":[{"href":"http:\/\/nossacasa.net\/nossosriachos\/tabuleiros\/wp-json\/wp\/v2\/types\/page"}],"author":[{"embeddable":true,"href":"http:\/\/nossacasa.net\/nossosriachos\/tabuleiros\/wp-json\/wp\/v2\/users\/1"}],"replies":[{"embeddable":true,"href":"http:\/\/nossacasa.net\/nossosriachos\/tabuleiros\/wp-json\/wp\/v2\/comments?post=2245"}],"version-history":[{"count":0,"href":"http:\/\/nossacasa.net\/nossosriachos\/tabuleiros\/wp-json\/wp\/v2\/pages\/2245\/revisions"}],"wp:featuredmedia":[{"embeddable":true,"href":"http:\/\/nossacasa.net\/nossosriachos\/tabuleiros\/wp-json\/wp\/v2\/media\/1601"}],"wp:attachment":[{"href":"http:\/\/nossacasa.net\/nossosriachos\/tabuleiros\/wp-json\/wp\/v2\/media?parent=2245"}],"curies":[{"name":"wp","href":"https:\/\/api.w.org\/{rel}","templated":true}]}}