{"id":2258,"date":"2019-09-13T17:47:13","date_gmt":"2019-09-13T20:47:13","guid":{"rendered":"http:\/\/nossacasa.net\/nossosriachos\/rios\/?page_id=2258"},"modified":"2019-09-13T17:47:13","modified_gmt":"2019-09-13T20:47:13","slug":"centropomus-undecimalis","status":"publish","type":"page","link":"http:\/\/nossacasa.net\/nossosriachos\/tabuleiros\/centropomus-undecimalis\/","title":{"rendered":"Centropomus undecimalis"},"content":{"rendered":"<div style=\"text-align: justify\">\n<h1><em>Centropomus undecimalis<\/em> (Bloch, 1792)<\/h1>\n<p>Algumas caracter\u00edsticas da esp\u00e9cie <em>Centropomus undecimalis<\/em> est\u00e3o indicadas na figura acima.<\/p>\n<p>A esp\u00e9cie <em>Centropomus undecimalis<\/em> \u00e9 uma das duas representantes do g\u00eanero <em><a href=\"http:\/\/nossacasa.net\/nossosriachos\/rios\/centropomus\/\">Centropomus<\/a><\/em> da fam\u00edlia <a href=\"http:\/\/nossacasa.net\/nossosriachos\/rios\/perciformes\/\">Perciformes<\/a> nas regi\u00f5es dos tabuleiros.\n<\/div>\n","protected":false},"excerpt":{"rendered":"<p>Centropomus undecimalis (Bloch, 1792) Algumas caracter\u00edsticas da esp\u00e9cie Centropomus undecimalis est\u00e3o indicadas na figura acima. A esp\u00e9cie Centropomus undecimalis \u00e9 uma das duas representantes do g\u00eanero Centropomus da fam\u00edlia Perciformes nas regi\u00f5es dos tabuleiros.<\/p>\n","protected":false},"author":1,"featured_media":1601,"parent":0,"menu_order":0,"comment_status":"closed","ping_status":"closed","template":"","meta":{"footnotes":""},"class_list":["post-2258","page","type-page","status-publish","has-post-thumbnail","hentry"],"_links":{"self":[{"href":"http:\/\/nossacasa.net\/nossosriachos\/tabuleiros\/wp-json\/wp\/v2\/pages\/2258","targetHints":{"allow":["GET"]}}],"collection":[{"href":"http:\/\/nossacasa.net\/nossosriachos\/tabuleiros\/wp-json\/wp\/v2\/pages"}],"about":[{"href":"http:\/\/nossacasa.net\/nossosriachos\/tabuleiros\/wp-json\/wp\/v2\/types\/page"}],"author":[{"embeddable":true,"href":"http:\/\/nossacasa.net\/nossosriachos\/tabuleiros\/wp-json\/wp\/v2\/users\/1"}],"replies":[{"embeddable":true,"href":"http:\/\/nossacasa.net\/nossosriachos\/tabuleiros\/wp-json\/wp\/v2\/comments?post=2258"}],"version-history":[{"count":0,"href":"http:\/\/nossacasa.net\/nossosriachos\/tabuleiros\/wp-json\/wp\/v2\/pages\/2258\/revisions"}],"wp:featuredmedia":[{"embeddable":true,"href":"http:\/\/nossacasa.net\/nossosriachos\/tabuleiros\/wp-json\/wp\/v2\/media\/1601"}],"wp:attachment":[{"href":"http:\/\/nossacasa.net\/nossosriachos\/tabuleiros\/wp-json\/wp\/v2\/media?parent=2258"}],"curies":[{"name":"wp","href":"https:\/\/api.w.org\/{rel}","templated":true}]}}