{"id":236,"date":"2019-07-25T15:52:53","date_gmt":"2019-07-25T18:52:53","guid":{"rendered":"http:\/\/nossacasa.net\/nossosriachos\/rios\/?page_id=236"},"modified":"2019-09-22T13:33:17","modified_gmt":"2019-09-22T16:33:17","slug":"siluriformes","status":"publish","type":"page","link":"http:\/\/nossacasa.net\/nossosriachos\/tabuleiros\/siluriformes\/","title":{"rendered":"Siluriformes"},"content":{"rendered":"<div style=\"text-align: justify\">\n<h1>Os Siluriformes Cuvier, 1817<\/h1>\n<p><img loading=\"lazy\" decoding=\"async\" src=\"http:\/\/nossacasa.net\/nossosriachos\/tabuleiros\/wp-content\/uploads\/sites\/8\/2019\/07\/Siluriforme.png\" alt=\"\" width=\"800\" height=\"412\" class=\"aligncenter size-full wp-image-238\" srcset=\"http:\/\/nossacasa.net\/nossosriachos\/tabuleiros\/wp-content\/uploads\/sites\/13\/2019\/07\/Siluriforme.png 800w, http:\/\/nossacasa.net\/nossosriachos\/tabuleiros\/wp-content\/uploads\/sites\/13\/2019\/07\/Siluriforme-300x155.png 300w, http:\/\/nossacasa.net\/nossosriachos\/tabuleiros\/wp-content\/uploads\/sites\/13\/2019\/07\/Siluriforme-768x396.png 768w, http:\/\/nossacasa.net\/nossosriachos\/tabuleiros\/wp-content\/uploads\/sites\/13\/2019\/07\/Siluriforme-500x258.png 500w\" sizes=\"auto, (max-width: 800px) 100vw, 800px\" \/><\/p>\n<p>A ordem <strong>Siluriformes<\/strong> inclui os bagres, chamados tamb\u00e9m peixes de couro, por n\u00e3o possu\u00edrem escamas sobre a pele. Al\u00e9m das esp\u00e9cies de couro, a ordem abriga ainda os cascudos e as coridoras, que apresentam o corpo revestido por placas d\u00e9rmicas. Neste grupo est\u00e3o os bagres, mandis, jundi\u00e1s, cascudos, cambevas,  tamboat\u00e1s. habitando \u00e1gua doce, salobra ou marinha nos seus mais variados ambientes. <\/p>\n<p>Peixes <strong>Siluriformes<\/strong> incluem os bagres, mandis, jundi\u00e1s e ainda os caris ou cascudos.<\/p>\n<p>Os <strong>Siluriformes<\/strong> na Mata Atl\u00e2ntica Nordeste est\u00e3o distribu\u00eddos em oito fam\u00edlias: <a href=\"http:\/\/nossacasa.net\/nossosriachos\/tabuleiros\/ariidae\/\">Ariidae<\/a>, <a href=\"http:\/\/nossacasa.net\/nossosriachos\/tabuleiros\/auchenipteridae\/\">Auchenipteridae<\/a>, <a href=\"http:\/\/nossacasa.net\/nossosriachos\/tabuleiros\/callichthyidae\/\">Callichthyidae<\/a>, <a href=\"http:\/\/nossacasa.net\/nossosriachos\/tabuleiros\/heptapteridae\/\">Heptapteridae<\/a>, <a href=\"http:\/\/nossacasa.net\/nossosriachos\/tabuleiros\/loricariidae\/\">Loricariidae<\/a>, <a href=\"http:\/\/nossacasa.net\/nossosriachos\/tabuleiros\/pimelodidae\/\">Pimelodidae<\/a>, <a href=\"http:\/\/nossacasa.net\/nossosriachos\/tabuleiros\/pseudopimelodidae\/\">Pseudopimelodidae<\/a> e <a href=\"http:\/\/nossacasa.net\/nossosriachos\/tabuleiros\/trichomycteridae\/\">Trichomycteridae<\/a>. <\/p>\n<p>H\u00e1 ainda uma esp\u00e9cie incertae sedis em Siluriformes: Conorhynchos glaber, que n\u00e3o se encaixa em nenhuma das fam\u00edlias conhecidas. A fam\u00edlia Clariidae, que abriga o bagre africano Clarias gariepinnus, natural da \u00c1sia, que n\u00e3o foi inclu\u00edda na chave de identifica\u00e7\u00e3o de fam\u00edlias.<\/p>\n<p><a href=\"http:\/\/nossacasa.net\/nossosriachos\/tabuleiros\/chave-de-siluriformes\/\">CHAVE DE SILURIFORMES<\/a><\/p>\n<\/div>\n","protected":false},"excerpt":{"rendered":"<p>Os Siluriformes Cuvier, 1817 A ordem Siluriformes inclui os bagres, chamados tamb\u00e9m peixes de couro, por n\u00e3o possu\u00edrem escamas sobre a pele. Al\u00e9m das esp\u00e9cies de couro, a ordem abriga ainda os cascudos e as coridoras, que apresentam o corpo &hellip; <a href=\"http:\/\/nossacasa.net\/nossosriachos\/tabuleiros\/siluriformes\/\">Continue lendo <span class=\"meta-nav\">&rarr;<\/span><\/a><\/p>\n","protected":false},"author":1,"featured_media":0,"parent":0,"menu_order":0,"comment_status":"closed","ping_status":"closed","template":"","meta":{"footnotes":""},"class_list":["post-236","page","type-page","status-publish","hentry"],"_links":{"self":[{"href":"http:\/\/nossacasa.net\/nossosriachos\/tabuleiros\/wp-json\/wp\/v2\/pages\/236","targetHints":{"allow":["GET"]}}],"collection":[{"href":"http:\/\/nossacasa.net\/nossosriachos\/tabuleiros\/wp-json\/wp\/v2\/pages"}],"about":[{"href":"http:\/\/nossacasa.net\/nossosriachos\/tabuleiros\/wp-json\/wp\/v2\/types\/page"}],"author":[{"embeddable":true,"href":"http:\/\/nossacasa.net\/nossosriachos\/tabuleiros\/wp-json\/wp\/v2\/users\/1"}],"replies":[{"embeddable":true,"href":"http:\/\/nossacasa.net\/nossosriachos\/tabuleiros\/wp-json\/wp\/v2\/comments?post=236"}],"version-history":[{"count":2,"href":"http:\/\/nossacasa.net\/nossosriachos\/tabuleiros\/wp-json\/wp\/v2\/pages\/236\/revisions"}],"predecessor-version":[{"id":3597,"href":"http:\/\/nossacasa.net\/nossosriachos\/tabuleiros\/wp-json\/wp\/v2\/pages\/236\/revisions\/3597"}],"wp:attachment":[{"href":"http:\/\/nossacasa.net\/nossosriachos\/tabuleiros\/wp-json\/wp\/v2\/media?parent=236"}],"curies":[{"name":"wp","href":"https:\/\/api.w.org\/{rel}","templated":true}]}}