{"id":254,"date":"2019-08-02T17:15:43","date_gmt":"2019-08-02T20:15:43","guid":{"rendered":"http:\/\/nossacasa.net\/nossosriachos\/rios\/?page_id=254"},"modified":"2019-09-22T12:57:54","modified_gmt":"2019-09-22T15:57:54","slug":"characiformes","status":"publish","type":"page","link":"http:\/\/nossacasa.net\/nossosriachos\/tabuleiros\/characiformes\/","title":{"rendered":"Characiformes"},"content":{"rendered":"<div style=\"text-align: justify\">\n<H1>Os Characiformes Regan, 1911<\/H1><br \/>\n<img loading=\"lazy\" decoding=\"async\" src=\"http:\/\/nossacasa.net\/nossosriachos\/tabuleiros\/wp-content\/uploads\/sites\/8\/2019\/08\/Characiforme.png\" alt=\"\" width=\"1200\" height=\"543\" class=\"aligncenter size-full wp-image-268\" srcset=\"http:\/\/nossacasa.net\/nossosriachos\/tabuleiros\/wp-content\/uploads\/sites\/13\/2019\/08\/Characiforme.png 1200w, http:\/\/nossacasa.net\/nossosriachos\/tabuleiros\/wp-content\/uploads\/sites\/13\/2019\/08\/Characiforme-300x136.png 300w, http:\/\/nossacasa.net\/nossosriachos\/tabuleiros\/wp-content\/uploads\/sites\/13\/2019\/08\/Characiforme-768x348.png 768w, http:\/\/nossacasa.net\/nossosriachos\/tabuleiros\/wp-content\/uploads\/sites\/13\/2019\/08\/Characiforme-1024x463.png 1024w, http:\/\/nossacasa.net\/nossosriachos\/tabuleiros\/wp-content\/uploads\/sites\/13\/2019\/08\/Characiforme-500x226.png 500w\" sizes=\"auto, (max-width: 1200px) 100vw, 1200px\" \/><\/p>\n<p>A ordem <strong>Characiformes<\/strong> \u00e9 um grupo de peixes cosmopolita ocorrendo na \u00c1sia, \u00c1frica, Europa, Am\u00e9ricas e Oceania. <\/p>\n<p>A ordem engloba mais de 3.700 esp\u00e9cies distribu\u00eddas em 39 fam\u00edlias (Eschmeyer &amp; Fong, 2019), habitando \u00e1gua doce, salobra ou marinha nos seus mais variados ambientes. Incluem muitas esp\u00e9cies que formam cardumes numerosos, vivendo ativamente a meia \u00e1gua e superf\u00edcie. <\/p>\n<p>S\u00e3o <strong>Characiformes<\/strong> as piabas, piaus, pacus, piranhas. H\u00e1 esp\u00e9cies diminutas, como certas piabas, e outras de grandes dimens\u00f5es como o dourado. Muitas esp\u00e9cies s\u00e3o invert\u00edvoras, consumindo invertebrados, especialmente insetos. <\/p>\n<p>Algumas caracter\u00edsticas gerais que permitem o reconhecimento de peixes <strong>Characiformes<\/strong> s\u00e3o ilustradas a seguir. <\/p>\n<p>Os <strong>Characiformes<\/strong> na Mata Atl\u00e2ntica de tabuleiros est\u00e3o distribu\u00eddos em oito fam\u00edlias: <a href=\"http:\/\/nossacasa.net\/nossosriachos\/tabuleiros\/anostomidae\/\">Anostomidae<\/a>; <a href=\"http:\/\/nossacasa.net\/nossosriachos\/tabuleiros\/bryconidae\/\">Bryconidae<\/a>; <a href=\"http:\/\/nossacasa.net\/nossosriachos\/tabuleiros\/characidae\/\">Characidae<\/a>; <a href=\"http:\/\/nossacasa.net\/nossosriachos\/tabuleiros\/crenuchidae\/\">Crenuchidae<\/a>; <a href=\"http:\/\/nossacasa.net\/nossosriachos\/tabuleiros\/curimatidae\/\">Curimatidae<\/a>; <a href=\"http:\/\/nossacasa.net\/nossosriachos\/tabuleiros\/erythrinidae\/\">Erythrinidae<\/a>; <a href=\"http:\/\/nossacasa.net\/nossosriachos\/tabuleiros\/prochilodontidae\/\">Prochilodontidae<\/a> e <a href=\"http:\/\/nossacasa.net\/nossosriachos\/tabuleiros\/serrasalmidae\/\">Serrasalmidae<\/a>.<\/p>\n<p><a href=\"http:\/\/nossacasa.net\/nossosriachos\/tabuleiros\/chave-de-characiformes\/\">CHAVE DE CHARACIFORMES<\/a>\n<\/div>\n","protected":false},"excerpt":{"rendered":"<p>Os Characiformes Regan, 1911 A ordem Characiformes \u00e9 um grupo de peixes cosmopolita ocorrendo na \u00c1sia, \u00c1frica, Europa, Am\u00e9ricas e Oceania. A ordem engloba mais de 3.700 esp\u00e9cies distribu\u00eddas em 39 fam\u00edlias (Eschmeyer &amp; Fong, 2019), habitando \u00e1gua doce, salobra &hellip; <a href=\"http:\/\/nossacasa.net\/nossosriachos\/tabuleiros\/characiformes\/\">Continue lendo <span class=\"meta-nav\">&rarr;<\/span><\/a><\/p>\n","protected":false},"author":1,"featured_media":0,"parent":0,"menu_order":0,"comment_status":"closed","ping_status":"closed","template":"","meta":{"footnotes":""},"class_list":["post-254","page","type-page","status-publish","hentry"],"_links":{"self":[{"href":"http:\/\/nossacasa.net\/nossosriachos\/tabuleiros\/wp-json\/wp\/v2\/pages\/254","targetHints":{"allow":["GET"]}}],"collection":[{"href":"http:\/\/nossacasa.net\/nossosriachos\/tabuleiros\/wp-json\/wp\/v2\/pages"}],"about":[{"href":"http:\/\/nossacasa.net\/nossosriachos\/tabuleiros\/wp-json\/wp\/v2\/types\/page"}],"author":[{"embeddable":true,"href":"http:\/\/nossacasa.net\/nossosriachos\/tabuleiros\/wp-json\/wp\/v2\/users\/1"}],"replies":[{"embeddable":true,"href":"http:\/\/nossacasa.net\/nossosriachos\/tabuleiros\/wp-json\/wp\/v2\/comments?post=254"}],"version-history":[{"count":4,"href":"http:\/\/nossacasa.net\/nossosriachos\/tabuleiros\/wp-json\/wp\/v2\/pages\/254\/revisions"}],"predecessor-version":[{"id":3585,"href":"http:\/\/nossacasa.net\/nossosriachos\/tabuleiros\/wp-json\/wp\/v2\/pages\/254\/revisions\/3585"}],"wp:attachment":[{"href":"http:\/\/nossacasa.net\/nossosriachos\/tabuleiros\/wp-json\/wp\/v2\/media?parent=254"}],"curies":[{"name":"wp","href":"https:\/\/api.w.org\/{rel}","templated":true}]}}