{"id":2555,"date":"2019-09-15T13:29:10","date_gmt":"2019-09-15T16:29:10","guid":{"rendered":"http:\/\/nossacasa.net\/nossosriachos\/rios\/?page_id=2555"},"modified":"2019-09-25T15:11:56","modified_gmt":"2019-09-25T18:11:56","slug":"serrapinnus","status":"publish","type":"page","link":"http:\/\/nossacasa.net\/nossosriachos\/tabuleiros\/serrapinnus\/","title":{"rendered":"Serrapinnus"},"content":{"rendered":"<div style=\"text-align: justify\">\n<h1>Os <em>Serrapinnus<\/em> Malabarba, 1998<\/h1>\n<p><img loading=\"lazy\" decoding=\"async\" src=\"http:\/\/nossacasa.net\/nossosriachos\/tabuleiros\/wp-content\/uploads\/sites\/13\/2019\/09\/Serrapinnus.png\" alt=\"\" width=\"800\" height=\"230\" class=\"aligncenter size-full wp-image-4080\" srcset=\"http:\/\/nossacasa.net\/nossosriachos\/tabuleiros\/wp-content\/uploads\/sites\/13\/2019\/09\/Serrapinnus.png 800w, http:\/\/nossacasa.net\/nossosriachos\/tabuleiros\/wp-content\/uploads\/sites\/13\/2019\/09\/Serrapinnus-300x86.png 300w, http:\/\/nossacasa.net\/nossosriachos\/tabuleiros\/wp-content\/uploads\/sites\/13\/2019\/09\/Serrapinnus-768x221.png 768w, http:\/\/nossacasa.net\/nossosriachos\/tabuleiros\/wp-content\/uploads\/sites\/13\/2019\/09\/Serrapinnus-500x144.png 500w\" sizes=\"auto, (max-width: 800px) 100vw, 800px\" \/><\/p>\n<p><img loading=\"lazy\" decoding=\"async\" src=\"http:\/\/nossacasa.net\/nossosriachos\/tabuleiros\/wp-content\/uploads\/sites\/13\/2019\/09\/Serrapinnus_i.png\" alt=\"\" width=\"800\" height=\"454\" class=\"aligncenter size-full wp-image-4081\" srcset=\"http:\/\/nossacasa.net\/nossosriachos\/tabuleiros\/wp-content\/uploads\/sites\/13\/2019\/09\/Serrapinnus_i.png 800w, http:\/\/nossacasa.net\/nossosriachos\/tabuleiros\/wp-content\/uploads\/sites\/13\/2019\/09\/Serrapinnus_i-300x170.png 300w, http:\/\/nossacasa.net\/nossosriachos\/tabuleiros\/wp-content\/uploads\/sites\/13\/2019\/09\/Serrapinnus_i-768x436.png 768w, http:\/\/nossacasa.net\/nossosriachos\/tabuleiros\/wp-content\/uploads\/sites\/13\/2019\/09\/Serrapinnus_i-500x284.png 500w\" sizes=\"auto, (max-width: 800px) 100vw, 800px\" \/><\/p>\n<p>Algumas caracter\u00edsticas do g\u00eanero <strong><em>Serrapinnus<\/em><\/strong> est\u00e3o indicadas na figura acima.<\/p>\n<p>Os peixes da subfam\u00edlia Cheirodontinae de <a href=\"http:\/\/nossacasa.net\/nossosriachos\/tabuleiros\/characidae\/\">Characidae<\/a> s\u00e3o diagnosticados pela presen\u00e7a de um pseudot\u00edmpano de formato triangular, e uma \u00fanica fileira de dentes pedunculados no premaxilar (Malabarba 1998).  <\/p>\n<p>Nesses peixes n\u00e3o h\u00e1 mancha humeral, pois o pseudot\u00edmpano corresponde a uma \u00e1rea de pele fina, lateral a bexiga natat\u00f3ria do peixe, e ocupa o lugar da mancha. <\/p>\n<p>O g\u00eanero <strong><em>Serrapinnus<\/em><\/strong> compreende 14 esp\u00e9cies cis-Andinas de <a href=\"http:\/\/nossacasa.net\/nossosriachos\/tabuleiros\/characidae\/\">Characidae<\/a>. <\/p>\n<p>Registros de <em><a href=\"http:\/\/nossacasa.net\/nossosriachos\/tabuleiros\/serrapinnus-heterodon\/\">Serrapinnus heterodon<\/a><\/em> para a floresta de tabuleiros s\u00e3o recentes (Ingenito et al., 2016). Esses peixes foram localizados no rio Barra Seca e em dois lagos isolados do baixo Rio Doce. <\/p>\n<p>N\u00e3o existem registros desses peixes para o extremo sul da Bahia, e possivelmente a ocorr\u00eancia pontual de <em><a href=\"http:\/\/nossacasa.net\/nossosriachos\/tabuleiros\/serrapinnus-heterodon\/\">Serrapinnus heterodon<\/a><\/em> no norte do Esp\u00edrito Santo \u00e9 devida a introdu\u00e7\u00e3o acidental, talvez transportada junto com esp\u00e9cies comerciais para fins de cultivo (Ingenito et al., 2016). <\/p>\n<p>O g\u00eanero <strong><em>Serrapinnus<\/em><\/strong> e um dos oito g\u00eaneros da fam\u00edlia <a href=\"http:\/\/nossacasa.net\/nossosriachos\/tabuleiros\/characidae\/\">Characidae<\/a> representante dos <a href=\"http:\/\/nossacasa.net\/nossosriachos\/tabuleiros\/characiformes\/\">Characiformes<\/a> nas regi\u00f5es dos tabuleiros. <\/p>\n<p>Na regi\u00e3o dos tabuleiros da Mata Atl\u00e2ntica \u00e9 encontrada uma \u00fanicas esp\u00e9cie do g\u00eanero <strong><em>Serrapinnus<\/em><\/strong>:  <em><a href=\"http:\/\/nossacasa.net\/nossosriachos\/tabuleiros\/serrapinnus-heterodon\/\">Serrapinnus heterodon<\/a><\/em>.<\/p>\n<hr>\n<\/div>\n","protected":false},"excerpt":{"rendered":"<p>Os Serrapinnus Malabarba, 1998 Algumas caracter\u00edsticas do g\u00eanero Serrapinnus est\u00e3o indicadas na figura acima. Os peixes da subfam\u00edlia Cheirodontinae de Characidae s\u00e3o diagnosticados pela presen\u00e7a de um pseudot\u00edmpano de formato triangular, e uma \u00fanica fileira de dentes pedunculados no premaxilar &hellip; <a href=\"http:\/\/nossacasa.net\/nossosriachos\/tabuleiros\/serrapinnus\/\">Continue lendo <span class=\"meta-nav\">&rarr;<\/span><\/a><\/p>\n","protected":false},"author":1,"featured_media":0,"parent":0,"menu_order":0,"comment_status":"closed","ping_status":"closed","template":"","meta":{"footnotes":""},"class_list":["post-2555","page","type-page","status-publish","hentry"],"_links":{"self":[{"href":"http:\/\/nossacasa.net\/nossosriachos\/tabuleiros\/wp-json\/wp\/v2\/pages\/2555","targetHints":{"allow":["GET"]}}],"collection":[{"href":"http:\/\/nossacasa.net\/nossosriachos\/tabuleiros\/wp-json\/wp\/v2\/pages"}],"about":[{"href":"http:\/\/nossacasa.net\/nossosriachos\/tabuleiros\/wp-json\/wp\/v2\/types\/page"}],"author":[{"embeddable":true,"href":"http:\/\/nossacasa.net\/nossosriachos\/tabuleiros\/wp-json\/wp\/v2\/users\/1"}],"replies":[{"embeddable":true,"href":"http:\/\/nossacasa.net\/nossosriachos\/tabuleiros\/wp-json\/wp\/v2\/comments?post=2555"}],"version-history":[{"count":3,"href":"http:\/\/nossacasa.net\/nossosriachos\/tabuleiros\/wp-json\/wp\/v2\/pages\/2555\/revisions"}],"predecessor-version":[{"id":4083,"href":"http:\/\/nossacasa.net\/nossosriachos\/tabuleiros\/wp-json\/wp\/v2\/pages\/2555\/revisions\/4083"}],"wp:attachment":[{"href":"http:\/\/nossacasa.net\/nossosriachos\/tabuleiros\/wp-json\/wp\/v2\/media?parent=2555"}],"curies":[{"name":"wp","href":"https:\/\/api.w.org\/{rel}","templated":true}]}}