{"id":2562,"date":"2019-09-15T13:52:31","date_gmt":"2019-09-15T16:52:31","guid":{"rendered":"http:\/\/nossacasa.net\/nossosriachos\/rios\/?page_id=2562"},"modified":"2019-09-27T11:07:09","modified_gmt":"2019-09-27T14:07:09","slug":"hoplerythrinus-unitaeniatus","status":"publish","type":"page","link":"http:\/\/nossacasa.net\/nossosriachos\/tabuleiros\/hoplerythrinus-unitaeniatus\/","title":{"rendered":"Hoplerythrinus unitaeniatus"},"content":{"rendered":"<div style=\"text-align: justify\">\n<h1><em>Hoplerythrinus unitaeniatus<\/em> (Spix and Agassiz, 1829)<\/h1>\n<p><img loading=\"lazy\" decoding=\"async\" src=\"http:\/\/nossacasa.net\/nossosriachos\/tabuleiros\/wp-content\/uploads\/sites\/13\/2019\/09\/Hoplerythrinus-unitaeniatus.png\" alt=\"\" width=\"800\" height=\"332\" class=\"aligncenter size-full wp-image-4138\" srcset=\"http:\/\/nossacasa.net\/nossosriachos\/tabuleiros\/wp-content\/uploads\/sites\/13\/2019\/09\/Hoplerythrinus-unitaeniatus.png 800w, http:\/\/nossacasa.net\/nossosriachos\/tabuleiros\/wp-content\/uploads\/sites\/13\/2019\/09\/Hoplerythrinus-unitaeniatus-300x125.png 300w, http:\/\/nossacasa.net\/nossosriachos\/tabuleiros\/wp-content\/uploads\/sites\/13\/2019\/09\/Hoplerythrinus-unitaeniatus-768x319.png 768w, http:\/\/nossacasa.net\/nossosriachos\/tabuleiros\/wp-content\/uploads\/sites\/13\/2019\/09\/Hoplerythrinus-unitaeniatus-500x208.png 500w\" sizes=\"auto, (max-width: 800px) 100vw, 800px\" \/><\/p>\n<p>Algumas caracter\u00edsticas da esp\u00e9cie <strong><em>Hoplerythrinus unitaeniatus<\/em><\/strong> est\u00e3o indicadas na figura acima.<\/p>\n<p>S\u00e3o peixes de tamanho moderado a grande, alcan\u00e7ando at\u00e9 35 cm de comprimento padr\u00e3o. <\/p>\n<p>O corpo e a cabe\u00e7a s\u00e3o altos, com altura proporcional superior a observada em <em><a href=\"http:\/\/nossacasa.net\/nossosriachos\/tabuleiros\/hoplias-malabaricus\/\">Hoplias malabaricus<\/a><\/em>, cong\u00eanere geograficamente pr\u00f3xima. <\/p>\n<p>Os olhos tamb\u00e9m s\u00e3o proporcionalmente menores no comprimento da cabe\u00e7a. A colora\u00e7\u00e3o do corpo \u00e9 castanha na por\u00e7\u00e3o latero-dorsal e clara latero-ventralmente. Possuem uma m\u00e1cula escura negra no bordo superior do op\u00e9rculo quando adultos. <\/p>\n<p>A nadadeira caudal \u00e9 arredondada. Dentes c\u00f4nicos na arcada inferior, no dent\u00e1rio. O osso maxilar tamb\u00e9m apresenta apenas dentes c\u00f4nicos (Britski et al., 1988). Para conseguir ver os dentes no maxilar \u00e9 preciso abrir a boca do peixe e usar ilumina\u00e7\u00e3o transmitida sob lupa. A denti\u00e7\u00e3o no dent\u00e1rio \u00e9 mais f\u00e1cil de visualizar.<\/p>\n<p><strong><em>Hoplerythrinus unitaeniatus<\/em><\/strong> s\u00e3o peixes de h\u00e1bitos alimentares variados, on\u00edvoros com tend\u00eancia a carnivoria, consumindo uma variedade de animais invertebrados, insetos e pequenos peixes. Territorialista e voraz, comportamento comum em peixes <a href=\"http:\/\/nossacasa.net\/nossosriachos\/tabuleiros\/erythrinidae\/\">Erythrinidae<\/a> (Britski et al. 1999, Weitzman &#038; Malabarba 1998).<\/p>\n<p>Tem cuidado parental aos filhotes e constroem ninhos em ambientes rasos. <\/p>\n<p>A popula\u00e7\u00e3o local parece reconhecer duas esp\u00e9cies, uma vez que adultos e jovens s\u00e3o diferentes entre si. Em Trancoso os pequenos tem um nome, e os grandes tem outro: marob\u00e1. <\/p>\n<p><strong><em>Hoplerythrinus unitaeniatus<\/em><\/strong> \u00e9 bastante comum em ambientes l\u00eanticos, como \u00e1reas de v\u00e1rzea e alagados. S\u00e3o resistentes a vida em ambientes com baixa oxigena\u00e7\u00e3o como brejos de restinga e mu\u00e7ununga. A bexiga natat\u00f3ria modificada permite a esses peixes utilizar o ar atmosf\u00e9rico para a sua respira\u00e7\u00e3o<\/p>\n<p>A esp\u00e9cie <strong><em>Hoplerythrinus unitaeniatus<\/em><\/strong> \u00e9 a \u00fanica esp\u00e9cie, representante do g\u00eanero <a href=\"http:\/\/nossacasa.net\/nossosriachos\/tabuleiros\/hoplerythrinus\/\">Hoplerythrinus<\/a> da fam\u00edlia <a href=\"http:\/\/nossacasa.net\/nossosriachos\/tabuleiros\/erythrinidae\/\">Erythrinidae<\/a> nas regi\u00f5es dos tabuleiros.<\/p>\n<hr>\n<\/div>\n<p>. <\/p>\n","protected":false},"excerpt":{"rendered":"<p>Hoplerythrinus unitaeniatus (Spix and Agassiz, 1829) Algumas caracter\u00edsticas da esp\u00e9cie Hoplerythrinus unitaeniatus est\u00e3o indicadas na figura acima. S\u00e3o peixes de tamanho moderado a grande, alcan\u00e7ando at\u00e9 35 cm de comprimento padr\u00e3o. O corpo e a cabe\u00e7a s\u00e3o altos, com altura &hellip; <a href=\"http:\/\/nossacasa.net\/nossosriachos\/tabuleiros\/hoplerythrinus-unitaeniatus\/\">Continue lendo <span class=\"meta-nav\">&rarr;<\/span><\/a><\/p>\n","protected":false},"author":1,"featured_media":4138,"parent":0,"menu_order":0,"comment_status":"closed","ping_status":"closed","template":"","meta":{"footnotes":""},"class_list":["post-2562","page","type-page","status-publish","has-post-thumbnail","hentry"],"_links":{"self":[{"href":"http:\/\/nossacasa.net\/nossosriachos\/tabuleiros\/wp-json\/wp\/v2\/pages\/2562","targetHints":{"allow":["GET"]}}],"collection":[{"href":"http:\/\/nossacasa.net\/nossosriachos\/tabuleiros\/wp-json\/wp\/v2\/pages"}],"about":[{"href":"http:\/\/nossacasa.net\/nossosriachos\/tabuleiros\/wp-json\/wp\/v2\/types\/page"}],"author":[{"embeddable":true,"href":"http:\/\/nossacasa.net\/nossosriachos\/tabuleiros\/wp-json\/wp\/v2\/users\/1"}],"replies":[{"embeddable":true,"href":"http:\/\/nossacasa.net\/nossosriachos\/tabuleiros\/wp-json\/wp\/v2\/comments?post=2562"}],"version-history":[{"count":2,"href":"http:\/\/nossacasa.net\/nossosriachos\/tabuleiros\/wp-json\/wp\/v2\/pages\/2562\/revisions"}],"predecessor-version":[{"id":4139,"href":"http:\/\/nossacasa.net\/nossosriachos\/tabuleiros\/wp-json\/wp\/v2\/pages\/2562\/revisions\/4139"}],"wp:featuredmedia":[{"embeddable":true,"href":"http:\/\/nossacasa.net\/nossosriachos\/tabuleiros\/wp-json\/wp\/v2\/media\/4138"}],"wp:attachment":[{"href":"http:\/\/nossacasa.net\/nossosriachos\/tabuleiros\/wp-json\/wp\/v2\/media?parent=2562"}],"curies":[{"name":"wp","href":"https:\/\/api.w.org\/{rel}","templated":true}]}}