{"id":2581,"date":"2019-09-15T16:14:56","date_gmt":"2019-09-15T19:14:56","guid":{"rendered":"http:\/\/nossacasa.net\/nossosriachos\/rios\/?page_id=2581"},"modified":"2019-09-25T18:20:07","modified_gmt":"2019-09-25T21:20:07","slug":"steindachnerina-elegans","status":"publish","type":"page","link":"http:\/\/nossacasa.net\/nossosriachos\/tabuleiros\/steindachnerina-elegans\/","title":{"rendered":"Steindachnerina elegans"},"content":{"rendered":"<div style=\"text-align: justify\">\n<h1><em>Steindachnerina elegans<\/em> (Steindachner, 1874)<\/h1>\n<p><img loading=\"lazy\" decoding=\"async\" src=\"http:\/\/nossacasa.net\/nossosriachos\/tabuleiros\/wp-content\/uploads\/sites\/13\/2019\/09\/Steindachnerina-elegans.png\" alt=\"\" width=\"800\" height=\"273\" class=\"aligncenter size-full wp-image-4124\" srcset=\"http:\/\/nossacasa.net\/nossosriachos\/tabuleiros\/wp-content\/uploads\/sites\/13\/2019\/09\/Steindachnerina-elegans.png 800w, http:\/\/nossacasa.net\/nossosriachos\/tabuleiros\/wp-content\/uploads\/sites\/13\/2019\/09\/Steindachnerina-elegans-300x102.png 300w, http:\/\/nossacasa.net\/nossosriachos\/tabuleiros\/wp-content\/uploads\/sites\/13\/2019\/09\/Steindachnerina-elegans-768x262.png 768w, http:\/\/nossacasa.net\/nossosriachos\/tabuleiros\/wp-content\/uploads\/sites\/13\/2019\/09\/Steindachnerina-elegans-500x171.png 500w\" sizes=\"auto, (max-width: 800px) 100vw, 800px\" \/><\/p>\n<p>Algumas caracter\u00edsticas da esp\u00e9cie <strong><em>Steindachnerina elegans<\/em><\/strong> est\u00e3o indicadas na figura acima.<\/p>\n<p>S\u00e3o peixes com a boca sub-terminal, voltada para baixo, desprovida de dentes. Linha lateral com 39 a 43 escamas. Faixa lateral consp\u00edcua acompanha a linha lateral. A nadadeira caudal n\u00e3o apresenta escamas. C\u00e9u da boca com processos lobulares.<\/p>\n<p>S\u00e3o peixes detrit\u00edvoros, consumindo alimento microsc\u00f3pico. Apesar de habitar grandes rios, n\u00e3o \u00e9 esp\u00e9cie migradora.<\/p>\n<p>A esp\u00e9cie <strong><em>Steindachnerina elegans<\/em><\/strong> \u00e9 a \u00fanica esp\u00e9cie, representante do g\u00eanero <a href=\"http:\/\/nossacasa.net\/nossosriachos\/rios\/steindachnerina\/\">Steindachnerina<\/a> da fam\u00edlia <a href=\"http:\/\/nossacasa.net\/nossosriachos\/rios\/curimatidae\/\">Curimatidae<\/a> nas regi\u00f5es dos tabuleiros.<\/p>\n<hr>\n<\/div>\n<p>. <\/p>\n","protected":false},"excerpt":{"rendered":"<p>Steindachnerina elegans (Steindachner, 1874) Algumas caracter\u00edsticas da esp\u00e9cie Steindachnerina elegans est\u00e3o indicadas na figura acima. S\u00e3o peixes com a boca sub-terminal, voltada para baixo, desprovida de dentes. Linha lateral com 39 a 43 escamas. Faixa lateral consp\u00edcua acompanha a linha &hellip; <a href=\"http:\/\/nossacasa.net\/nossosriachos\/tabuleiros\/steindachnerina-elegans\/\">Continue lendo <span class=\"meta-nav\">&rarr;<\/span><\/a><\/p>\n","protected":false},"author":1,"featured_media":4124,"parent":0,"menu_order":0,"comment_status":"closed","ping_status":"closed","template":"","meta":{"footnotes":""},"class_list":["post-2581","page","type-page","status-publish","has-post-thumbnail","hentry"],"_links":{"self":[{"href":"http:\/\/nossacasa.net\/nossosriachos\/tabuleiros\/wp-json\/wp\/v2\/pages\/2581","targetHints":{"allow":["GET"]}}],"collection":[{"href":"http:\/\/nossacasa.net\/nossosriachos\/tabuleiros\/wp-json\/wp\/v2\/pages"}],"about":[{"href":"http:\/\/nossacasa.net\/nossosriachos\/tabuleiros\/wp-json\/wp\/v2\/types\/page"}],"author":[{"embeddable":true,"href":"http:\/\/nossacasa.net\/nossosriachos\/tabuleiros\/wp-json\/wp\/v2\/users\/1"}],"replies":[{"embeddable":true,"href":"http:\/\/nossacasa.net\/nossosriachos\/tabuleiros\/wp-json\/wp\/v2\/comments?post=2581"}],"version-history":[{"count":3,"href":"http:\/\/nossacasa.net\/nossosriachos\/tabuleiros\/wp-json\/wp\/v2\/pages\/2581\/revisions"}],"predecessor-version":[{"id":4129,"href":"http:\/\/nossacasa.net\/nossosriachos\/tabuleiros\/wp-json\/wp\/v2\/pages\/2581\/revisions\/4129"}],"wp:featuredmedia":[{"embeddable":true,"href":"http:\/\/nossacasa.net\/nossosriachos\/tabuleiros\/wp-json\/wp\/v2\/media\/4124"}],"wp:attachment":[{"href":"http:\/\/nossacasa.net\/nossosriachos\/tabuleiros\/wp-json\/wp\/v2\/media?parent=2581"}],"curies":[{"name":"wp","href":"https:\/\/api.w.org\/{rel}","templated":true}]}}