{"id":2726,"date":"2019-09-16T17:10:40","date_gmt":"2019-09-16T20:10:40","guid":{"rendered":"http:\/\/nossacasa.net\/nossosriachos\/rios\/?page_id=2726"},"modified":"2019-09-16T17:10:40","modified_gmt":"2019-09-16T20:10:40","slug":"chave-de-callichthyidae","status":"publish","type":"page","link":"http:\/\/nossacasa.net\/nossosriachos\/tabuleiros\/chave-de-callichthyidae\/","title":{"rendered":"Chave de Callichthyidae"},"content":{"rendered":"\n<table id=\"tablepress-25\" class=\"tablepress tablepress-id-25 tbody-has-connected-cells\">\n<tbody class=\"row-striping row-hover\">\n<tr class=\"row-1\">\n\t<td colspan=\"4\" class=\"column-1\"><h1>Chave de Callichthyidae<\/h1><br \/>\nOs <strong><a href=\"http:\/\/nossacasa.net\/nossosriachos\/tabuleiros\/callichthyidae\/\">Callichthyidae<\/a><\/strong> do Tabuleiro s\u00e3o representados por cinco g\u00eanero da fam\u00edlia <strong>Callichthydae<\/strong>: <strong><em><a href=\"http:\/\/nossacasa.net\/nossosriachos\/tabuleiros\/aspidoras\/\">Aspidoras<\/a><\/em><\/strong>, <strong><em><a href=\"http:\/\/nossacasa.net\/nossosriachos\/tabuleiros\/callichthys\/\">Callichthys<\/a><\/em><\/strong>, <strong><em><a href=\"http:\/\/nossacasa.net\/nossosriachos\/tabuleiros\/corydoras\/\">Corydoras<\/a><\/em><\/strong>, <strong><em><a href=\"http:\/\/nossacasa.net\/nossosriachos\/tabuleiros\/hoplosternum\/\">Hoplosternum<\/a><\/em><\/strong> e <strong><em><a href=\"http:\/\/nossacasa.net\/nossosriachos\/tabuleiros\/scleromystax\/\">Scleromystax<\/a><\/em><\/strong>.   <br \/>\n<\/td>\n<\/tr>\n<tr class=\"row-2\">\n\t<td class=\"column-1\"><strong id=\"1\">1A<\/strong><\/td><td class=\"column-2\">Focinho deprimido;<br \/>\nbarbilh\u00f5es maxilares longos, geralmente ultrapassando a abertura branquial; <br \/>\npreop\u00e9rculo recoberto por pele; <br \/>\nplaca nucal recoberta por pele e por placas pr\u00e9-dorsais; <br \/>\ndent\u00e1rio com dentes (dentes de dif\u00edcil visualiza\u00e7\u00e3o, as vezes cobertos por muco.<\/td><td class=\"column-3\"><strong><a href=\"#2\">2<\/a><\/strong><\/td><td class=\"column-4\"><img loading=\"lazy\" decoding=\"async\" src=\"http:\/\/nossacasa.net\/nossosriachos\/tabuleiros\/wp-content\/uploads\/sites\/8\/2019\/08\/Callichthyidae_1A-1.png\" alt=\"\" width=\"800\" height=\"273\" class=\"aligncenter size-full wp-image-909\" srcset=\"http:\/\/nossacasa.net\/nossosriachos\/tabuleiros\/wp-content\/uploads\/sites\/13\/2019\/08\/Callichthyidae_1A-1.png 800w, http:\/\/nossacasa.net\/nossosriachos\/tabuleiros\/wp-content\/uploads\/sites\/13\/2019\/08\/Callichthyidae_1A-1-300x102.png 300w, http:\/\/nossacasa.net\/nossosriachos\/tabuleiros\/wp-content\/uploads\/sites\/13\/2019\/08\/Callichthyidae_1A-1-768x262.png 768w, http:\/\/nossacasa.net\/nossosriachos\/tabuleiros\/wp-content\/uploads\/sites\/13\/2019\/08\/Callichthyidae_1A-1-500x171.png 500w\" sizes=\"auto, (max-width: 800px) 100vw, 800px\" \/><\/td>\n<\/tr>\n<tr class=\"row-3\">\n\t<td class=\"column-1\"><strong>1B<\/strong><\/td><td class=\"column-2\">Focinho comprimido; <br \/>\nbarbilh\u00f5es maxilares curtos, geralmente n\u00e3o ultrapassando a \u00f3rbita; <br \/>\npreop\u00e9rculo exposto; <br \/>\nplaca nucal exposta; <br \/>\ndent\u00e1rio sem dentes.<\/td><td class=\"column-3\"><strong><a href=\"#3\">3<\/a><\/strong><\/td><td class=\"column-4\"><img loading=\"lazy\" decoding=\"async\" src=\"http:\/\/nossacasa.net\/nossosriachos\/tabuleiros\/wp-content\/uploads\/sites\/8\/2019\/08\/Callichthyidae_1B-1.png\" alt=\"\" width=\"800\" height=\"284\" class=\"aligncenter size-full wp-image-910\" srcset=\"http:\/\/nossacasa.net\/nossosriachos\/tabuleiros\/wp-content\/uploads\/sites\/13\/2019\/08\/Callichthyidae_1B-1.png 800w, http:\/\/nossacasa.net\/nossosriachos\/tabuleiros\/wp-content\/uploads\/sites\/13\/2019\/08\/Callichthyidae_1B-1-300x107.png 300w, http:\/\/nossacasa.net\/nossosriachos\/tabuleiros\/wp-content\/uploads\/sites\/13\/2019\/08\/Callichthyidae_1B-1-768x273.png 768w, http:\/\/nossacasa.net\/nossosriachos\/tabuleiros\/wp-content\/uploads\/sites\/13\/2019\/08\/Callichthyidae_1B-1-500x178.png 500w\" sizes=\"auto, (max-width: 800px) 100vw, 800px\" \/><\/td>\n<\/tr>\n<tr class=\"row-4\">\n\t<td class=\"column-1\"><strong id=\"2\">2A<\/strong><\/td><td class=\"column-2\">Cabe\u00e7a deprimida; <br \/>\ncorac\u00f3ides recobertos por pele e n\u00e3o expostos ventralmente; <br \/>\nnadadeira caudal truncada ou arredondada; <br \/>\nped\u00fanculo caudal alto.<\/td><td class=\"column-3\"><strong><em><a href=\"http:\/\/nossacasa.net\/nossosriachos\/tabuleiros\/callichthys\/\">Callichthys<\/a><\/em><\/strong><\/td><td class=\"column-4\"><img loading=\"lazy\" decoding=\"async\" src=\"http:\/\/nossacasa.net\/nossosriachos\/tabuleiros\/wp-content\/uploads\/sites\/8\/2019\/08\/Callichthyidae_2A.png\" alt=\"\" width=\"800\" height=\"220\" class=\"aligncenter size-full wp-image-896\" srcset=\"http:\/\/nossacasa.net\/nossosriachos\/tabuleiros\/wp-content\/uploads\/sites\/13\/2019\/08\/Callichthyidae_2A.png 800w, http:\/\/nossacasa.net\/nossosriachos\/tabuleiros\/wp-content\/uploads\/sites\/13\/2019\/08\/Callichthyidae_2A-300x83.png 300w, http:\/\/nossacasa.net\/nossosriachos\/tabuleiros\/wp-content\/uploads\/sites\/13\/2019\/08\/Callichthyidae_2A-768x211.png 768w, http:\/\/nossacasa.net\/nossosriachos\/tabuleiros\/wp-content\/uploads\/sites\/13\/2019\/08\/Callichthyidae_2A-500x138.png 500w\" sizes=\"auto, (max-width: 800px) 100vw, 800px\" \/><\/td>\n<\/tr>\n<tr class=\"row-5\">\n\t<td class=\"column-1\"><strong>21B<\/strong><\/td><td class=\"column-2\">Cabe\u00e7a moderadamente deprimida (75% da largura cleitral); <br \/>\ncorac\u00f3ides ventralmente expostos em adultos; <br \/>\nnadadeira caudal bifurcada; <br \/>\nped\u00fanculo caudal deprimido.<\/td><td class=\"column-3\"><strong><em><a href=\"http:\/\/nossacasa.net\/nossosriachos\/tabuleiros\/hoplosternum\/\">Hoplosternum<\/a><\/em><\/strong><\/td><td class=\"column-4\"><img loading=\"lazy\" decoding=\"async\" src=\"http:\/\/nossacasa.net\/nossosriachos\/tabuleiros\/wp-content\/uploads\/sites\/8\/2019\/08\/Callichthyidae_2B.png\" alt=\"\" width=\"800\" height=\"271\" class=\"aligncenter size-full wp-image-897\" srcset=\"http:\/\/nossacasa.net\/nossosriachos\/tabuleiros\/wp-content\/uploads\/sites\/13\/2019\/08\/Callichthyidae_2B.png 800w, http:\/\/nossacasa.net\/nossosriachos\/tabuleiros\/wp-content\/uploads\/sites\/13\/2019\/08\/Callichthyidae_2B-300x102.png 300w, http:\/\/nossacasa.net\/nossosriachos\/tabuleiros\/wp-content\/uploads\/sites\/13\/2019\/08\/Callichthyidae_2B-768x260.png 768w, http:\/\/nossacasa.net\/nossosriachos\/tabuleiros\/wp-content\/uploads\/sites\/13\/2019\/08\/Callichthyidae_2B-500x169.png 500w\" sizes=\"auto, (max-width: 800px) 100vw, 800px\" \/><\/td>\n<\/tr>\n<tr class=\"row-6\">\n\t<td class=\"column-1\"><strong id=\"3\">3A<\/strong><\/td><td class=\"column-2\">Supraoccipital n\u00e3o encontra placa nucal; <br \/>\nespinho da peitoral curto, correspondendo a 2\/3 dos demais raios<br \/>\n<img loading=\"lazy\" decoding=\"async\" src=\"http:\/\/nossacasa.net\/nossosriachos\/tabuleiros\/wp-content\/uploads\/sites\/8\/2019\/08\/Callichthyidae_3Aa.png\" alt=\"\" width=\"300\" height=\"370\" class=\"aligncenter size-full wp-image-899\" srcset=\"http:\/\/nossacasa.net\/nossosriachos\/tabuleiros\/wp-content\/uploads\/sites\/13\/2019\/08\/Callichthyidae_3Aa.png 300w, http:\/\/nossacasa.net\/nossosriachos\/tabuleiros\/wp-content\/uploads\/sites\/13\/2019\/08\/Callichthyidae_3Aa-243x300.png 243w\" sizes=\"auto, (max-width: 300px) 100vw, 300px\" \/><\/td><td class=\"column-3\"><strong><em><a href=\"http:\/\/nossacasa.net\/nossosriachos\/tabuleiros\/aspidoras\/\">Aspidoras<\/a><\/em><\/strong><\/td><td class=\"column-4\"><img loading=\"lazy\" decoding=\"async\" src=\"http:\/\/nossacasa.net\/nossosriachos\/tabuleiros\/wp-content\/uploads\/sites\/8\/2019\/08\/Callichthyidae_3A.png\" alt=\"\" width=\"800\" height=\"406\" class=\"aligncenter size-full wp-image-898\" srcset=\"http:\/\/nossacasa.net\/nossosriachos\/tabuleiros\/wp-content\/uploads\/sites\/13\/2019\/08\/Callichthyidae_3A.png 800w, http:\/\/nossacasa.net\/nossosriachos\/tabuleiros\/wp-content\/uploads\/sites\/13\/2019\/08\/Callichthyidae_3A-300x152.png 300w, http:\/\/nossacasa.net\/nossosriachos\/tabuleiros\/wp-content\/uploads\/sites\/13\/2019\/08\/Callichthyidae_3A-768x390.png 768w, http:\/\/nossacasa.net\/nossosriachos\/tabuleiros\/wp-content\/uploads\/sites\/13\/2019\/08\/Callichthyidae_3A-500x254.png 500w\" sizes=\"auto, (max-width: 800px) 100vw, 800px\" \/><\/td>\n<\/tr>\n<tr class=\"row-7\">\n\t<td class=\"column-1\"><strong>3B<\/strong><\/td><td class=\"column-2\">Supraoccipital em contato com placa nucal; <br \/>\nespinho da peitoral ligeiramente mais curto, ou com o mesmo comprimento dos demais raios.<\/td><td class=\"column-3\"><strong><a href=\"#4\">4<\/a><\/strong><\/td><td class=\"column-4\"><\/td>\n<\/tr>\n<tr class=\"row-8\">\n\t<td class=\"column-1\"><strong id=\"4\">4A<\/strong><\/td><td class=\"column-2\">Supraoccipital em contato com placa nucal; <br \/>\nespinho da peitoral ligeiramente mais curto, ou com o mesmo comprimento dos demais raios; <br \/>\nespinho da peitoral  anteriormente liso, e com serrilhas longas no bordo posterior.<\/td><td class=\"column-3\"><strong><em><a href=\"http:\/\/nossacasa.net\/nossosriachos\/tabuleiros\/scleromystax\/\">Scleromystax<\/a><\/em><\/strong><\/td><td class=\"column-4\"><img loading=\"lazy\" decoding=\"async\" src=\"http:\/\/nossacasa.net\/nossosriachos\/tabuleiros\/wp-content\/uploads\/sites\/8\/2019\/08\/Callichthyidae_4A.png\" alt=\"\" width=\"800\" height=\"538\" class=\"aligncenter size-full wp-image-901\" srcset=\"http:\/\/nossacasa.net\/nossosriachos\/tabuleiros\/wp-content\/uploads\/sites\/13\/2019\/08\/Callichthyidae_4A.png 800w, http:\/\/nossacasa.net\/nossosriachos\/tabuleiros\/wp-content\/uploads\/sites\/13\/2019\/08\/Callichthyidae_4A-300x202.png 300w, http:\/\/nossacasa.net\/nossosriachos\/tabuleiros\/wp-content\/uploads\/sites\/13\/2019\/08\/Callichthyidae_4A-768x516.png 768w, http:\/\/nossacasa.net\/nossosriachos\/tabuleiros\/wp-content\/uploads\/sites\/13\/2019\/08\/Callichthyidae_4A-446x300.png 446w\" sizes=\"auto, (max-width: 800px) 100vw, 800px\" \/><\/td>\n<\/tr>\n<tr class=\"row-9\">\n\t<td class=\"column-1\"><strong>4B<\/strong><\/td><td class=\"column-2\">Supraoccipital em contato com placa nucal; <br \/>\nespinho da peitoral ligeiramente mais curto, ou com o mesmo comprimento dos demais raios; <br \/>\nespinho da peitoral  anteriormente liso, e com serrilhas curtas no bordo posterior.<br \/>\n<img loading=\"lazy\" decoding=\"async\" src=\"http:\/\/nossacasa.net\/nossosriachos\/tabuleiros\/wp-content\/uploads\/sites\/8\/2019\/08\/Callichthyidae_4Ba.png\" alt=\"\" width=\"300\" height=\"223\" class=\"aligncenter size-full wp-image-903\" \/><\/td><td class=\"column-3\"><strong><em><a href=\"http:\/\/nossacasa.net\/nossosriachos\/tabuleiros\/corydoras\/\">Corydoras<\/a><\/em><\/strong><\/td><td class=\"column-4\"><img loading=\"lazy\" decoding=\"async\" src=\"http:\/\/nossacasa.net\/nossosriachos\/tabuleiros\/wp-content\/uploads\/sites\/8\/2019\/08\/Callichthyidae_4B.png\" alt=\"\" width=\"800\" height=\"415\" class=\"aligncenter size-full wp-image-902\" srcset=\"http:\/\/nossacasa.net\/nossosriachos\/tabuleiros\/wp-content\/uploads\/sites\/13\/2019\/08\/Callichthyidae_4B.png 800w, http:\/\/nossacasa.net\/nossosriachos\/tabuleiros\/wp-content\/uploads\/sites\/13\/2019\/08\/Callichthyidae_4B-300x156.png 300w, http:\/\/nossacasa.net\/nossosriachos\/tabuleiros\/wp-content\/uploads\/sites\/13\/2019\/08\/Callichthyidae_4B-768x398.png 768w, http:\/\/nossacasa.net\/nossosriachos\/tabuleiros\/wp-content\/uploads\/sites\/13\/2019\/08\/Callichthyidae_4B-500x259.png 500w\" sizes=\"auto, (max-width: 800px) 100vw, 800px\" \/><\/td>\n<\/tr>\n<tr class=\"row-10\">\n\t<td colspan=\"4\" class=\"column-1\"><hr><br \/>\n<strong>Organiza\u00e7\u00e3o:<\/strong> L.M. Sarmento-Soares e R.F. Martins-Pinheiro.<br \/>\n<strong>Imagens<\/strong>: T. C. Pesali e L.M. Sarmento-Soares.<br \/>\n<hr><\/td>\n<\/tr>\n<\/tbody>\n<\/table>\n\n","protected":false},"excerpt":{"rendered":"","protected":false},"author":1,"featured_media":0,"parent":0,"menu_order":0,"comment_status":"closed","ping_status":"closed","template":"template-page-builder-no-header-footer.php","meta":{"footnotes":""},"class_list":["post-2726","page","type-page","status-publish","hentry"],"_links":{"self":[{"href":"http:\/\/nossacasa.net\/nossosriachos\/tabuleiros\/wp-json\/wp\/v2\/pages\/2726","targetHints":{"allow":["GET"]}}],"collection":[{"href":"http:\/\/nossacasa.net\/nossosriachos\/tabuleiros\/wp-json\/wp\/v2\/pages"}],"about":[{"href":"http:\/\/nossacasa.net\/nossosriachos\/tabuleiros\/wp-json\/wp\/v2\/types\/page"}],"author":[{"embeddable":true,"href":"http:\/\/nossacasa.net\/nossosriachos\/tabuleiros\/wp-json\/wp\/v2\/users\/1"}],"replies":[{"embeddable":true,"href":"http:\/\/nossacasa.net\/nossosriachos\/tabuleiros\/wp-json\/wp\/v2\/comments?post=2726"}],"version-history":[{"count":0,"href":"http:\/\/nossacasa.net\/nossosriachos\/tabuleiros\/wp-json\/wp\/v2\/pages\/2726\/revisions"}],"wp:attachment":[{"href":"http:\/\/nossacasa.net\/nossosriachos\/tabuleiros\/wp-json\/wp\/v2\/media?parent=2726"}],"curies":[{"name":"wp","href":"https:\/\/api.w.org\/{rel}","templated":true}]}}