{"id":2772,"date":"2019-09-16T21:31:20","date_gmt":"2019-09-17T00:31:20","guid":{"rendered":"http:\/\/nossacasa.net\/nossosriachos\/rios\/?page_id=2772"},"modified":"2019-09-16T21:31:20","modified_gmt":"2019-09-17T00:31:20","slug":"chave-de-cynoglossidae","status":"publish","type":"page","link":"http:\/\/nossacasa.net\/nossosriachos\/tabuleiros\/chave-de-cynoglossidae\/","title":{"rendered":"Chave de Cynoglossidae"},"content":{"rendered":"\n<table id=\"tablepress-31\" class=\"tablepress tablepress-id-31 tbody-has-connected-cells\">\n<tbody class=\"row-striping row-hover\">\n<tr class=\"row-1\">\n\t<td colspan=\"4\" class=\"column-1\"><h1>Chave de Cynoglossidae<\/h1><br \/>\nOs <a href=\"http:\/\/nossacasa.net\/nossosriachos\/tabuleiros\/cynoglossidae\/\"><strong>Cynoglossidae<\/strong><\/a> do Tabuleiro est\u00e1 representado por um \u00fanico g\u00eanero:  <strong><em><a href=\"http:\/\/nossacasa.net\/nossosriachos\/tabuleiros\/symphurus\/\">Symphurus<\/a><\/em><\/strong>.<\/td>\n<\/tr>\n<tr class=\"row-2\">\n\t<td class=\"column-1\"><strong>1A<\/strong><\/td><td class=\"column-2\">Focinho arredondado; boca terminal e aproximadamente reta; <br \/>\nlinha lateral inconsp\u00edcua; <br \/>\nnadadeiras p\u00e9lvicas livres, n\u00e3o confluentes com a nadadeira anal.<\/td><td class=\"column-3\"><strong><em><a href=\"http:\/\/nossacasa.net\/nossosriachos\/tabuleiros\/symphurus\/\">Symphurus<\/a><\/em><\/strong><\/td><td class=\"column-4\"><img loading=\"lazy\" decoding=\"async\" src=\"http:\/\/nossacasa.net\/nossosriachos\/tabuleiros\/wp-content\/uploads\/sites\/8\/2019\/09\/Cynoglossidae_1A.png\" alt=\"\" width=\"800\" height=\"284\" class=\"aligncenter size-full wp-image-1164\" srcset=\"http:\/\/nossacasa.net\/nossosriachos\/tabuleiros\/wp-content\/uploads\/sites\/13\/2019\/09\/Cynoglossidae_1A.png 800w, http:\/\/nossacasa.net\/nossosriachos\/tabuleiros\/wp-content\/uploads\/sites\/13\/2019\/09\/Cynoglossidae_1A-300x107.png 300w, http:\/\/nossacasa.net\/nossosriachos\/tabuleiros\/wp-content\/uploads\/sites\/13\/2019\/09\/Cynoglossidae_1A-768x273.png 768w, http:\/\/nossacasa.net\/nossosriachos\/tabuleiros\/wp-content\/uploads\/sites\/13\/2019\/09\/Cynoglossidae_1A-500x178.png 500w\" sizes=\"auto, (max-width: 800px) 100vw, 800px\" \/><\/td>\n<\/tr>\n<tr class=\"row-3\">\n\t<td class=\"column-1\"><strong>1B<\/strong><\/td><td class=\"column-2\">Focinho alongado; boca ventral e aproximadamente curva; <br \/>\nlinha lateral bem desenvolvida no lado com olhos; <br \/>\nnadadeiras p\u00e9lvicas confluentes com a nadadeira anal.<\/td><td class=\"column-3\"><strong><em>Cynoglossus<\/em><\/strong><br \/>\n(Atl\u00e2ntico leste a oeste do Pac\u00edfico)<\/td><td class=\"column-4\"><img loading=\"lazy\" decoding=\"async\" src=\"http:\/\/nossacasa.net\/nossosriachos\/tabuleiros\/wp-content\/uploads\/sites\/8\/2019\/09\/Cynoglossidae_1B.png\" alt=\"\" width=\"800\" height=\"298\" class=\"aligncenter size-full wp-image-1165\" srcset=\"http:\/\/nossacasa.net\/nossosriachos\/tabuleiros\/wp-content\/uploads\/sites\/13\/2019\/09\/Cynoglossidae_1B.png 800w, http:\/\/nossacasa.net\/nossosriachos\/tabuleiros\/wp-content\/uploads\/sites\/13\/2019\/09\/Cynoglossidae_1B-300x112.png 300w, http:\/\/nossacasa.net\/nossosriachos\/tabuleiros\/wp-content\/uploads\/sites\/13\/2019\/09\/Cynoglossidae_1B-768x286.png 768w, http:\/\/nossacasa.net\/nossosriachos\/tabuleiros\/wp-content\/uploads\/sites\/13\/2019\/09\/Cynoglossidae_1B-500x186.png 500w\" sizes=\"auto, (max-width: 800px) 100vw, 800px\" \/><\/td>\n<\/tr>\n<tr class=\"row-4\">\n\t<td colspan=\"4\" class=\"column-1\"><hr><br \/>\n<strong>Organiza\u00e7\u00e3o:<\/strong> L.M. Sarmento-Soares e R.F. Martins-Pinheiro.<br \/>\n<strong>Imagens:<\/strong> L. Argolo e C. Vidthayanon (Fishbase). <br \/>\n<hr><\/td>\n<\/tr>\n<\/tbody>\n<\/table>\n\n","protected":false},"excerpt":{"rendered":"","protected":false},"author":1,"featured_media":0,"parent":0,"menu_order":0,"comment_status":"closed","ping_status":"closed","template":"template-page-builder-no-header-footer.php","meta":{"footnotes":""},"class_list":["post-2772","page","type-page","status-publish","hentry"],"_links":{"self":[{"href":"http:\/\/nossacasa.net\/nossosriachos\/tabuleiros\/wp-json\/wp\/v2\/pages\/2772","targetHints":{"allow":["GET"]}}],"collection":[{"href":"http:\/\/nossacasa.net\/nossosriachos\/tabuleiros\/wp-json\/wp\/v2\/pages"}],"about":[{"href":"http:\/\/nossacasa.net\/nossosriachos\/tabuleiros\/wp-json\/wp\/v2\/types\/page"}],"author":[{"embeddable":true,"href":"http:\/\/nossacasa.net\/nossosriachos\/tabuleiros\/wp-json\/wp\/v2\/users\/1"}],"replies":[{"embeddable":true,"href":"http:\/\/nossacasa.net\/nossosriachos\/tabuleiros\/wp-json\/wp\/v2\/comments?post=2772"}],"version-history":[{"count":0,"href":"http:\/\/nossacasa.net\/nossosriachos\/tabuleiros\/wp-json\/wp\/v2\/pages\/2772\/revisions"}],"wp:attachment":[{"href":"http:\/\/nossacasa.net\/nossosriachos\/tabuleiros\/wp-json\/wp\/v2\/media?parent=2772"}],"curies":[{"name":"wp","href":"https:\/\/api.w.org\/{rel}","templated":true}]}}