{"id":2801,"date":"2019-09-16T22:26:18","date_gmt":"2019-09-17T01:26:18","guid":{"rendered":"http:\/\/nossacasa.net\/nossosriachos\/rios\/?page_id=2801"},"modified":"2019-09-16T22:26:18","modified_gmt":"2019-09-17T01:26:18","slug":"chave-de-gymnotidae","status":"publish","type":"page","link":"http:\/\/nossacasa.net\/nossosriachos\/tabuleiros\/chave-de-gymnotidae\/","title":{"rendered":"Chave de Gymnotidae"},"content":{"rendered":"\n<table id=\"tablepress-35\" class=\"tablepress tablepress-id-35 tbody-has-connected-cells\">\n<tbody class=\"row-striping row-hover\">\n<tr class=\"row-1\">\n\t<td colspan=\"4\" class=\"column-1\"><h1>Chave de Gymnotidae<\/h1><br \/>\nOs <strong><a href=\"http:\/\/nossacasa.net\/nossosriachos\/tabuleiros\/gymnotidae\/\">Gymnotidae<\/a><\/strong> do Tabuleiro est\u00e1 representados por um \u00fanico g\u00eaneros: <strong><em><a href=\"http:\/\/nossacasa.net\/nossosriachos\/tabuleiros\/gymnotus\/\">Gymnotus<\/a><\/em><\/strong>.<\/td>\n<\/tr>\n<tr class=\"row-2\">\n\t<td class=\"column-1\"><strong>1A<\/strong><\/td><td class=\"column-2\">Corpo escamado, escamas cicl\u00f3ide; <br \/>\nmand\u00edbula prognata.<\/td><td class=\"column-3\"><strong><em><a href=\"http:\/\/nossacasa.net\/nossosriachos\/tabuleiros\/gymnotus\/\">Gymnotus<\/a><\/em><\/strong><\/td><td class=\"column-4\"><img loading=\"lazy\" decoding=\"async\" src=\"http:\/\/nossacasa.net\/nossosriachos\/tabuleiros\/wp-content\/uploads\/sites\/8\/2019\/08\/Gymnotidae_1A.png\" alt=\"\" width=\"800\" height=\"413\" class=\"aligncenter size-full wp-image-1003\" srcset=\"http:\/\/nossacasa.net\/nossosriachos\/tabuleiros\/wp-content\/uploads\/sites\/13\/2019\/08\/Gymnotidae_1A.png 800w, http:\/\/nossacasa.net\/nossosriachos\/tabuleiros\/wp-content\/uploads\/sites\/13\/2019\/08\/Gymnotidae_1A-300x155.png 300w, http:\/\/nossacasa.net\/nossosriachos\/tabuleiros\/wp-content\/uploads\/sites\/13\/2019\/08\/Gymnotidae_1A-768x396.png 768w, http:\/\/nossacasa.net\/nossosriachos\/tabuleiros\/wp-content\/uploads\/sites\/13\/2019\/08\/Gymnotidae_1A-500x258.png 500w\" sizes=\"auto, (max-width: 800px) 100vw, 800px\" \/><\/td>\n<\/tr>\n<tr class=\"row-3\">\n\t<td class=\"column-1\"><strong>1B<\/strong><\/td><td class=\"column-2\">Corpo liso, sem escamas; <br \/>\nboca terminal, mandibula.<\/td><td class=\"column-3\"><strong><em>Eletrophorus<\/em><\/strong><br \/>\n(Amazonia e Pantanal)<\/td><td class=\"column-4\"><\/td>\n<\/tr>\n<tr class=\"row-4\">\n\t<td colspan=\"4\" class=\"column-1\"><hr><br \/>\n<strong>Organiza\u00e7\u00e3o:<\/strong> L.M. Sarmento-Soares e R.F. Martins-Pinheiro.<br \/>\n<strong>Imagens<\/strong>: T.C. Pessali e L.M. Sarmento-Soares.<br \/>\n<hr><\/td>\n<\/tr>\n<\/tbody>\n<\/table>\n\n","protected":false},"excerpt":{"rendered":"","protected":false},"author":1,"featured_media":0,"parent":0,"menu_order":0,"comment_status":"closed","ping_status":"closed","template":"template-page-builder-no-header-footer.php","meta":{"footnotes":""},"class_list":["post-2801","page","type-page","status-publish","hentry"],"_links":{"self":[{"href":"http:\/\/nossacasa.net\/nossosriachos\/tabuleiros\/wp-json\/wp\/v2\/pages\/2801","targetHints":{"allow":["GET"]}}],"collection":[{"href":"http:\/\/nossacasa.net\/nossosriachos\/tabuleiros\/wp-json\/wp\/v2\/pages"}],"about":[{"href":"http:\/\/nossacasa.net\/nossosriachos\/tabuleiros\/wp-json\/wp\/v2\/types\/page"}],"author":[{"embeddable":true,"href":"http:\/\/nossacasa.net\/nossosriachos\/tabuleiros\/wp-json\/wp\/v2\/users\/1"}],"replies":[{"embeddable":true,"href":"http:\/\/nossacasa.net\/nossosriachos\/tabuleiros\/wp-json\/wp\/v2\/comments?post=2801"}],"version-history":[{"count":0,"href":"http:\/\/nossacasa.net\/nossosriachos\/tabuleiros\/wp-json\/wp\/v2\/pages\/2801\/revisions"}],"wp:attachment":[{"href":"http:\/\/nossacasa.net\/nossosriachos\/tabuleiros\/wp-json\/wp\/v2\/media?parent=2801"}],"curies":[{"name":"wp","href":"https:\/\/api.w.org\/{rel}","templated":true}]}}