{"id":2837,"date":"2019-09-17T09:21:47","date_gmt":"2019-09-17T12:21:47","guid":{"rendered":"http:\/\/nossacasa.net\/nossosriachos\/rios\/?page_id=2837"},"modified":"2019-09-17T09:21:47","modified_gmt":"2019-09-17T12:21:47","slug":"chave-de-ophichthidae","status":"publish","type":"page","link":"http:\/\/nossacasa.net\/nossosriachos\/tabuleiros\/chave-de-ophichthidae\/","title":{"rendered":"Chave de Ophichthidae"},"content":{"rendered":"\n<table id=\"tablepress-38\" class=\"tablepress tablepress-id-38 tbody-has-connected-cells\">\n<tbody class=\"row-striping row-hover\">\n<tr class=\"row-1\">\n\t<td colspan=\"4\" class=\"column-1\"><h1>Chave de Ophichthidae<\/h1><br \/>\nOs <strong><a href=\"http:\/\/nossacasa.net\/nossosriachos\/tabuleiros\/ophichthidae\/\">Ophichthidae<\/a><\/strong> do Tabuleiro s\u00e3o representados por tr\u00eas g\u00eaneros: <strong><em><a href=\"http:\/\/nossacasa.net\/nossosriachos\/tabuleiros\/ahlia\/\">Ahlia<\/a><\/em><\/strong>, <strong><em><a href=\"http:\/\/nossacasa.net\/nossosriachos\/tabuleiros\/myrophis\/\">Myrophis<\/a><\/em><\/strong> e <strong><em><a href=\"http:\/\/nossacasa.net\/nossosriachos\/tabuleiros\/ophichthus\/\">Ophichthus<\/a><\/em><\/strong>.<\/td>\n<\/tr>\n<tr class=\"row-2\">\n\t<td class=\"column-1\"><strong id=\"1\">1A<\/strong><\/td><td class=\"column-2\">Cauda pontuda e resistente, sem uma nadadeira caudal caracter\u00edstica;<br \/>\nnadadeiras peitorais amplas.<\/td><td class=\"column-3\"><strong><em><a href=\"http:\/\/nossacasa.net\/nossosriachos\/tabuleiros\/ophichthus\/\">Ophichthus<\/a><\/em><\/strong><\/td><td class=\"column-4\"><img loading=\"lazy\" decoding=\"async\" src=\"http:\/\/nossacasa.net\/nossosriachos\/tabuleiros\/wp-content\/uploads\/sites\/8\/2019\/08\/Ophichthidae_1Ai.png\" alt=\"\" width=\"800\" height=\"276\" class=\"aligncenter size-full wp-image-638\" srcset=\"http:\/\/nossacasa.net\/nossosriachos\/tabuleiros\/wp-content\/uploads\/sites\/13\/2019\/08\/Ophichthidae_1Ai.png 800w, http:\/\/nossacasa.net\/nossosriachos\/tabuleiros\/wp-content\/uploads\/sites\/13\/2019\/08\/Ophichthidae_1Ai-300x104.png 300w, http:\/\/nossacasa.net\/nossosriachos\/tabuleiros\/wp-content\/uploads\/sites\/13\/2019\/08\/Ophichthidae_1Ai-768x265.png 768w, http:\/\/nossacasa.net\/nossosriachos\/tabuleiros\/wp-content\/uploads\/sites\/13\/2019\/08\/Ophichthidae_1Ai-500x173.png 500w\" sizes=\"auto, (max-width: 800px) 100vw, 800px\" \/><br \/>\n<img loading=\"lazy\" decoding=\"async\" src=\"http:\/\/nossacasa.net\/nossosriachos\/tabuleiros\/wp-content\/uploads\/sites\/8\/2019\/08\/Ophichthidae_1As.png\" alt=\"\" width=\"800\" height=\"283\" class=\"aligncenter size-full wp-image-639\" srcset=\"http:\/\/nossacasa.net\/nossosriachos\/tabuleiros\/wp-content\/uploads\/sites\/13\/2019\/08\/Ophichthidae_1As.png 800w, http:\/\/nossacasa.net\/nossosriachos\/tabuleiros\/wp-content\/uploads\/sites\/13\/2019\/08\/Ophichthidae_1As-300x106.png 300w, http:\/\/nossacasa.net\/nossosriachos\/tabuleiros\/wp-content\/uploads\/sites\/13\/2019\/08\/Ophichthidae_1As-768x272.png 768w, http:\/\/nossacasa.net\/nossosriachos\/tabuleiros\/wp-content\/uploads\/sites\/13\/2019\/08\/Ophichthidae_1As-500x177.png 500w\" sizes=\"auto, (max-width: 800px) 100vw, 800px\" \/><\/td>\n<\/tr>\n<tr class=\"row-3\">\n\t<td class=\"column-1\"><strong>1B<\/strong><\/td><td class=\"column-2\">Cauda flex\u00edvel, com uma nadadeira caudal vis\u00edvel externamente e confluente com a dorsal e a anal;<br \/>\nnadadeiras peitorais reduzidas.<\/td><td class=\"column-3\"><strong><a href=\"#2\">2<\/a><\/strong><\/td><td class=\"column-4\"><img loading=\"lazy\" decoding=\"async\" src=\"http:\/\/nossacasa.net\/nossosriachos\/tabuleiros\/wp-content\/uploads\/sites\/8\/2019\/08\/Ophichthidae_1B-1.png\" alt=\"\" width=\"800\" height=\"330\" class=\"aligncenter size-full wp-image-640\" srcset=\"http:\/\/nossacasa.net\/nossosriachos\/tabuleiros\/wp-content\/uploads\/sites\/13\/2019\/08\/Ophichthidae_1B-1.png 800w, http:\/\/nossacasa.net\/nossosriachos\/tabuleiros\/wp-content\/uploads\/sites\/13\/2019\/08\/Ophichthidae_1B-1-300x124.png 300w, http:\/\/nossacasa.net\/nossosriachos\/tabuleiros\/wp-content\/uploads\/sites\/13\/2019\/08\/Ophichthidae_1B-1-768x317.png 768w, http:\/\/nossacasa.net\/nossosriachos\/tabuleiros\/wp-content\/uploads\/sites\/13\/2019\/08\/Ophichthidae_1B-1-500x206.png 500w\" sizes=\"auto, (max-width: 800px) 100vw, 800px\" \/><\/td>\n<\/tr>\n<tr class=\"row-4\">\n\t<td class=\"column-1\"><strong id=\"2\">2A<\/strong><\/td><td class=\"column-2\">Origem da nadadeira dorsal situada acima ou ligeiramente atr\u00e1s da vertical que passa pela origem do \u00e2nus;<br \/>\ndentes ausentes no v\u00f4mer<\/td><td class=\"column-3\"><strong><em><a href=\"http:\/\/nossacasa.net\/nossosriachos\/tabuleiros\/ahlia\/\">Ahlia<\/a><\/em><\/strong><\/td><td class=\"column-4\"><img loading=\"lazy\" decoding=\"async\" src=\"http:\/\/nossacasa.net\/nossosriachos\/tabuleiros\/wp-content\/uploads\/sites\/8\/2019\/08\/Ophichthidae_2A-1.png\" alt=\"\" width=\"800\" height=\"242\" class=\"aligncenter size-full wp-image-641\" srcset=\"http:\/\/nossacasa.net\/nossosriachos\/tabuleiros\/wp-content\/uploads\/sites\/13\/2019\/08\/Ophichthidae_2A-1.png 800w, http:\/\/nossacasa.net\/nossosriachos\/tabuleiros\/wp-content\/uploads\/sites\/13\/2019\/08\/Ophichthidae_2A-1-300x91.png 300w, http:\/\/nossacasa.net\/nossosriachos\/tabuleiros\/wp-content\/uploads\/sites\/13\/2019\/08\/Ophichthidae_2A-1-768x232.png 768w, http:\/\/nossacasa.net\/nossosriachos\/tabuleiros\/wp-content\/uploads\/sites\/13\/2019\/08\/Ophichthidae_2A-1-500x151.png 500w\" sizes=\"auto, (max-width: 800px) 100vw, 800px\" \/><\/td>\n<\/tr>\n<tr class=\"row-5\">\n\t<td class=\"column-1\"><strong>2B<\/strong><\/td><td class=\"column-2\">Origem da nadadeira dorsal situada bem a frente da vertical que passa pela origem do \u00e2nus;<br \/>\ndentes presentes no v\u00f4mer.<\/td><td class=\"column-3\"><strong><em><a href=\"http:\/\/nossacasa.net\/nossosriachos\/tabuleiros\/myrophis\/\">Myrophis<\/a><\/em><\/strong><\/td><td class=\"column-4\"><img loading=\"lazy\" decoding=\"async\" src=\"http:\/\/nossacasa.net\/nossosriachos\/tabuleiros\/wp-content\/uploads\/sites\/8\/2019\/08\/Ophichthidae_2B-1.png\" alt=\"\" width=\"800\" height=\"231\" class=\"aligncenter size-full wp-image-642\" srcset=\"http:\/\/nossacasa.net\/nossosriachos\/tabuleiros\/wp-content\/uploads\/sites\/13\/2019\/08\/Ophichthidae_2B-1.png 800w, http:\/\/nossacasa.net\/nossosriachos\/tabuleiros\/wp-content\/uploads\/sites\/13\/2019\/08\/Ophichthidae_2B-1-300x87.png 300w, http:\/\/nossacasa.net\/nossosriachos\/tabuleiros\/wp-content\/uploads\/sites\/13\/2019\/08\/Ophichthidae_2B-1-768x222.png 768w, http:\/\/nossacasa.net\/nossosriachos\/tabuleiros\/wp-content\/uploads\/sites\/13\/2019\/08\/Ophichthidae_2B-1-500x144.png 500w\" sizes=\"auto, (max-width: 800px) 100vw, 800px\" \/><\/td>\n<\/tr>\n<tr class=\"row-6\">\n\t<td colspan=\"4\" class=\"column-1\"><hr><br \/>\n<strong>Organiza\u00e7\u00e3o:<\/strong> L.M. Sarmento-Soares e R.F. Martins-Pinheiro.  <br \/>\n<strong>Adaptado de:<\/strong> Figueiredo &amp; Menezes (1978).<br \/>\n<strong>Figuras<\/strong>: L.M. Sarmento-Soares; R. Martins (in memorian).\t<br \/>\n<hr><\/td>\n<\/tr>\n<\/tbody>\n<\/table>\n\n","protected":false},"excerpt":{"rendered":"","protected":false},"author":1,"featured_media":0,"parent":0,"menu_order":0,"comment_status":"closed","ping_status":"closed","template":"template-page-builder-no-header-footer.php","meta":{"footnotes":""},"class_list":["post-2837","page","type-page","status-publish","hentry"],"_links":{"self":[{"href":"http:\/\/nossacasa.net\/nossosriachos\/tabuleiros\/wp-json\/wp\/v2\/pages\/2837","targetHints":{"allow":["GET"]}}],"collection":[{"href":"http:\/\/nossacasa.net\/nossosriachos\/tabuleiros\/wp-json\/wp\/v2\/pages"}],"about":[{"href":"http:\/\/nossacasa.net\/nossosriachos\/tabuleiros\/wp-json\/wp\/v2\/types\/page"}],"author":[{"embeddable":true,"href":"http:\/\/nossacasa.net\/nossosriachos\/tabuleiros\/wp-json\/wp\/v2\/users\/1"}],"replies":[{"embeddable":true,"href":"http:\/\/nossacasa.net\/nossosriachos\/tabuleiros\/wp-json\/wp\/v2\/comments?post=2837"}],"version-history":[{"count":0,"href":"http:\/\/nossacasa.net\/nossosriachos\/tabuleiros\/wp-json\/wp\/v2\/pages\/2837\/revisions"}],"wp:attachment":[{"href":"http:\/\/nossacasa.net\/nossosriachos\/tabuleiros\/wp-json\/wp\/v2\/media?parent=2837"}],"curies":[{"name":"wp","href":"https:\/\/api.w.org\/{rel}","templated":true}]}}