{"id":2852,"date":"2019-09-17T10:14:06","date_gmt":"2019-09-17T13:14:06","guid":{"rendered":"http:\/\/nossacasa.net\/nossosriachos\/rios\/?page_id=2852"},"modified":"2019-09-17T10:14:06","modified_gmt":"2019-09-17T13:14:06","slug":"chave-de-paralichthyidae","status":"publish","type":"page","link":"http:\/\/nossacasa.net\/nossosriachos\/tabuleiros\/chave-de-paralichthyidae\/","title":{"rendered":"Chave de Paralichthyidae"},"content":{"rendered":"\n<table id=\"tablepress-39\" class=\"tablepress tablepress-id-39 tbody-has-connected-cells\">\n<tbody class=\"row-striping row-hover\">\n<tr class=\"row-1\">\n\t<td colspan=\"4\" class=\"column-1\"><h1>Chave de Paralichthyidae<\/h1><br \/>\nOs <strong><a href=\"http:\/\/nossacasa.net\/nossosriachos\/tabuleiros\/paralichthyidae\/\">Paralichthyidae<\/a><\/strong> do Tabuleiro s\u00e3o representados por quatro g\u00eaneros: <strong><em><a href=\"http:\/\/nossacasa.net\/nossosriachos\/tabuleiros\/citharichthys\/\">Citharichthys<\/a><\/em><\/strong>, <strong><em><a href=\"http:\/\/nossacasa.net\/nossosriachos\/tabuleiros\/etropus\/\">Etropus<\/a><\/em><\/strong>, <strong><em><a href=\"http:\/\/nossacasa.net\/nossosriachos\/tabuleiros\/paralichthys\/\">Paralichthys<\/a><\/em><\/strong> e <strong><em><a href=\"http:\/\/nossacasa.net\/nossosriachos\/tabuleiros\/syacium\/\">Syacium<\/a><\/em><\/strong>.<\/td>\n<\/tr>\n<tr class=\"row-2\">\n\t<td class=\"column-1\"><strong id=\"1\">1A<\/strong><\/td><td class=\"column-2\">Linha lateral com um arco na regi\u00e3o anterior, na altura da nadadeira peitoral, no lado com olhos.<\/td><td class=\"column-3\"><strong><em><a href=\"http:\/\/nossacasa.net\/nossosriachos\/tabuleiros\/paralichthys\/\">Paralichthys<\/a><\/em><\/strong><\/td><td class=\"column-4\"><img loading=\"lazy\" decoding=\"async\" src=\"http:\/\/nossacasa.net\/nossosriachos\/tabuleiros\/wp-content\/uploads\/sites\/8\/2019\/09\/Paralichthydae_1A.png\" alt=\"\" width=\"800\" height=\"373\" class=\"aligncenter size-full wp-image-1370\" srcset=\"http:\/\/nossacasa.net\/nossosriachos\/tabuleiros\/wp-content\/uploads\/sites\/13\/2019\/09\/Paralichthydae_1A.png 800w, http:\/\/nossacasa.net\/nossosriachos\/tabuleiros\/wp-content\/uploads\/sites\/13\/2019\/09\/Paralichthydae_1A-300x140.png 300w, http:\/\/nossacasa.net\/nossosriachos\/tabuleiros\/wp-content\/uploads\/sites\/13\/2019\/09\/Paralichthydae_1A-768x358.png 768w, http:\/\/nossacasa.net\/nossosriachos\/tabuleiros\/wp-content\/uploads\/sites\/13\/2019\/09\/Paralichthydae_1A-500x233.png 500w\" sizes=\"auto, (max-width: 800px) 100vw, 800px\" \/><\/td>\n<\/tr>\n<tr class=\"row-3\">\n\t<td class=\"column-1\"><strong>1B<\/strong><\/td><td class=\"column-2\">Linha lateral aproximadamente reta, as vezes um pouco elevada anteriormente, mas sem formar arco.<\/td><td class=\"column-3\"><strong><a href=\"#2\">2<\/a><\/strong><\/td><td class=\"column-4\"><img loading=\"lazy\" decoding=\"async\" src=\"http:\/\/nossacasa.net\/nossosriachos\/tabuleiros\/wp-content\/uploads\/sites\/8\/2019\/09\/Paralichthydae_1B.png\" alt=\"\" width=\"800\" height=\"428\" class=\"aligncenter size-full wp-image-1371\" srcset=\"http:\/\/nossacasa.net\/nossosriachos\/tabuleiros\/wp-content\/uploads\/sites\/13\/2019\/09\/Paralichthydae_1B.png 800w, http:\/\/nossacasa.net\/nossosriachos\/tabuleiros\/wp-content\/uploads\/sites\/13\/2019\/09\/Paralichthydae_1B-300x161.png 300w, http:\/\/nossacasa.net\/nossosriachos\/tabuleiros\/wp-content\/uploads\/sites\/13\/2019\/09\/Paralichthydae_1B-768x411.png 768w, http:\/\/nossacasa.net\/nossosriachos\/tabuleiros\/wp-content\/uploads\/sites\/13\/2019\/09\/Paralichthydae_1B-500x268.png 500w\" sizes=\"auto, (max-width: 800px) 100vw, 800px\" \/><\/td>\n<\/tr>\n<tr class=\"row-4\">\n\t<td class=\"column-1\"><strong id=\"2\">2A<\/strong><\/td><td class=\"column-2\">Boca muito pequena, estendendo-se posteriormente at\u00e9 sob ou um pouco al\u00e9m da margem anterior da \u00f3rbita;<br \/>\ncomprimento da maxila superior cabendo 3,5 a 4,2 vezes no comprimento da cabe\u00e7a; <br \/>\ndentes anteriores e laterais aproximadamente do mesmo tamanho.<br \/>\n<img loading=\"lazy\" decoding=\"async\" src=\"http:\/\/nossacasa.net\/nossosriachos\/tabuleiros\/wp-content\/uploads\/sites\/8\/2019\/09\/Paralichthydae_2Aa.png\" alt=\"\" width=\"300\" height=\"321\" class=\"aligncenter size-full wp-image-1365\" srcset=\"http:\/\/nossacasa.net\/nossosriachos\/tabuleiros\/wp-content\/uploads\/sites\/13\/2019\/09\/Paralichthydae_2Aa.png 300w, http:\/\/nossacasa.net\/nossosriachos\/tabuleiros\/wp-content\/uploads\/sites\/13\/2019\/09\/Paralichthydae_2Aa-280x300.png 280w\" sizes=\"auto, (max-width: 300px) 100vw, 300px\" \/><\/td><td class=\"column-3\"><strong><em><a href=\"http:\/\/nossacasa.net\/nossosriachos\/tabuleiros\/etropus\/\">Etropus<\/a><\/em><\/strong><\/td><td class=\"column-4\"><img loading=\"lazy\" decoding=\"async\" src=\"http:\/\/nossacasa.net\/nossosriachos\/tabuleiros\/wp-content\/uploads\/sites\/8\/2019\/09\/Paralichthydae_2A-1.png\" alt=\"\" width=\"800\" height=\"345\" class=\"aligncenter size-full wp-image-1372\" srcset=\"http:\/\/nossacasa.net\/nossosriachos\/tabuleiros\/wp-content\/uploads\/sites\/13\/2019\/09\/Paralichthydae_2A-1.png 800w, http:\/\/nossacasa.net\/nossosriachos\/tabuleiros\/wp-content\/uploads\/sites\/13\/2019\/09\/Paralichthydae_2A-1-300x129.png 300w, http:\/\/nossacasa.net\/nossosriachos\/tabuleiros\/wp-content\/uploads\/sites\/13\/2019\/09\/Paralichthydae_2A-1-768x331.png 768w, http:\/\/nossacasa.net\/nossosriachos\/tabuleiros\/wp-content\/uploads\/sites\/13\/2019\/09\/Paralichthydae_2A-1-500x216.png 500w\" sizes=\"auto, (max-width: 800px) 100vw, 800px\" \/><\/td>\n<\/tr>\n<tr class=\"row-5\">\n\t<td class=\"column-1\"><strong>2B<\/strong><\/td><td class=\"column-2\">Boca ampla, estendendo-se posteriormente at\u00e9 sob o meio do olho ou mais posteriormente; <br \/>\ncomprimento da maxila superior cabendo menos de 3,5 vezes no comprimento da cabe\u00e7a; <br \/>\ndentes anteriores maiores que os dentes laterais (do canto da boca).<\/td><td class=\"column-3\"><strong><a href=\"#3\">3<\/a><\/strong><\/td><td class=\"column-4\"><img loading=\"lazy\" decoding=\"async\" src=\"http:\/\/nossacasa.net\/nossosriachos\/tabuleiros\/wp-content\/uploads\/sites\/8\/2019\/09\/Paralichthydae_2B.png\" alt=\"\" width=\"800\" height=\"814\" class=\"aligncenter size-full wp-image-1366\" srcset=\"http:\/\/nossacasa.net\/nossosriachos\/tabuleiros\/wp-content\/uploads\/sites\/13\/2019\/09\/Paralichthydae_2B.png 800w, http:\/\/nossacasa.net\/nossosriachos\/tabuleiros\/wp-content\/uploads\/sites\/13\/2019\/09\/Paralichthydae_2B-295x300.png 295w, http:\/\/nossacasa.net\/nossosriachos\/tabuleiros\/wp-content\/uploads\/sites\/13\/2019\/09\/Paralichthydae_2B-768x781.png 768w, http:\/\/nossacasa.net\/nossosriachos\/tabuleiros\/wp-content\/uploads\/sites\/13\/2019\/09\/Paralichthydae_2B-50x50.png 50w\" sizes=\"auto, (max-width: 800px) 100vw, 800px\" \/><\/td>\n<\/tr>\n<tr class=\"row-6\">\n\t<td class=\"column-1\"><strong id=\"3\">3A<\/strong><\/td><td class=\"column-2\">Parte superior dos rastros branquiais no ramo inferior sem espinhos; <br \/>\nrastros branquiais estreitos; <br \/>\nsem dimorfismo sexual quanto ao comprimento dos raios das peitorais.<\/td><td class=\"column-3\"><strong><em><a href=\"http:\/\/nossacasa.net\/nossosriachos\/tabuleiros\/citharichthys\/\">Citharichthys<\/a><\/em><\/strong><\/td><td class=\"column-4\"><img loading=\"lazy\" decoding=\"async\" src=\"http:\/\/nossacasa.net\/nossosriachos\/tabuleiros\/wp-content\/uploads\/sites\/8\/2019\/09\/Paralichthydae_3A.png\" alt=\"\" width=\"800\" height=\"380\" class=\"aligncenter size-full wp-image-1367\" srcset=\"http:\/\/nossacasa.net\/nossosriachos\/tabuleiros\/wp-content\/uploads\/sites\/13\/2019\/09\/Paralichthydae_3A.png 800w, http:\/\/nossacasa.net\/nossosriachos\/tabuleiros\/wp-content\/uploads\/sites\/13\/2019\/09\/Paralichthydae_3A-300x143.png 300w, http:\/\/nossacasa.net\/nossosriachos\/tabuleiros\/wp-content\/uploads\/sites\/13\/2019\/09\/Paralichthydae_3A-768x365.png 768w, http:\/\/nossacasa.net\/nossosriachos\/tabuleiros\/wp-content\/uploads\/sites\/13\/2019\/09\/Paralichthydae_3A-500x238.png 500w\" sizes=\"auto, (max-width: 800px) 100vw, 800px\" \/><\/td>\n<\/tr>\n<tr class=\"row-7\">\n\t<td class=\"column-1\"><strong>3B<\/strong><\/td><td class=\"column-2\">Parte superior dos rastros branquiais no ramo inferior com espinhos; <br \/>\nrastros branquiais alongados; <br \/>\nnadadeiras peitorais alongadas no lado com olhos em machos, n\u00e3o alongadas em f\u00eameas.<\/td><td class=\"column-3\"><strong><em><a href=\"http:\/\/nossacasa.net\/nossosriachos\/tabuleiros\/syacium\/\">Syacium<\/a><\/em><\/strong><\/td><td class=\"column-4\"><img loading=\"lazy\" decoding=\"async\" src=\"http:\/\/nossacasa.net\/nossosriachos\/tabuleiros\/wp-content\/uploads\/sites\/8\/2019\/09\/Paralichthydae_3B.png\" alt=\"\" width=\"800\" height=\"318\" class=\"aligncenter size-full wp-image-1368\" srcset=\"http:\/\/nossacasa.net\/nossosriachos\/tabuleiros\/wp-content\/uploads\/sites\/13\/2019\/09\/Paralichthydae_3B.png 800w, http:\/\/nossacasa.net\/nossosriachos\/tabuleiros\/wp-content\/uploads\/sites\/13\/2019\/09\/Paralichthydae_3B-300x119.png 300w, http:\/\/nossacasa.net\/nossosriachos\/tabuleiros\/wp-content\/uploads\/sites\/13\/2019\/09\/Paralichthydae_3B-768x305.png 768w, http:\/\/nossacasa.net\/nossosriachos\/tabuleiros\/wp-content\/uploads\/sites\/13\/2019\/09\/Paralichthydae_3B-500x199.png 500w\" sizes=\"auto, (max-width: 800px) 100vw, 800px\" \/><\/td>\n<\/tr>\n<tr class=\"row-8\">\n\t<td colspan=\"4\" class=\"column-1\"><hr><br \/>\n<strong>Organiza\u00e7\u00e3o:<\/strong> L.M. Sarmento-Soares e R.F. Martins-Pinheiro.<br \/>\n<strong>Adaptado de:<\/strong> Figueiredo &amp; Menezes (2000).<br \/>\n<strong>Imagens:<\/strong> L. Argolo e Figueiredo e Menezes (2000). <br \/>\n<hr><\/td>\n<\/tr>\n<\/tbody>\n<\/table>\n\n","protected":false},"excerpt":{"rendered":"","protected":false},"author":1,"featured_media":0,"parent":0,"menu_order":0,"comment_status":"closed","ping_status":"closed","template":"template-page-builder-no-header-footer.php","meta":{"footnotes":""},"class_list":["post-2852","page","type-page","status-publish","hentry"],"_links":{"self":[{"href":"http:\/\/nossacasa.net\/nossosriachos\/tabuleiros\/wp-json\/wp\/v2\/pages\/2852","targetHints":{"allow":["GET"]}}],"collection":[{"href":"http:\/\/nossacasa.net\/nossosriachos\/tabuleiros\/wp-json\/wp\/v2\/pages"}],"about":[{"href":"http:\/\/nossacasa.net\/nossosriachos\/tabuleiros\/wp-json\/wp\/v2\/types\/page"}],"author":[{"embeddable":true,"href":"http:\/\/nossacasa.net\/nossosriachos\/tabuleiros\/wp-json\/wp\/v2\/users\/1"}],"replies":[{"embeddable":true,"href":"http:\/\/nossacasa.net\/nossosriachos\/tabuleiros\/wp-json\/wp\/v2\/comments?post=2852"}],"version-history":[{"count":0,"href":"http:\/\/nossacasa.net\/nossosriachos\/tabuleiros\/wp-json\/wp\/v2\/pages\/2852\/revisions"}],"wp:attachment":[{"href":"http:\/\/nossacasa.net\/nossosriachos\/tabuleiros\/wp-json\/wp\/v2\/media?parent=2852"}],"curies":[{"name":"wp","href":"https:\/\/api.w.org\/{rel}","templated":true}]}}