{"id":2874,"date":"2019-09-17T13:52:22","date_gmt":"2019-09-17T16:52:22","guid":{"rendered":"http:\/\/nossacasa.net\/nossosriachos\/rios\/?page_id=2874"},"modified":"2019-09-17T13:52:22","modified_gmt":"2019-09-17T16:52:22","slug":"chave-de-prochilodontidae","status":"publish","type":"page","link":"http:\/\/nossacasa.net\/nossosriachos\/tabuleiros\/chave-de-prochilodontidae\/","title":{"rendered":"Chave de Prochilodontidae"},"content":{"rendered":"\n<table id=\"tablepress-42\" class=\"tablepress tablepress-id-42 tbody-has-connected-cells\">\n<tbody class=\"row-striping row-hover\">\n<tr class=\"row-1\">\n\t<td colspan=\"4\" class=\"column-1\"><h1>Chave de Prochilodontidae<\/h1><br \/>\nOs <strong><a href=\"http:\/\/nossacasa.net\/nossosriachos\/tabuleiros\/prochilodontidae\/\">Prochilodontidae<\/a><\/strong> do Tabuleiro s\u00e3o representados por um \u00fanico g\u00eanero: <strong><em><a href=\"http:\/\/nossacasa.net\/nossosriachos\/tabuleiros\/prochilodus\/\">Prochilodus<\/a><\/em><\/strong>. <\/td>\n<\/tr>\n<tr class=\"row-2\">\n\t<td class=\"column-1\"><strong>1A<\/strong><\/td><td class=\"column-2\">Escamas cten\u00f3ides (tanto em adultos como em jovens); espinho pr\u00e9 dorsal bifurcado; <br \/>\nfocinho pouco desenvolvido; <br \/>\nnadadeiras anal e caudal transparentes.<\/td><td class=\"column-3\"><strong><em><a href=\"http:\/\/nossacasa.net\/nossosriachos\/tabuleiros\/prochilodus\/\">Prochilodus<\/a><\/em><\/strong><\/td><td class=\"column-4\"><img loading=\"lazy\" decoding=\"async\" src=\"http:\/\/nossacasa.net\/nossosriachos\/tabuleiros\/wp-content\/uploads\/sites\/8\/2019\/08\/Prochilodontidae_1A.png\" alt=\"\" width=\"800\" height=\"347\" class=\"aligncenter size-full wp-image-845\" srcset=\"http:\/\/nossacasa.net\/nossosriachos\/tabuleiros\/wp-content\/uploads\/sites\/13\/2019\/08\/Prochilodontidae_1A.png 800w, http:\/\/nossacasa.net\/nossosriachos\/tabuleiros\/wp-content\/uploads\/sites\/13\/2019\/08\/Prochilodontidae_1A-300x130.png 300w, http:\/\/nossacasa.net\/nossosriachos\/tabuleiros\/wp-content\/uploads\/sites\/13\/2019\/08\/Prochilodontidae_1A-768x333.png 768w, http:\/\/nossacasa.net\/nossosriachos\/tabuleiros\/wp-content\/uploads\/sites\/13\/2019\/08\/Prochilodontidae_1A-500x217.png 500w\" sizes=\"auto, (max-width: 800px) 100vw, 800px\" \/><\/td>\n<\/tr>\n<tr class=\"row-3\">\n\t<td class=\"column-1\"><strong>1B<\/strong><\/td><td class=\"column-2\">Escamas cicl\u00f3ides em adultos e jovens; espinho pr\u00e9 dorsal bifurcado ou simples; <br \/>\nfocinho muito desenvolvido em <em>Ichthyolephas<\/em>; <br \/>\nnadadeiras anal e caudal com faixas escuras em <em>Semaprochilodus<\/em><\/td><td class=\"column-3\"><strong>Outros g\u00eaneros<br \/>\n(S\u00f3mente na Amaz\u00f4nia)<\/strong><\/td><td class=\"column-4\"><\/td>\n<\/tr>\n<tr class=\"row-4\">\n\t<td colspan=\"4\" class=\"column-1\"><hr><br \/>\n<strong>Organiza\u00e7\u00e3o:<\/strong> L.M. Sarmento-Soares e R.F. Martins-Pinheiro.<br \/>\n<strong>Adaptado de:<\/strong> Castro &amp; Vari (2000).   <br \/>\n<strong>Imagens<\/strong>: L.M. Sarmento-Soares e Fishbase.<br \/>\n<hr><\/td>\n<\/tr>\n<\/tbody>\n<\/table>\n\n","protected":false},"excerpt":{"rendered":"","protected":false},"author":1,"featured_media":0,"parent":0,"menu_order":0,"comment_status":"closed","ping_status":"closed","template":"template-page-builder-no-header-footer.php","meta":{"footnotes":""},"class_list":["post-2874","page","type-page","status-publish","hentry"],"_links":{"self":[{"href":"http:\/\/nossacasa.net\/nossosriachos\/tabuleiros\/wp-json\/wp\/v2\/pages\/2874","targetHints":{"allow":["GET"]}}],"collection":[{"href":"http:\/\/nossacasa.net\/nossosriachos\/tabuleiros\/wp-json\/wp\/v2\/pages"}],"about":[{"href":"http:\/\/nossacasa.net\/nossosriachos\/tabuleiros\/wp-json\/wp\/v2\/types\/page"}],"author":[{"embeddable":true,"href":"http:\/\/nossacasa.net\/nossosriachos\/tabuleiros\/wp-json\/wp\/v2\/users\/1"}],"replies":[{"embeddable":true,"href":"http:\/\/nossacasa.net\/nossosriachos\/tabuleiros\/wp-json\/wp\/v2\/comments?post=2874"}],"version-history":[{"count":0,"href":"http:\/\/nossacasa.net\/nossosriachos\/tabuleiros\/wp-json\/wp\/v2\/pages\/2874\/revisions"}],"wp:attachment":[{"href":"http:\/\/nossacasa.net\/nossosriachos\/tabuleiros\/wp-json\/wp\/v2\/media?parent=2874"}],"curies":[{"name":"wp","href":"https:\/\/api.w.org\/{rel}","templated":true}]}}