{"id":3020,"date":"2019-09-17T21:43:36","date_gmt":"2019-09-18T00:43:36","guid":{"rendered":"http:\/\/nossacasa.net\/nossosriachos\/rios\/?page_id=3020"},"modified":"2019-09-17T21:43:36","modified_gmt":"2019-09-18T00:43:36","slug":"chave-de-astyanax","status":"publish","type":"page","link":"http:\/\/nossacasa.net\/nossosriachos\/tabuleiros\/chave-de-astyanax\/","title":{"rendered":"Chave de Astyanax"},"content":{"rendered":"\n<table id=\"tablepress-50\" class=\"tablepress tablepress-id-50 tbody-has-connected-cells\">\n<tbody class=\"row-striping row-hover\">\n<tr class=\"row-1\">\n\t<td colspan=\"4\" class=\"column-1\"><h1>Chave de <em>Astyanax<\/em><\/h1><br \/>\nOs <strong><a href=\"http:\/\/nossacasa.net\/nossosriachos\/tabuleiros\/astyanax\/\">Astyanax<\/a> do Tabuleiro s\u00e3o representados por tr\u00eas esp\u00e9cies: <strong><em><a href=\"http:\/\/nossacasa.net\/nossosriachos\/tabuleiros\/astyanax-fasciatus\/\">Astyanax fasciatus<\/a><\/em><\/strong>, <strong><a href=\"http:\/\/nossacasa.net\/nossosriachos\/tabuleiros\/astyanax-aff-intermedius\/\"><em>Astyanax<\/em> aff. <em>intermedius<\/em><\/a><\/strong> e <strong><a href=\"http:\/\/nossacasa.net\/nossosriachos\/tabuleiros\/astyanax-aff-lacustris\/\">Astyanax aff. lacustris<\/a><\/strong>.<\/td>\n<\/tr>\n<tr class=\"row-2\">\n\t<td class=\"column-1\"><strong id=\"1\">1A<\/strong><\/td><td class=\"column-2\">Mancha humeral horizontalmente ovalada;<br \/>\nosso maxilar sem dentes;<br \/>\ncorpo alto e ovalado, altura do corpo aproximadamente 40% no comprimento padr\u00e3o.<\/td><td class=\"column-3\"><strong><a href=\"http:\/\/nossacasa.net\/nossosriachos\/tabuleiros\/astyanax-aff-lacustris\/\"><em>Astyanax<\/em> aff. <em>lacustris<\/em><\/a><\/strong><\/td><td class=\"column-4\"><img loading=\"lazy\" decoding=\"async\" src=\"http:\/\/nossacasa.net\/nossosriachos\/tabuleiros\/wp-content\/uploads\/sites\/8\/2019\/09\/Astyanax_1A.png\" alt=\"\" width=\"800\" height=\"426\" class=\"aligncenter size-full wp-image-3091\" srcset=\"http:\/\/nossacasa.net\/nossosriachos\/tabuleiros\/wp-content\/uploads\/sites\/13\/2019\/09\/Astyanax_1A.png 800w, http:\/\/nossacasa.net\/nossosriachos\/tabuleiros\/wp-content\/uploads\/sites\/13\/2019\/09\/Astyanax_1A-300x160.png 300w, http:\/\/nossacasa.net\/nossosriachos\/tabuleiros\/wp-content\/uploads\/sites\/13\/2019\/09\/Astyanax_1A-768x409.png 768w, http:\/\/nossacasa.net\/nossosriachos\/tabuleiros\/wp-content\/uploads\/sites\/13\/2019\/09\/Astyanax_1A-500x266.png 500w\" sizes=\"auto, (max-width: 800px) 100vw, 800px\" \/><\/td>\n<\/tr>\n<tr class=\"row-3\">\n\t<td class=\"column-1\"><strong>1B<\/strong><\/td><td class=\"column-2\">Mancha humeral difusa, as vezes verticalmente alongada;<br \/>\nOsso maxilar com 2 a 3 dentes;<br \/>\nCorpo baixo e alongado, altura do corpo aproximadamente 30-35% no comprimento padr\u00e3o.<\/td><td class=\"column-3\"><strong><a href=\"#2\">2<\/a><\/strong><\/td><td class=\"column-4\"><\/td>\n<\/tr>\n<tr class=\"row-4\">\n\t<td class=\"column-1\"><strong id=\"2\">2A<\/strong><\/td><td class=\"column-2\">Nadadeira anal alongada, com mais de 25 raios ramificados;<br \/>\nFocinho alongado, mais de 30% no comprimento da cabe\u00e7a.<\/td><td class=\"column-3\"><strong><em><a href=\"http:\/\/nossacasa.net\/nossosriachos\/tabuleiros\/astyanax-fasciatus\/\">Astyanax fasciatus<\/a><\/em><\/strong><\/td><td class=\"column-4\"><img loading=\"lazy\" decoding=\"async\" src=\"http:\/\/nossacasa.net\/nossosriachos\/tabuleiros\/wp-content\/uploads\/sites\/8\/2019\/09\/Astyanax_2A.png\" alt=\"\" width=\"800\" height=\"359\" class=\"aligncenter size-full wp-image-3092\" srcset=\"http:\/\/nossacasa.net\/nossosriachos\/tabuleiros\/wp-content\/uploads\/sites\/13\/2019\/09\/Astyanax_2A.png 800w, http:\/\/nossacasa.net\/nossosriachos\/tabuleiros\/wp-content\/uploads\/sites\/13\/2019\/09\/Astyanax_2A-300x135.png 300w, http:\/\/nossacasa.net\/nossosriachos\/tabuleiros\/wp-content\/uploads\/sites\/13\/2019\/09\/Astyanax_2A-768x345.png 768w, http:\/\/nossacasa.net\/nossosriachos\/tabuleiros\/wp-content\/uploads\/sites\/13\/2019\/09\/Astyanax_2A-500x224.png 500w\" sizes=\"auto, (max-width: 800px) 100vw, 800px\" \/><\/td>\n<\/tr>\n<tr class=\"row-5\">\n\t<td class=\"column-1\"><strong>2B<\/strong><\/td><td class=\"column-2\">Nadadeira anal curta, com 20 a 23 raios ramificados;<br \/>\nFocinho curto, entre 20 e 30% no comprimento da cabe\u00e7a.<\/td><td class=\"column-3\"><strong><a href=\"http:\/\/nossacasa.net\/nossosriachos\/tabuleiros\/astyanax-aff-intermedius\/\"><em>Astyanax<\/em> aff. <em>intermedius<\/em><\/a><\/strong><\/td><td class=\"column-4\"><img loading=\"lazy\" decoding=\"async\" src=\"http:\/\/nossacasa.net\/nossosriachos\/tabuleiros\/wp-content\/uploads\/sites\/8\/2019\/09\/Astyanax_2B.png\" alt=\"\" width=\"800\" height=\"272\" class=\"aligncenter size-full wp-image-3093\" srcset=\"http:\/\/nossacasa.net\/nossosriachos\/tabuleiros\/wp-content\/uploads\/sites\/13\/2019\/09\/Astyanax_2B.png 800w, http:\/\/nossacasa.net\/nossosriachos\/tabuleiros\/wp-content\/uploads\/sites\/13\/2019\/09\/Astyanax_2B-300x102.png 300w, http:\/\/nossacasa.net\/nossosriachos\/tabuleiros\/wp-content\/uploads\/sites\/13\/2019\/09\/Astyanax_2B-768x261.png 768w, http:\/\/nossacasa.net\/nossosriachos\/tabuleiros\/wp-content\/uploads\/sites\/13\/2019\/09\/Astyanax_2B-500x170.png 500w\" sizes=\"auto, (max-width: 800px) 100vw, 800px\" \/><\/td>\n<\/tr>\n<tr class=\"row-6\">\n\t<td colspan=\"4\" class=\"column-1\"><hr \/><br \/>\n<strong>Organiza\u00e7\u00e3o:<\/strong> L.M. Sarmento-Soares e R.F. Martins-Pinheiro.  <br \/>\n<strong>Figuras<\/strong>: L.M. Sarmento-Soares.<br \/>\n<hr \/><\/td>\n<\/tr>\n<\/tbody>\n<\/table>\n\n","protected":false},"excerpt":{"rendered":"","protected":false},"author":1,"featured_media":0,"parent":0,"menu_order":0,"comment_status":"closed","ping_status":"closed","template":"template-page-builder-no-header-footer.php","meta":{"footnotes":""},"class_list":["post-3020","page","type-page","status-publish","hentry"],"_links":{"self":[{"href":"http:\/\/nossacasa.net\/nossosriachos\/tabuleiros\/wp-json\/wp\/v2\/pages\/3020","targetHints":{"allow":["GET"]}}],"collection":[{"href":"http:\/\/nossacasa.net\/nossosriachos\/tabuleiros\/wp-json\/wp\/v2\/pages"}],"about":[{"href":"http:\/\/nossacasa.net\/nossosriachos\/tabuleiros\/wp-json\/wp\/v2\/types\/page"}],"author":[{"embeddable":true,"href":"http:\/\/nossacasa.net\/nossosriachos\/tabuleiros\/wp-json\/wp\/v2\/users\/1"}],"replies":[{"embeddable":true,"href":"http:\/\/nossacasa.net\/nossosriachos\/tabuleiros\/wp-json\/wp\/v2\/comments?post=3020"}],"version-history":[{"count":0,"href":"http:\/\/nossacasa.net\/nossosriachos\/tabuleiros\/wp-json\/wp\/v2\/pages\/3020\/revisions"}],"wp:attachment":[{"href":"http:\/\/nossacasa.net\/nossosriachos\/tabuleiros\/wp-json\/wp\/v2\/media?parent=3020"}],"curies":[{"name":"wp","href":"https:\/\/api.w.org\/{rel}","templated":true}]}}