{"id":337,"date":"2019-08-03T19:05:23","date_gmt":"2019-08-03T22:05:23","guid":{"rendered":"http:\/\/nossacasa.net\/nossosriachos\/rios\/?page_id=337"},"modified":"2019-09-22T14:01:22","modified_gmt":"2019-09-22T17:01:22","slug":"gymnotiformes","status":"publish","type":"page","link":"http:\/\/nossacasa.net\/nossosriachos\/tabuleiros\/gymnotiformes\/","title":{"rendered":"Gymnotiformes"},"content":{"rendered":"<div style=\"text-align: justify\">\n<h1>Os Gymnotiformes<\/h1>\n<p><img loading=\"lazy\" decoding=\"async\" src=\"http:\/\/nossacasa.net\/nossosriachos\/tabuleiros\/wp-content\/uploads\/sites\/8\/2019\/08\/Gymnotiformes.png\" alt=\"\" width=\"800\" height=\"207\" class=\"aligncenter size-full wp-image-338\" \/><\/p>\n<p>Os peixes da ordem dos  <strong>Gymnotiformes<\/strong> possuem corpo alongado e lateralmente comprimido, que nadam graciosamente para frente e para tr\u00e1s com movimentos ondulat\u00f3rios de sua longa nadadeira anal com mais de 150 raios. Incluem os peixes el\u00e9tricos localmente nomeados peixe-cobra, sarap\u00f3 (ou sarap\u00f4a), caramuru, tuvira.<\/p>\n<p>S\u00e3o tamb\u00e9m conhecidos como \u201cpeixes-el\u00e9tricos\u201d por serem capazes de produzir um campo el\u00e9trico. Devido a esta potencialidade el\u00e9trica, estes peixes n\u00e3o possuem nadadeiras dorsal e p\u00e9lvica, e alguns nem cauda possuem. Nas esp\u00e9cies da Mata Atl\u00e2ntica Nordeste as descargas produzidas pelos \u00f3rg\u00e3os eletro receptores s\u00e3o de baixa voltagem e n\u00e3o s\u00e3o percebidas ao toque.<\/p>\n<p>O grupo cont\u00e9m pouco mais de 200 esp\u00e9cies distribu\u00eddas em cinco fam\u00edlias nas \u00e1guas doces Neotropicais, mas s\u00f3 uma delas ocorrem na Mata Atl\u00e2ntica de tabuleiro: <strong><a href=\"http:\/\/nossacasa.net\/nossosriachos\/tabuleiros\/gymnotidae-3\/\">Gymnotidae<\/a><\/strong> <\/p>\n<p><a href=\"http:\/\/nossacasa.net\/nossosriachos\/tabuleiros\/chave-de-gymnotiformes\/\">CHAVE DE GYMNOTIFORMES<\/a><\/p>\n<\/div>\n","protected":false},"excerpt":{"rendered":"<p>Os Gymnotiformes Os peixes da ordem dos Gymnotiformes possuem corpo alongado e lateralmente comprimido, que nadam graciosamente para frente e para tr\u00e1s com movimentos ondulat\u00f3rios de sua longa nadadeira anal com mais de 150 raios. Incluem os peixes el\u00e9tricos localmente &hellip; <a href=\"http:\/\/nossacasa.net\/nossosriachos\/tabuleiros\/gymnotiformes\/\">Continue lendo <span class=\"meta-nav\">&rarr;<\/span><\/a><\/p>\n","protected":false},"author":1,"featured_media":0,"parent":0,"menu_order":0,"comment_status":"closed","ping_status":"closed","template":"","meta":{"footnotes":""},"class_list":["post-337","page","type-page","status-publish","hentry"],"_links":{"self":[{"href":"http:\/\/nossacasa.net\/nossosriachos\/tabuleiros\/wp-json\/wp\/v2\/pages\/337","targetHints":{"allow":["GET"]}}],"collection":[{"href":"http:\/\/nossacasa.net\/nossosriachos\/tabuleiros\/wp-json\/wp\/v2\/pages"}],"about":[{"href":"http:\/\/nossacasa.net\/nossosriachos\/tabuleiros\/wp-json\/wp\/v2\/types\/page"}],"author":[{"embeddable":true,"href":"http:\/\/nossacasa.net\/nossosriachos\/tabuleiros\/wp-json\/wp\/v2\/users\/1"}],"replies":[{"embeddable":true,"href":"http:\/\/nossacasa.net\/nossosriachos\/tabuleiros\/wp-json\/wp\/v2\/comments?post=337"}],"version-history":[{"count":2,"href":"http:\/\/nossacasa.net\/nossosriachos\/tabuleiros\/wp-json\/wp\/v2\/pages\/337\/revisions"}],"predecessor-version":[{"id":3603,"href":"http:\/\/nossacasa.net\/nossosriachos\/tabuleiros\/wp-json\/wp\/v2\/pages\/337\/revisions\/3603"}],"wp:attachment":[{"href":"http:\/\/nossacasa.net\/nossosriachos\/tabuleiros\/wp-json\/wp\/v2\/media?parent=337"}],"curies":[{"name":"wp","href":"https:\/\/api.w.org\/{rel}","templated":true}]}}