{"id":362,"date":"2019-08-04T09:59:28","date_gmt":"2019-08-04T12:59:28","guid":{"rendered":"http:\/\/nossacasa.net\/nossosriachos\/rios\/?page_id=362"},"modified":"2019-09-28T14:55:02","modified_gmt":"2019-09-28T17:55:02","slug":"familias","status":"publish","type":"page","link":"http:\/\/nossacasa.net\/nossosriachos\/tabuleiros\/familias\/","title":{"rendered":"Fam\u00edlias"},"content":{"rendered":"<div style=\"text-align: justify\">\n<h1>As Fam\u00edlias<\/h1>\n<p>. <\/p>\n<p>Os peixes de \u00e1gua doce na Mata Atl\u00e2ntica de tabuleiro est\u00e3o distribu\u00eddos em <strong>29 fam\u00edlias<\/strong>:<br \/>\nOs Anguilliformes com uma fam\u00edlia: <a href=\"http:\/\/nossacasa.net\/nossosriachos\/tabuleiros\/ophichthidae\/\">Ophichthidae<\/a><br \/>\nOs Characiformes com oito fam\u00edlias: <a href=\"http:\/\/nossacasa.net\/nossosriachos\/tabuleiros\/anostomidae\/\">Anostomidae<\/a>, <a href=\"http:\/\/nossacasa.net\/nossosriachos\/tabuleiros\/bryconidae\/\">Bryconidae<\/a>, <a href=\"http:\/\/nossacasa.net\/nossosriachos\/tabuleiros\/characidae\/\">Characidae<\/a>, <a href=\"http:\/\/nossacasa.net\/nossosriachos\/tabuleiros\/crenuchidae\/\">Crenuchidae<\/a>,<a href=\"http:\/\/nossacasa.net\/nossosriachos\/tabuleiros\/curimatidae\/\"> Curimatidae<\/a>, <a href=\"http:\/\/nossacasa.net\/nossosriachos\/tabuleiros\/erythrinidae\/\">Erythrinidae<\/a>, <a href=\"http:\/\/nossacasa.net\/nossosriachos\/tabuleiros\/prochilodontidae\/\">Prochilodontidae<\/a> e <a href=\"http:\/\/nossacasa.net\/nossosriachos\/tabuleiros\/serrasalmidae\/\">Serrasalmidae<\/a>.<br \/>\nOs Siluriformes com nove fam\u00edlias: <a href=\"http:\/\/nossacasa.net\/nossosriachos\/tabuleiros\/ariidae\/\">Ariidae<\/a>, <a href=\"http:\/\/nossacasa.net\/nossosriachos\/tabuleiros\/auchenipteridae\/\">Auchenipteridae<\/a>, <a href=\"http:\/\/nossacasa.net\/nossosriachos\/tabuleiros\/callichthyidae\/\">Callichthyidae<\/a>, <a href=\"http:\/\/nossacasa.net\/nossosriachos\/tabuleiros\/heptapteridae\/\">Heptapteridae<\/a>, <a href=\"http:\/\/nossacasa.net\/nossosriachos\/tabuleiros\/loricariidae\/\">Loricariidae<\/a>, <a href=\"http:\/\/nossacasa.net\/nossosriachos\/tabuleiros\/pimelodidae\/\">Pimelodidae<\/a>, <a href=\"http:\/\/nossacasa.net\/nossosriachos\/tabuleiros\/pseudopimelodidae\/\">Pseudopimelodidae<\/a> e <a href=\"http:\/\/nossacasa.net\/nossosriachos\/tabuleiros\/trichomycteridae\/\">Trichomycteridae<\/a>.<br \/>\nOs Gymnotiformes com apenas uma fam\u00edlia: <a href=\"http:\/\/nossacasa.net\/nossosriachos\/tabuleiros\/gymnotidae\/\">Gymnotidae<\/a>.<br \/>\nOs Gobiiformes com duas fam\u00edlias: <a href=\"http:\/\/nossacasa.net\/nossosriachos\/tabuleiros\/gobiidae\/\">Gobiidae<\/a> e <a href=\"http:\/\/nossacasa.net\/nossosriachos\/tabuleiros\/eleotridae\/\">Eleotridae<\/a>.<br \/>\nOs Cichliformes com uma fam\u00edlia: <a href=\"http:\/\/nossacasa.net\/nossosriachos\/tabuleiros\/cichlidae\/\">Cichlidae<\/a>.<br \/>\nOs Cyprinodontiformes com duas fam\u00edlias: <a href=\"http:\/\/nossacasa.net\/nossosriachos\/tabuleiros\/rivulidae\/\">Rivulidae<\/a> e <a href=\"http:\/\/nossacasa.net\/nossosriachos\/tabuleiros\/poeciliidae\/\">Poeciliidae<\/a>.<br \/>\nOs Synbranchiformes com uma fam\u00edlia: <a href=\"http:\/\/nossacasa.net\/nossosriachos\/tabuleiros\/synbranchidae\/\">Synbranchidae<\/a>.<br \/>\nOs Pleuronectiformes com tr\u00eas fam\u00edlias: <a href=\"http:\/\/nossacasa.net\/nossosriachos\/tabuleiros\/achiridae\/\">Achiridae<\/a>, <a href=\"http:\/\/nossacasa.net\/nossosriachos\/tabuleiros\/cynoglossidae\/\">Cynoglossidae<\/a> e <a href=\"http:\/\/nossacasa.net\/nossosriachos\/tabuleiros\/paralichthydae\/\">Paralichthydae<\/a>.<br \/>\nOs Syngnathiformes com uma fam\u00edlia: <a href=\"http:\/\/nossacasa.net\/nossosriachos\/tabuleiros\/syngnathidae\/\">Syngnathidae<\/a>.<br \/>\nOs Perciformes com uma fam\u00edlia: <a href=\"http:\/\/nossacasa.net\/nossosriachos\/tabuleiros\/centropomidae\/\">Centropomidae<\/a>.<\/p>\n<\/div>\n","protected":false},"excerpt":{"rendered":"<p>As Fam\u00edlias . Os peixes de \u00e1gua doce na Mata Atl\u00e2ntica de tabuleiro est\u00e3o distribu\u00eddos em 29 fam\u00edlias: Os Anguilliformes com uma fam\u00edlia: Ophichthidae Os Characiformes com oito fam\u00edlias: Anostomidae, Bryconidae, Characidae, Crenuchidae, Curimatidae, Erythrinidae, Prochilodontidae e Serrasalmidae. Os Siluriformes &hellip; <a href=\"http:\/\/nossacasa.net\/nossosriachos\/tabuleiros\/familias\/\">Continue lendo <span class=\"meta-nav\">&rarr;<\/span><\/a><\/p>\n","protected":false},"author":1,"featured_media":0,"parent":0,"menu_order":0,"comment_status":"closed","ping_status":"closed","template":"","meta":{"footnotes":""},"class_list":["post-362","page","type-page","status-publish","hentry"],"_links":{"self":[{"href":"http:\/\/nossacasa.net\/nossosriachos\/tabuleiros\/wp-json\/wp\/v2\/pages\/362","targetHints":{"allow":["GET"]}}],"collection":[{"href":"http:\/\/nossacasa.net\/nossosriachos\/tabuleiros\/wp-json\/wp\/v2\/pages"}],"about":[{"href":"http:\/\/nossacasa.net\/nossosriachos\/tabuleiros\/wp-json\/wp\/v2\/types\/page"}],"author":[{"embeddable":true,"href":"http:\/\/nossacasa.net\/nossosriachos\/tabuleiros\/wp-json\/wp\/v2\/users\/1"}],"replies":[{"embeddable":true,"href":"http:\/\/nossacasa.net\/nossosriachos\/tabuleiros\/wp-json\/wp\/v2\/comments?post=362"}],"version-history":[{"count":2,"href":"http:\/\/nossacasa.net\/nossosriachos\/tabuleiros\/wp-json\/wp\/v2\/pages\/362\/revisions"}],"predecessor-version":[{"id":4149,"href":"http:\/\/nossacasa.net\/nossosriachos\/tabuleiros\/wp-json\/wp\/v2\/pages\/362\/revisions\/4149"}],"wp:attachment":[{"href":"http:\/\/nossacasa.net\/nossosriachos\/tabuleiros\/wp-json\/wp\/v2\/media?parent=362"}],"curies":[{"name":"wp","href":"https:\/\/api.w.org\/{rel}","templated":true}]}}