{"id":3952,"date":"2019-09-24T13:21:45","date_gmt":"2019-09-24T16:21:45","guid":{"rendered":"http:\/\/nossacasa.net\/nossosriachos\/tabuleiros\/?page_id=3952"},"modified":"2019-10-02T12:01:17","modified_gmt":"2019-10-02T15:01:17","slug":"metynnis-maculatus","status":"publish","type":"page","link":"http:\/\/nossacasa.net\/nossosriachos\/tabuleiros\/metynnis-maculatus\/","title":{"rendered":"Metynnis maculatus"},"content":{"rendered":"<div style=\"text-align: justify\">\n<h1><em>Metynnis maculatus<\/em> (Kner, 1858)<\/h1>\n<p><img loading=\"lazy\" decoding=\"async\" src=\"http:\/\/nossacasa.net\/nossosriachos\/tabuleiros\/wp-content\/uploads\/sites\/13\/2019\/10\/Metynnis-maculatus.png\" alt=\"\" width=\"800\" height=\"311\" class=\"aligncenter size-full wp-image-4208\" srcset=\"http:\/\/nossacasa.net\/nossosriachos\/tabuleiros\/wp-content\/uploads\/sites\/13\/2019\/10\/Metynnis-maculatus.png 800w, http:\/\/nossacasa.net\/nossosriachos\/tabuleiros\/wp-content\/uploads\/sites\/13\/2019\/10\/Metynnis-maculatus-300x117.png 300w, http:\/\/nossacasa.net\/nossosriachos\/tabuleiros\/wp-content\/uploads\/sites\/13\/2019\/10\/Metynnis-maculatus-768x299.png 768w, http:\/\/nossacasa.net\/nossosriachos\/tabuleiros\/wp-content\/uploads\/sites\/13\/2019\/10\/Metynnis-maculatus-500x194.png 500w\" sizes=\"auto, (max-width: 800px) 100vw, 800px\" \/><\/p>\n<p>Algumas caracter\u00edsticas da esp\u00e9cie <strong><em>Metynnis maculatus<\/em><\/strong> est\u00e3o indicadas na figura acima.<\/p>\n<p>S\u00e3o facilmente identificados dos demais <a href=\"http:\/\/nossacasa.net\/nossosriachos\/tabuleiros\/serrasalmidae\/\">Serrasalmidae<\/a> na regi\u00e3o pelo espinho pre dorsal invertido, a frente da nadadeira dorsal, embutido sob a pele. <\/p>\n<p>S\u00e3o peixes de corpo ovalado, e por serem achatados e altos localmente recebem a denomina\u00e7\u00e3o de peixe CD.  Possuem uma nadadeira adiposa bem desenvolvida, com base mais longa do que a dist\u00e2ncia entre a dorsal e a adiposa. A nadadeira anal possui entre 35 e 40 raios. O ventre \u00e9 quilhado a frente da anal, com espinhos enfileirados. Possui uma mancha humeral escura arredondada e manchas menores esmaecidas nos lados do corpo. Podem alcan\u00e7ar 160 mil\u00edmetros de comprimento padr\u00e3o (Britski et al., 1999). <\/p>\n<p>Machos e f\u00eameas s\u00e3o semelhantes entre si, n\u00e3o havendo um dimorfismo sexual pronunciado. <\/p>\n<p>S\u00e3o peixes herb\u00edvoros, capazes de triturar sementes com seus dentes achatados e fortes. S\u00e3o apreciados como alimento pela popula\u00e7\u00e3o ribeirinha.  <\/p>\n<p>Esp\u00e9cie ex\u00f3tica nos ambientes de tabuleiro, origin\u00e1ria do Pantanal e rio Paraguai. Habita lagoas, introduzida no baixo rio Doce e rio Barra seca. Ocupa reservat\u00f3rios e canais artificiais, em \u00e1guas l\u00eanticas. Sua presen\u00e7a pode ter ocasionado a perda de esp\u00e9cies nativas nos lagos do baixo rio Doce, em fun\u00e7\u00e3o da competi\u00e7\u00e3o e preda\u00e7\u00e3o.<\/p>\n<p>A esp\u00e9cie <strong><em>Metynnis maculatus<\/em><\/strong> \u00e9 a \u00fanica representante do g\u00eanero <a href=\"http:\/\/nossacasa.net\/nossosriachos\/tabuleiros\/metynnis\/\">Metynnis<\/a> da fam\u00edlia <a href=\"http:\/\/nossacasa.net\/nossosriachos\/tabuleiros\/serrasalmidae\/\">Serrasalmidae<\/a> nas regi\u00f5es dos tabuleiros.<\/p>\n<hr \/>\n<\/div>\n<p>. <\/p>\n","protected":false},"excerpt":{"rendered":"<p>Metynnis maculatus (Kner, 1858) Algumas caracter\u00edsticas da esp\u00e9cie Metynnis maculatus est\u00e3o indicadas na figura acima. S\u00e3o facilmente identificados dos demais Serrasalmidae na regi\u00e3o pelo espinho pre dorsal invertido, a frente da nadadeira dorsal, embutido sob a pele. S\u00e3o peixes de &hellip; <a href=\"http:\/\/nossacasa.net\/nossosriachos\/tabuleiros\/metynnis-maculatus\/\">Continue lendo <span class=\"meta-nav\">&rarr;<\/span><\/a><\/p>\n","protected":false},"author":1,"featured_media":4209,"parent":0,"menu_order":0,"comment_status":"closed","ping_status":"closed","template":"","meta":{"footnotes":""},"class_list":["post-3952","page","type-page","status-publish","has-post-thumbnail","hentry"],"_links":{"self":[{"href":"http:\/\/nossacasa.net\/nossosriachos\/tabuleiros\/wp-json\/wp\/v2\/pages\/3952","targetHints":{"allow":["GET"]}}],"collection":[{"href":"http:\/\/nossacasa.net\/nossosriachos\/tabuleiros\/wp-json\/wp\/v2\/pages"}],"about":[{"href":"http:\/\/nossacasa.net\/nossosriachos\/tabuleiros\/wp-json\/wp\/v2\/types\/page"}],"author":[{"embeddable":true,"href":"http:\/\/nossacasa.net\/nossosriachos\/tabuleiros\/wp-json\/wp\/v2\/users\/1"}],"replies":[{"embeddable":true,"href":"http:\/\/nossacasa.net\/nossosriachos\/tabuleiros\/wp-json\/wp\/v2\/comments?post=3952"}],"version-history":[{"count":4,"href":"http:\/\/nossacasa.net\/nossosriachos\/tabuleiros\/wp-json\/wp\/v2\/pages\/3952\/revisions"}],"predecessor-version":[{"id":4211,"href":"http:\/\/nossacasa.net\/nossosriachos\/tabuleiros\/wp-json\/wp\/v2\/pages\/3952\/revisions\/4211"}],"wp:featuredmedia":[{"embeddable":true,"href":"http:\/\/nossacasa.net\/nossosriachos\/tabuleiros\/wp-json\/wp\/v2\/media\/4209"}],"wp:attachment":[{"href":"http:\/\/nossacasa.net\/nossosriachos\/tabuleiros\/wp-json\/wp\/v2\/media?parent=3952"}],"curies":[{"name":"wp","href":"https:\/\/api.w.org\/{rel}","templated":true}]}}