{"id":4483,"date":"2019-10-24T11:01:41","date_gmt":"2019-10-24T14:01:41","guid":{"rendered":"http:\/\/nossacasa.net\/nossosriachos\/tabuleiros\/?page_id=4483"},"modified":"2019-10-24T11:05:50","modified_gmt":"2019-10-24T14:05:50","slug":"microcambeva-mucuriensis","status":"publish","type":"page","link":"http:\/\/nossacasa.net\/nossosriachos\/tabuleiros\/microcambeva-mucuriensis\/","title":{"rendered":"Microcambeva mucuriensis"},"content":{"rendered":"<div style=\"text-align: justify\">\n<h1><em>Microcambeva mucuriensis<\/em> Costa 2019<\/h1>\n<div id=\"attachment_4478\" style=\"width: 810px\" class=\"wp-caption aligncenter\"><img loading=\"lazy\" decoding=\"async\" aria-describedby=\"caption-attachment-4478\" src=\"http:\/\/nossacasa.net\/nossosriachos\/tabuleiros\/wp-content\/uploads\/sites\/13\/2019\/10\/Microcambeva-mucuriensis.png\" alt=\"\" width=\"800\" height=\"155\" class=\"size-full wp-image-4478\" srcset=\"http:\/\/nossacasa.net\/nossosriachos\/tabuleiros\/wp-content\/uploads\/sites\/13\/2019\/10\/Microcambeva-mucuriensis.png 800w, http:\/\/nossacasa.net\/nossosriachos\/tabuleiros\/wp-content\/uploads\/sites\/13\/2019\/10\/Microcambeva-mucuriensis-300x58.png 300w, http:\/\/nossacasa.net\/nossosriachos\/tabuleiros\/wp-content\/uploads\/sites\/13\/2019\/10\/Microcambeva-mucuriensis-768x149.png 768w, http:\/\/nossacasa.net\/nossosriachos\/tabuleiros\/wp-content\/uploads\/sites\/13\/2019\/10\/Microcambeva-mucuriensis-500x97.png 500w\" sizes=\"auto, (max-width: 800px) 100vw, 800px\" \/><p id=\"caption-attachment-4478\" class=\"wp-caption-text\">Foto em Costa et al. 2019<\/p><\/div>\n<p>Algumas caracter\u00edsticas da esp\u00e9cie <strong><em>Microcambeva mucuriensis<\/em><\/strong> est\u00e3o indicadas na figura acima.<\/p>\n<p>Peixes <strong><em>Microcambeva mucuriensis<\/em><\/strong> possuem barbilh\u00e3o nasal long, alcan\u00e7ando a margem anterior da \u00f3rbita. Apresentam 5 raios ramificados na nadadeira dorsal. Apresentam a nadadeira peitoral com seis raios ramificados. Bordo do op\u00e9rculo com 9 a 12 odont\u00f3ides operculares;  7 a 9 odont\u00f3ides interoperculares. As diferen\u00e7as entre as duas esp\u00e9cies no extremo sul da Bahia s\u00e3o sutis, e podem refletir  varia\u00e7\u00f5es cont\u00ednuas dentro de uma \u00fanica esp\u00e9cie de ampla distribui\u00e7\u00e3o. O isolamento geogr\u00e1fico entre as distintas popula\u00e7\u00f5es de <a href=\"http:\/\/nossacasa.net\/nossosriachos\/tabuleiros\/microcambeva\/\"><em>Microcambeva<\/em><\/a> j\u00e1 encontradas nos rios do tabuleiro necessita maiores estudos investigativos. <\/p>\n<p>\u00danicos peixes <a href=\"http:\/\/nossacasa.net\/nossosriachos\/tabuleiros\/trichomycteridae\/\">Trichomycteridae<\/a> na Mata Atl\u00e2ntica de tabuleiros a possuir a nadadeira caudal levemente furcada. <\/p>\n<p><strong><em>Microcambeva mucuriensis<\/em><\/strong> inclui pequenos peixes, n\u00e3o ultrapassando 27 mm de comprimento padr\u00e3o, com pouca pigmenta\u00e7\u00e3o e vivendo em associa\u00e7\u00e3o a ambientes arenosos do leito fluvial. Esses peixes foram encontrados na esta\u00e7\u00e3o seca, per\u00edodo em que bancos de areias ficam vis\u00edveis no rio.<\/p>\n<p>As \u00fanicas popula\u00e7\u00f5es conhecidas de <strong><em>Microcambeva mucuriensis<\/em><\/strong> foram encontradas no rio Mucuri, no munic\u00edpio de Mucuri a cerca de 30 Km do mar.<\/p>\n<p>A esp\u00e9cie <strong><em>Microcambeva  mucuriensis<\/em><\/strong> \u00e9 uma das duas representante do g\u00eanero <em><a href=\"http:\/\/nossacasa.net\/nossosriachos\/tabuleiros\/microcambeva\/\">Microcambeva<\/a><\/em> da fam\u00edlia <a href=\"http:\/\/nossacasa.net\/nossosriachos\/tabuleiros\/trichomycteridae\/\">Trichomycteridae<\/a> nas regi\u00f5es dos tabuleiros.<\/p>\n<hr \/>\n<\/div>\n","protected":false},"excerpt":{"rendered":"<p>Microcambeva mucuriensis Costa 2019 Algumas caracter\u00edsticas da esp\u00e9cie Microcambeva mucuriensis est\u00e3o indicadas na figura acima. Peixes Microcambeva mucuriensis possuem barbilh\u00e3o nasal long, alcan\u00e7ando a margem anterior da \u00f3rbita. Apresentam 5 raios ramificados na nadadeira dorsal. Apresentam a nadadeira peitoral com &hellip; <a href=\"http:\/\/nossacasa.net\/nossosriachos\/tabuleiros\/microcambeva-mucuriensis\/\">Continue lendo <span class=\"meta-nav\">&rarr;<\/span><\/a><\/p>\n","protected":false},"author":1,"featured_media":4478,"parent":0,"menu_order":0,"comment_status":"closed","ping_status":"closed","template":"","meta":{"footnotes":""},"class_list":["post-4483","page","type-page","status-publish","has-post-thumbnail","hentry"],"_links":{"self":[{"href":"http:\/\/nossacasa.net\/nossosriachos\/tabuleiros\/wp-json\/wp\/v2\/pages\/4483","targetHints":{"allow":["GET"]}}],"collection":[{"href":"http:\/\/nossacasa.net\/nossosriachos\/tabuleiros\/wp-json\/wp\/v2\/pages"}],"about":[{"href":"http:\/\/nossacasa.net\/nossosriachos\/tabuleiros\/wp-json\/wp\/v2\/types\/page"}],"author":[{"embeddable":true,"href":"http:\/\/nossacasa.net\/nossosriachos\/tabuleiros\/wp-json\/wp\/v2\/users\/1"}],"replies":[{"embeddable":true,"href":"http:\/\/nossacasa.net\/nossosriachos\/tabuleiros\/wp-json\/wp\/v2\/comments?post=4483"}],"version-history":[{"count":3,"href":"http:\/\/nossacasa.net\/nossosriachos\/tabuleiros\/wp-json\/wp\/v2\/pages\/4483\/revisions"}],"predecessor-version":[{"id":4486,"href":"http:\/\/nossacasa.net\/nossosriachos\/tabuleiros\/wp-json\/wp\/v2\/pages\/4483\/revisions\/4486"}],"wp:featuredmedia":[{"embeddable":true,"href":"http:\/\/nossacasa.net\/nossosriachos\/tabuleiros\/wp-json\/wp\/v2\/media\/4478"}],"wp:attachment":[{"href":"http:\/\/nossacasa.net\/nossosriachos\/tabuleiros\/wp-json\/wp\/v2\/media?parent=4483"}],"curies":[{"name":"wp","href":"https:\/\/api.w.org\/{rel}","templated":true}]}}