{"id":4495,"date":"2019-10-24T11:23:55","date_gmt":"2019-10-24T14:23:55","guid":{"rendered":"http:\/\/nossacasa.net\/nossosriachos\/tabuleiros\/?page_id=4495"},"modified":"2019-10-24T11:23:55","modified_gmt":"2019-10-24T14:23:55","slug":"chave-de-microcambeva","status":"publish","type":"page","link":"http:\/\/nossacasa.net\/nossosriachos\/tabuleiros\/chave-de-microcambeva\/","title":{"rendered":"Chave de Microcambeva"},"content":{"rendered":"\n<table id=\"tablepress-62\" class=\"tablepress tablepress-id-62 tbody-has-connected-cells\">\n<tbody class=\"row-striping row-hover\">\n<tr class=\"row-1\">\n\t<td colspan=\"4\" class=\"column-1\"><h1>Chave de <em>Microcambeva<\/em> <\/h1><br \/>\nOs <strong><a href=\"http:\/\/nossacasa.net\/nossosriachos\/tabuleiros\/microcambeva\/\"> <em>Microcambeva<\/em><\/a> do Tabuleiro s\u00e3o representados por duas esp\u00e9cies: <strong><em><a href=\"http:\/\/nossacasa.net\/nossosriachos\/tabuleiros\/microcambeva-draco\/\"> Microcambeva draco<\/a><\/em><\/strong> e <strong><a href=\"http:\/\/nossacasa.net\/nossosriachos\/tabuleiros\/microcambeva- mucuriensis\/\"> Microcambeva mucuriensis <\/a><\/strong>.<br \/>\n<\/td>\n<\/tr>\n<tr class=\"row-2\">\n\t<td class=\"column-1\"><strong id=\"1\">1A<\/strong><\/td><td class=\"column-2\">Barbilh\u00e3o nasal curto, alcan\u00e7ando a margem anterior da narina posterior; <br \/>\nNadadeira dorsal com 6 raios ramificados;<br \/>\n7 a 9 odont\u00f3ides operculares.<\/td><td class=\"column-3\"><strong><em><a href=\"http:\/\/nossacasa.net\/nossosriachos\/tabuleiros\/microcambeva-draco\/\">Microcambeva draco<\/a><\/em><\/strong><\/td><td class=\"column-4\"><img loading=\"lazy\" decoding=\"async\" src=\"http:\/\/nossacasa.net\/nossosriachos\/tabuleiros\/wp-content\/uploads\/sites\/13\/2019\/10\/Microcambeva_1A.png\" alt=\"\" width=\"800\" height=\"159\" class=\"aligncenter size-full wp-image-4475\" srcset=\"http:\/\/nossacasa.net\/nossosriachos\/tabuleiros\/wp-content\/uploads\/sites\/13\/2019\/10\/Microcambeva_1A.png 800w, http:\/\/nossacasa.net\/nossosriachos\/tabuleiros\/wp-content\/uploads\/sites\/13\/2019\/10\/Microcambeva_1A-300x60.png 300w, http:\/\/nossacasa.net\/nossosriachos\/tabuleiros\/wp-content\/uploads\/sites\/13\/2019\/10\/Microcambeva_1A-768x153.png 768w, http:\/\/nossacasa.net\/nossosriachos\/tabuleiros\/wp-content\/uploads\/sites\/13\/2019\/10\/Microcambeva_1A-500x99.png 500w\" sizes=\"auto, (max-width: 800px) 100vw, 800px\" \/><\/td>\n<\/tr>\n<tr class=\"row-3\">\n\t<td class=\"column-1\"><strong>1B<\/strong><\/td><td class=\"column-2\">Barbilh\u00e3o nasal longo, alcan\u00e7ando a margem anterior da \u00f3rbita; <br \/>\nNadadeira dorsal com 5 raios ramificados;<br \/>\n9 a 12 odont\u00f3ides operculares.<br \/>\n<\/td><td class=\"column-3\"><strong><em><a href=\"http:\/\/nossacasa.net\/nossosriachos\/tabuleiros\/microcambeva-mucuriensis\/\">Microcambeva mucuriensis<\/a><\/em><\/strong><\/td><td class=\"column-4\"><img loading=\"lazy\" decoding=\"async\" src=\"http:\/\/nossacasa.net\/nossosriachos\/tabuleiros\/wp-content\/uploads\/sites\/13\/2019\/10\/Microcambeva_1B.png\" alt=\"\" width=\"800\" height=\"152\" class=\"aligncenter size-full wp-image-4476\" srcset=\"http:\/\/nossacasa.net\/nossosriachos\/tabuleiros\/wp-content\/uploads\/sites\/13\/2019\/10\/Microcambeva_1B.png 800w, http:\/\/nossacasa.net\/nossosriachos\/tabuleiros\/wp-content\/uploads\/sites\/13\/2019\/10\/Microcambeva_1B-300x57.png 300w, http:\/\/nossacasa.net\/nossosriachos\/tabuleiros\/wp-content\/uploads\/sites\/13\/2019\/10\/Microcambeva_1B-768x146.png 768w, http:\/\/nossacasa.net\/nossosriachos\/tabuleiros\/wp-content\/uploads\/sites\/13\/2019\/10\/Microcambeva_1B-500x95.png 500w\" sizes=\"auto, (max-width: 800px) 100vw, 800px\" \/><\/td>\n<\/tr>\n<tr class=\"row-4\">\n\t<td colspan=\"4\" class=\"column-1\"><hr \/><br \/>\n<strong>Organiza\u00e7\u00e3o:<\/strong> L.M. Sarmento-Soares e R.F. Martins-Pinheiro.  <br \/>\n<strong>Figuras<\/strong>: T.C. Pessali e W. J.E.M. Costa.<br \/>\n<hr \/><\/td>\n<\/tr>\n<\/tbody>\n<\/table>\n\n","protected":false},"excerpt":{"rendered":"","protected":false},"author":1,"featured_media":0,"parent":0,"menu_order":0,"comment_status":"closed","ping_status":"closed","template":"template-page-builder-no-header-footer.php","meta":{"footnotes":""},"class_list":["post-4495","page","type-page","status-publish","hentry"],"_links":{"self":[{"href":"http:\/\/nossacasa.net\/nossosriachos\/tabuleiros\/wp-json\/wp\/v2\/pages\/4495","targetHints":{"allow":["GET"]}}],"collection":[{"href":"http:\/\/nossacasa.net\/nossosriachos\/tabuleiros\/wp-json\/wp\/v2\/pages"}],"about":[{"href":"http:\/\/nossacasa.net\/nossosriachos\/tabuleiros\/wp-json\/wp\/v2\/types\/page"}],"author":[{"embeddable":true,"href":"http:\/\/nossacasa.net\/nossosriachos\/tabuleiros\/wp-json\/wp\/v2\/users\/1"}],"replies":[{"embeddable":true,"href":"http:\/\/nossacasa.net\/nossosriachos\/tabuleiros\/wp-json\/wp\/v2\/comments?post=4495"}],"version-history":[{"count":1,"href":"http:\/\/nossacasa.net\/nossosriachos\/tabuleiros\/wp-json\/wp\/v2\/pages\/4495\/revisions"}],"predecessor-version":[{"id":4496,"href":"http:\/\/nossacasa.net\/nossosriachos\/tabuleiros\/wp-json\/wp\/v2\/pages\/4495\/revisions\/4496"}],"wp:attachment":[{"href":"http:\/\/nossacasa.net\/nossosriachos\/tabuleiros\/wp-json\/wp\/v2\/media?parent=4495"}],"curies":[{"name":"wp","href":"https:\/\/api.w.org\/{rel}","templated":true}]}}