{"id":495,"date":"2019-08-05T16:32:14","date_gmt":"2019-08-05T19:32:14","guid":{"rendered":"http:\/\/nossacasa.net\/nossosriachos\/rios\/?page_id=495"},"modified":"2019-09-22T14:24:26","modified_gmt":"2019-09-22T17:24:26","slug":"gobiiformes","status":"publish","type":"page","link":"http:\/\/nossacasa.net\/nossosriachos\/tabuleiros\/gobiiformes\/","title":{"rendered":"Gobiiformes"},"content":{"rendered":"<div style=\"text-align: justify\">\n<h1>Os Gobiiformes<\/h1>\n<p><img loading=\"lazy\" decoding=\"async\" src=\"http:\/\/nossacasa.net\/nossosriachos\/tabuleiros\/wp-content\/uploads\/sites\/8\/2019\/08\/Gobiiformes.png\" alt=\"\" width=\"800\" height=\"268\" class=\"aligncenter size-full wp-image-496\" \/><br \/>\nOs <strong>Gobiiformes<\/strong> s\u00e3o uma ordem de peixe que inclui os g\u00f3bios. A ordem, que anteriormente era considerada uma subordem de Perciformes, \u00e9 composta de 2.211 esp\u00e9cies que s\u00e3o divididas em sete fam\u00edlias diferentes. As rela\u00e7\u00f5es filogen\u00e9ticas dos Gobiiformes foram elucidadas usando dados moleculares. (https:\/\/en.wikipedia.org\/wiki\/Gobiiformes). <\/p>\n<p>A ordem <strong>Gobiiformes<\/strong> \u00e9 caracterizada por uma s\u00e9rie de caracter\u00edsticas, tais como, aus\u00eancia de parietais, infraorbitais cartilaginosos ou ausentes, linha lateral reduzida a canais cef\u00e1licos, bexiga natat\u00f3ria ausente, membranas branquiais unidas ao istmo, primeira nadadeira dorsal apresentando 4-10 espinhos flex\u00edveis, segunda nadadeira dorsal e anal tipicamente compostas de 1 espinho e raios ramificados de contagem vari\u00e1vel, nadadeiras p\u00e9lvicas abaixo das peitorais e formada de quatro ou cinco raios ramificados, geralmente unidos e v\u00e9rtebras de 25 a 35 (Nelson, 2016).<\/p>\n<p>Os <strong>Gobiiformes<\/strong> do Tabuleiro s\u00e3o representados por duas fam\u00edlias:<strong><a href=\"http:\/\/nossacasa.net\/nossosriachos\/tabuleiros\/gobiidae\/\">Gobiidae<\/a><\/strong> e <strong><a href=\"http:\/\/nossacasa.net\/nossosriachos\/tabuleiros\/eleotridae\/\">Eleotridae<\/a><\/strong>.<\/p>\n<hr>\n<p><a href=\"http:\/\/nossacasa.net\/nossosriachos\/tabuleiros\/chave-de-gobiiformes\/\">CHAVE DE GOBIIFORMES<\/a><\/p>\n<hr>\n<\/div>\n","protected":false},"excerpt":{"rendered":"<p>Os Gobiiformes Os Gobiiformes s\u00e3o uma ordem de peixe que inclui os g\u00f3bios. A ordem, que anteriormente era considerada uma subordem de Perciformes, \u00e9 composta de 2.211 esp\u00e9cies que s\u00e3o divididas em sete fam\u00edlias diferentes. As rela\u00e7\u00f5es filogen\u00e9ticas dos Gobiiformes &hellip; <a href=\"http:\/\/nossacasa.net\/nossosriachos\/tabuleiros\/gobiiformes\/\">Continue lendo <span class=\"meta-nav\">&rarr;<\/span><\/a><\/p>\n","protected":false},"author":1,"featured_media":0,"parent":0,"menu_order":0,"comment_status":"closed","ping_status":"closed","template":"","meta":{"footnotes":""},"class_list":["post-495","page","type-page","status-publish","hentry"],"_links":{"self":[{"href":"http:\/\/nossacasa.net\/nossosriachos\/tabuleiros\/wp-json\/wp\/v2\/pages\/495","targetHints":{"allow":["GET"]}}],"collection":[{"href":"http:\/\/nossacasa.net\/nossosriachos\/tabuleiros\/wp-json\/wp\/v2\/pages"}],"about":[{"href":"http:\/\/nossacasa.net\/nossosriachos\/tabuleiros\/wp-json\/wp\/v2\/types\/page"}],"author":[{"embeddable":true,"href":"http:\/\/nossacasa.net\/nossosriachos\/tabuleiros\/wp-json\/wp\/v2\/users\/1"}],"replies":[{"embeddable":true,"href":"http:\/\/nossacasa.net\/nossosriachos\/tabuleiros\/wp-json\/wp\/v2\/comments?post=495"}],"version-history":[{"count":1,"href":"http:\/\/nossacasa.net\/nossosriachos\/tabuleiros\/wp-json\/wp\/v2\/pages\/495\/revisions"}],"predecessor-version":[{"id":3620,"href":"http:\/\/nossacasa.net\/nossosriachos\/tabuleiros\/wp-json\/wp\/v2\/pages\/495\/revisions\/3620"}],"wp:attachment":[{"href":"http:\/\/nossacasa.net\/nossosriachos\/tabuleiros\/wp-json\/wp\/v2\/media?parent=495"}],"curies":[{"name":"wp","href":"https:\/\/api.w.org\/{rel}","templated":true}]}}