{"id":571,"date":"2019-08-07T14:38:52","date_gmt":"2019-08-07T17:38:52","guid":{"rendered":"http:\/\/nossacasa.net\/nossosriachos\/rios\/?page_id=571"},"modified":"2019-09-22T15:00:06","modified_gmt":"2019-09-22T18:00:06","slug":"synbranchiformes","status":"publish","type":"page","link":"http:\/\/nossacasa.net\/nossosriachos\/tabuleiros\/synbranchiformes\/","title":{"rendered":"Synbranchiformes"},"content":{"rendered":"<div style=\"text-align: justify\">\n<strong>Os Synbranchiformes<\/strong><br \/>\n<img loading=\"lazy\" decoding=\"async\" src=\"http:\/\/nossacasa.net\/nossosriachos\/tabuleiros\/wp-content\/uploads\/sites\/8\/2019\/08\/Synbranchiformes.png\" alt=\"\" width=\"800\" height=\"249\" class=\"aligncenter size-full wp-image-572\" \/><\/p>\n<p>Algumas caracter\u00edsticas gerais que permitem o reconhecimento de peixes Synbranchiformes s\u00e3o ilustradas acima.<\/p>\n<p>Os peixes da ordem <strong>Synbranchiformes<\/strong> formam um grupo heterog\u00eaneo de peixes que habitam \u00e1guas tropicais e sub-tropicais do planeta. Incluem peixes de corpo alongado, nadadeiras p\u00e9lvicas ausentes, aberturas branquiais confinadas a parte ventral do corpo (Nelson et al., 2016). <\/p>\n<p>A ordem engloba mais de 115 esp\u00e9cies distribu\u00eddas em tr\u00eas fam\u00edlias (Eschmeyer &amp; Fong, 2019), habitando principalmente ambientes de \u00e1gua doce, com poucas esp\u00e9cies em \u00e1guas estuarinas. S\u00e3o elas, <strong>Chaudhuriidae<\/strong>, com registros entre \u00cdndia, Tail\u00e2ndia e Indon\u00e9sia, <strong>Mastacembelidae<\/strong>. especialmente da \u00c1frica e Indon\u00e9sia, e  <strong><a href=\"http:\/\/nossacasa.net\/nossosriachos\/tabuleiros\/synbranchidae\/\">Synbranchidae<\/a><\/strong>, com registros para as Am\u00e9ricas e Eur\u00e1sia.<\/p>\n<p>Muitas das esp\u00e9cies possuem h\u00e1bitos escavadores, se enterrando no substrato durante o dia e saindo a noite para forragear.<\/p>\n<p>Nos tabuleiros da Mata Atl\u00e2ntica e na Am\u00e9rica do Sul encontramos apenas uma esp\u00e9cie da fam\u00edlia: <strong><a href=\"http:\/\/nossacasa.net\/nossosriachos\/tabuleiros\/synbranchidae\/\">Synbranchidae<\/a><\/strong>.<\/p>\n<hr>\n<p><strong><a href=\"http:\/\/nossacasa.net\/nossosriachos\/tabuleiros\/chave-de-synbranchiformes\/\">CHAVE DE SYNBRANCHIFORMES<\/a><\/strong><\/p>\n<hr>\n<\/div>\n","protected":false},"excerpt":{"rendered":"<p>Os Synbranchiformes Algumas caracter\u00edsticas gerais que permitem o reconhecimento de peixes Synbranchiformes s\u00e3o ilustradas acima. Os peixes da ordem Synbranchiformes formam um grupo heterog\u00eaneo de peixes que habitam \u00e1guas tropicais e sub-tropicais do planeta. Incluem peixes de corpo alongado, nadadeiras &hellip; <a href=\"http:\/\/nossacasa.net\/nossosriachos\/tabuleiros\/synbranchiformes\/\">Continue lendo <span class=\"meta-nav\">&rarr;<\/span><\/a><\/p>\n","protected":false},"author":1,"featured_media":0,"parent":0,"menu_order":0,"comment_status":"closed","ping_status":"closed","template":"","meta":{"footnotes":""},"class_list":["post-571","page","type-page","status-publish","hentry"],"_links":{"self":[{"href":"http:\/\/nossacasa.net\/nossosriachos\/tabuleiros\/wp-json\/wp\/v2\/pages\/571","targetHints":{"allow":["GET"]}}],"collection":[{"href":"http:\/\/nossacasa.net\/nossosriachos\/tabuleiros\/wp-json\/wp\/v2\/pages"}],"about":[{"href":"http:\/\/nossacasa.net\/nossosriachos\/tabuleiros\/wp-json\/wp\/v2\/types\/page"}],"author":[{"embeddable":true,"href":"http:\/\/nossacasa.net\/nossosriachos\/tabuleiros\/wp-json\/wp\/v2\/users\/1"}],"replies":[{"embeddable":true,"href":"http:\/\/nossacasa.net\/nossosriachos\/tabuleiros\/wp-json\/wp\/v2\/comments?post=571"}],"version-history":[{"count":2,"href":"http:\/\/nossacasa.net\/nossosriachos\/tabuleiros\/wp-json\/wp\/v2\/pages\/571\/revisions"}],"predecessor-version":[{"id":3630,"href":"http:\/\/nossacasa.net\/nossosriachos\/tabuleiros\/wp-json\/wp\/v2\/pages\/571\/revisions\/3630"}],"wp:attachment":[{"href":"http:\/\/nossacasa.net\/nossosriachos\/tabuleiros\/wp-json\/wp\/v2\/media?parent=571"}],"curies":[{"name":"wp","href":"https:\/\/api.w.org\/{rel}","templated":true}]}}