{"id":597,"date":"2019-08-10T12:18:59","date_gmt":"2019-08-10T15:18:59","guid":{"rendered":"http:\/\/nossacasa.net\/nossosriachos\/rios\/?page_id=597"},"modified":"2019-09-22T15:19:53","modified_gmt":"2019-09-22T18:19:53","slug":"pleuronectiformes","status":"publish","type":"page","link":"http:\/\/nossacasa.net\/nossosriachos\/tabuleiros\/pleuronectiformes\/","title":{"rendered":"Pleuronectiformes"},"content":{"rendered":"<div style=\"text-align: justify\">\n<strong>Os Pleuronectiformes<\/strong><br \/>\n<img loading=\"lazy\" decoding=\"async\" src=\"http:\/\/nossacasa.net\/nossosriachos\/rios\/wp-content\/uploads\/sites\/8\/2019\/08\/Pleuronectiformes.png\" alt=\"\" width=\"800\" height=\"461\" class=\"aligncenter size-full wp-image-617\" srcset=\"http:\/\/nossacasa.net\/nossosriachos\/tabuleiros\/wp-content\/uploads\/sites\/13\/2019\/08\/Pleuronectiformes.png 800w, http:\/\/nossacasa.net\/nossosriachos\/tabuleiros\/wp-content\/uploads\/sites\/13\/2019\/08\/Pleuronectiformes-300x173.png 300w, http:\/\/nossacasa.net\/nossosriachos\/tabuleiros\/wp-content\/uploads\/sites\/13\/2019\/08\/Pleuronectiformes-768x443.png 768w, http:\/\/nossacasa.net\/nossosriachos\/tabuleiros\/wp-content\/uploads\/sites\/13\/2019\/08\/Pleuronectiformes-500x288.png 500w\" sizes=\"auto, (max-width: 800px) 100vw, 800px\" \/><\/p>\n<p>Algumas caracter\u00edsticas dos <strong>Pleuronectiformes<\/strong> encontram-se ilustradas acima.<\/p>\n<p>Os peixes da ordem <strong>Pleuronectiformes<\/strong> nascem bilateralmente sim\u00e9tricos e durante o seu desenvolvimento, o olho migra para um dos lados do cr\u00e2nio, ficando os dois olhos do mesmo lado da cabe\u00e7a. Assim, os peixes linguados t\u00eam os dois olhos do mesmo lado do corpo. Este lado \u00e9 colorido, e o lado cego despigmentado. A assimetria do corpo se reflete tamb\u00e9m na denti\u00e7\u00e3o da boca, no tamanho das escamas e no desenvolvimento das nadadeiras peitorais. Muitas vezes dentes, escamas e nadadeiras s\u00e3o maiores do lado com olhos e menores no lado cego. <\/p>\n<p>Estes peixes costumam ficar semi enterrados no fundo de areia. Os olhos s\u00e3o salientes sobre a cabe\u00e7a, permitindo que os peixes enxerguem mesmo quando cobertos pela areia (Nelson et al., 2016). Os linguados formam um grupo natural, contendo perto de 800 esp\u00e9cies, e ocorrem em \u00e1guas litor\u00e2neas tropicais e sub-tropicais. H\u00e1 algumas esp\u00e9cies comuns em estu\u00e1rios, e algumas poucas vivem apenas em \u00e1gua doce..<\/p>\n<p>Nos tabuleiros da Mata Atl\u00e2ntica encontramos esp\u00e9cies em tr\u00eas fam\u00edlias de Pleuronectiformes: <strong><a href=\"http:\/\/nossacasa.net\/nossosriachos\/tabuleiros\/achiridae\/\">Achiridae<\/a><\/strong>, <strong><a href=\"http:\/\/nossacasa.net\/nossosriachos\/tabuleiros\/cynoglossidae\/\">Cynoglossidae<\/a><\/strong> e <strong><a href=\"http:\/\/nossacasa.net\/nossosriachos\/tabuleiros\/paralichthyidae\/\">Paralichthyidae<\/a><\/strong>.<\/p>\n<hr>\n<p><a href=\"http:\/\/nossacasa.net\/nossosriachos\/rios\/chave-de-pleuronectiformes\/\">CHAVE DE PLEURONECTIFORMES<\/a><\/p>\n<hr>\n<\/div>\n","protected":false},"excerpt":{"rendered":"<p>Os Pleuronectiformes Algumas caracter\u00edsticas dos Pleuronectiformes encontram-se ilustradas acima. Os peixes da ordem Pleuronectiformes nascem bilateralmente sim\u00e9tricos e durante o seu desenvolvimento, o olho migra para um dos lados do cr\u00e2nio, ficando os dois olhos do mesmo lado da cabe\u00e7a. &hellip; <a href=\"http:\/\/nossacasa.net\/nossosriachos\/tabuleiros\/pleuronectiformes\/\">Continue lendo <span class=\"meta-nav\">&rarr;<\/span><\/a><\/p>\n","protected":false},"author":1,"featured_media":0,"parent":0,"menu_order":0,"comment_status":"closed","ping_status":"closed","template":"","meta":{"footnotes":""},"class_list":["post-597","page","type-page","status-publish","hentry"],"_links":{"self":[{"href":"http:\/\/nossacasa.net\/nossosriachos\/tabuleiros\/wp-json\/wp\/v2\/pages\/597","targetHints":{"allow":["GET"]}}],"collection":[{"href":"http:\/\/nossacasa.net\/nossosriachos\/tabuleiros\/wp-json\/wp\/v2\/pages"}],"about":[{"href":"http:\/\/nossacasa.net\/nossosriachos\/tabuleiros\/wp-json\/wp\/v2\/types\/page"}],"author":[{"embeddable":true,"href":"http:\/\/nossacasa.net\/nossosriachos\/tabuleiros\/wp-json\/wp\/v2\/users\/1"}],"replies":[{"embeddable":true,"href":"http:\/\/nossacasa.net\/nossosriachos\/tabuleiros\/wp-json\/wp\/v2\/comments?post=597"}],"version-history":[{"count":1,"href":"http:\/\/nossacasa.net\/nossosriachos\/tabuleiros\/wp-json\/wp\/v2\/pages\/597\/revisions"}],"predecessor-version":[{"id":3636,"href":"http:\/\/nossacasa.net\/nossosriachos\/tabuleiros\/wp-json\/wp\/v2\/pages\/597\/revisions\/3636"}],"wp:attachment":[{"href":"http:\/\/nossacasa.net\/nossosriachos\/tabuleiros\/wp-json\/wp\/v2\/media?parent=597"}],"curies":[{"name":"wp","href":"https:\/\/api.w.org\/{rel}","templated":true}]}}