{"id":602,"date":"2019-08-10T12:34:00","date_gmt":"2019-08-10T15:34:00","guid":{"rendered":"http:\/\/nossacasa.net\/nossosriachos\/rios\/?page_id=602"},"modified":"2019-10-01T15:37:43","modified_gmt":"2019-10-01T18:37:43","slug":"syngnathiformes","status":"publish","type":"page","link":"http:\/\/nossacasa.net\/nossosriachos\/tabuleiros\/syngnathiformes\/","title":{"rendered":"Syngnathiformes"},"content":{"rendered":"<div style=\"text-align: justify;\"><strong>Os Syngnathiformes<\/strong><\/div>\n<div><\/div>\n<div style=\"text-align: justify;\">Algumas caracter\u00edsticas dos <strong>Syngnathiformes<\/strong> encontram-se ilustradas abaixo.<br \/>\n<img loading=\"lazy\" decoding=\"async\" class=\"aligncenter size-full wp-image-603\" src=\"http:\/\/nossacasa.net\/nossosriachos\/rios\/wp-content\/uploads\/sites\/8\/2019\/08\/Syngnathiforme.png\" alt=\"\" width=\"800\" height=\"211\" srcset=\"http:\/\/nossacasa.net\/nossosriachos\/tabuleiros\/wp-content\/uploads\/sites\/13\/2019\/08\/Syngnathiforme.png 800w, http:\/\/nossacasa.net\/nossosriachos\/tabuleiros\/wp-content\/uploads\/sites\/13\/2019\/08\/Syngnathiforme-300x79.png 300w, http:\/\/nossacasa.net\/nossosriachos\/tabuleiros\/wp-content\/uploads\/sites\/13\/2019\/08\/Syngnathiforme-768x203.png 768w, http:\/\/nossacasa.net\/nossosriachos\/tabuleiros\/wp-content\/uploads\/sites\/13\/2019\/08\/Syngnathiforme-500x132.png 500w\" sizes=\"auto, (max-width: 800px) 100vw, 800px\" \/>Os peixes da ordem <strong>Syngnathiformes<\/strong> formam um grupo bastante peculiar de peixes marinhos e estuarinos. Possuem a boca pequena, na extremidade distal do focinho tubular.Uma parcela das fam\u00edlias em Syngnathiformes possui o corpo totalmente revestido por placas articuladas. Inclui os cavalos marinhos e peixes cachimbo, e ocorrem em \u00e1reas tropicais e temperadas.<\/p>\n<p>S\u00e3o organizados em oito fam\u00edlias abrigando quase 70 diferentes g\u00eaneros. Na regi\u00e3o Neotropical <a href=\"http:\/\/nossacasa.net\/nossosriachos\/tabuleiros\/syngnathidae\/\">Syngnathidae<\/a> \u00e9 a \u00fanica fam\u00edlia a habitar.<\/p>\n<p>Nos tabuleiros da Mata Atl\u00e2ntica encontramos esp\u00e9cie de uma \u00fanica fam\u00edlia de Syngnathiforme: <strong><a href=\"http:\/\/nossacasa.net\/nossosriachos\/tabuleiros\/syngnathidae\/\">Syngnathidae<\/a><\/strong>.<\/p>\n<hr \/>\n<p><a href=\"http:\/\/nossacasa.net\/nossosriachos\/tabuleiros\/chave-de-syngnathiformes\/\">CHAVE DE SYNGNATHIFORMES<\/a><\/p>\n<hr \/>\n<\/div>\n","protected":false},"excerpt":{"rendered":"<p>Os Syngnathiformes Algumas caracter\u00edsticas dos Syngnathiformes encontram-se ilustradas abaixo. Os peixes da ordem Syngnathiformes formam um grupo bastante peculiar de peixes marinhos e estuarinos. Possuem a boca pequena, na extremidade distal do focinho tubular.Uma parcela das fam\u00edlias em Syngnathiformes possui &hellip; <a href=\"http:\/\/nossacasa.net\/nossosriachos\/tabuleiros\/syngnathiformes\/\">Continue lendo <span class=\"meta-nav\">&rarr;<\/span><\/a><\/p>\n","protected":false},"author":1,"featured_media":0,"parent":0,"menu_order":0,"comment_status":"closed","ping_status":"closed","template":"","meta":{"footnotes":""},"class_list":["post-602","page","type-page","status-publish","hentry"],"_links":{"self":[{"href":"http:\/\/nossacasa.net\/nossosriachos\/tabuleiros\/wp-json\/wp\/v2\/pages\/602","targetHints":{"allow":["GET"]}}],"collection":[{"href":"http:\/\/nossacasa.net\/nossosriachos\/tabuleiros\/wp-json\/wp\/v2\/pages"}],"about":[{"href":"http:\/\/nossacasa.net\/nossosriachos\/tabuleiros\/wp-json\/wp\/v2\/types\/page"}],"author":[{"embeddable":true,"href":"http:\/\/nossacasa.net\/nossosriachos\/tabuleiros\/wp-json\/wp\/v2\/users\/1"}],"replies":[{"embeddable":true,"href":"http:\/\/nossacasa.net\/nossosriachos\/tabuleiros\/wp-json\/wp\/v2\/comments?post=602"}],"version-history":[{"count":5,"href":"http:\/\/nossacasa.net\/nossosriachos\/tabuleiros\/wp-json\/wp\/v2\/pages\/602\/revisions"}],"predecessor-version":[{"id":4171,"href":"http:\/\/nossacasa.net\/nossosriachos\/tabuleiros\/wp-json\/wp\/v2\/pages\/602\/revisions\/4171"}],"wp:attachment":[{"href":"http:\/\/nossacasa.net\/nossosriachos\/tabuleiros\/wp-json\/wp\/v2\/media?parent=602"}],"curies":[{"name":"wp","href":"https:\/\/api.w.org\/{rel}","templated":true}]}}