{"id":625,"date":"2019-08-10T17:13:30","date_gmt":"2019-08-10T20:13:30","guid":{"rendered":"http:\/\/nossacasa.net\/nossosriachos\/rios\/?page_id=625"},"modified":"2019-09-28T14:58:50","modified_gmt":"2019-09-28T17:58:50","slug":"generos","status":"publish","type":"page","link":"http:\/\/nossacasa.net\/nossosriachos\/tabuleiros\/generos\/","title":{"rendered":"G\u00eaneros"},"content":{"rendered":"<div style=\"text-align: justify\">\n<strong>Os G\u00eaneros<\/strong>. <\/p>\n<p>Os peixes de \u00e1gua doce na Mata Atl\u00e2ntica de tabuleiro est\u00e3o distribu\u00eddos em 92 g\u00eaneros: <\/p>\n<ol>\n<li><strong><a href=\"http:\/\/nossacasa.net\/nossosriachos\/tabuleiros\/anguilliformes\/\">Anguilliformes<\/a><\/strong> (tr\u00eas g\u00eaneros):<\/li>\n<ul>\n<li>Tr\u00eas g\u00eaneros: <em><a href=\"http:\/\/nossacasa.net\/nossosriachos\/tabuleiros\/ahlia\/\">Ahlia<\/a><\/em>, <em><a href=\"http:\/\/nossacasa.net\/nossosriachos\/tabuleiros\/myrophis\/\">Myrophis<\/a><\/em> e <em><a href=\"http:\/\/nossacasa.net\/nossosriachos\/tabuleiros\/ophichthus\/\">Ophichthus<\/a><\/em> da fam\u00edlia <a href=\"http:\/\/nossacasa.net\/nossosriachos\/tabuleiros\/ophichthidae\/\">Ophichthidae<\/a>.<\/li>\n<\/ul>\n<li><strong><a href=\"http:\/\/nossacasa.net\/nossosriachos\/tabuleiros\/characiformes\/\">Characiformes<\/a><\/strong> (vinte e cinco g\u00eaneros):<\/li>\n<ul>\n<li>Tr\u00eas g\u00eaneros: <em><a href=\"http:\/\/nossacasa.net\/nossosriachos\/tabuleiros\/hypomasticus\/\">Hypomasticus<\/a><\/em>, <em><a href=\"http:\/\/nossacasa.net\/nossosriachos\/tabuleiros\/leporinus\/\">Leporinus<\/a><\/em> e <em><a href=\"http:\/\/nossacasa.net\/nossosriachos\/tabuleiros\/megaleporinus\/\">Megaleporinus<\/a><\/em> da fam\u00edlia <a href=\"http:\/\/nossacasa.net\/nossosriachos\/tabuleiros\/anostomidae\/\">Anostomidae<\/a>.<\/li>\n<li>Tr\u00eas g\u00eaneros: <em><a href=\"http:\/\/nossacasa.net\/nossosriachos\/tabuleiros\/brycon\/\">Brycon<\/a><\/em>, <em><a href=\"http:\/\/nossacasa.net\/nossosriachos\/tabuleiros\/henochilus\/\">Henochilus<\/a><\/em> e <em><a href=\"http:\/\/nossacasa.net\/nossosriachos\/tabuleiros\/salminus\/\">Salminus<\/a><\/em> da fam\u00edlia <a href=\"http:\/\/nossacasa.net\/nossosriachos\/tabuleiros\/bryconidae\/\">Bryconidae<\/a>.<\/li>\n<li>Oito g\u00eaneros: <em><a href=\"http:\/\/nossacasa.net\/nossosriachos\/tabuleiros\/astyanax\/\">Astyanax<\/a><\/em>, <em><a href=\"http:\/\/nossacasa.net\/nossosriachos\/tabuleiros\/hyphessobrycon\/\">Hyphessobrycon<\/a><\/em>, <em><a href=\"http:\/\/nossacasa.net\/nossosriachos\/tabuleiros\/knodus\/\">Knodus<\/a><\/em>, <em><a href=\"http:\/\/nossacasa.net\/nossosriachos\/tabuleiros\/mimagoniates\/\">Mimagoniates<\/a><\/em>, <em><a href=\"http:\/\/nossacasa.net\/nossosriachos\/tabuleiros\/moenkhausia\/\">Moenkhausia<\/a><\/em>, <em><a href=\"http:\/\/nossacasa.net\/nossosriachos\/tabuleiros\/oligosarcus\/\">Oligosarcus<\/a><\/em>, <em><a href=\"http:\/\/nossacasa.net\/nossosriachos\/tabuleiros\/rachoviscus\/\">Rachoviscus<\/a><\/em> e <em><a href=\"http:\/\/nossacasa.net\/nossosriachos\/tabuleiros\/serrapinnus\/\">Serrapinnus<\/a><\/em> da fam\u00edlia <a href=\"http:\/\/nossacasa.net\/nossosriachos\/tabuleiros\/characidae\/\">Characidae<\/a>.<\/li>\n<li>Um g\u00eanero: <em><a href=\"http:\/\/nossacasa.net\/nossosriachos\/tabuleiros\/characidum\/\">Characidium<\/a><\/em> da fam\u00edlia <a href=\"http:\/\/nossacasa.net\/nossosriachos\/tabuleiros\/crenuchidae\/\">Crenuchidae<\/a>.<\/li>\n<li>Dois g\u00eaneros: <em><a href=\"http:\/\/nossacasa.net\/nossosriachos\/tabuleiros\/cyphocharax\/\">Cyphocharax<\/a><\/em> e <em><a href=\"http:\/\/nossacasa.net\/nossosriachos\/tabuleiros\/steindachnerina\/\">Steindachnerina<\/a><\/em> da fam\u00edlia <a href=\"http:\/\/nossacasa.net\/nossosriachos\/tabuleiros\/curimatidae\/\">Curimatidae<\/a>.<\/li>\n<li>Dois g\u00eaneros: <em><a href=\"http:\/\/nossacasa.net\/nossosriachos\/tabuleiros\/hoplias\/\">Hoplias<\/a><\/em> e <em><a href=\"http:\/\/nossacasa.net\/nossosriachos\/tabuleiros\/hoplerythrinus\/\">Hoplerythrinus<\/a><\/em> da fam\u00edlia <a href=\"http:\/\/nossacasa.net\/nossosriachos\/tabuleiros\/erythrinidae\/\">Erythrinidae<\/a>.<\/li>\n<li>Um g\u00eanero: <a href=\"http:\/\/nossacasa.net\/nossosriachos\/tabuleiros\/prochilodus\/\">Prochilodus<\/a> da fam\u00edlia <a href=\"http:\/\/nossacasa.net\/nossosriachos\/tabuleiros\/prochilodontidae\/\">Prochilodontidae<\/a>.<\/li>\n<li>Cinco g\u00eaneros: <em><a href=\"http:\/\/nossacasa.net\/nossosriachos\/tabuleiros\/metynnis\/\">Metynnis<\/a><\/em>, <em><a href=\"http:\/\/nossacasa.net\/nossosriachos\/tabuleiros\/myleus\/\">Myleus<\/a><\/em>, <em><a href=\"http:\/\/nossacasa.net\/nossosriachos\/tabuleiros\/piaractus\/\">Piaractus<\/a><\/em>, <em><a href=\"http:\/\/nossacasa.net\/nossosriachos\/tabuleiros\/pygocentrus\/\">Pygocentrus<\/a><\/em> e <em><a href=\"http:\/\/nossacasa.net\/nossosriachos\/tabuleiros\/serrasalmus\/\">Serrasalmus<\/a><\/em> da fam\u00edlia <a href=\"http:\/\/nossacasa.net\/nossosriachos\/tabuleiros\/serrasalmidae\/\">Serrasalmidae<\/a>.<\/li>\n<\/ul>\n<li><strong><a href=\"http:\/\/nossacasa.net\/nossosriachos\/tabuleiros\/siluriformes\/\">Siluriformes<\/a><\/strong> (vinte e nove g\u00eaneros):<\/li>\n<ul>\n<li>Quatro g\u00eaneros: <em><a href=\"http:\/\/nossacasa.net\/nossosriachos\/tabuleiros\/bagre\/\">Bagre<\/a><\/em>, <em><a href=\"http:\/\/nossacasa.net\/nossosriachos\/tabuleiros\/cathorops\/\">Cathorops<\/a><\/em>, <em><a href=\"http:\/\/nossacasa.net\/nossosriachos\/tabuleiros\/genidens\/\">Genidens<\/a><\/em>, e <em><a href=\"http:\/\/nossacasa.net\/nossosriachos\/tabuleiros\/paragenidens\/\">Paragenidens<\/a><\/em> da fam\u00edlia <a href=\"http:\/\/nossacasa.net\/nossosriachos\/tabuleiros\/ariidae\/\">Ariidae.<\/a><\/li>\n<li>Tr\u00eas g\u00eaneros: <em><a href=\"http:\/\/nossacasa.net\/nossosriachos\/tabuleiros\/glanidium\/\">Glanidium<\/a><\/em>, <em><a href=\"http:\/\/nossacasa.net\/nossosriachos\/tabuleiros\/pseudauchenipterus\/\">Pseudauchenipterus<\/a><\/em> e <em><a href=\"http:\/\/nossacasa.net\/nossosriachos\/tabuleiros\/trachelyopterus\/\">Trachelyopterus<\/a><\/em> da fam\u00edlia <a href=\"http:\/\/nossacasa.net\/nossosriachos\/tabuleiros\/auchenipteridae\/\">Auchenipteridae<\/a>. <\/li>\n<li>Cinco g\u00eaneros: <em><a href=\"http:\/\/nossacasa.net\/nossosriachos\/tabuleiros\/aspidoras\/\">Aspidoras<\/a><\/em>, <em><a href=\"http:\/\/nossacasa.net\/nossosriachos\/tabuleiros\/callichthys\/\">Callichthys<\/a><\/em>, <em><a href=\"http:\/\/nossacasa.net\/nossosriachos\/tabuleiros\/corydoras\/\">Corydoras<\/a><\/em>, <em><a href=\"http:\/\/nossacasa.net\/nossosriachos\/tabuleiros\/hoplosternum\/\">Hoplosternum<\/a><\/em> e <em><a href=\"http:\/\/nossacasa.net\/nossosriachos\/tabuleiros\/scleromystax\/\">Scleromystax<\/a><\/em> da fam\u00edlia <a href=\"http:\/\/nossacasa.net\/nossosriachos\/tabuleiros\/callichthyidae\/\">Callichthyidae<\/a>.<\/li>\n<li>Quatro g\u00eaneros: <em><a href=\"http:\/\/nossacasa.net\/nossosriachos\/tabuleiros\/acentronichthys\/\">Acentronichthys<\/a><\/em>s, <em><a href=\"http:\/\/nossacasa.net\/nossosriachos\/tabuleiros\/imparfinis\/\">Imparfinis<\/a><\/em>, <em><a href=\"http:\/\/nossacasa.net\/nossosriachos\/tabuleiros\/pimelodella\/\">Pimelodella<\/a><\/em> e <em><a href=\"http:\/\/nossacasa.net\/nossosriachos\/tabuleiros\/rhamdia\/\">Rhamdia<\/a><\/em> da fam\u00edlia <a href=\"http:\/\/nossacasa.net\/nossosriachos\/tabuleiros\/heptapteridae\/\">Heptapteridae<\/a>.<\/li>\n<li>Seis g\u00eaneros: <em><a href=\"http:\/\/nossacasa.net\/nossosriachos\/tabuleiros\/euryochus\/\">Euryochus<\/a><\/em>, <em><a href=\"http:\/\/nossacasa.net\/nossosriachos\/tabuleiros\/harttia\/\">Harttia<\/a><\/em>, <em><a href=\"http:\/\/nossacasa.net\/nossosriachos\/tabuleiros\/hypostomus\/\">Hypostomus<\/a><\/em>,<em> <a href=\"http:\/\/nossacasa.net\/nossosriachos\/tabuleiros\/otothyris\/\">Otothyris<\/a><\/em>, <em><a href=\"http:\/\/nossacasa.net\/nossosriachos\/tabuleiros\/parotocinclus\/\">Parotocinclus<\/a><\/em> e <em><a href=\"http:\/\/nossacasa.net\/nossosriachos\/tabuleiros\/pogonopoma\/\">Pogonopoma<\/a><\/em> da fam\u00edlia Loricariidae. <\/li>\n<li>Dois g\u00eaneros: <em><a href=\"http:\/\/nossacasa.net\/nossosriachos\/tabuleiros\/pimelodus\/\">Pimelodus<\/a><\/em> e <em><a href=\"http:\/\/nossacasa.net\/nossosriachos\/tabuleiros\/steindachneridion\/\">Steindachneridon<\/a><\/em> da fam\u00edlia <a href=\"http:\/\/nossacasa.net\/nossosriachos\/tabuleiros\/pimelodidae\/\">Pimelodidae<\/a>. <\/li>\n<li>Tr\u00eas g\u00eaneros: <em><a href=\"http:\/\/nossacasa.net\/nossosriachos\/tabuleiros\/lophiosilurus\/\">Lophiosilurus<\/a><\/em>, <em>Microglanis<\/em> e <em><a href=\"http:\/\/nossacasa.net\/nossosriachos\/tabuleiros\/pseudopimelodus\/\">Pseudopimelodus<\/a><\/em> da fam\u00edlia <a href=\"http:\/\/nossacasa.net\/nossosriachos\/tabuleiros\/pseudopimelodidae\/\">Pseudopimelodidae<\/a>.<\/li>\n<li>Tr\u00eas g\u00eaneros: <em><a href=\"http:\/\/nossacasa.net\/nossosriachos\/tabuleiros\/ituglanis\/\">Ituglanis<\/a><\/em>, <em><a href=\"http:\/\/nossacasa.net\/nossosriachos\/tabuleiros\/microcambeva\/\">Microcambeva<\/a><\/em> e <em><a href=\"http:\/\/nossacasa.net\/nossosriachos\/tabuleiros\/trichomycterus\/\">Trichomycterus<\/a><\/em> da fam\u00edlia <a href=\"http:\/\/nossacasa.net\/nossosriachos\/tabuleiros\/trichomycteridae\/\">Trichomycteridae<\/a>.<\/li>\n<\/ul>\n<li><strong><a href=\"http:\/\/nossacasa.net\/nossosriachos\/tabuleiros\/gymnotiformes\/\">Gymnotiformes<\/a><\/strong> (um g\u00eanero): <\/li>\n<ul>\n<p>Um g\u00eanero: <em><a href=\"http:\/\/nossacasa.net\/nossosriachos\/tabuleiros\/gymnotus\/\">Gymnotus<\/a><\/em> da fam\u00edlia <a href=\"http:\/\/nossacasa.net\/nossosriachos\/tabuleiros\/gymnotidae\/\">Gymnotidae<\/a>.\n<\/ul>\n<li><strong><a href=\"http:\/\/nossacasa.net\/nossosriachos\/tabuleiros\/gobiiformes\/\">Gobiiformes<\/a><\/strong> (sete g\u00eaneros):<\/li>\n<ul>\n<li>Quatro g\u00eaneros: <em><a href=\"http:\/\/nossacasa.net\/nossosriachos\/tabuleiros\/awaous\/\">Awaous<\/a><\/em>, <em><a href=\"http:\/\/nossacasa.net\/nossosriachos\/tabuleiros\/bathygobius\/\">Bathygobius<\/a><\/em>, <em><a href=\"http:\/\/nossacasa.net\/nossosriachos\/tabuleiros\/ctenogobius\/\">Ctenogobius<\/a><\/em> e <em><a href=\"http:\/\/nossacasa.net\/nossosriachos\/tabuleiros\/gobionellus\/\">Gobionellus<\/a><\/em> da fam\u00edlia <a href=\"http:\/\/nossacasa.net\/nossosriachos\/tabuleiros\/gobiidae\/\">Gobiidae<\/a>. <\/li>\n<li>Tr\u00eas g\u00eaneros: <em><a href=\"http:\/\/nossacasa.net\/nossosriachos\/tabuleiros\/dormitator\/\">Dormitator<\/a><\/em>, <em><a href=\"http:\/\/nossacasa.net\/nossosriachos\/tabuleiros\/eleotris\/\">Eleotris<\/a><\/em> e <em>Guavina<\/em> da fam\u00edlia <a href=\"http:\/\/nossacasa.net\/nossosriachos\/tabuleiros\/eleotridae\/\">Eleotridae<\/a>.<\/li>\n<\/ul>\n<li><strong><a href=\"http:\/\/nossacasa.net\/nossosriachos\/tabuleiros\/cichliformes\/\">Cichliformes<\/a><\/strong> (sete g\u00eaneros):<\/li>\n<ul>\n<li>Sete g\u00eaneros: <em><a href=\"http:\/\/nossacasa.net\/nossosriachos\/tabuleiros\/astronotus\/\">Astronotus<\/a><\/em>, <em><a href=\"http:\/\/nossacasa.net\/nossosriachos\/tabuleiros\/australoheros\/\">Australoheros<\/a><\/em>, <em><a href=\"http:\/\/nossacasa.net\/nossosriachos\/tabuleiros\/cichla\/\">Cichla<\/a><\/em>, <em><a href=\"http:\/\/nossacasa.net\/nossosriachos\/tabuleiros\/crenicichla\/\">Crenicichla<\/a><\/em>, <em><a href=\"http:\/\/nossacasa.net\/nossosriachos\/tabuleiros\/geophagus\/\">Geophagus<\/a><\/em>, <em><a href=\"http:\/\/nossacasa.net\/nossosriachos\/tabuleiros\/oreochromis\/\">Oreochromis<\/a><\/em> e <em><a href=\"http:\/\/nossacasa.net\/nossosriachos\/tabuleiros\/tilapia\/\">Tilapia<\/a><\/em> da fam\u00edlia <a href=\"http:\/\/nossacasa.net\/nossosriachos\/tabuleiros\/cichlidae\/\">Cichlidae<\/a>.<\/li>\n<\/ul>\n<li><strong><a href=\"http:\/\/nossacasa.net\/nossosriachos\/tabuleiros\/cyprinodontiformes\/\">Cyprinodontiformes<\/a><\/strong> (sete g\u00eaneros):<\/li>\n<ul>\n<li>Quatro g\u00eaneros: <em><a href=\"http:\/\/nossacasa.net\/nossosriachos\/tabuleiros\/atlantirivulus\/\">Atlantirivulus<\/a><\/em>, <em><a href=\"http:\/\/nossacasa.net\/nossosriachos\/tabuleiros\/kryptolebias\/\">Kryptolebias<\/a><\/em>, <em><a href=\"http:\/\/nossacasa.net\/nossosriachos\/tabuleiros\/mucurilebias\/\">Mucurilebias<\/a><\/em> e <em><a href=\"http:\/\/nossacasa.net\/nossosriachos\/tabuleiros\/xenurolebias\/\">Xenurolebias<\/a><\/em> da fam\u00edlia <a href=\"http:\/\/nossacasa.net\/nossosriachos\/tabuleiros\/rivulidae\/\">Rivulidae<\/a>. <\/li>\n<li>Tr\u00eas g\u00eaneros: <em><a href=\"http:\/\/nossacasa.net\/nossosriachos\/tabuleiros\/phalloceros\/\">Phalloceros<\/a><\/em>, <em><a href=\"http:\/\/nossacasa.net\/nossosriachos\/tabuleiros\/poecilia\/\">Poecilia<\/a><\/em> e <em><a href=\"http:\/\/nossacasa.net\/nossosriachos\/tabuleiros\/xiphophorus\/\">Xiphophorus<\/a><\/em> da fam\u00edlia <a href=\"http:\/\/nossacasa.net\/nossosriachos\/tabuleiros\/poeciliidae\/\">Poeciliidae<\/a>.<\/li>\n<\/ul>\n<li><strong><a href=\"http:\/\/nossacasa.net\/nossosriachos\/tabuleiros\/synbranchiformes\/\">Synbranchiformes<\/a><\/strong> (um g\u00eanero): <\/li>\n<ul>\n<li>Um g\u00eanero: <em><a href=\"http:\/\/nossacasa.net\/nossosriachos\/tabuleiros\/synbranchus\/\">Synbranchus<\/a><\/em> da fam\u00edlia <a href=\"http:\/\/nossacasa.net\/nossosriachos\/tabuleiros\/synbranchidae\/\">Synbranchidae<\/a>.<\/li>\n<\/ul>\n<li><strong><a href=\"http:\/\/nossacasa.net\/nossosriachos\/tabuleiros\/pleuronectiformes\/\">Pleuronectiformes<\/a><\/strong> <\/li>\n<ul>\n<li>Dois g\u00eaneros: <em><a href=\"http:\/\/nossacasa.net\/nossosriachos\/tabuleiros\/achirus\/\">Achirus<\/a><\/em> e <em><a href=\"http:\/\/nossacasa.net\/nossosriachos\/tabuleiros\/trinectes\/\">Trinectes<\/a><\/em> da fam\u00edlia <a href=\"http:\/\/nossacasa.net\/nossosriachos\/tabuleiros\/achiridae\/\">Achiridae<\/a>.<\/li>\n<li>Um g\u00eanero: <a href=\"http:\/\/nossacasa.net\/nossosriachos\/tabuleiros\/symphurus\/\">Symphurus<\/a> da fam\u00edlia <a href=\"http:\/\/nossacasa.net\/nossosriachos\/tabuleiros\/cynoglossidae\/\">Cynoglossidae<\/a>.<\/li>\n<li>Quatros g\u00eaneros: <em><a href=\"http:\/\/nossacasa.net\/nossosriachos\/tabuleiros\/citharichthys\/\">Citharichthys<\/a><\/em>, <em><a href=\"http:\/\/nossacasa.net\/nossosriachos\/tabuleiros\/etropus\/\">Etropus<\/a><\/em>, <em><a href=\"http:\/\/nossacasa.net\/nossosriachos\/tabuleiros\/paralichthys\/\">Paralichthys<\/a><\/em> e <em><a href=\"http:\/\/nossacasa.net\/nossosriachos\/tabuleiros\/syacium\/\">Syacium<\/a><\/em> da fam\u00edlia Paralichthyidae.<\/li>\n<\/ul>\n<li><strong><a href=\"http:\/\/nossacasa.net\/nossosriachos\/tabuleiros\/syngnathiformes\/\">Syngnathiformes<\/a><\/strong><\/li>\n<ul>\n<li>Tr\u00eas g\u00eaneros: <a href=\"http:\/\/nossacasa.net\/nossosriachos\/tabuleiros\/microphis\/\"><em>Microphis<\/em><\/a>, <em><a href=\"http:\/\/nossacasa.net\/nossosriachos\/tabuleiros\/pseudophallus\/\">Pseudophallus<\/a><\/em> e <em><a href=\"http:\/\/nossacasa.net\/nossosriachos\/tabuleiros\/syngnathus\/\">Syngnathus<\/a><\/em> da fam\u00edlia <a href=\"http:\/\/nossacasa.net\/nossosriachos\/tabuleiros\/syngnathidae\/\">Syngnathidae<\/a>.<\/li>\n<\/ul>\n<li><strong><a href=\"http:\/\/nossacasa.net\/nossosriachos\/tabuleiros\/perciformes\/\">Perciformes<\/a> <\/strong><\/li>\n<ul>\n<li>Um g\u00eanero: <em><a href=\"http:\/\/nossacasa.net\/nossosriachos\/tabuleiros\/centropomus\/\">Centropomus<\/a><\/em> da fam\u00edlia Centropomidae.<\/li>\n<\/ul>\n<\/ol>\n<\/div>\n","protected":false},"excerpt":{"rendered":"<p>Os G\u00eaneros. Os peixes de \u00e1gua doce na Mata Atl\u00e2ntica de tabuleiro est\u00e3o distribu\u00eddos em 92 g\u00eaneros: Anguilliformes (tr\u00eas g\u00eaneros): Tr\u00eas g\u00eaneros: Ahlia, Myrophis e Ophichthus da fam\u00edlia Ophichthidae. Characiformes (vinte e cinco g\u00eaneros): Tr\u00eas g\u00eaneros: Hypomasticus, Leporinus e Megaleporinus &hellip; <a href=\"http:\/\/nossacasa.net\/nossosriachos\/tabuleiros\/generos\/\">Continue lendo <span class=\"meta-nav\">&rarr;<\/span><\/a><\/p>\n","protected":false},"author":1,"featured_media":0,"parent":0,"menu_order":0,"comment_status":"closed","ping_status":"closed","template":"","meta":{"footnotes":""},"class_list":["post-625","page","type-page","status-publish","hentry"],"_links":{"self":[{"href":"http:\/\/nossacasa.net\/nossosriachos\/tabuleiros\/wp-json\/wp\/v2\/pages\/625","targetHints":{"allow":["GET"]}}],"collection":[{"href":"http:\/\/nossacasa.net\/nossosriachos\/tabuleiros\/wp-json\/wp\/v2\/pages"}],"about":[{"href":"http:\/\/nossacasa.net\/nossosriachos\/tabuleiros\/wp-json\/wp\/v2\/types\/page"}],"author":[{"embeddable":true,"href":"http:\/\/nossacasa.net\/nossosriachos\/tabuleiros\/wp-json\/wp\/v2\/users\/1"}],"replies":[{"embeddable":true,"href":"http:\/\/nossacasa.net\/nossosriachos\/tabuleiros\/wp-json\/wp\/v2\/comments?post=625"}],"version-history":[{"count":2,"href":"http:\/\/nossacasa.net\/nossosriachos\/tabuleiros\/wp-json\/wp\/v2\/pages\/625\/revisions"}],"predecessor-version":[{"id":4151,"href":"http:\/\/nossacasa.net\/nossosriachos\/tabuleiros\/wp-json\/wp\/v2\/pages\/625\/revisions\/4151"}],"wp:attachment":[{"href":"http:\/\/nossacasa.net\/nossosriachos\/tabuleiros\/wp-json\/wp\/v2\/media?parent=625"}],"curies":[{"name":"wp","href":"https:\/\/api.w.org\/{rel}","templated":true}]}}