{"id":630,"date":"2019-08-10T18:44:00","date_gmt":"2019-08-10T21:44:00","guid":{"rendered":"http:\/\/nossacasa.net\/nossosriachos\/rios\/?page_id=630"},"modified":"2019-09-28T15:00:24","modified_gmt":"2019-09-28T18:00:24","slug":"especies","status":"publish","type":"page","link":"http:\/\/nossacasa.net\/nossosriachos\/tabuleiros\/especies\/","title":{"rendered":"Esp\u00e9cies"},"content":{"rendered":"<div style=\"text-align: justify\">\n<h1>As Esp\u00e9cies<\/h1>\n<p>. <\/p>\n<p>Os peixes de \u00e1gua doce na Mata Atl\u00e2ntica de tabuleiro est\u00e3o distribu\u00eddos em 119 esp\u00e9cies. <\/p>\n<ol>\n<li><strong><a href=\"http:\/\/nossacasa.net\/nossosriachos\/tabuleiros\/anguilliformes\/\">Anguilliformes<\/a><\/strong> (3 esp\u00e9cies):<\/li>\n<ul>\n<li>Fam\u00edlia <strong><a href=\"http:\/\/nossacasa.net\/nossosriachos\/tabuleiros\/ophichthidae\/\">Ophichthidae<\/a><\/strong> (3 esp\u00e9cies):<\/li>\n<ul>\n<li><em><a href=\"http:\/\/nossacasa.net\/nossosriachos\/tabuleiros\/ahlia-egmontis\/\">Ahlia egmontis<\/a><\/em>, <em><a>Myrophis brachyurus<\/a><\/em> e <em><a href=\"http:\/\/nossacasa.net\/nossosriachos\/tabuleiros\/ophichthus-parilis\/\">Ophichthus parilis<\/a><\/em><\/li>\n<\/ul>\n<\/ul>\n<li><strong><a href=\"http:\/\/nossacasa.net\/nossosriachos\/tabuleiros\/characiformes\/\">Characiformes<\/a><\/strong> (41 esp\u00e9cies)<\/li>\n<ul>\n<li>Fam\u00edlia <strong><a href=\"http:\/\/nossacasa.net\/nossosriachos\/tabuleiros\/anostomidae\/\">Anostomidae<\/a><\/strong> (5 esp\u00e9cies):<\/li>\n<ul>\n<li><em><a href=\"http:\/\/nossacasa.net\/nossosriachos\/tabuleiros\/hypomasticus-mormyrops\/\">Hypomasticus mormyrops<\/a><\/em>, <em><a href=\"http:\/\/nossacasa.net\/nossosriachos\/tabuleiros\/hypomasticus-thayeri\/\">Hypomasticus thayeri<\/a><\/em>, <em><a href=\"http:\/\/nossacasa.net\/nossosriachos\/tabuleiros\/leporinus-copelandii\/\">Leporinus copelandii<\/a><\/em>, <em><a href=\"http:\/\/nossacasa.net\/nossosriachos\/tabuleiros\/leporinus-steindachneri\/\">Leporinus steindachneri<\/a><\/em> e <em><a href=\"http:\/\/nossacasa.net\/nossosriachos\/tabuleiros\/megaleporinus-conirostris\/\">Megaleporinus conirostris<\/a><\/em><\/li>\n<\/ul>\n<li>Fam\u00edlia <strong><a href=\"http:\/\/nossacasa.net\/nossosriachos\/tabuleiros\/bryconidae\/\">Bryconidae<\/a><\/strong> (6 esp\u00e9cies):<\/li>\n<ul>\n<li><em><a href=\"http:\/\/nossacasa.net\/nossosriachos\/tabuleiros\/brycon-dulcis\/\">Brycon dulcis<\/a><\/em>, <em><a href=\"http:\/\/nossacasa.net\/nossosriachos\/tabuleiros\/brycon-ferox\/\">Brycon ferox<\/a><\/em>, <em><a href=\"http:\/\/nossacasa.net\/nossosriachos\/tabuleiros\/brycon-opalinus\/\">Brycon opalinus<\/a><\/em>, <em><a href=\"http:\/\/nossacasa.net\/nossosriachos\/tabuleiros\/brycon-vermelha\/\">Brycon vermelha<\/a><\/em>, <em><a href=\"http:\/\/nossacasa.net\/nossosriachos\/tabuleiros\/henochilus-wheatlandii\/\">Henochilus wheatlandii<\/a><\/em> e <em><a href=\"http:\/\/nossacasa.net\/nossosriachos\/tabuleiros\/salminus-brasiliensis\/\">Salminus brasiliensis<\/a><\/em><\/li>\n<\/ul>\n<\/ul>\n<ul>\n<li>Fam\u00edlia <strong><a href=\"http:\/\/nossacasa.net\/nossosriachos\/tabuleiros\/characidae\/\">Characidae<\/a><\/strong>  (13 esp\u00e9cies):<\/li>\n<ul>\n<li><a href=\"http:\/\/nossacasa.net\/nossosriachos\/tabuleiros\/astyanax-aff-lacustris\/\"><em>Astyana<\/em>x aff. <em>lacustris<\/em><\/a>, <a href=\"http:\/\/nossacasa.net\/nossosriachos\/tabuleiros\/astyanax-aff-rivularis\/\"><em>Astyanax<\/em> aff.<em> rivularis<\/em><\/a>, <a href=\"http:\/\/nossacasa.net\/nossosriachos\/tabuleiros\/astyanax-aff-intermedius\/\"><em>Astyanax<\/em> aff. <em>intermedius<\/em><\/a>, <a href=\"http:\/\/nossacasa.net\/nossosriachos\/tabuleiros\/astyanax-fasciatus\/\"><em>Astyanax fasciatus<\/em><\/a>, <a href=\"http:\/\/nossacasa.net\/nossosriachos\/tabuleiros\/hyphessobrycon-bifasciatus\/\"><em>Hyphessobrycon bifasciatus<\/em><\/a>, <a href=\"http:\/\/nossacasa.net\/nossosriachos\/tabuleiros\/hyphessobrycon-aff-boulengeri\/\"><em>Hyphessobrycon<\/em> aff. <em>boulengeri<\/em><\/a>, <a href=\"http:\/\/nossacasa.net\/nossosriachos\/tabuleiros\/knodus-aff-moenkhausi\/\"><em>Knodus<\/em> aff. <em>moenkhausi<\/em><\/a>, <a href=\"http:\/\/nossacasa.net\/nossosriachos\/tabuleiros\/mimagoniates-microlepis\/\"><em>Mimagoniates microlepis<\/em><\/a>, <a href=\"http:\/\/nossacasa.net\/nossosriachos\/tabuleiros\/mimagoniates-sylvicola\/\"><em>Mimagoniates sylvicola<\/em><\/a>,<a href=\"http:\/\/nossacasa.net\/nossosriachos\/tabuleiros\/moenkhausia-doceana\/\"> <em>Moenkhausia doceana<\/em><\/a>, <a href=\"http:\/\/nossacasa.net\/nossosriachos\/tabuleiros\/oligosarcus-acutirostris\/\"><em>Oligosarcus acutirostris<\/em><\/a>, <a href=\"http:\/\/nossacasa.net\/nossosriachos\/tabuleiros\/rachoviscus-graciliceps\/\"><em>Rachoviscus graciliceps<\/em><\/a> e <a href=\"http:\/\/nossacasa.net\/nossosriachos\/tabuleiros\/serrapinnus-heterodon\/\"><em>Serrapinnus heterodon<\/em><\/a>.\n<\/li>\n<\/ul>\n<\/ul>\n<ul>\n<li>Fam\u00edlia <strong><a href=\"http:\/\/nossacasa.net\/nossosriachos\/tabuleiros\/crenuchidae\/\">Crenuchidae<\/a><\/strong>  (4 esp\u00e9cies):<\/li>\n<ul>\n<li><a href=\"http:\/\/nossacasa.net\/nossosriachos\/tabuleiros\/characidium-cricarense\/\"><em>Characidium cricarense<\/em><\/a>, <a href=\"http:\/\/nossacasa.net\/nossosriachos\/tabuleiros\/characidium-helmeri\/\"><em>Characidium  helmeri<\/em><\/a>, <a href=\"http:\/\/nossacasa.net\/nossosriachos\/tabuleiros\/characidium-interruptum\/\"><em>Characidium interruptum<\/em><\/a> e <a href=\"http:\/\/nossacasa.net\/nossosriachos\/tabuleiros\/characidium-aff-samurai\/\"><em>Characidium<\/em> aff. <em>samurai<\/em><\/a>.\n<\/li>\n<\/ul>\n<\/ul>\n<ul>\n<li>Fam\u00edlia <strong><a href=\"http:\/\/nossacasa.net\/nossosriachos\/tabuleiros\/curimatidae\/\">Curimatidae<\/a><\/strong>  (2 esp\u00e9cies):<\/li>\n<ul>\n<li><a href=\"http:\/\/nossacasa.net\/nossosriachos\/tabuleiros\/cyphocharax-gilbert\/\"><em>Cyphocharax gilbert<\/em><\/a> e <a href=\"http:\/\/nossacasa.net\/nossosriachos\/tabuleiros\/steindachnerina-elegans\/\"><em>Steindachnerina elegans<\/em><\/a>\n<\/li>\n<\/ul>\n<\/ul>\n<ul>\n<li>Fam\u00edlia <strong><a href=\"http:\/\/nossacasa.net\/nossosriachos\/tabuleiros\/erythrinidae\/\">Erythrinidae<\/a><\/strong>  (3 esp\u00e9cies):<\/li>\n<ul>\n<li><a href=\"http:\/\/nossacasa.net\/nossosriachos\/tabuleiros\/prochilodus-argenteus\/\"><em>Prochilodus argenteus<\/em><\/a>, <a href=\"http:\/\/nossacasa.net\/nossosriachos\/tabuleiros\/prochilodus-costatus\/\"><em>Prochilodus costatus<\/em><\/a> e <a href=\"http:\/\/nossacasa.net\/nossosriachos\/tabuleiros\/prochilodus-vimboides\/\"><em>Prochilodus vimboides<\/em><\/a><\/li>\n<\/ul>\n<\/ul>\n<ul>\n<li>Fam\u00edlia <strong><a href=\"http:\/\/nossacasa.net\/nossosriachos\/tabuleiros\/prochilodontidae\/\">Prochilodontidae<\/a><\/strong>  (3 esp\u00e9cies):<\/li>\n<ul>\n<li><em><a href=\"http:\/\/nossacasa.net\/nossosriachos\/tabuleiros\/hoplias-malabaricus\/\">Hoplias malabaricus<\/a><\/em>, <em><a href=\"http:\/\/nossacasa.net\/nossosriachos\/tabuleiros\/hoplias-intermedius\/\">Hoplias intermedius<\/a><\/em> e <a href=\"http:\/\/nossacasa.net\/nossosriachos\/tabuleiros\/hoplerythrinus-unitaeniatus\/\">Hoplerythrinus unitaenuatus<\/a><\/li>\n<\/ul>\n<\/ul>\n<ul>\n<li>Fam\u00edlia <strong><a href=\"http:\/\/nossacasa.net\/nossosriachos\/tabuleiros\/serrasalmidae\/\">Serrasalmidae<\/a><\/strong>  (5 esp\u00e9cies):<\/li>\n<ul>\n<li><a href=\"http:\/\/nossacasa.net\/nossosriachos\/tabuleiros\/metynnis-maculatus\/\"><em>Metynnis maculatus<\/em><\/a>, <a href=\"http:\/\/nossacasa.net\/nossosriachos\/tabuleiros\/myleus-micans\/\"><em>Myleus micans<\/em><\/a>, <a href=\"http:\/\/nossacasa.net\/nossosriachos\/tabuleiros\/piaractus-mesopotamicus\/\"><em>Piaractus mesopotamicus<\/em><\/a>, <a href=\"http:\/\/nossacasa.net\/nossosriachos\/tabuleiros\/pygocentrus-nattereri\/\"><em>Pygocentrus nattereri<\/em><\/a> e <a href=\"http:\/\/nossacasa.net\/nossosriachos\/tabuleiros\/serrasalmus-spilopleura\/\"><em>Serrasalmus spilopleura<\/em><\/a><\/li>\n<\/ul>\n<\/ul>\n<li><strong><a href=\"http:\/\/nossacasa.net\/nossosriachos\/tabuleiros\/siluriformes\/\">Siluriformes<\/a><\/strong> (36 esp\u00e9cies)<\/li>\n<ul>\n<li>Fam\u00edlia <strong><a href=\"http:\/\/nossacasa.net\/nossosriachos\/tabuleiros\/ariidae\/\">Ariidae<\/a><\/strong>  (4 esp\u00e9cies):<\/li>\n<ul>\n<li><em><a href=\"http:\/\/nossacasa.net\/nossosriachos\/tabuleiros\/bagre-marinus\/\">Bagre marinus<\/a><\/em>, <em><a href=\"http:\/\/nossacasa.net\/nossosriachos\/tabuleiros\/cathorops-spixii\/\">Cathorops spixii<\/a><\/em>, <em><a href=\"http:\/\/nossacasa.net\/nossosriachos\/tabuleiros\/genidens-genidens\/\">Genidens genidens<\/a><\/em> e <em><a href=\"http:\/\/nossacasa.net\/nossosriachos\/tabuleiros\/paragenidens-grandoculis\/\">Paragenidens grandoculis<\/a><\/em><\/li>\n<\/ul>\n<\/ul>\n<ul>\n<li>Fam\u00edlia <strong><a href=\"http:\/\/nossacasa.net\/nossosriachos\/tabuleiros\/auchenipteridae\/\">Auchenipteridae<\/a><\/strong>  (3 esp\u00e9cies):<\/li>\n<ul>\n<li><em><a href=\"http:\/\/nossacasa.net\/nossosriachos\/tabuleiros\/glanidium-botocudo\/\">Glanidium botocudo<\/a><\/em>, <em><a href=\"http:\/\/nossacasa.net\/nossosriachos\/tabuleiros\/pseudauchenipterus-affinis\/\">Pseudauchenipterus affinis<\/a><\/em> e <em><a href=\"http:\/\/nossacasa.net\/nossosriachos\/tabuleiros\/trachelyopterus-striatulus\/\">Trachelyopterus striatulus<\/a><\/em><\/li>\n<\/ul>\n<\/ul>\n<ul>\n<li>Fam\u00edlia <strong><a href=\"http:\/\/nossacasa.net\/nossosriachos\/tabuleiros\/callichthyidae\/\">Callichthyidae<\/a><\/strong>  (5 esp\u00e9cies):<\/li>\n<ul>\n<li><em><a href=\"http:\/\/nossacasa.net\/nossosriachos\/tabuleiros\/aspidoras-virgulatus\/\">Aspidoras virgulatus<\/a><\/em>, <em><a href=\"http:\/\/nossacasa.net\/nossosriachos\/tabuleiros\/callichthys-callichthys\/\">Callichthys callichthys<\/a><\/em>, <em><a href=\"http:\/\/nossacasa.net\/nossosriachos\/tabuleiros\/corydoras-nattereri\/\">Corydoras nattereri<\/a><\/em>, <em><a href=\"http:\/\/nossacasa.net\/nossosriachos\/tabuleiros\/hoplosternum-littorale\/\">Hoplosternum littorale<\/a><\/em> e <em><a href=\"http:\/\/nossacasa.net\/nossosriachos\/tabuleiros\/scleromystax-prionotos\/\">Scleromystax prionotos<\/a><\/em><\/li>\n<\/ul>\n<\/ul>\n<ul>\n<li>Fam\u00edlia <strong><a href=\"http:\/\/nossacasa.net\/nossosriachos\/tabuleiros\/heptapteridae\/\">Heptapteridae<\/a><\/strong>  (4 esp\u00e9cies):<\/li>\n<ul>\n<li><em><a href=\"http:\/\/nossacasa.net\/nossosriachos\/tabuleiros\/acentronichthys-leptos\/\">Acentronichthys leptos<\/a><\/em>, <a href=\"http:\/\/nossacasa.net\/nossosriachos\/tabuleiros\/imparfinis-aff-minutus\/\"><em>Imparfinis<\/em> aff. <em>minutus<\/em><\/a>, <a href=\"http:\/\/nossacasa.net\/nossosriachos\/tabuleiros\/pimelodella-aff-vitatta\/\"><em>Pimelodella<\/em> aff. <em>vitatta<\/em><\/a> e <a href=\"http:\/\/nossacasa.net\/nossosriachos\/tabuleiros\/rhamdia-aff-quellen\/\"><em>Rhamdia<\/em> aff. <em>quellen<\/em><\/a><\/li>\n<\/ul>\n<\/ul>\n<ul>\n<li>Fam\u00edlia <strong><a href=\"http:\/\/nossacasa.net\/nossosriachos\/tabuleiros\/loricariidae\/\">Loricariidae<\/a><\/strong>  (8 esp\u00e9cies):<\/li>\n<ul>\n<li><em><a href=\"http:\/\/nossacasa.net\/nossosriachos\/tabuleiros\/ruryochus-thysanos\/\">Euryochus thysanos<\/a><\/em>, <em><a href=\"http:\/\/nossacasa.net\/nossosriachos\/tabuleiros\/harttia-carvalhoi\/\">Harttia carvalhoi<\/a><\/em>, <em><a href=\"http:\/\/nossacasa.net\/nossosriachos\/tabuleiros\/hypostomus-scabriceps\/\">Hypostomus scabriceps<\/a><\/em>, <em><a href=\"http:\/\/nossacasa.net\/nossosriachos\/tabuleiros\/hypostomus-sp-n\/\">Hypostomus sp.n.<\/a><\/em>, <em><a href=\"http:\/\/nossacasa.net\/nossosriachos\/tabuleiros\/otothyris-travassosi\/\">Otothyris travassosi<\/a><\/em>, <em><a href=\"http:\/\/nossacasa.net\/nossosriachos\/tabuleiros\/parotocinclus-doceanus\/\">Parotocinclus doceanus<\/a><\/em>, <em><a href=\"http:\/\/nossacasa.net\/nossosriachos\/tabuleiros\/parotocinclus-arandai\/\">Parotocinclus arandai<\/a><\/em> e <em><a href=\"http:\/\/nossacasa.net\/nossosriachos\/tabuleiros\/pogonopoma-wertheimeri\/\">Pogonopoma wertheimeri<\/a><\/em><\/li>\n<\/ul>\n<\/ul>\n<ul>\n<li>Fam\u00edlia <strong><a href=\"http:\/\/nossacasa.net\/nossosriachos\/tabuleiros\/pimelodidae\/\">Pimelodidae<\/a><\/strong>  (2 esp\u00e9cies):<\/li>\n<ul>\n<li><em><a href=\"http:\/\/nossacasa.net\/nossosriachos\/tabuleiros\/pimelodus-maculatus\/\">Pimelodus Maculatus<\/a><\/em> e <em><a href=\"http:\/\/nossacasa.net\/nossosriachos\/tabuleiros\/steindachneridion-doceanum\/\">Steindachneridion Doceanum<\/a><\/em><\/li>\n<\/ul>\n<\/ul>\n<ul>\n<li>Fam\u00edlia <strong><a href=\"http:\/\/nossacasa.net\/nossosriachos\/tabuleiros\/pseudopimelodidae\/\">Pseudopimelodidae<\/a><\/strong>  (4 esp\u00e9cies):<\/li>\n<ul>\n<li><em><a href=\"http:\/\/nossacasa.net\/nossosriachos\/tabuleiros\/lophiosilurus-alexandri\/\">Lophiosilurus alexandri<\/a><\/em>, <em><a href=\"http:\/\/nossacasa.net\/nossosriachos\/tabuleiros\/microglanis-pataxo\/\">Microglanis pataxo<\/a><\/em>, <em><a href=\"http:\/\/nossacasa.net\/nossosriachos\/tabuleiros\/microglanis-minutus\/\">Microglanis minutus<\/a><\/em> e <em><a href=\"http:\/\/nossacasa.net\/nossosriachos\/tabuleiros\/pseudopimelodus-charus\/\">Pseudopimelodus charus<\/a><\/em><\/li>\n<\/ul>\n<\/ul>\n<ul>\n<li>Fam\u00edlia <strong><a href=\"http:\/\/nossacasa.net\/nossosriachos\/tabuleiros\/trichomycteridae\/\">Trichomycteridae<\/a><\/strong>  (6 esp\u00e9cies):<\/li>\n<ul>\n<li><em><a href=\"http:\/\/nossacasa.net\/nossosriachos\/tabuleiros\/ituglanis-cahyensis\/\">Ituglanis cahyensis<\/a><\/em>, <em><a href=\"http:\/\/nossacasa.net\/nossosriachos\/tabuleiros\/microcambeva-draco\/\">Microcambeva draco<\/a><\/em>, <em><a href=\"http:\/\/nossacasa.net\/nossosriachos\/tabuleiros\/trichomycterus-alternatus\/\">Trichomycterus alternatus<\/a><\/em>, <em><a href=\"http:\/\/nossacasa.net\/nossosriachos\/tabuleiros\/trichomycterus-jequitinhonhae\/\">Trichomycterus jequitinhonhae<\/a><\/em> e <em><a href=\"http:\/\/nossacasa.net\/nossosriachos\/tabuleiros\/trichomycterus-pradensis\/\">Trichomycterus pradensis<\/a><\/em><\/li>\n<\/ul>\n<\/ul>\n<li><strong><a href=\"http:\/\/nossacasa.net\/nossosriachos\/tabuleiros\/gymnotiformes\/\">Gymnotiformes<\/a><\/strong> (1 esp\u00e9cie)<\/li>\n<ul>\n<li>Fam\u00edlia <strong><a href=\"http:\/\/nossacasa.net\/nossosriachos\/tabuleiros\/gymnotidae\/\">Gymnotidae<\/a><\/strong>  (1 esp\u00e9cie):<\/li>\n<ul>\n<li><em><a href=\"http:\/\/nossacasa.net\/nossosriachos\/tabuleiros\/gymnotus-carapo\/\">Gymnotus carapo<\/a><\/em><\/li>\n<\/ul>\n<\/ul>\n<li><strong><a href=\"http:\/\/nossacasa.net\/nossosriachos\/tabuleiros\/gobiiformes\/\">Gobiiformes<\/a><\/strong> (7 esp\u00e9cies)<\/li>\n<ul>\n<li>Fam\u00edlia <strong><a href=\"http:\/\/nossacasa.net\/nossosriachos\/tabuleiros\/gobiidae\/\">Gobiidae<\/a><\/strong>  (4 esp\u00e9cies):<\/li>\n<ul>\n<li><em><a href=\"http:\/\/nossacasa.net\/nossosriachos\/tabuleiros\/awaous-tajasica\/\">Awaous tajasica<\/a><\/em>, <em><a href=\"http:\/\/nossacasa.net\/nossosriachos\/tabuleiros\/bathygobius-soporator\/\">Bathygobius soporator<\/a><\/em>, <em><a href=\"http:\/\/nossacasa.net\/nossosriachos\/tabuleiros\/ctenogobius-boleosoma\/\">Ctenogobius boleosoma<\/a><\/em> e <em><a href=\"http:\/\/nossacasa.net\/nossosriachos\/tabuleiros\/gobionellus-oceanicus\/\">Gobionellus oceanicus<\/a><\/em> <\/li>\n<\/ul>\n<\/ul>\n<ul>\n<li>Fam\u00edlia <strong><a href=\"http:\/\/nossacasa.net\/nossosriachos\/tabuleiros\/eleotridae\/\">Eleotridae<\/a><\/strong>  (3 esp\u00e9cies):<\/li>\n<ul>\n<li><a href=\"http:\/\/nossacasa.net\/nossosriachos\/tabuleiros\/dormitator-maculatus\/\">Dormitator maculatus<\/a>, <a href=\"http:\/\/nossacasa.net\/nossosriachos\/tabuleiros\/eleotris-pisonis\/\">Eleotris pisonis<\/a> e <a href=\"http:\/\/nossacasa.net\/nossosriachos\/tabuleiros\/guavina-guavina\/\">Guavina guavina<\/a><\/li>\n<\/ul>\n<\/ul>\n<li><strong><a href=\"http:\/\/nossacasa.net\/nossosriachos\/tabuleiros\/cichliformes\/\">Cichliformes<\/a><\/strong> (7 esp\u00e9cies)<\/li>\n<ul>\n<li>Fam\u00edlia <strong><a href=\"http:\/\/nossacasa.net\/nossosriachos\/tabuleiros\/cichlidae\/\">Cichlidae<\/a><\/strong>  (7 esp\u00e9cies):<\/li>\n<ul>\n<li><em><a href=\"http:\/\/nossacasa.net\/nossosriachos\/tabuleiros\/astronotus-ocellatus\/\">Astronotus ocellatus<\/a><\/em>, <em><a href=\"http:\/\/nossacasa.net\/nossosriachos\/tabuleiros\/australoheros-capixaba\/\">Australoheros capixaba<\/a><\/em>, <em><a href=\"http:\/\/nossacasa.net\/nossosriachos\/tabuleiros\/cichla-kelberi\/\">Cichla kelberi<\/a><\/em>,<br \/>\n<em><a href=\"http:\/\/nossacasa.net\/nossosriachos\/tabuleiros\/crenicichla-mucuryna\/\">Crenicichla mucuryna<\/a><\/em>, <em><a href=\"http:\/\/nossacasa.net\/nossosriachos\/tabuleiros\/geophagus-brasiliensis\/\">Geophagus brasiliensis<\/a><\/em>, <em><a href=\"http:\/\/nossacasa.net\/nossosriachos\/tabuleiros\/oreochromis-niloticus\/\">Oreochromis niloticus<\/a><\/em> e <em><a href=\"http:\/\/nossacasa.net\/nossosriachos\/tabuleiros\/tilapia-rendalli\/\">Tilapia rendalii<\/a><\/em><\/li>\n<\/ul>\n<\/ul>\n<li><strong><a href=\"http:\/\/nossacasa.net\/nossosriachos\/tabuleiros\/cyprinodontiformes\/\">Cyprinodontiformes<\/a><\/strong> (11 esp\u00e9cies)<\/li>\n<ul>\n<li>Fam\u00edlia <strong><a href=\"http:\/\/nossacasa.net\/nossosriachos\/tabuleiros\/rivulidae\/\">Rivulidae<\/a><\/strong>  (7 esp\u00e9cies):<\/li>\n<ul>\n<li><em><a href=\"http:\/\/nossacasa.net\/nossosriachos\/tabuleiros\/atlantirivulus-depressus\/\">Atlantirivulus depressus<\/a><\/em>, <em><a href=\"http:\/\/nossacasa.net\/nossosriachos\/tabuleiros\/kryptolebias-ocellatus\/\">Kryptolebias ocellatus<\/a><\/em>, <em><a href=\"http:\/\/nossacasa.net\/nossosriachos\/tabuleiros\/mucurilebias-leitaoi\/\">Mucurilebias leitaoi<\/a><\/em>, <em><a href=\"http:\/\/nossacasa.net\/nossosriachos\/tabuleiros\/xenurolebias-cricarensis\/\">Xenurolebias cricarensis<\/a><\/em>, <em><a href=\"http:\/\/nossacasa.net\/nossosriachos\/tabuleiros\/xenurolebias-izecksohni\/\">Xenurolebias izecksohni<\/a><\/em>, <em><a href=\"http:\/\/nossacasa.net\/nossosriachos\/tabuleiros\/xenurolebias-myersi\/\">Xenurolebias myersi<\/a><\/em> e <em><a href=\"http:\/\/nossacasa.net\/nossosriachos\/tabuleiros\/xenurolebias-pataxo\/\">Xenurolebias pataxo<\/a><\/em><\/li>\n<\/ul>\n<\/ul>\n<ul>\n<li>Fam\u00edlia <strong><a href=\"http:\/\/nossacasa.net\/nossosriachos\/tabuleiros\/poeciliidae\/\">Poeciliidae<\/a><\/strong>  (4 esp\u00e9cies):<\/li>\n<ul>\n<li><em><a href=\"http:\/\/nossacasa.net\/nossosriachos\/tabuleiros\/phalloceros-ocellatus\/\">Phalloceros ocellatus<\/a><\/em>, <em><a href=\"http:\/\/nossacasa.net\/nossosriachos\/tabuleiros\/poecilia-vivipara\/\">Poecilia vivipara<\/a><\/em>, <em><a href=\"http:\/\/nossacasa.net\/nossosriachos\/tabuleiros\/poecilia-reticulata\/\">Poecilia reticulata<\/a><\/em> e<em> <a href=\"http:\/\/nossacasa.net\/nossosriachos\/tabuleiros\/xiphophorus-maculatus\/\">Xiphophorus maculatus<\/a><\/em><\/li>\n<\/ul>\n<\/ul>\n<li><strong><a href=\"http:\/\/nossacasa.net\/nossosriachos\/tabuleiros\/synbranchiformes\/\">Synbranchiformes<\/a><\/strong> (1 esp\u00e9cie)<\/li>\n<ul>\n<li>Fam\u00edlia <strong><a href=\"http:\/\/nossacasa.net\/nossosriachos\/tabuleiros\/synbranchidae\/\">Synbranchidae<\/a><\/strong>  (1 esp\u00e9cie):<\/li>\n<ul>\n<li><a href=\"http:\/\/nossacasa.net\/nossosriachos\/tabuleiros\/synbranchus-marmoratus\/\">Synbranchus marmoratus<\/a><\/li>\n<\/ul>\n<\/ul>\n<li><strong><a href=\"http:\/\/nossacasa.net\/nossosriachos\/tabuleiros\/pleuronectiformes\/\">Pleuronectiformes<\/a><\/strong> (13 esp\u00e9cies)<\/li>\n<ul>\n<li>Fam\u00edlia <strong><a href=\"http:\/\/nossacasa.net\/nossosriachos\/tabuleiros\/achiridae\/\">Achiridae<\/a><\/strong>  (2 esp\u00e9cies):<\/li>\n<ul>\n<li><em><a href=\"http:\/\/nossacasa.net\/nossosriachos\/tabuleiros\/achirus-lineatus\/\">Achirus lineatus<\/a><\/em> e <em><a href=\"http:\/\/nossacasa.net\/nossosriachos\/tabuleiros\/trinectes-paulistanus\/\">Trinectes paulistanus<\/a><\/em><\/li>\n<\/ul>\n<\/ul>\n<ul>\n<li>Fam\u00edlia <strong><a href=\"http:\/\/nossacasa.net\/nossosriachos\/tabuleiros\/cynoglossidae\/\">Cynoglossidae<\/a><\/strong>  (6 esp\u00e9cies):<\/li>\n<ul>\n<li><em><a href=\"http:\/\/nossacasa.net\/nossosriachos\/tabuleiros\/symphurus-plagiusa\/\">Symphurus plagiusia<\/a><\/em> e <em><a href=\"http:\/\/nossacasa.net\/nossosriachos\/tabuleiros\/symphurus-tessellatus\/\">Symphurus tessellatus<\/a><\/em><\/li>\n<\/ul>\n<\/ul>\n<ul>\n<li>Fam\u00edlia <strong><a href=\"http:\/\/nossacasa.net\/nossosriachos\/tabuleiros\/paralichthyidae\/\">Paralichthyidae<\/a><\/strong>  (5 esp\u00e9cies):<\/li>\n<ul>\n<li><em><a href=\"http:\/\/nossacasa.net\/nossosriachos\/tabuleiros\/citharichthys-arenaceus\/\">Citharichthys arenaceus<\/a><\/em>, <em><a href=\"http:\/\/nossacasa.net\/nossosriachos\/tabuleiros\/citharichthys-spilopterus\/\">Citharichthys spilopterus<\/a><\/em>, <em><a href=\"http:\/\/nossacasa.net\/nossosriachos\/tabuleiros\/etropus-crossotus\/\">Etropus crossotus<\/a><\/em>, <em><a href=\"http:\/\/nossacasa.net\/nossosriachos\/tabuleiros\/paralichthys-brasiliensis\/\">Paralichthys brasiliensis<\/a><\/em> e <em><a href=\"http:\/\/nossacasa.net\/nossosriachos\/tabuleiros\/syacium-micrurum\/\">Syacium micrurum<\/a><\/em><\/li>\n<\/ul>\n<\/ul>\n<li><strong><a href=\"http:\/\/nossacasa.net\/nossosriachos\/tabuleiros\/syngnathiformes\/\">Syngnathiformes<\/a><\/strong> (3 esp\u00e9cies)<\/li>\n<ul>\n<li>Fam\u00edlia <strong><a href=\"http:\/\/nossacasa.net\/nossosriachos\/tabuleiros\/syngnathidae\/\">Syngnathidae<\/a><\/strong>  (3 esp\u00e9cies):<\/li>\n<ul>\n<li><em><a href=\"http:\/\/nossacasa.net\/nossosriachos\/tabuleiros\/microphis-brachyurus\/\">Microphis brachyurus<\/a><\/em>, <em><a href=\"http:\/\/nossacasa.net\/nossosriachos\/tabuleiros\/pseudophallus-mindii\/\">Pseudophallus mindii<\/a><\/em> e <em><a href=\"http:\/\/nossacasa.net\/nossosriachos\/tabuleiros\/syngnathus-scovelli\/\">Syngnathus scovelli<\/a><\/em><\/li>\n<\/ul>\n<\/ul>\n<li><strong><a href=\"http:\/\/nossacasa.net\/nossosriachos\/tabuleiros\/perciformes\/\">Perciformes<\/a><\/strong> (2 esp\u00e9cies)<\/li>\n<ul>\n<li>Fam\u00edlia <strong><a href=\"http:\/\/nossacasa.net\/nossosriachos\/tabuleiros\/centropomidae\/\">Centropomidae<\/a><\/strong>  (2 esp\u00e9cies):<\/li>\n<ul>\n<li><em><a href=\"http:\/\/nossacasa.net\/nossosriachos\/tabuleiros\/centropomus-parallelus\/\">Centropomus parallelus<\/a><\/em>, <em><a href=\"http:\/\/nossacasa.net\/nossosriachos\/tabuleiros\/centropomus-undecimalis\/\">Centropomus undecimalis<\/a><\/em><\/li>\n<\/ul>\n<\/ul>\n<\/ol>\n<\/div>\n","protected":false},"excerpt":{"rendered":"<p>As Esp\u00e9cies . Os peixes de \u00e1gua doce na Mata Atl\u00e2ntica de tabuleiro est\u00e3o distribu\u00eddos em 119 esp\u00e9cies. Anguilliformes (3 esp\u00e9cies): Fam\u00edlia Ophichthidae (3 esp\u00e9cies): Ahlia egmontis, Myrophis brachyurus e Ophichthus parilis Characiformes (41 esp\u00e9cies) Fam\u00edlia Anostomidae (5 esp\u00e9cies): Hypomasticus &hellip; <a href=\"http:\/\/nossacasa.net\/nossosriachos\/tabuleiros\/especies\/\">Continue lendo <span class=\"meta-nav\">&rarr;<\/span><\/a><\/p>\n","protected":false},"author":1,"featured_media":0,"parent":0,"menu_order":0,"comment_status":"closed","ping_status":"closed","template":"","meta":{"footnotes":""},"class_list":["post-630","page","type-page","status-publish","hentry"],"_links":{"self":[{"href":"http:\/\/nossacasa.net\/nossosriachos\/tabuleiros\/wp-json\/wp\/v2\/pages\/630","targetHints":{"allow":["GET"]}}],"collection":[{"href":"http:\/\/nossacasa.net\/nossosriachos\/tabuleiros\/wp-json\/wp\/v2\/pages"}],"about":[{"href":"http:\/\/nossacasa.net\/nossosriachos\/tabuleiros\/wp-json\/wp\/v2\/types\/page"}],"author":[{"embeddable":true,"href":"http:\/\/nossacasa.net\/nossosriachos\/tabuleiros\/wp-json\/wp\/v2\/users\/1"}],"replies":[{"embeddable":true,"href":"http:\/\/nossacasa.net\/nossosriachos\/tabuleiros\/wp-json\/wp\/v2\/comments?post=630"}],"version-history":[{"count":2,"href":"http:\/\/nossacasa.net\/nossosriachos\/tabuleiros\/wp-json\/wp\/v2\/pages\/630\/revisions"}],"predecessor-version":[{"id":4153,"href":"http:\/\/nossacasa.net\/nossosriachos\/tabuleiros\/wp-json\/wp\/v2\/pages\/630\/revisions\/4153"}],"wp:attachment":[{"href":"http:\/\/nossacasa.net\/nossosriachos\/tabuleiros\/wp-json\/wp\/v2\/media?parent=630"}],"curies":[{"name":"wp","href":"https:\/\/api.w.org\/{rel}","templated":true}]}}