{"id":709,"date":"2019-08-14T15:09:23","date_gmt":"2019-08-14T18:09:23","guid":{"rendered":"http:\/\/nossacasa.net\/nossosriachos\/rios\/?page_id=709"},"modified":"2019-09-22T20:42:54","modified_gmt":"2019-09-22T23:42:54","slug":"characidae","status":"publish","type":"page","link":"http:\/\/nossacasa.net\/nossosriachos\/tabuleiros\/characidae\/","title":{"rendered":"Characidae"},"content":{"rendered":"<div style=\"text-align: justify\">\n<strong>Os Characidae<\/strong> <\/p>\n<p><img loading=\"lazy\" decoding=\"async\" src=\"http:\/\/nossacasa.net\/nossosriachos\/tabuleiros\/wp-content\/uploads\/sites\/8\/2019\/08\/Characidae-1.png\" alt=\"\" width=\"800\" height=\"333\" class=\"aligncenter size-full wp-image-710\" \/><\/p>\n<p>Algumas caracter\u00edsticas da fam\u00edlia <strong>Characidae<\/strong>, mas n\u00e3o necessariamente exclusivas, s\u00e3o ilustradas na figura acima.est\u00e3o indicadas na figura acima.<\/p>\n<p>A fam\u00edlia <strong>Characidae<\/strong> (piabas) \u00e9 a maior e a mais heterog\u00eanea dentre todos os <strong><a href=\"http:\/\/nossacasa.net\/nossosriachos\/tabuleiros\/characiformes\/\">Characiformes<\/a><\/strong>. <\/p>\n<p>A maioria dos trabalhos agrupa os <strong>Characidae<\/strong> em subfam\u00edlias, e algumas destas recentemente acabaram se elevando a categoria de fam\u00edlias independentes, como aconteceu com o grupo das piranhas e pacus, agora fam\u00edlia <strong><a href=\"http:\/\/nossacasa.net\/nossosriachos\/tabuleiros\/serrasalmidae\/\">Serrasalmidae<\/a><\/strong>. <\/p>\n<p>Muitos grupos em <strong>Characidae<\/strong> s\u00e3o monofil\u00e9ticos, correspondendo a grupos naturais, e outros mal resolvidos do ponto de vista taxon\u00f4mico.<\/p>\n<p>Os <strong>Characidae<\/strong> est\u00e3o entre os mais abundantes peixes encontrados nos riachos da Mata Atl\u00e2ntica, muitos usados como animal de estima\u00e7\u00e3o, nos aqu\u00e1rios ornamentais. <\/p>\n<p>S\u00e3o peixes pequenos, na regi\u00e3o muitas vezes n\u00e3o chegam a ultrapassar os dez cent\u00edmetros de comprimento padr\u00e3o. S\u00e3o os mais comuns peixes nos riachos, onde se ocultam sob a vegeta\u00e7\u00e3o aqu\u00e1tica, e ali se alimentam principalmente de insetos e invertebrados aqu\u00e1ticos. <\/p>\n<p>Algumas piabas maiores, pela sua abund\u00e2ncia e fartura, s\u00e3o usadas como alimento pela popula\u00e7\u00e3o ribeirinha.<\/p>\n<p>S\u00e3o mais de 70 g\u00eaneros, que abrigam pouco mais de 600 esp\u00e9cies em<strong> Characidae<\/strong>. <\/p>\n<p>Os tabuleiros da Mata Atl\u00e2ntica s\u00e3o povoados por peixes pertencentes a oito g\u00eaneros da fam\u00edlia <strong>Bryconidae<\/strong>: <em><a href=\"http:\/\/nossacasa.net\/nossosriachos\/tabuleiros\/astyanax\/\">Astyanax<\/a><\/em>, <em><a href=\"http:\/\/nossacasa.net\/nossosriachos\/tabuleiros\/hyphessobrycon\/\">Hyphessobrycon<\/a><\/em>, <em><a href=\"http:\/\/nossacasa.net\/nossosriachos\/tabuleiros\/knodus\/\">Knodus<\/a><\/em>, <em><a href=\"http:\/\/nossacasa.net\/nossosriachos\/tabuleiros\/mimagoniates\/\">Mimagoniates<\/a><\/em>, <em><a href=\"http:\/\/nossacasa.net\/nossosriachos\/tabuleiros\/moenkhausia\/\">Moenkhausia<\/a><\/em>, <em><a href=\"http:\/\/nossacasa.net\/nossosriachos\/tabuleiros\/oligosarcus\/\">Oligosarcu<\/a>s<\/em>, <em><a href=\"http:\/\/nossacasa.net\/nossosriachos\/tabuleiros\/rachoviscus-2\/\">Rachoviscus<\/a><\/em>, <em><a href=\"http:\/\/nossacasa.net\/nossosriachos\/tabuleiros\/serrapinnus\/\">Serrapinnus<\/a><\/em>.<\/p>\n<hr>\n<p><a href=\"http:\/\/nossacasa.net\/nossosriachos\/tabuleiros\/chave-de-characidae\">CHAVE DE CHARACIDAE<\/a>\n<\/div>\n","protected":false},"excerpt":{"rendered":"<p>Os Characidae Algumas caracter\u00edsticas da fam\u00edlia Characidae, mas n\u00e3o necessariamente exclusivas, s\u00e3o ilustradas na figura acima.est\u00e3o indicadas na figura acima. A fam\u00edlia Characidae (piabas) \u00e9 a maior e a mais heterog\u00eanea dentre todos os Characiformes. A maioria dos trabalhos agrupa &hellip; <a href=\"http:\/\/nossacasa.net\/nossosriachos\/tabuleiros\/characidae\/\">Continue lendo <span class=\"meta-nav\">&rarr;<\/span><\/a><\/p>\n","protected":false},"author":1,"featured_media":0,"parent":0,"menu_order":0,"comment_status":"closed","ping_status":"closed","template":"","meta":{"footnotes":""},"class_list":["post-709","page","type-page","status-publish","hentry"],"_links":{"self":[{"href":"http:\/\/nossacasa.net\/nossosriachos\/tabuleiros\/wp-json\/wp\/v2\/pages\/709","targetHints":{"allow":["GET"]}}],"collection":[{"href":"http:\/\/nossacasa.net\/nossosriachos\/tabuleiros\/wp-json\/wp\/v2\/pages"}],"about":[{"href":"http:\/\/nossacasa.net\/nossosriachos\/tabuleiros\/wp-json\/wp\/v2\/types\/page"}],"author":[{"embeddable":true,"href":"http:\/\/nossacasa.net\/nossosriachos\/tabuleiros\/wp-json\/wp\/v2\/users\/1"}],"replies":[{"embeddable":true,"href":"http:\/\/nossacasa.net\/nossosriachos\/tabuleiros\/wp-json\/wp\/v2\/comments?post=709"}],"version-history":[{"count":3,"href":"http:\/\/nossacasa.net\/nossosriachos\/tabuleiros\/wp-json\/wp\/v2\/pages\/709\/revisions"}],"predecessor-version":[{"id":3725,"href":"http:\/\/nossacasa.net\/nossosriachos\/tabuleiros\/wp-json\/wp\/v2\/pages\/709\/revisions\/3725"}],"wp:attachment":[{"href":"http:\/\/nossacasa.net\/nossosriachos\/tabuleiros\/wp-json\/wp\/v2\/media?parent=709"}],"curies":[{"name":"wp","href":"https:\/\/api.w.org\/{rel}","templated":true}]}}