{"id":747,"date":"2019-08-15T16:56:33","date_gmt":"2019-08-15T19:56:33","guid":{"rendered":"http:\/\/nossacasa.net\/nossosriachos\/rios\/?page_id=747"},"modified":"2019-09-23T09:14:38","modified_gmt":"2019-09-23T12:14:38","slug":"curimatidae","status":"publish","type":"page","link":"http:\/\/nossacasa.net\/nossosriachos\/tabuleiros\/curimatidae\/","title":{"rendered":"Curimatidae"},"content":{"rendered":"<div style=\"text-align: justify\">\n<strong>Os Curimatidae<\/strong> <\/p>\n<p><img loading=\"lazy\" decoding=\"async\" src=\"http:\/\/nossacasa.net\/nossosriachos\/tabuleiros\/wp-content\/uploads\/sites\/8\/2019\/08\/Curimatidae.png\" alt=\"\" width=\"800\" height=\"388\" class=\"aligncenter size-full wp-image-748\" srcset=\"http:\/\/nossacasa.net\/nossosriachos\/tabuleiros\/wp-content\/uploads\/sites\/13\/2019\/08\/Curimatidae.png 800w, http:\/\/nossacasa.net\/nossosriachos\/tabuleiros\/wp-content\/uploads\/sites\/13\/2019\/08\/Curimatidae-300x146.png 300w, http:\/\/nossacasa.net\/nossosriachos\/tabuleiros\/wp-content\/uploads\/sites\/13\/2019\/08\/Curimatidae-768x372.png 768w, http:\/\/nossacasa.net\/nossosriachos\/tabuleiros\/wp-content\/uploads\/sites\/13\/2019\/08\/Curimatidae-500x243.png 500w\" sizes=\"auto, (max-width: 800px) 100vw, 800px\" \/><\/p>\n<p>Algumas caracter\u00edsticas da fam\u00edlia <strong>Curimatidae<\/strong>, s\u00e3o ilustradas na figura acima.est\u00e3o indicadas na figura acima.<\/p>\n<p>Os peixes da fam\u00edlia <strong>Curimatidae<\/strong> s\u00e3o facilmente distinguidos pela aus\u00eancia de dentes nas arcadas superior (maxila) e inferior(mand\u00edbula), uma condi\u00e7\u00e3o rara entre peixes <strong>Characiformes<\/strong>. <\/p>\n<p>Peixes curimat\u00eddeos consomem alimento microsc\u00f3pico, como microdetritos, micro algas e vegetais microsc\u00f3picos. Por serem peixes bem sucedidos no consumo de alimento fino particulado, exibem um conjunto de modifica\u00e7\u00f5es na boca, arcos branquiais e tubo digestivo. <\/p>\n<p>Dentre os <strong>Curimatidae<\/strong>, a esp\u00e9cie mais comum nas drenagens do litoral \u00e9 <em><a href=\"http:\/\/nossacasa.net\/nossosriachos\/tabuleiros\/cyphocharax-gilbert\/\">Cyphocharax gilbert<\/a><\/em>, que ocorre tamb\u00e9m na bacia do rio S\u00e3o Francisco. <\/p>\n<p>Os tabuleiros da Mata Atl\u00e2ntica s\u00e3o povoados por peixes pertencentes a dois g\u00eaneros da fam\u00edlia <strong>Curimatidae<\/strong>: <em><a href=\"http:\/\/nossacasa.net\/nossosriachos\/tabuleiros\/cyphocharax\/\">Cyphocharax<\/a><\/em> e <em><a href=\"http:\/\/nossacasa.net\/nossosriachos\/tabuleiros\/steindachnerina\/\">Steindachnerina<\/a><\/em>.<\/p>\n<hr>\n<p><a href=\"http:\/\/nossacasa.net\/nossosriachos\/tabuleiros\/chave-de-curimatidae\"><strong>CHAVE DE CURIMATIDAE<\/strong><\/a><\/p>\n<hr>\n<\/div>\n","protected":false},"excerpt":{"rendered":"<p>Os Curimatidae Algumas caracter\u00edsticas da fam\u00edlia Curimatidae, s\u00e3o ilustradas na figura acima.est\u00e3o indicadas na figura acima. Os peixes da fam\u00edlia Curimatidae s\u00e3o facilmente distinguidos pela aus\u00eancia de dentes nas arcadas superior (maxila) e inferior(mand\u00edbula), uma condi\u00e7\u00e3o rara entre peixes Characiformes. &hellip; <a href=\"http:\/\/nossacasa.net\/nossosriachos\/tabuleiros\/curimatidae\/\">Continue lendo <span class=\"meta-nav\">&rarr;<\/span><\/a><\/p>\n","protected":false},"author":1,"featured_media":0,"parent":0,"menu_order":0,"comment_status":"closed","ping_status":"closed","template":"","meta":{"footnotes":""},"class_list":["post-747","page","type-page","status-publish","hentry"],"_links":{"self":[{"href":"http:\/\/nossacasa.net\/nossosriachos\/tabuleiros\/wp-json\/wp\/v2\/pages\/747","targetHints":{"allow":["GET"]}}],"collection":[{"href":"http:\/\/nossacasa.net\/nossosriachos\/tabuleiros\/wp-json\/wp\/v2\/pages"}],"about":[{"href":"http:\/\/nossacasa.net\/nossosriachos\/tabuleiros\/wp-json\/wp\/v2\/types\/page"}],"author":[{"embeddable":true,"href":"http:\/\/nossacasa.net\/nossosriachos\/tabuleiros\/wp-json\/wp\/v2\/users\/1"}],"replies":[{"embeddable":true,"href":"http:\/\/nossacasa.net\/nossosriachos\/tabuleiros\/wp-json\/wp\/v2\/comments?post=747"}],"version-history":[{"count":2,"href":"http:\/\/nossacasa.net\/nossosriachos\/tabuleiros\/wp-json\/wp\/v2\/pages\/747\/revisions"}],"predecessor-version":[{"id":3767,"href":"http:\/\/nossacasa.net\/nossosriachos\/tabuleiros\/wp-json\/wp\/v2\/pages\/747\/revisions\/3767"}],"wp:attachment":[{"href":"http:\/\/nossacasa.net\/nossosriachos\/tabuleiros\/wp-json\/wp\/v2\/media?parent=747"}],"curies":[{"name":"wp","href":"https:\/\/api.w.org\/{rel}","templated":true}]}}