{"id":754,"date":"2019-08-20T08:37:45","date_gmt":"2019-08-20T11:37:45","guid":{"rendered":"http:\/\/nossacasa.net\/nossosriachos\/rios\/?page_id=754"},"modified":"2019-09-27T14:19:55","modified_gmt":"2019-09-27T17:19:55","slug":"ordens","status":"publish","type":"page","link":"http:\/\/nossacasa.net\/nossosriachos\/tabuleiros\/ordens\/","title":{"rendered":"Ordens"},"content":{"rendered":"<div style=\"text-align: justify\">\n<h1>As Ordens<\/h1>\n<p>Os peixes de \u00e1gua doce e estu\u00e1rio na Mata Atl\u00e2ntica de tabuleiro est\u00e3o distribu\u00eddos em <strong>onze ordens<\/strong>:<\/p>\n<ol>\n<li><strong><a href=\"http:\/\/nossacasa.net\/nossosriachos\/tabuleiros\/anguilliformes\/\">Anguilliformes<\/a><\/strong><\/li>\n<li><strong><a href=\"http:\/\/nossacasa.net\/nossosriachos\/tabuleiros\/characiformes\/\">Characiformes<\/a><\/strong><\/li>\n<li><strong><a href=\"http:\/\/nossacasa.net\/nossosriachos\/tabuleiros\/siluriformes\/\">Siluriformes<\/a><\/strong><\/li>\n<li><strong><a href=\"http:\/\/nossacasa.net\/nossosriachos\/tabuleiros\/gymnotiformes\/\">Gymnotiformes<\/a><\/strong><\/li>\n<li><strong><a href=\"http:\/\/nossacasa.net\/nossosriachos\/tabuleiros\/gobiiformes\/\">Gobiiformes<\/a><\/strong><\/li>\n<li><strong><a href=\"http:\/\/nossacasa.net\/nossosriachos\/tabuleiros\/cichliformes\/\">Cichliformes<\/a><\/strong><\/li>\n<li><strong><a href=\"http:\/\/nossacasa.net\/nossosriachos\/tabuleiros\/cyprinodontiformes\/\">Cyprinodontiformes<\/a><\/strong><\/li>\n<li><strong><a href=\"http:\/\/nossacasa.net\/nossosriachos\/tabuleiros\/synbranchiformes\/\">Synbranchiformes<\/a><\/strong><\/li>\n<li><strong><a href=\"http:\/\/nossacasa.net\/nossosriachos\/tabuleiros\/pleuronectiformes\/\">Pleuronectiformes<\/a><\/strong><\/li>\n<li><strong><a href=\"http:\/\/nossacasa.net\/nossosriachos\/tabuleiros\/syngnathiformes\/\">Syngnathiformes<\/a><\/strong><\/li>\n<li><strong> <a href=\"http:\/\/nossacasa.net\/nossosriachos\/tabuleiros\/perciformes\/\">Perciformes<\/a><\/strong><\/li>\n<\/ol>\n<p><em>Para os grupos de influ\u00eancia marinha aqui consideramos apenas os peixes que adentram riachos na baixada litor\u00e2nea<\/em>.<\/p>\n<hr \/>\n<p><a href=\"http:\/\/nossacasa.net\/nossosriachos\/tabuleiros\/chave-de-ordens\/\">CHAVE DE ORDENS<\/a><\/p>\n<\/div>\n","protected":false},"excerpt":{"rendered":"<p>As Ordens Os peixes de \u00e1gua doce e estu\u00e1rio na Mata Atl\u00e2ntica de tabuleiro est\u00e3o distribu\u00eddos em onze ordens: Anguilliformes Characiformes Siluriformes Gymnotiformes Gobiiformes Cichliformes Cyprinodontiformes Synbranchiformes Pleuronectiformes Syngnathiformes Perciformes Para os grupos de influ\u00eancia marinha aqui consideramos apenas os &hellip; <a href=\"http:\/\/nossacasa.net\/nossosriachos\/tabuleiros\/ordens\/\">Continue lendo <span class=\"meta-nav\">&rarr;<\/span><\/a><\/p>\n","protected":false},"author":1,"featured_media":0,"parent":0,"menu_order":0,"comment_status":"closed","ping_status":"closed","template":"","meta":{"footnotes":""},"class_list":["post-754","page","type-page","status-publish","hentry"],"_links":{"self":[{"href":"http:\/\/nossacasa.net\/nossosriachos\/tabuleiros\/wp-json\/wp\/v2\/pages\/754","targetHints":{"allow":["GET"]}}],"collection":[{"href":"http:\/\/nossacasa.net\/nossosriachos\/tabuleiros\/wp-json\/wp\/v2\/pages"}],"about":[{"href":"http:\/\/nossacasa.net\/nossosriachos\/tabuleiros\/wp-json\/wp\/v2\/types\/page"}],"author":[{"embeddable":true,"href":"http:\/\/nossacasa.net\/nossosriachos\/tabuleiros\/wp-json\/wp\/v2\/users\/1"}],"replies":[{"embeddable":true,"href":"http:\/\/nossacasa.net\/nossosriachos\/tabuleiros\/wp-json\/wp\/v2\/comments?post=754"}],"version-history":[{"count":2,"href":"http:\/\/nossacasa.net\/nossosriachos\/tabuleiros\/wp-json\/wp\/v2\/pages\/754\/revisions"}],"predecessor-version":[{"id":4142,"href":"http:\/\/nossacasa.net\/nossosriachos\/tabuleiros\/wp-json\/wp\/v2\/pages\/754\/revisions\/4142"}],"wp:attachment":[{"href":"http:\/\/nossacasa.net\/nossosriachos\/tabuleiros\/wp-json\/wp\/v2\/media?parent=754"}],"curies":[{"name":"wp","href":"https:\/\/api.w.org\/{rel}","templated":true}]}}