{"id":788,"date":"2019-08-28T15:53:18","date_gmt":"2019-08-28T18:53:18","guid":{"rendered":"http:\/\/nossacasa.net\/nossosriachos\/rios\/?page_id=788"},"modified":"2019-09-23T10:28:04","modified_gmt":"2019-09-23T13:28:04","slug":"erythrinidae","status":"publish","type":"page","link":"http:\/\/nossacasa.net\/nossosriachos\/tabuleiros\/erythrinidae\/","title":{"rendered":"Erythrinidae"},"content":{"rendered":"<div style=\"text-align: justify\">\n<strong>Os Erythrinidae<\/strong> (tra\u00edra e marob\u00e1).<br \/>\n<img loading=\"lazy\" decoding=\"async\" src=\"http:\/\/nossacasa.net\/nossosriachos\/tabuleiros\/wp-content\/uploads\/sites\/8\/2019\/08\/Erythrinidae-1.png\" alt=\"\" width=\"800\" height=\"262\" class=\"aligncenter size-full wp-image-789\" \/><\/p>\n<p>Algumas caracter\u00edsticas da fam\u00edlia <strong>Erythrinidae<\/strong>, s\u00e3o ilustradas na figura acima.est\u00e3o indicadas na figura acima.<\/p>\n<p>A tra\u00edra e o marob\u00e1 s\u00e3o peixes pisc\u00edvoros, de topo de cadeira alimentar. S\u00e3o peixes com a boca ampla, ultrapassando a vertical da altura dos olhos, e provida de dentes caninos fortes. Possuem a nadadeira peitoral curta, com at\u00e9 14 raios, e nadadeira anal tamb\u00e9m curta, com 10-11 raios. N\u00e3o apresentam nadadeira adiposa e a nadadeira caudal \u00e9 arredondada. Possuem escamas relativamente grandes, e a linha lateral cont\u00e9m entre 25 a 45 escamas perfuradas.<\/p>\n<p>Vivem solit\u00e1rios em rios e riachos, e se criam em \u00e1reas de nascentes, que funcionam como ber\u00e7\u00e1rios, abrigando muitos filhotes para povoar os rios. <\/p>\n<p>Na regi\u00e3o dos tabuleiros da Mata Atl\u00e2ntica foram encontrados dois g\u00eaneros pertencentes a fam\u00edlia <strong>Erythrinidae<\/strong>: <em><a href=\"http:\/\/nossacasa.net\/nossosriachos\/tabuleiros\/hoplias\/\">Hoplias<\/a><\/em> e <em><a href=\"http:\/\/nossacasa.net\/nossosriachos\/tabuleiros\/hoplerythrinus\/\">Hoplerythrinus<\/a><\/em>.<\/p>\n<hr>\n<p><a href=\"http:\/\/nossacasa.net\/nossosriachos\/tabuleiros\/chave-de-erythrinidae\">CHAVE DE ERYTHRINIDAE<\/a>\n<\/div>\n","protected":false},"excerpt":{"rendered":"<p>Os Erythrinidae (tra\u00edra e marob\u00e1). Algumas caracter\u00edsticas da fam\u00edlia Erythrinidae, s\u00e3o ilustradas na figura acima.est\u00e3o indicadas na figura acima. A tra\u00edra e o marob\u00e1 s\u00e3o peixes pisc\u00edvoros, de topo de cadeira alimentar. S\u00e3o peixes com a boca ampla, ultrapassando a &hellip; <a href=\"http:\/\/nossacasa.net\/nossosriachos\/tabuleiros\/erythrinidae\/\">Continue lendo <span class=\"meta-nav\">&rarr;<\/span><\/a><\/p>\n","protected":false},"author":1,"featured_media":0,"parent":0,"menu_order":0,"comment_status":"closed","ping_status":"closed","template":"","meta":{"footnotes":""},"class_list":["post-788","page","type-page","status-publish","hentry"],"_links":{"self":[{"href":"http:\/\/nossacasa.net\/nossosriachos\/tabuleiros\/wp-json\/wp\/v2\/pages\/788","targetHints":{"allow":["GET"]}}],"collection":[{"href":"http:\/\/nossacasa.net\/nossosriachos\/tabuleiros\/wp-json\/wp\/v2\/pages"}],"about":[{"href":"http:\/\/nossacasa.net\/nossosriachos\/tabuleiros\/wp-json\/wp\/v2\/types\/page"}],"author":[{"embeddable":true,"href":"http:\/\/nossacasa.net\/nossosriachos\/tabuleiros\/wp-json\/wp\/v2\/users\/1"}],"replies":[{"embeddable":true,"href":"http:\/\/nossacasa.net\/nossosriachos\/tabuleiros\/wp-json\/wp\/v2\/comments?post=788"}],"version-history":[{"count":3,"href":"http:\/\/nossacasa.net\/nossosriachos\/tabuleiros\/wp-json\/wp\/v2\/pages\/788\/revisions"}],"predecessor-version":[{"id":3799,"href":"http:\/\/nossacasa.net\/nossosriachos\/tabuleiros\/wp-json\/wp\/v2\/pages\/788\/revisions\/3799"}],"wp:attachment":[{"href":"http:\/\/nossacasa.net\/nossosriachos\/tabuleiros\/wp-json\/wp\/v2\/media?parent=788"}],"curies":[{"name":"wp","href":"https:\/\/api.w.org\/{rel}","templated":true}]}}