{"id":934,"date":"2019-08-29T22:13:52","date_gmt":"2019-08-30T01:13:52","guid":{"rendered":"http:\/\/nossacasa.net\/nossosriachos\/rios\/?page_id=934"},"modified":"2019-09-23T13:49:34","modified_gmt":"2019-09-23T16:49:34","slug":"loricariidae","status":"publish","type":"page","link":"http:\/\/nossacasa.net\/nossosriachos\/tabuleiros\/loricariidae\/","title":{"rendered":"Loricariidae"},"content":{"rendered":"<div style=\"text-align: justify\">\n<strong>Os Loricariidae<\/strong> (cascudos e cascudinhos)<\/p>\n<p><img loading=\"lazy\" decoding=\"async\" src=\"http:\/\/nossacasa.net\/nossosriachos\/tabuleiros\/wp-content\/uploads\/sites\/8\/2019\/08\/Loricariidae.png\" alt=\"\" width=\"800\" height=\"330\" class=\"aligncenter size-full wp-image-935\" srcset=\"http:\/\/nossacasa.net\/nossosriachos\/tabuleiros\/wp-content\/uploads\/sites\/13\/2019\/08\/Loricariidae.png 800w, http:\/\/nossacasa.net\/nossosriachos\/tabuleiros\/wp-content\/uploads\/sites\/13\/2019\/08\/Loricariidae-300x124.png 300w, http:\/\/nossacasa.net\/nossosriachos\/tabuleiros\/wp-content\/uploads\/sites\/13\/2019\/08\/Loricariidae-768x317.png 768w, http:\/\/nossacasa.net\/nossosriachos\/tabuleiros\/wp-content\/uploads\/sites\/13\/2019\/08\/Loricariidae-500x206.png 500w\" sizes=\"auto, (max-width: 800px) 100vw, 800px\" \/><\/p>\n<p>Algumas caracter\u00edsticas da fam\u00edlia <strong>Loricariidae<\/strong>, s\u00e3o ilustradas na figura acima.<\/p>\n<p>Os peixes da fam\u00edlia <strong>Loricariidae<\/strong> s\u00e3o amplamente distribu\u00eddos pelos grandes sistemas h\u00eddricos da regi\u00e3o Neotropical, sendo tamb\u00e9m a fam\u00edlia mais numerosa de bagres do planeta. Os peixes cascudos possuem a boca em forma de ventosa e atrav\u00e9s dela se ancoram as pedras do rio para raspar o perifiton que lhes serve de alimento.<\/p>\n<p>S\u00e3o peixes ativos durante o dia e habitam \u00e1guas correntosas com fundo de rocha ou pedra. O corpo dos cascudos \u00e9 revestido por m\u00faltiplas placas \u00e1speras. Os dentes s\u00e3o pedunculados, m\u00f3veis (como cerdas em uma escova). No canto da boca, no bordo do disco oral, h\u00e1 um pequeno par de barbilh\u00f5es maxilares. Trata-se de um grupo muito especioso, mas que conserva as caracter\u00edsticas pr\u00f3prias, como o corpo envolvido em placas d\u00e9rmicas e a boca em ventosa, o que facilita seu pronto reconhecimento.<\/p>\n<p>Os tabuleiros da Mata Atl\u00e2ntica s\u00e3o povoados por peixes pertencentes a seis g\u00eaneros da fam\u00edlia <strong>Heptapteridae<\/strong>: <em><a href=\"http:\/\/nossacasa.net\/nossosriachos\/tabuleiros\/euryochus\/\">Euryochus<\/a><\/em>, <em><a href=\"http:\/\/nossacasa.net\/nossosriachos\/tabuleiros\/harttia\/\">Harttia<\/a><\/em>, <em><a href=\"http:\/\/nossacasa.net\/nossosriachos\/tabuleiros\/hypostomus\/\">Hypostomus<\/a><\/em>, <a href=\"http:\/\/nossacasa.net\/nossosriachos\/tabuleiros\/otothyris\/\">Otothyris<\/a>, <a href=\"http:\/\/nossacasa.net\/nossosriachos\/tabuleiros\/parotocinclus\/\">Parotocinclus<\/a> e <em><a href=\"http:\/\/nossacasa.net\/nossosriachos\/tabuleiros\/pogonopoma\/\">Pogonopoma<\/a><\/em>. <\/p>\n<hr>\n<p><a href=\"http:\/\/nossacasa.net\/nossosriachos\/tabuleiros\/chave-de-loricariidae\"><strong>CHAVE DE LORICARIIDAE<\/strong><\/a><\/p>\n<hr>\n<\/div>\n","protected":false},"excerpt":{"rendered":"<p>Os Loricariidae (cascudos e cascudinhos) Algumas caracter\u00edsticas da fam\u00edlia Loricariidae, s\u00e3o ilustradas na figura acima. Os peixes da fam\u00edlia Loricariidae s\u00e3o amplamente distribu\u00eddos pelos grandes sistemas h\u00eddricos da regi\u00e3o Neotropical, sendo tamb\u00e9m a fam\u00edlia mais numerosa de bagres do planeta. &hellip; <a href=\"http:\/\/nossacasa.net\/nossosriachos\/tabuleiros\/loricariidae\/\">Continue lendo <span class=\"meta-nav\">&rarr;<\/span><\/a><\/p>\n","protected":false},"author":1,"featured_media":0,"parent":0,"menu_order":0,"comment_status":"closed","ping_status":"closed","template":"","meta":{"footnotes":""},"class_list":["post-934","page","type-page","status-publish","hentry"],"_links":{"self":[{"href":"http:\/\/nossacasa.net\/nossosriachos\/tabuleiros\/wp-json\/wp\/v2\/pages\/934","targetHints":{"allow":["GET"]}}],"collection":[{"href":"http:\/\/nossacasa.net\/nossosriachos\/tabuleiros\/wp-json\/wp\/v2\/pages"}],"about":[{"href":"http:\/\/nossacasa.net\/nossosriachos\/tabuleiros\/wp-json\/wp\/v2\/types\/page"}],"author":[{"embeddable":true,"href":"http:\/\/nossacasa.net\/nossosriachos\/tabuleiros\/wp-json\/wp\/v2\/users\/1"}],"replies":[{"embeddable":true,"href":"http:\/\/nossacasa.net\/nossosriachos\/tabuleiros\/wp-json\/wp\/v2\/comments?post=934"}],"version-history":[{"count":2,"href":"http:\/\/nossacasa.net\/nossosriachos\/tabuleiros\/wp-json\/wp\/v2\/pages\/934\/revisions"}],"predecessor-version":[{"id":3845,"href":"http:\/\/nossacasa.net\/nossosriachos\/tabuleiros\/wp-json\/wp\/v2\/pages\/934\/revisions\/3845"}],"wp:attachment":[{"href":"http:\/\/nossacasa.net\/nossosriachos\/tabuleiros\/wp-json\/wp\/v2\/media?parent=934"}],"curies":[{"name":"wp","href":"https:\/\/api.w.org\/{rel}","templated":true}]}}