{"id":966,"date":"2019-08-30T14:26:53","date_gmt":"2019-08-30T17:26:53","guid":{"rendered":"http:\/\/nossacasa.net\/nossosriachos\/rios\/?page_id=966"},"modified":"2019-09-25T17:13:58","modified_gmt":"2019-09-25T20:13:58","slug":"pseudopimelodidae","status":"publish","type":"page","link":"http:\/\/nossacasa.net\/nossosriachos\/tabuleiros\/pseudopimelodidae\/","title":{"rendered":"Pseudopimelodidae"},"content":{"rendered":"<div style=\"text-align: justify\">\n<strong>Os Pseudopimelodidae<\/strong> (Bagrinhos e pacum\u00e3s)<\/p>\n<p><img loading=\"lazy\" decoding=\"async\" src=\"http:\/\/nossacasa.net\/nossosriachos\/tabuleiros\/wp-content\/uploads\/sites\/8\/2019\/08\/Pseudopimelodidae-1.png\" alt=\"\" width=\"800\" height=\"325\" class=\"aligncenter size-full wp-image-971\" \/><\/p>\n<p>Algumas caracter\u00edsticas da fam\u00edlia <strong>Pseudopimelodidae<\/strong>, s\u00e3o ilustradas na figura acima.<\/p>\n<p>Os peixes da fam\u00edlia <strong>Pseudopimelodidae<\/strong> tem a boca larga, olhos pequenos recobertos por pele, e tr\u00eas pares de barbilh\u00f5es, todos curtos. <\/p>\n<p>De h\u00e1bitos demersais, ou seja, associados ao fundo, e colorido manchado, esses peixes se ocultam com relativa facilidade na vegeta\u00e7\u00e3o do leito fluvial sendo portanto pouco conhecidos da popula\u00e7\u00e3o em geral. <\/p>\n<p>Regionalmente h\u00e1 um n\u00famero pequeno de esp\u00e9cies, sendo que as de maior tamanho, como o pacum\u00e3, <em>Lophiosilurus alexandrii<\/em>, e o bagre sapo, <em>Pseudopimelodus charus<\/em> s\u00e3o compartilhadas com o vizinho rio S\u00e3o Francisco, e representadas apenas nas bacias maiores como no rio Doce. <\/p>\n<p>H\u00e1 os que dizem que esta esp\u00e9cie foi introduzida do rio S\u00e3o Francisco. Contudo, os pescadores de Itapina, ES, afirmam n\u00e3o ter d\u00favidas de que o Pacum\u00e3 sempre existiu no vale do rio Doce. Lembrando que o Pacum\u00e3 \u00e9 utilizado localmente em aquicultura, e apreciado na culin\u00e1ria local. <\/p>\n<p>Os pequenos bagrinhos <em><a href=\"http:\/\/nossacasa.net\/nossosriachos\/tabuleiros\/microglanis\/\">Microglanis<\/a><\/em> s\u00e3o os \u00fanicos em ambientes de riachos da Mata Atl\u00e2ntica de tabuleiro, sendo comuns nos c\u00f3rregos florestados de baixadas litor\u00e2neas. Por habitarem \u00e1guas bem oxigenadas, em ambientes degradados desaparecem.<\/p>\n<p>Todos os registros de <strong>Pseudopimelodidae<\/strong> se referem a por\u00e7\u00e3o sul da Mata Atl\u00e2ntica Nordeste, ao sul do rio Jequitinhonha. <\/p>\n<p>Os tabuleiros da Mata Atl\u00e2ntica s\u00e3o povoados por peixes pertencentes a tr\u00eas g\u00eaneros da fam\u00edlia <strong>Pseudopimelodidae<\/strong>: <em><a href=\"http:\/\/nossacasa.net\/nossosriachos\/tabuleiros\/lophiosilurus\/\">Lophiosilurus<\/a><\/em>, <em><a href=\"http:\/\/nossacasa.net\/nossosriachos\/tabuleiros\/microglanis\/\">Microglanis<\/a><\/em> e <em><a href=\"http:\/\/nossacasa.net\/nossosriachos\/tabuleiros\/pseudopimelodus\/\">Pseudopimelodus<\/a><\/em>. <\/p>\n<hr>\n<p><a href=\"http:\/\/nossacasa.net\/nossosriachos\/tabuleiros\/chave-de-pseudopimelodidae\"><strong>CHAVE DE PSEUDOPIMELODIDAE<\/strong><\/a><\/p>\n<hr>\n<\/div>\n","protected":false},"excerpt":{"rendered":"<p>Os Pseudopimelodidae (Bagrinhos e pacum\u00e3s) Algumas caracter\u00edsticas da fam\u00edlia Pseudopimelodidae, s\u00e3o ilustradas na figura acima. Os peixes da fam\u00edlia Pseudopimelodidae tem a boca larga, olhos pequenos recobertos por pele, e tr\u00eas pares de barbilh\u00f5es, todos curtos. De h\u00e1bitos demersais, ou &hellip; <a href=\"http:\/\/nossacasa.net\/nossosriachos\/tabuleiros\/pseudopimelodidae\/\">Continue lendo <span class=\"meta-nav\">&rarr;<\/span><\/a><\/p>\n","protected":false},"author":1,"featured_media":0,"parent":0,"menu_order":0,"comment_status":"closed","ping_status":"closed","template":"","meta":{"footnotes":""},"class_list":["post-966","page","type-page","status-publish","hentry"],"_links":{"self":[{"href":"http:\/\/nossacasa.net\/nossosriachos\/tabuleiros\/wp-json\/wp\/v2\/pages\/966","targetHints":{"allow":["GET"]}}],"collection":[{"href":"http:\/\/nossacasa.net\/nossosriachos\/tabuleiros\/wp-json\/wp\/v2\/pages"}],"about":[{"href":"http:\/\/nossacasa.net\/nossosriachos\/tabuleiros\/wp-json\/wp\/v2\/types\/page"}],"author":[{"embeddable":true,"href":"http:\/\/nossacasa.net\/nossosriachos\/tabuleiros\/wp-json\/wp\/v2\/users\/1"}],"replies":[{"embeddable":true,"href":"http:\/\/nossacasa.net\/nossosriachos\/tabuleiros\/wp-json\/wp\/v2\/comments?post=966"}],"version-history":[{"count":2,"href":"http:\/\/nossacasa.net\/nossosriachos\/tabuleiros\/wp-json\/wp\/v2\/pages\/966\/revisions"}],"predecessor-version":[{"id":3925,"href":"http:\/\/nossacasa.net\/nossosriachos\/tabuleiros\/wp-json\/wp\/v2\/pages\/966\/revisions\/3925"}],"wp:attachment":[{"href":"http:\/\/nossacasa.net\/nossosriachos\/tabuleiros\/wp-json\/wp\/v2\/media?parent=966"}],"curies":[{"name":"wp","href":"https:\/\/api.w.org\/{rel}","templated":true}]}}