{"id":988,"date":"2019-08-30T18:14:55","date_gmt":"2019-08-30T21:14:55","guid":{"rendered":"http:\/\/nossacasa.net\/nossosriachos\/rios\/?page_id=988"},"modified":"2019-09-24T14:10:19","modified_gmt":"2019-09-24T17:10:19","slug":"trichomycteridae","status":"publish","type":"page","link":"http:\/\/nossacasa.net\/nossosriachos\/tabuleiros\/trichomycteridae\/","title":{"rendered":"Trichomycteridae"},"content":{"rendered":"<div style=\"text-align: justify\">\n<strong>Os Trichomycteridae<\/strong> (Cambevas)<\/p>\n<p><img loading=\"lazy\" decoding=\"async\" src=\"http:\/\/nossacasa.net\/nossosriachos\/tabuleiros\/wp-content\/uploads\/sites\/8\/2019\/08\/Trichomycteridae.png\" alt=\"\" width=\"800\" height=\"214\" class=\"aligncenter size-full wp-image-991\" srcset=\"http:\/\/nossacasa.net\/nossosriachos\/tabuleiros\/wp-content\/uploads\/sites\/13\/2019\/08\/Trichomycteridae.png 800w, http:\/\/nossacasa.net\/nossosriachos\/tabuleiros\/wp-content\/uploads\/sites\/13\/2019\/08\/Trichomycteridae-300x80.png 300w, http:\/\/nossacasa.net\/nossosriachos\/tabuleiros\/wp-content\/uploads\/sites\/13\/2019\/08\/Trichomycteridae-768x205.png 768w, http:\/\/nossacasa.net\/nossosriachos\/tabuleiros\/wp-content\/uploads\/sites\/13\/2019\/08\/Trichomycteridae-500x134.png 500w\" sizes=\"auto, (max-width: 800px) 100vw, 800px\" \/><\/p>\n<p>Algumas caracter\u00edsticas da fam\u00edlia <strong>Trichomycteridae<\/strong>, s\u00e3o ilustradas na figura acima.<\/p>\n<p>Os peixes da fam\u00edlia <strong>Trichomycteridae<\/strong> s\u00e3o facilmente reconhecidos pela presen\u00e7a de odontoides interoperculares, vis\u00edveis na parte l\u00e1tero-ventral da cabe\u00e7a. <\/p>\n<p>Todas as esp\u00e9cies na floresta de tabuleiro possuem tamb\u00e9m odontoides operculares, na por\u00e7\u00e3o l\u00e1tero-dorsal da cabe\u00e7a. Possuem ainda um par de barbilh\u00f5es no canto da boca (barbilh\u00f5es maxilar e rictal unidos) e ainda um par de barbilh\u00f5es nasais. <\/p>\n<p>Estes peixes habitam \u00e1guas de correnteza r\u00e1pida e fundo de areia e pedrinhas. Os peixes mais comuns e mais bem conhecidos s\u00e3o os <em><a href=\"http:\/\/nossacasa.net\/nossosriachos\/tabuleiros\/trichomycterus\/\">Trichomycterus<\/a><\/em>, que incluem uma enorme variedade de esp\u00e9cies. <\/p>\n<p>Os tabuleiros da Mata Atl\u00e2ntica s\u00e3o povoados por peixes pertencentes a tr\u00eas g\u00eaneros da fam\u00edlia <strong>Trichomycteridae<\/strong>: <em><a href=\"http:\/\/nossacasa.net\/nossosriachos\/tabuleiros\/ituglanis\/\">Ituglanis<\/a><\/em>, <em><a href=\"http:\/\/nossacasa.net\/nossosriachos\/tabuleiros\/microcambeva\/\">Microcambeva<\/a><\/em> e <em><a href=\"http:\/\/nossacasa.net\/nossosriachos\/tabuleiros\/trichomycterus\/\">Trichomycterus<\/a><\/em> <\/p>\n<hr>\n<p><a href=\"http:\/\/nossacasa.net\/nossosriachos\/tabuleiros\/chave-de-trichomycteridae\"><strong>CHAVE DE TRICHOMYCTERIDAE<\/strong><\/a><\/p>\n<hr>\n<\/div>\n","protected":false},"excerpt":{"rendered":"<p>Os Trichomycteridae (Cambevas) Algumas caracter\u00edsticas da fam\u00edlia Trichomycteridae, s\u00e3o ilustradas na figura acima. Os peixes da fam\u00edlia Trichomycteridae s\u00e3o facilmente reconhecidos pela presen\u00e7a de odontoides interoperculares, vis\u00edveis na parte l\u00e1tero-ventral da cabe\u00e7a. Todas as esp\u00e9cies na floresta de tabuleiro possuem &hellip; <a href=\"http:\/\/nossacasa.net\/nossosriachos\/tabuleiros\/trichomycteridae\/\">Continue lendo <span class=\"meta-nav\">&rarr;<\/span><\/a><\/p>\n","protected":false},"author":1,"featured_media":0,"parent":0,"menu_order":0,"comment_status":"closed","ping_status":"closed","template":"","meta":{"footnotes":""},"class_list":["post-988","page","type-page","status-publish","hentry"],"_links":{"self":[{"href":"http:\/\/nossacasa.net\/nossosriachos\/tabuleiros\/wp-json\/wp\/v2\/pages\/988","targetHints":{"allow":["GET"]}}],"collection":[{"href":"http:\/\/nossacasa.net\/nossosriachos\/tabuleiros\/wp-json\/wp\/v2\/pages"}],"about":[{"href":"http:\/\/nossacasa.net\/nossosriachos\/tabuleiros\/wp-json\/wp\/v2\/types\/page"}],"author":[{"embeddable":true,"href":"http:\/\/nossacasa.net\/nossosriachos\/tabuleiros\/wp-json\/wp\/v2\/users\/1"}],"replies":[{"embeddable":true,"href":"http:\/\/nossacasa.net\/nossosriachos\/tabuleiros\/wp-json\/wp\/v2\/comments?post=988"}],"version-history":[{"count":4,"href":"http:\/\/nossacasa.net\/nossosriachos\/tabuleiros\/wp-json\/wp\/v2\/pages\/988\/revisions"}],"predecessor-version":[{"id":3985,"href":"http:\/\/nossacasa.net\/nossosriachos\/tabuleiros\/wp-json\/wp\/v2\/pages\/988\/revisions\/3985"}],"wp:attachment":[{"href":"http:\/\/nossacasa.net\/nossosriachos\/tabuleiros\/wp-json\/wp\/v2\/media?parent=988"}],"curies":[{"name":"wp","href":"https:\/\/api.w.org\/{rel}","templated":true}]}}