{"id":2,"date":"2019-06-01T14:52:20","date_gmt":"2019-06-01T17:52:20","guid":{"rendered":"http:\/\/nossacasa.net\/nossosriachos\/tiririca\/?page_id=2"},"modified":"2023-06-15T09:40:50","modified_gmt":"2023-06-15T12:40:50","slug":"inicio","status":"publish","type":"page","link":"http:\/\/nossacasa.net\/nossosriachos\/tiririca\/","title":{"rendered":"Quem Somos"},"content":{"rendered":"<div style=\"text-align: justify;\">\n<p style=\"text-align: center;\"><strong>Coletivo C\u00f3rregos da Tiririca<\/strong><br \/>\n<img loading=\"lazy\" decoding=\"async\" class=\"aligncenter size-full wp-image-5235\" src=\"http:\/\/nossacasa.net\/nossosriachos\/tiririca\/wp-content\/uploads\/sites\/12\/2022\/03\/Quem-somos-scaled.jpg\" alt=\"\" width=\"2560\" height=\"1440\" srcset=\"http:\/\/nossacasa.net\/nossosriachos\/tiririca\/wp-content\/uploads\/sites\/12\/2022\/03\/Quem-somos-scaled.jpg 2560w, http:\/\/nossacasa.net\/nossosriachos\/tiririca\/wp-content\/uploads\/sites\/12\/2022\/03\/Quem-somos-300x169.jpg 300w, http:\/\/nossacasa.net\/nossosriachos\/tiririca\/wp-content\/uploads\/sites\/12\/2022\/03\/Quem-somos-1024x576.jpg 1024w, http:\/\/nossacasa.net\/nossosriachos\/tiririca\/wp-content\/uploads\/sites\/12\/2022\/03\/Quem-somos-768x432.jpg 768w, http:\/\/nossacasa.net\/nossosriachos\/tiririca\/wp-content\/uploads\/sites\/12\/2022\/03\/Quem-somos-1536x864.jpg 1536w, http:\/\/nossacasa.net\/nossosriachos\/tiririca\/wp-content\/uploads\/sites\/12\/2022\/03\/Quem-somos-2048x1152.jpg 2048w\" sizes=\"auto, (max-width: 767px) 89vw, (max-width: 1000px) 54vw, (max-width: 1071px) 543px, 580px\" \/><\/p>\n<p>Desde 2019 estamos plantando a Mata Ciliar nos c\u00f3rregos contribuintes da Lagoa de Itaipu, que nascem na serra da Tiririca, na cidade de Niter\u00f3i.<\/p>\n<p><img loading=\"lazy\" decoding=\"async\" class=\"aligncenter size-large wp-image-5241\" src=\"http:\/\/nossacasa.net\/nossosriachos\/tiririca\/wp-content\/uploads\/sites\/12\/2022\/03\/beija-flor-de-fronte-violeta-1024x649.jpg\" alt=\"\" width=\"525\" height=\"333\" srcset=\"http:\/\/nossacasa.net\/nossosriachos\/tiririca\/wp-content\/uploads\/sites\/12\/2022\/03\/beija-flor-de-fronte-violeta-1024x649.jpg 1024w, http:\/\/nossacasa.net\/nossosriachos\/tiririca\/wp-content\/uploads\/sites\/12\/2022\/03\/beija-flor-de-fronte-violeta-300x190.jpg 300w, http:\/\/nossacasa.net\/nossosriachos\/tiririca\/wp-content\/uploads\/sites\/12\/2022\/03\/beija-flor-de-fronte-violeta-768x487.jpg 768w, http:\/\/nossacasa.net\/nossosriachos\/tiririca\/wp-content\/uploads\/sites\/12\/2022\/03\/beija-flor-de-fronte-violeta.jpg 1161w\" sizes=\"auto, (max-width: 525px) 100vw, 525px\" \/><\/p>\n<p>Primeiro, uma visita \u00e0 escola local com uma ideia. Depois fomos conversando. Juntamos amigos, reunimos parceiros experientes e tamb\u00e9m a gente do bairro e fizemos uma expedi\u00e7\u00e3o de planejamento. E, cada um na sua prefer\u00eancia, come\u00e7amos a vir ao c\u00f3rrego. Um traz sementes, outro \u00e1gua, e tamb\u00e9m mudinhas, algumas j\u00e1 crescidas. Os vizinhos chegaram para participar. E vieram as Ferramentas, os conhecimentos, as trocas. Sem esquecer das boas risadas, dos bons momentos de conv\u00edvio m\u00fatuo.<\/p>\n<p><img loading=\"lazy\" decoding=\"async\" class=\"aligncenter size-large wp-image-5236\" src=\"http:\/\/nossacasa.net\/nossosriachos\/tiririca\/wp-content\/uploads\/sites\/12\/2022\/03\/Acai-1024x1024.jpg\" alt=\"\" width=\"525\" height=\"525\" srcset=\"http:\/\/nossacasa.net\/nossosriachos\/tiririca\/wp-content\/uploads\/sites\/12\/2022\/03\/Acai-1024x1024.jpg 1024w, http:\/\/nossacasa.net\/nossosriachos\/tiririca\/wp-content\/uploads\/sites\/12\/2022\/03\/Acai-300x300.jpg 300w, http:\/\/nossacasa.net\/nossosriachos\/tiririca\/wp-content\/uploads\/sites\/12\/2022\/03\/Acai-150x150.jpg 150w, http:\/\/nossacasa.net\/nossosriachos\/tiririca\/wp-content\/uploads\/sites\/12\/2022\/03\/Acai-768x768.jpg 768w, http:\/\/nossacasa.net\/nossosriachos\/tiririca\/wp-content\/uploads\/sites\/12\/2022\/03\/Acai-100x100.jpg 100w, http:\/\/nossacasa.net\/nossosriachos\/tiririca\/wp-content\/uploads\/sites\/12\/2022\/03\/Acai-50x50.jpg 50w, http:\/\/nossacasa.net\/nossosriachos\/tiririca\/wp-content\/uploads\/sites\/12\/2022\/03\/Acai.jpg 1080w\" sizes=\"auto, (max-width: 525px) 100vw, 525px\" \/><\/p>\n<p>Esta experi\u00eancia que j\u00e1 vem rendendo frutos- acerola, banana, jambo, manga&#8230;<br \/>\nMuitos julgam que todo c\u00f3rrego urbano \u00e9 esgoto. Mas n\u00e3o ser\u00e1 se n\u00e3o quisermos que seja. N\u00f3s tamb\u00e9m cobramos posturas da municipalidade em rela\u00e7\u00e3o \u00e0 \u00e1gua e conserva\u00e7\u00e3o.<\/p>\n<p>Assim nasceu o &#8220;Coletivo C\u00f3rregos da Tiririca&#8221; que desenvolve um trabalho continuado e volunt\u00e1rio de recomposi\u00e7\u00e3o da mata ciliar com uso de t\u00e9cnicas agroflorestais. O processo visa a revitaliza\u00e7\u00e3o de pequenos corpos h\u00eddricos no entorno da lagoa de Itaipu, Niter\u00f3i RJ.<\/p>\n<p><img loading=\"lazy\" decoding=\"async\" class=\"aligncenter size-large wp-image-5239\" src=\"http:\/\/nossacasa.net\/nossosriachos\/tiririca\/wp-content\/uploads\/sites\/12\/2022\/03\/Corrego-1024x565.jpg\" alt=\"\" width=\"525\" height=\"290\" srcset=\"http:\/\/nossacasa.net\/nossosriachos\/tiririca\/wp-content\/uploads\/sites\/12\/2022\/03\/Corrego-1024x565.jpg 1024w, http:\/\/nossacasa.net\/nossosriachos\/tiririca\/wp-content\/uploads\/sites\/12\/2022\/03\/Corrego-300x165.jpg 300w, http:\/\/nossacasa.net\/nossosriachos\/tiririca\/wp-content\/uploads\/sites\/12\/2022\/03\/Corrego-768x424.jpg 768w, http:\/\/nossacasa.net\/nossosriachos\/tiririca\/wp-content\/uploads\/sites\/12\/2022\/03\/Corrego-1536x847.jpg 1536w, http:\/\/nossacasa.net\/nossosriachos\/tiririca\/wp-content\/uploads\/sites\/12\/2022\/03\/Corrego-2048x1130.jpg 2048w\" sizes=\"auto, (max-width: 525px) 100vw, 525px\" \/><\/p>\n<p>A experi\u00eancia em curso tem por objetivos:<\/p>\n<ol>\n<li>Desenvolver experi\u00eancia de recupera\u00e7\u00e3o da mata ciliar em \u00e1rea urbana;<\/li>\n<li>Verificar a viabilidade do uso da agricultura sintr\u00f3pica na recupera\u00e7\u00e3o de mata ciliar, em um consorcio de esp\u00e9cies florestais e comest\u00edveis.<\/li>\n<li>Educa\u00e7\u00e3o ambiental.<\/li>\n<\/ol>\n<p>Estamos agora vivenciando a crise da \u00e1gua. N\u00f3s possivelmente teremos outros eventos dram\u00e1ticos, mas n\u00e3o sei se todas as pessoas v\u00e3o entender a rela\u00e7\u00e3o entre suas a\u00e7\u00f5es e as consequ\u00eancias. Essa consci\u00eancia n\u00e3o \u00e9 \u201cautom\u00e1tica\u201d, mas a longa diapausa pand\u00eamica nos trouxe uma mudan\u00e7a de olhar, de prioridade. Venha com a gente!<\/p>\n<p>O maior pagamento que recebemos desta atividade \u00e9 observar a ades\u00e3o dos moradores locais, cultivando e contribuindo com a manuten\u00e7\u00e3o da \u00e1rea.<\/p>\n<p>Juntos podemos fazer diferente!<\/p>\n<p>Nesses momentos podemos dizer:<strong> O amor contamina!<\/strong><\/p>\n<div style=\"color: #008000;\">\n<p><strong>Nossa Miss\u00e3o \u00e9 apoiar a todos que queiram reproduzir esta experi\u00eancia em sua regi\u00e3o.<\/strong><\/p>\n<p><a href=\"http:\/\/nossacasa.net\/nossosriachos\/tiririca\/biblioteca\/\" target=\"_blank\" rel=\"noopener\">Nossa biblioteca<\/a><\/p>\n<p><strong>Redes Sociais:<\/strong><br \/>\n<a href=\"https:\/\/www.facebook.com\/corregodatiririca\/\" target=\"_blank\" rel=\"noopener\">Nosso Facebook<\/a><br \/>\nNosso Instagram: @corregodatiririca<\/p>\n<p><a href=\"http:\/\/nossacasa.net\/nossosriachos\/tiririca\/blog\/\">\u00daltimas not\u00edcias<\/a><\/p>\n<p><strong>Nossos V\u00eddeos no canal do Youtube<\/strong><br \/>\n<div class=\"epyt-gallery\" data-currpage=\"1\" id=\"epyt_gallery_94129\"><figure class=\"wp-block-embed wp-block-embed-youtube is-type-video is-provider-youtube epyt-figure\"><div class=\"wp-block-embed__wrapper\"><iframe loading=\"lazy\"  id=\"_ytid_37151\"  width=\"525\" height=\"295\"  data-origwidth=\"525\" data-origheight=\"295\" src=\"https:\/\/www.youtube.com\/embed\/P1fNNbHXBtc?enablejsapi=1&autoplay=0&cc_load_policy=0&cc_lang_pref=&iv_load_policy=1&loop=0&rel=1&fs=1&playsinline=0&autohide=2&theme=dark&color=red&controls=1&disablekb=0&\" class=\"__youtube_prefs__  no-lazyload\" title=\"YouTube player\"  data-epytgalleryid=\"epyt_gallery_94129\"  allow=\"fullscreen; accelerometer; autoplay; clipboard-write; encrypted-media; gyroscope; picture-in-picture; web-share\" referrerpolicy=\"strict-origin-when-cross-origin\" allowfullscreen data-no-lazy=\"1\" data-skipgform_ajax_framebjll=\"\"><\/iframe><\/div><\/figure><div class=\"epyt-gallery-list\"><div class=\"epyt-pagination \"><div tabindex=\"0\" role=\"button\" class=\"epyt-pagebutton epyt-prev  hide \" data-playlistid=\"PLH7IOILvZxiPFAMNllwV5MtyhcWTbwU7h\" data-pagesize=\"15\" data-pagetoken=\"\" data-epcolumns=\"3\" data-showtitle=\"1\" data-showpaging=\"1\" data-autonext=\"0\" data-thumbplay=\"1\"><div class=\"epyt-arrow\">&laquo;<\/div> <div>Prev<\/div><\/div><div class=\"epyt-pagenumbers \"><div class=\"epyt-current\">1<\/div><div class=\"epyt-pageseparator\"> \/ <\/div><div class=\"epyt-totalpages\">4<\/div><\/div><div tabindex=\"0\" role=\"button\" class=\"epyt-pagebutton epyt-next\" data-playlistid=\"PLH7IOILvZxiPFAMNllwV5MtyhcWTbwU7h\" data-pagesize=\"15\" data-pagetoken=\"EAAaHlBUOkNBOGlFRVEwTlRoRFF6aEVNVEUzTXpVeU56SQ\" data-epcolumns=\"3\" data-showtitle=\"1\" data-showpaging=\"1\" data-autonext=\"0\" data-thumbplay=\"1\"><div>Next<\/div> <div class=\"epyt-arrow\">&raquo;<\/div><\/div><div class=\"epyt-loader\"><img loading=\"lazy\" decoding=\"async\" alt=\"loading\" width=\"16\" height=\"11\" src=\"http:\/\/nossacasa.net\/nossosriachos\/tiririca\/wp-content\/plugins\/youtube-embed-plus\/images\/gallery-page-loader.gif\"><\/div><\/div><div class=\"epyt-gallery-allthumbs  epyt-cols-3 \"><div tabindex=\"0\" role=\"button\" data-videoid=\"P1fNNbHXBtc\" class=\"epyt-gallery-thumb\"><div class=\"epyt-gallery-img-box\"><div class=\"epyt-gallery-img\" style=\"background-image: url(https:\/\/i.ytimg.com\/vi\/P1fNNbHXBtc\/hqdefault.jpg)\"><div class=\"epyt-gallery-playhover\"><img loading=\"lazy\" decoding=\"async\" alt=\"play\" class=\"epyt-play-img\" width=\"30\" height=\"23\" src=\"http:\/\/nossacasa.net\/nossosriachos\/tiririca\/wp-content\/plugins\/youtube-embed-plus\/images\/playhover.png\" data-no-lazy=\"1\" data-skipgform_ajax_framebjll=\"\" \/><div class=\"epyt-gallery-playcrutch\"><\/div><\/div><\/div><\/div><div class=\"epyt-gallery-title\">2022 Mar\u00e7o - Cenas do C\u00f3rrego<\/div><\/div><div tabindex=\"0\" role=\"button\" data-videoid=\"SYPg2iNpTag\" class=\"epyt-gallery-thumb\"><div class=\"epyt-gallery-img-box\"><div class=\"epyt-gallery-img\" style=\"background-image: url(https:\/\/i.ytimg.com\/vi\/SYPg2iNpTag\/hqdefault.jpg)\"><div class=\"epyt-gallery-playhover\"><img loading=\"lazy\" decoding=\"async\" alt=\"play\" class=\"epyt-play-img\" width=\"30\" height=\"23\" src=\"http:\/\/nossacasa.net\/nossosriachos\/tiririca\/wp-content\/plugins\/youtube-embed-plus\/images\/playhover.png\" data-no-lazy=\"1\" data-skipgform_ajax_framebjll=\"\" \/><div class=\"epyt-gallery-playcrutch\"><\/div><\/div><\/div><\/div><div class=\"epyt-gallery-title\">2019 Abril - As Mudas<\/div><\/div><div tabindex=\"0\" role=\"button\" data-videoid=\"xetYf95Oogk\" class=\"epyt-gallery-thumb\"><div class=\"epyt-gallery-img-box\"><div class=\"epyt-gallery-img\" style=\"background-image: url(https:\/\/i.ytimg.com\/vi\/xetYf95Oogk\/hqdefault.jpg)\"><div class=\"epyt-gallery-playhover\"><img loading=\"lazy\" decoding=\"async\" alt=\"play\" class=\"epyt-play-img\" width=\"30\" height=\"23\" src=\"http:\/\/nossacasa.net\/nossosriachos\/tiririca\/wp-content\/plugins\/youtube-embed-plus\/images\/playhover.png\" data-no-lazy=\"1\" data-skipgform_ajax_framebjll=\"\" \/><div class=\"epyt-gallery-playcrutch\"><\/div><\/div><\/div><\/div><div class=\"epyt-gallery-title\">2019 Mar\u00e7o - O Projeto (com narra\u00e7\u00e3o)<\/div><\/div><div class=\"epyt-gallery-rowbreak\"><\/div><div tabindex=\"0\" role=\"button\" data-videoid=\"IwnlqgFz1lg\" class=\"epyt-gallery-thumb\"><div class=\"epyt-gallery-img-box\"><div class=\"epyt-gallery-img\" style=\"background-image: url(https:\/\/i.ytimg.com\/vi\/IwnlqgFz1lg\/hqdefault.jpg)\"><div class=\"epyt-gallery-playhover\"><img loading=\"lazy\" decoding=\"async\" alt=\"play\" class=\"epyt-play-img\" width=\"30\" height=\"23\" src=\"http:\/\/nossacasa.net\/nossosriachos\/tiririca\/wp-content\/plugins\/youtube-embed-plus\/images\/playhover.png\" data-no-lazy=\"1\" data-skipgform_ajax_framebjll=\"\" \/><div class=\"epyt-gallery-playcrutch\"><\/div><\/div><\/div><\/div><div class=\"epyt-gallery-title\">2019 Mar\u00e7o - O Projeto<\/div><\/div><div tabindex=\"0\" role=\"button\" data-videoid=\"bK-plyiRUEw\" class=\"epyt-gallery-thumb\"><div class=\"epyt-gallery-img-box\"><div class=\"epyt-gallery-img\" style=\"background-image: url(https:\/\/i.ytimg.com\/vi\/bK-plyiRUEw\/hqdefault.jpg)\"><div class=\"epyt-gallery-playhover\"><img loading=\"lazy\" decoding=\"async\" alt=\"play\" class=\"epyt-play-img\" width=\"30\" height=\"23\" src=\"http:\/\/nossacasa.net\/nossosriachos\/tiririca\/wp-content\/plugins\/youtube-embed-plus\/images\/playhover.png\" data-no-lazy=\"1\" data-skipgform_ajax_framebjll=\"\" \/><div class=\"epyt-gallery-playcrutch\"><\/div><\/div><\/div><\/div><div class=\"epyt-gallery-title\">2019 Abril - Conhecendo o projeto<\/div><\/div><div tabindex=\"0\" role=\"button\" data-videoid=\"Ag6WZ4EGTRs\" class=\"epyt-gallery-thumb\"><div class=\"epyt-gallery-img-box\"><div class=\"epyt-gallery-img\" style=\"background-image: url(https:\/\/i.ytimg.com\/vi\/Ag6WZ4EGTRs\/hqdefault.jpg)\"><div class=\"epyt-gallery-playhover\"><img loading=\"lazy\" decoding=\"async\" alt=\"play\" class=\"epyt-play-img\" width=\"30\" height=\"23\" src=\"http:\/\/nossacasa.net\/nossosriachos\/tiririca\/wp-content\/plugins\/youtube-embed-plus\/images\/playhover.png\" data-no-lazy=\"1\" data-skipgform_ajax_framebjll=\"\" \/><div class=\"epyt-gallery-playcrutch\"><\/div><\/div><\/div><\/div><div class=\"epyt-gallery-title\">2019 Abril - Cenas do C\u00f3rrego<\/div><\/div><div class=\"epyt-gallery-rowbreak\"><\/div><div tabindex=\"0\" role=\"button\" data-videoid=\"Jp9GzgDiJKg\" class=\"epyt-gallery-thumb\"><div class=\"epyt-gallery-img-box\"><div class=\"epyt-gallery-img\" style=\"background-image: url(https:\/\/i.ytimg.com\/vi\/Jp9GzgDiJKg\/hqdefault.jpg)\"><div class=\"epyt-gallery-playhover\"><img loading=\"lazy\" decoding=\"async\" alt=\"play\" class=\"epyt-play-img\" width=\"30\" height=\"23\" src=\"http:\/\/nossacasa.net\/nossosriachos\/tiririca\/wp-content\/plugins\/youtube-embed-plus\/images\/playhover.png\" data-no-lazy=\"1\" data-skipgform_ajax_framebjll=\"\" \/><div class=\"epyt-gallery-playcrutch\"><\/div><\/div><\/div><\/div><div class=\"epyt-gallery-title\">2019 Maio I - Cenas do C\u00f3rrego<\/div><\/div><div tabindex=\"0\" role=\"button\" data-videoid=\"1yxmnMcbDfE\" class=\"epyt-gallery-thumb\"><div class=\"epyt-gallery-img-box\"><div class=\"epyt-gallery-img\" style=\"background-image: url(https:\/\/i.ytimg.com\/vi\/1yxmnMcbDfE\/hqdefault.jpg)\"><div class=\"epyt-gallery-playhover\"><img loading=\"lazy\" decoding=\"async\" alt=\"play\" class=\"epyt-play-img\" width=\"30\" height=\"23\" src=\"http:\/\/nossacasa.net\/nossosriachos\/tiririca\/wp-content\/plugins\/youtube-embed-plus\/images\/playhover.png\" data-no-lazy=\"1\" data-skipgform_ajax_framebjll=\"\" \/><div class=\"epyt-gallery-playcrutch\"><\/div><\/div><\/div><\/div><div class=\"epyt-gallery-title\">2019 Maio - Mutir\u00e3o I<\/div><\/div><div tabindex=\"0\" role=\"button\" data-videoid=\"6CEALrHaGH8\" class=\"epyt-gallery-thumb\"><div class=\"epyt-gallery-img-box\"><div class=\"epyt-gallery-img\" style=\"background-image: url(https:\/\/i.ytimg.com\/vi\/6CEALrHaGH8\/hqdefault.jpg)\"><div class=\"epyt-gallery-playhover\"><img loading=\"lazy\" decoding=\"async\" alt=\"play\" class=\"epyt-play-img\" width=\"30\" height=\"23\" src=\"http:\/\/nossacasa.net\/nossosriachos\/tiririca\/wp-content\/plugins\/youtube-embed-plus\/images\/playhover.png\" data-no-lazy=\"1\" data-skipgform_ajax_framebjll=\"\" \/><div class=\"epyt-gallery-playcrutch\"><\/div><\/div><\/div><\/div><div class=\"epyt-gallery-title\">2019 Junho - Mutir\u00e3o II<\/div><\/div><div class=\"epyt-gallery-rowbreak\"><\/div><div tabindex=\"0\" role=\"button\" data-videoid=\"ERt9hjcoagw\" class=\"epyt-gallery-thumb\"><div class=\"epyt-gallery-img-box\"><div class=\"epyt-gallery-img\" style=\"background-image: url(https:\/\/i.ytimg.com\/vi\/ERt9hjcoagw\/hqdefault.jpg)\"><div class=\"epyt-gallery-playhover\"><img loading=\"lazy\" decoding=\"async\" alt=\"play\" class=\"epyt-play-img\" width=\"30\" height=\"23\" src=\"http:\/\/nossacasa.net\/nossosriachos\/tiririca\/wp-content\/plugins\/youtube-embed-plus\/images\/playhover.png\" data-no-lazy=\"1\" data-skipgform_ajax_framebjll=\"\" \/><div class=\"epyt-gallery-playcrutch\"><\/div><\/div><\/div><\/div><div class=\"epyt-gallery-title\">2019 Julho - Mutir\u00e3o III<\/div><\/div><div tabindex=\"0\" role=\"button\" data-videoid=\"XUVP8KEpGUE\" class=\"epyt-gallery-thumb\"><div class=\"epyt-gallery-img-box\"><div class=\"epyt-gallery-img\" style=\"background-image: url(https:\/\/i.ytimg.com\/vi\/XUVP8KEpGUE\/hqdefault.jpg)\"><div class=\"epyt-gallery-playhover\"><img loading=\"lazy\" decoding=\"async\" alt=\"play\" class=\"epyt-play-img\" width=\"30\" height=\"23\" src=\"http:\/\/nossacasa.net\/nossosriachos\/tiririca\/wp-content\/plugins\/youtube-embed-plus\/images\/playhover.png\" data-no-lazy=\"1\" data-skipgform_ajax_framebjll=\"\" \/><div class=\"epyt-gallery-playcrutch\"><\/div><\/div><\/div><\/div><div class=\"epyt-gallery-title\">2019 Setembro - Mutir\u00e3o IV<\/div><\/div><div tabindex=\"0\" role=\"button\" data-videoid=\"ClptTEFIe7o\" class=\"epyt-gallery-thumb\"><div class=\"epyt-gallery-img-box\"><div class=\"epyt-gallery-img\" style=\"background-image: url(https:\/\/i.ytimg.com\/vi\/ClptTEFIe7o\/hqdefault.jpg)\"><div class=\"epyt-gallery-playhover\"><img loading=\"lazy\" decoding=\"async\" alt=\"play\" class=\"epyt-play-img\" width=\"30\" height=\"23\" src=\"http:\/\/nossacasa.net\/nossosriachos\/tiririca\/wp-content\/plugins\/youtube-embed-plus\/images\/playhover.png\" data-no-lazy=\"1\" data-skipgform_ajax_framebjll=\"\" \/><div class=\"epyt-gallery-playcrutch\"><\/div><\/div><\/div><\/div><div class=\"epyt-gallery-title\">2019 Outubro - Mutir\u00e3o V<\/div><\/div><div class=\"epyt-gallery-rowbreak\"><\/div><div tabindex=\"0\" role=\"button\" data-videoid=\"F4gITN2haKI\" class=\"epyt-gallery-thumb\"><div class=\"epyt-gallery-img-box\"><div class=\"epyt-gallery-img\" style=\"background-image: url(https:\/\/i.ytimg.com\/vi\/F4gITN2haKI\/hqdefault.jpg)\"><div class=\"epyt-gallery-playhover\"><img loading=\"lazy\" decoding=\"async\" alt=\"play\" class=\"epyt-play-img\" width=\"30\" height=\"23\" src=\"http:\/\/nossacasa.net\/nossosriachos\/tiririca\/wp-content\/plugins\/youtube-embed-plus\/images\/playhover.png\" data-no-lazy=\"1\" data-skipgform_ajax_framebjll=\"\" \/><div class=\"epyt-gallery-playcrutch\"><\/div><\/div><\/div><\/div><div class=\"epyt-gallery-title\">2021 Setembro I - Cenas do C\u00f3rrego<\/div><\/div><div tabindex=\"0\" role=\"button\" data-videoid=\"B-2RiUMw0b8\" class=\"epyt-gallery-thumb\"><div class=\"epyt-gallery-img-box\"><div class=\"epyt-gallery-img\" style=\"background-image: url(https:\/\/i.ytimg.com\/vi\/B-2RiUMw0b8\/hqdefault.jpg)\"><div class=\"epyt-gallery-playhover\"><img loading=\"lazy\" decoding=\"async\" alt=\"play\" class=\"epyt-play-img\" width=\"30\" height=\"23\" src=\"http:\/\/nossacasa.net\/nossosriachos\/tiririca\/wp-content\/plugins\/youtube-embed-plus\/images\/playhover.png\" data-no-lazy=\"1\" data-skipgform_ajax_framebjll=\"\" \/><div class=\"epyt-gallery-playcrutch\"><\/div><\/div><\/div><\/div><div class=\"epyt-gallery-title\">2021 Setembro II - Cenas do C\u00f3rrego<\/div><\/div><div tabindex=\"0\" role=\"button\" data-videoid=\"NbQXvW1CEPk\" class=\"epyt-gallery-thumb\"><div class=\"epyt-gallery-img-box\"><div class=\"epyt-gallery-img\" style=\"background-image: url(https:\/\/i.ytimg.com\/vi\/NbQXvW1CEPk\/hqdefault.jpg)\"><div class=\"epyt-gallery-playhover\"><img loading=\"lazy\" decoding=\"async\" alt=\"play\" class=\"epyt-play-img\" width=\"30\" height=\"23\" src=\"http:\/\/nossacasa.net\/nossosriachos\/tiririca\/wp-content\/plugins\/youtube-embed-plus\/images\/playhover.png\" data-no-lazy=\"1\" data-skipgform_ajax_framebjll=\"\" \/><div class=\"epyt-gallery-playcrutch\"><\/div><\/div><\/div><\/div><div class=\"epyt-gallery-title\">2021 Setembro III - Cenas do C\u00f3rrego<\/div><\/div><div class=\"epyt-gallery-rowbreak\"><\/div><div class=\"epyt-gallery-clear\"><\/div><\/div><div class=\"epyt-pagination \"><div tabindex=\"0\" role=\"button\" class=\"epyt-pagebutton epyt-prev  hide \" data-playlistid=\"PLH7IOILvZxiPFAMNllwV5MtyhcWTbwU7h\" data-pagesize=\"15\" data-pagetoken=\"\" data-epcolumns=\"3\" data-showtitle=\"1\" data-showpaging=\"1\" data-autonext=\"0\" data-thumbplay=\"1\"><div class=\"epyt-arrow\">&laquo;<\/div> <div>Prev<\/div><\/div><div class=\"epyt-pagenumbers \"><div class=\"epyt-current\">1<\/div><div class=\"epyt-pageseparator\"> \/ <\/div><div class=\"epyt-totalpages\">4<\/div><\/div><div tabindex=\"0\" role=\"button\" class=\"epyt-pagebutton epyt-next\" data-playlistid=\"PLH7IOILvZxiPFAMNllwV5MtyhcWTbwU7h\" data-pagesize=\"15\" data-pagetoken=\"EAAaHlBUOkNBOGlFRVEwTlRoRFF6aEVNVEUzTXpVeU56SQ\" data-epcolumns=\"3\" data-showtitle=\"1\" data-showpaging=\"1\" data-autonext=\"0\" data-thumbplay=\"1\"><div>Next<\/div> <div class=\"epyt-arrow\">&raquo;<\/div><\/div><div class=\"epyt-loader\"><img loading=\"lazy\" decoding=\"async\" alt=\"loading\" width=\"16\" height=\"11\" src=\"http:\/\/nossacasa.net\/nossosriachos\/tiririca\/wp-content\/plugins\/youtube-embed-plus\/images\/gallery-page-loader.gif\"><\/div><\/div><\/div><\/div><\/p>\n<p><img loading=\"lazy\" decoding=\"async\" src=\"http:\/\/nossacasa.net\/nossosriachos\/tiririca\/wp-content\/uploads\/sites\/12\/2023\/06\/Projeto_2.jpeg\" alt=\"\" width=\"1183\" height=\"589\" class=\"aligncenter size-full wp-image-5943\" srcset=\"http:\/\/nossacasa.net\/nossosriachos\/tiririca\/wp-content\/uploads\/sites\/12\/2023\/06\/Projeto_2.jpeg 1183w, http:\/\/nossacasa.net\/nossosriachos\/tiririca\/wp-content\/uploads\/sites\/12\/2023\/06\/Projeto_2-300x149.jpeg 300w, http:\/\/nossacasa.net\/nossosriachos\/tiririca\/wp-content\/uploads\/sites\/12\/2023\/06\/Projeto_2-1024x510.jpeg 1024w, http:\/\/nossacasa.net\/nossosriachos\/tiririca\/wp-content\/uploads\/sites\/12\/2023\/06\/Projeto_2-768x382.jpeg 768w\" sizes=\"auto, (max-width: 767px) 89vw, (max-width: 1000px) 54vw, (max-width: 1071px) 543px, 580px\" \/>\n<\/div>\n<\/div>\n","protected":false},"excerpt":{"rendered":"<p>Coletivo C\u00f3rregos da Tiririca Desde 2019 estamos plantando a Mata Ciliar nos c\u00f3rregos contribuintes da Lagoa de Itaipu, que nascem na serra da Tiririca, na cidade de Niter\u00f3i. Primeiro, uma visita \u00e0 escola local com uma ideia. Depois fomos conversando. Juntamos amigos, reunimos parceiros experientes e tamb\u00e9m a gente do bairro e fizemos uma expedi\u00e7\u00e3o &hellip; <\/p>\n<p class=\"link-more\"><a href=\"http:\/\/nossacasa.net\/nossosriachos\/tiririca\/\" class=\"more-link\">Continue lendo<span class=\"screen-reader-text\"> &#8220;Quem Somos&#8221;<\/span><\/a><\/p>\n","protected":false},"author":1,"featured_media":0,"parent":0,"menu_order":0,"comment_status":"closed","ping_status":"open","template":"","meta":{"footnotes":""},"class_list":["post-2","page","type-page","status-publish","hentry"],"_links":{"self":[{"href":"http:\/\/nossacasa.net\/nossosriachos\/tiririca\/wp-json\/wp\/v2\/pages\/2","targetHints":{"allow":["GET"]}}],"collection":[{"href":"http:\/\/nossacasa.net\/nossosriachos\/tiririca\/wp-json\/wp\/v2\/pages"}],"about":[{"href":"http:\/\/nossacasa.net\/nossosriachos\/tiririca\/wp-json\/wp\/v2\/types\/page"}],"author":[{"embeddable":true,"href":"http:\/\/nossacasa.net\/nossosriachos\/tiririca\/wp-json\/wp\/v2\/users\/1"}],"replies":[{"embeddable":true,"href":"http:\/\/nossacasa.net\/nossosriachos\/tiririca\/wp-json\/wp\/v2\/comments?post=2"}],"version-history":[{"count":20,"href":"http:\/\/nossacasa.net\/nossosriachos\/tiririca\/wp-json\/wp\/v2\/pages\/2\/revisions"}],"predecessor-version":[{"id":5944,"href":"http:\/\/nossacasa.net\/nossosriachos\/tiririca\/wp-json\/wp\/v2\/pages\/2\/revisions\/5944"}],"wp:attachment":[{"href":"http:\/\/nossacasa.net\/nossosriachos\/tiririca\/wp-json\/wp\/v2\/media?parent=2"}],"curies":[{"name":"wp","href":"https:\/\/api.w.org\/{rel}","templated":true}]}}