{"id":2489,"date":"2019-12-23T15:09:51","date_gmt":"2019-12-23T18:09:51","guid":{"rendered":"http:\/\/nossacasa.net\/nossosriachos\/tiririca\/?page_id=2489"},"modified":"2020-09-10T21:30:39","modified_gmt":"2020-09-11T00:30:39","slug":"grupo-3","status":"publish","type":"page","link":"http:\/\/nossacasa.net\/nossosriachos\/tiririca\/grupo-3\/","title":{"rendered":"Grupo 3"},"content":{"rendered":"<div style=\"text-align: justify;\">\nO Grupo 3 \u00e9 formado pelos ninhos de 011 a 020 colocados na margem esquerda do c\u00f3rrego.<br \/>\n<img loading=\"lazy\" decoding=\"async\" src=\"http:\/\/nossacasa.net\/nossosriachos\/tiririca\/wp-content\/uploads\/sites\/12\/2019\/12\/Grupo-3.jpg\" alt=\"\" width=\"913\" height=\"612\" class=\"aligncenter size-full wp-image-2492\" srcset=\"http:\/\/nossacasa.net\/nossosriachos\/tiririca\/wp-content\/uploads\/sites\/12\/2019\/12\/Grupo-3.jpg 913w, http:\/\/nossacasa.net\/nossosriachos\/tiririca\/wp-content\/uploads\/sites\/12\/2019\/12\/Grupo-3-300x201.jpg 300w, http:\/\/nossacasa.net\/nossosriachos\/tiririca\/wp-content\/uploads\/sites\/12\/2019\/12\/Grupo-3-768x515.jpg 768w\" sizes=\"auto, (max-width: 767px) 89vw, (max-width: 1000px) 54vw, (max-width: 1071px) 543px, 580px\" \/><\/p>\n<hr \/>\n<p><strong>ATIVIDADES<\/strong>:Na quarta-feira, 9\/9\/2020, Fernando acrescentou manivas de aipim e sementes de cacau no ninho 013.<\/p>\n<hr \/>\n<p><strong>FOTOS<\/strong>:<\/p>\n<hr \/>\n<p><img loading=\"lazy\" decoding=\"async\" src=\"http:\/\/nossacasa.net\/nossosriachos\/tiririca\/wp-content\/uploads\/sites\/12\/2020\/09\/Fernando_2020-09-10-at-17.43.02.jpeg\" alt=\"\" width=\"581\" height=\"1032\" class=\"aligncenter size-full wp-image-5104\" srcset=\"http:\/\/nossacasa.net\/nossosriachos\/tiririca\/wp-content\/uploads\/sites\/12\/2020\/09\/Fernando_2020-09-10-at-17.43.02.jpeg 581w, http:\/\/nossacasa.net\/nossosriachos\/tiririca\/wp-content\/uploads\/sites\/12\/2020\/09\/Fernando_2020-09-10-at-17.43.02-169x300.jpeg 169w, http:\/\/nossacasa.net\/nossosriachos\/tiririca\/wp-content\/uploads\/sites\/12\/2020\/09\/Fernando_2020-09-10-at-17.43.02-576x1024.jpeg 576w\" sizes=\"auto, (max-width: 581px) 100vw, 581px\" \/><\/p>\n<p><img loading=\"lazy\" decoding=\"async\" src=\"http:\/\/nossacasa.net\/nossosriachos\/tiririca\/wp-content\/uploads\/sites\/12\/2020\/09\/Fernando_2020-09-10-at-17.43.05.jpeg\" alt=\"\" width=\"774\" height=\"1032\" class=\"aligncenter size-full wp-image-5105\" srcset=\"http:\/\/nossacasa.net\/nossosriachos\/tiririca\/wp-content\/uploads\/sites\/12\/2020\/09\/Fernando_2020-09-10-at-17.43.05.jpeg 774w, http:\/\/nossacasa.net\/nossosriachos\/tiririca\/wp-content\/uploads\/sites\/12\/2020\/09\/Fernando_2020-09-10-at-17.43.05-225x300.jpeg 225w, http:\/\/nossacasa.net\/nossosriachos\/tiririca\/wp-content\/uploads\/sites\/12\/2020\/09\/Fernando_2020-09-10-at-17.43.05-768x1024.jpeg 768w\" sizes=\"auto, (max-width: 767px) 89vw, (max-width: 1000px) 54vw, (max-width: 1071px) 543px, 580px\" \/><\/p>\n<p><img loading=\"lazy\" decoding=\"async\" src=\"http:\/\/nossacasa.net\/nossosriachos\/tiririca\/wp-content\/uploads\/sites\/12\/2020\/09\/Fernando_2020-09-10-at-17.43.22_.jpeg\" alt=\"\" width=\"774\" height=\"1032\" class=\"aligncenter size-full wp-image-5107\" srcset=\"http:\/\/nossacasa.net\/nossosriachos\/tiririca\/wp-content\/uploads\/sites\/12\/2020\/09\/Fernando_2020-09-10-at-17.43.22_.jpeg 774w, http:\/\/nossacasa.net\/nossosriachos\/tiririca\/wp-content\/uploads\/sites\/12\/2020\/09\/Fernando_2020-09-10-at-17.43.22_-225x300.jpeg 225w, http:\/\/nossacasa.net\/nossosriachos\/tiririca\/wp-content\/uploads\/sites\/12\/2020\/09\/Fernando_2020-09-10-at-17.43.22_-768x1024.jpeg 768w\" sizes=\"auto, (max-width: 767px) 89vw, (max-width: 1000px) 54vw, (max-width: 1071px) 543px, 580px\" \/><\/p>\n<p><img loading=\"lazy\" decoding=\"async\" src=\"http:\/\/nossacasa.net\/nossosriachos\/tiririca\/wp-content\/uploads\/sites\/12\/2020\/09\/Fernando_2020-09-10-at-17.45.37.jpeg\" alt=\"\" width=\"774\" height=\"1032\" class=\"aligncenter size-full wp-image-5110\" srcset=\"http:\/\/nossacasa.net\/nossosriachos\/tiririca\/wp-content\/uploads\/sites\/12\/2020\/09\/Fernando_2020-09-10-at-17.45.37.jpeg 774w, http:\/\/nossacasa.net\/nossosriachos\/tiririca\/wp-content\/uploads\/sites\/12\/2020\/09\/Fernando_2020-09-10-at-17.45.37-225x300.jpeg 225w, http:\/\/nossacasa.net\/nossosriachos\/tiririca\/wp-content\/uploads\/sites\/12\/2020\/09\/Fernando_2020-09-10-at-17.45.37-768x1024.jpeg 768w\" sizes=\"auto, (max-width: 767px) 89vw, (max-width: 1000px) 54vw, (max-width: 1071px) 543px, 580px\" \/><\/p>\n<hr \/>\n<hr \/>\n<p><img loading=\"lazy\" decoding=\"async\" src=\"http:\/\/nossacasa.net\/nossosriachos\/tiririca\/wp-content\/uploads\/sites\/12\/2020\/06\/Grupo_3.jpg\" alt=\"\" width=\"919\" height=\"609\" class=\"aligncenter size-full wp-image-4589\" srcset=\"http:\/\/nossacasa.net\/nossosriachos\/tiririca\/wp-content\/uploads\/sites\/12\/2020\/06\/Grupo_3.jpg 919w, http:\/\/nossacasa.net\/nossosriachos\/tiririca\/wp-content\/uploads\/sites\/12\/2020\/06\/Grupo_3-300x199.jpg 300w, http:\/\/nossacasa.net\/nossosriachos\/tiririca\/wp-content\/uploads\/sites\/12\/2020\/06\/Grupo_3-768x509.jpg 768w\" sizes=\"auto, (max-width: 767px) 89vw, (max-width: 1000px) 54vw, (max-width: 1071px) 543px, 580px\" \/><br \/>\n<img loading=\"lazy\" decoding=\"async\" src=\"http:\/\/nossacasa.net\/nossosriachos\/tiririca\/wp-content\/uploads\/sites\/12\/2019\/12\/Grupo2_L.jpg\" alt=\"\" width=\"937\" height=\"619\" class=\"aligncenter size-full wp-image-2736\" srcset=\"http:\/\/nossacasa.net\/nossosriachos\/tiririca\/wp-content\/uploads\/sites\/12\/2019\/12\/Grupo2_L.jpg 937w, http:\/\/nossacasa.net\/nossosriachos\/tiririca\/wp-content\/uploads\/sites\/12\/2019\/12\/Grupo2_L-300x198.jpg 300w, http:\/\/nossacasa.net\/nossosriachos\/tiririca\/wp-content\/uploads\/sites\/12\/2019\/12\/Grupo2_L-768x507.jpg 768w\" sizes=\"auto, (max-width: 767px) 89vw, (max-width: 1000px) 54vw, (max-width: 1071px) 543px, 580px\" \/><\/p>\n<p>O Grupo 3 \u00e9 formado pelos ninhos 010 e 019 ainda n\u00e3o adotados.<\/p>\n<p><strong><a href=\"http:\/\/nossacasa.net\/nossosriachos\/tiririca\/grupo-3-ninhos-de-10-a-19\/\">Composi\u00e7\u00e3o bot\u00e2nica dos ninhos e entre ninhos do Grupo 3<\/a><\/strong>\n<\/div>\n","protected":false},"excerpt":{"rendered":"<p>O Grupo 3 \u00e9 formado pelos ninhos de 011 a 020 colocados na margem esquerda do c\u00f3rrego. ATIVIDADES:Na quarta-feira, 9\/9\/2020, Fernando acrescentou manivas de aipim e sementes de cacau no ninho 013. FOTOS: O Grupo 3 \u00e9 formado pelos ninhos 010 e 019 ainda n\u00e3o adotados. Composi\u00e7\u00e3o bot\u00e2nica dos ninhos e entre ninhos do Grupo &hellip; <\/p>\n<p class=\"link-more\"><a href=\"http:\/\/nossacasa.net\/nossosriachos\/tiririca\/grupo-3\/\" class=\"more-link\">Continue lendo<span class=\"screen-reader-text\"> &#8220;Grupo 3&#8221;<\/span><\/a><\/p>\n","protected":false},"author":1,"featured_media":0,"parent":0,"menu_order":0,"comment_status":"closed","ping_status":"closed","template":"","meta":{"footnotes":""},"class_list":["post-2489","page","type-page","status-publish","hentry"],"_links":{"self":[{"href":"http:\/\/nossacasa.net\/nossosriachos\/tiririca\/wp-json\/wp\/v2\/pages\/2489","targetHints":{"allow":["GET"]}}],"collection":[{"href":"http:\/\/nossacasa.net\/nossosriachos\/tiririca\/wp-json\/wp\/v2\/pages"}],"about":[{"href":"http:\/\/nossacasa.net\/nossosriachos\/tiririca\/wp-json\/wp\/v2\/types\/page"}],"author":[{"embeddable":true,"href":"http:\/\/nossacasa.net\/nossosriachos\/tiririca\/wp-json\/wp\/v2\/users\/1"}],"replies":[{"embeddable":true,"href":"http:\/\/nossacasa.net\/nossosriachos\/tiririca\/wp-json\/wp\/v2\/comments?post=2489"}],"version-history":[{"count":9,"href":"http:\/\/nossacasa.net\/nossosriachos\/tiririca\/wp-json\/wp\/v2\/pages\/2489\/revisions"}],"predecessor-version":[{"id":5111,"href":"http:\/\/nossacasa.net\/nossosriachos\/tiririca\/wp-json\/wp\/v2\/pages\/2489\/revisions\/5111"}],"wp:attachment":[{"href":"http:\/\/nossacasa.net\/nossosriachos\/tiririca\/wp-json\/wp\/v2\/media?parent=2489"}],"curies":[{"name":"wp","href":"https:\/\/api.w.org\/{rel}","templated":true}]}}