{"id":2504,"date":"2019-12-23T15:57:56","date_gmt":"2019-12-23T18:57:56","guid":{"rendered":"http:\/\/nossacasa.net\/nossosriachos\/tiririca\/?page_id=2504"},"modified":"2020-09-10T21:34:03","modified_gmt":"2020-09-11T00:34:03","slug":"grupo-4","status":"publish","type":"page","link":"http:\/\/nossacasa.net\/nossosriachos\/tiririca\/grupo-4\/","title":{"rendered":"Grupo 4"},"content":{"rendered":"<div style=\"text-align: justify;\">\nO Grupo 4 \u00e9 formado pelos ninhos de 021 a 030 colocados na margem esquerda do c\u00f3rrego.<br \/>\n<img loading=\"lazy\" decoding=\"async\" src=\"http:\/\/nossacasa.net\/nossosriachos\/tiririca\/wp-content\/uploads\/sites\/12\/2019\/12\/Grupo-4.jpg\" alt=\"\" width=\"933\" height=\"627\" class=\"aligncenter size-full wp-image-2522\" srcset=\"http:\/\/nossacasa.net\/nossosriachos\/tiririca\/wp-content\/uploads\/sites\/12\/2019\/12\/Grupo-4.jpg 933w, http:\/\/nossacasa.net\/nossosriachos\/tiririca\/wp-content\/uploads\/sites\/12\/2019\/12\/Grupo-4-300x202.jpg 300w, http:\/\/nossacasa.net\/nossosriachos\/tiririca\/wp-content\/uploads\/sites\/12\/2019\/12\/Grupo-4-768x516.jpg 768w\" sizes=\"auto, (max-width: 767px) 89vw, (max-width: 1000px) 54vw, (max-width: 1071px) 543px, 580px\" \/><br \/>\n<strong><\/p>\n<hr \/>\n<p>ATIVIDADES<\/strong>:<\/p>\n<hr \/>\n<p>Na quarta-feira, 9\/9\/2020, Fernando acrescentou manivas de aipim e sementes de cacau no ningo 022.<\/p>\n<hr \/>\n<p><strong>FOTOS<\/strong>: <\/p>\n<hr \/>\n<p><img loading=\"lazy\" decoding=\"async\" src=\"http:\/\/nossacasa.net\/nossosriachos\/tiririca\/wp-content\/uploads\/sites\/12\/2020\/09\/Fernando_2020-09-10-at-17.43.22.jpeg\" alt=\"\" width=\"774\" height=\"1032\" class=\"aligncenter size-full wp-image-5106\" srcset=\"http:\/\/nossacasa.net\/nossosriachos\/tiririca\/wp-content\/uploads\/sites\/12\/2020\/09\/Fernando_2020-09-10-at-17.43.22.jpeg 774w, http:\/\/nossacasa.net\/nossosriachos\/tiririca\/wp-content\/uploads\/sites\/12\/2020\/09\/Fernando_2020-09-10-at-17.43.22-225x300.jpeg 225w, http:\/\/nossacasa.net\/nossosriachos\/tiririca\/wp-content\/uploads\/sites\/12\/2020\/09\/Fernando_2020-09-10-at-17.43.22-768x1024.jpeg 768w\" sizes=\"auto, (max-width: 767px) 89vw, (max-width: 1000px) 54vw, (max-width: 1071px) 543px, 580px\" \/><\/p>\n<p><img loading=\"lazy\" decoding=\"async\" src=\"http:\/\/nossacasa.net\/nossosriachos\/tiririca\/wp-content\/uploads\/sites\/12\/2020\/09\/Fernando_2020-09-10-at-17.43.22_2.jpeg\" alt=\"\" width=\"774\" height=\"1032\" class=\"aligncenter size-full wp-image-5108\" srcset=\"http:\/\/nossacasa.net\/nossosriachos\/tiririca\/wp-content\/uploads\/sites\/12\/2020\/09\/Fernando_2020-09-10-at-17.43.22_2.jpeg 774w, http:\/\/nossacasa.net\/nossosriachos\/tiririca\/wp-content\/uploads\/sites\/12\/2020\/09\/Fernando_2020-09-10-at-17.43.22_2-225x300.jpeg 225w, http:\/\/nossacasa.net\/nossosriachos\/tiririca\/wp-content\/uploads\/sites\/12\/2020\/09\/Fernando_2020-09-10-at-17.43.22_2-768x1024.jpeg 768w\" sizes=\"auto, (max-width: 767px) 89vw, (max-width: 1000px) 54vw, (max-width: 1071px) 543px, 580px\" \/><\/p>\n<p><img loading=\"lazy\" decoding=\"async\" src=\"http:\/\/nossacasa.net\/nossosriachos\/tiririca\/wp-content\/uploads\/sites\/12\/2020\/09\/Fernando_2020-09-10-at-17.45.36.jpeg\" alt=\"\" width=\"774\" height=\"1032\" class=\"aligncenter size-full wp-image-5109\" srcset=\"http:\/\/nossacasa.net\/nossosriachos\/tiririca\/wp-content\/uploads\/sites\/12\/2020\/09\/Fernando_2020-09-10-at-17.45.36.jpeg 774w, http:\/\/nossacasa.net\/nossosriachos\/tiririca\/wp-content\/uploads\/sites\/12\/2020\/09\/Fernando_2020-09-10-at-17.45.36-225x300.jpeg 225w, http:\/\/nossacasa.net\/nossosriachos\/tiririca\/wp-content\/uploads\/sites\/12\/2020\/09\/Fernando_2020-09-10-at-17.45.36-768x1024.jpeg 768w\" sizes=\"auto, (max-width: 767px) 89vw, (max-width: 1000px) 54vw, (max-width: 1071px) 543px, 580px\" \/><\/p>\n<hr \/>\n<p><img loading=\"lazy\" decoding=\"async\" src=\"http:\/\/nossacasa.net\/nossosriachos\/tiririca\/wp-content\/uploads\/sites\/12\/2020\/06\/Grupo_4.jpg\" alt=\"\" width=\"909\" height=\"519\" class=\"aligncenter size-full wp-image-4591\" srcset=\"http:\/\/nossacasa.net\/nossosriachos\/tiririca\/wp-content\/uploads\/sites\/12\/2020\/06\/Grupo_4.jpg 909w, http:\/\/nossacasa.net\/nossosriachos\/tiririca\/wp-content\/uploads\/sites\/12\/2020\/06\/Grupo_4-300x171.jpg 300w, http:\/\/nossacasa.net\/nossosriachos\/tiririca\/wp-content\/uploads\/sites\/12\/2020\/06\/Grupo_4-768x438.jpg 768w\" sizes=\"auto, (max-width: 767px) 89vw, (max-width: 1000px) 54vw, (max-width: 1071px) 543px, 580px\" \/><br \/>\n<img loading=\"lazy\" decoding=\"async\" src=\"http:\/\/nossacasa.net\/nossosriachos\/tiririca\/wp-content\/uploads\/sites\/12\/2019\/12\/Grupo4_L.jpg\" alt=\"\" width=\"1067\" height=\"541\" class=\"aligncenter size-full wp-image-2740\" srcset=\"http:\/\/nossacasa.net\/nossosriachos\/tiririca\/wp-content\/uploads\/sites\/12\/2019\/12\/Grupo4_L.jpg 1067w, http:\/\/nossacasa.net\/nossosriachos\/tiririca\/wp-content\/uploads\/sites\/12\/2019\/12\/Grupo4_L-300x152.jpg 300w, http:\/\/nossacasa.net\/nossosriachos\/tiririca\/wp-content\/uploads\/sites\/12\/2019\/12\/Grupo4_L-1024x519.jpg 1024w, http:\/\/nossacasa.net\/nossosriachos\/tiririca\/wp-content\/uploads\/sites\/12\/2019\/12\/Grupo4_L-768x389.jpg 768w\" sizes=\"auto, (max-width: 767px) 89vw, (max-width: 1000px) 54vw, (max-width: 1071px) 543px, 580px\" \/><\/p>\n<p><strong><a href=\"http:\/\/nossacasa.net\/nossosriachos\/tiririca\/grupo-4-ninhos-de-20-a-29\/\">Composi\u00e7\u00e3o bot\u00e2nica dos ninhos e entre ninhos do Grupo 4<\/a><\/strong><\/p>\n<\/div>\n","protected":false},"excerpt":{"rendered":"<p>O Grupo 4 \u00e9 formado pelos ninhos de 021 a 030 colocados na margem esquerda do c\u00f3rrego. ATIVIDADES: Na quarta-feira, 9\/9\/2020, Fernando acrescentou manivas de aipim e sementes de cacau no ningo 022. FOTOS: Composi\u00e7\u00e3o bot\u00e2nica dos ninhos e entre ninhos do Grupo 4<\/p>\n","protected":false},"author":1,"featured_media":0,"parent":0,"menu_order":0,"comment_status":"closed","ping_status":"closed","template":"","meta":{"footnotes":""},"class_list":["post-2504","page","type-page","status-publish","hentry"],"_links":{"self":[{"href":"http:\/\/nossacasa.net\/nossosriachos\/tiririca\/wp-json\/wp\/v2\/pages\/2504","targetHints":{"allow":["GET"]}}],"collection":[{"href":"http:\/\/nossacasa.net\/nossosriachos\/tiririca\/wp-json\/wp\/v2\/pages"}],"about":[{"href":"http:\/\/nossacasa.net\/nossosriachos\/tiririca\/wp-json\/wp\/v2\/types\/page"}],"author":[{"embeddable":true,"href":"http:\/\/nossacasa.net\/nossosriachos\/tiririca\/wp-json\/wp\/v2\/users\/1"}],"replies":[{"embeddable":true,"href":"http:\/\/nossacasa.net\/nossosriachos\/tiririca\/wp-json\/wp\/v2\/comments?post=2504"}],"version-history":[{"count":11,"href":"http:\/\/nossacasa.net\/nossosriachos\/tiririca\/wp-json\/wp\/v2\/pages\/2504\/revisions"}],"predecessor-version":[{"id":5112,"href":"http:\/\/nossacasa.net\/nossosriachos\/tiririca\/wp-json\/wp\/v2\/pages\/2504\/revisions\/5112"}],"wp:attachment":[{"href":"http:\/\/nossacasa.net\/nossosriachos\/tiririca\/wp-json\/wp\/v2\/media?parent=2504"}],"curies":[{"name":"wp","href":"https:\/\/api.w.org\/{rel}","templated":true}]}}