{"id":2527,"date":"2019-12-24T10:19:28","date_gmt":"2019-12-24T13:19:28","guid":{"rendered":"http:\/\/nossacasa.net\/nossosriachos\/tiririca\/?page_id=2527"},"modified":"2020-06-24T21:28:59","modified_gmt":"2020-06-25T00:28:59","slug":"grupo-6","status":"publish","type":"page","link":"http:\/\/nossacasa.net\/nossosriachos\/tiririca\/grupo-6\/","title":{"rendered":"Grupo 6"},"content":{"rendered":"<div style=\"text-align: justify;\">\nO Grupo 6 \u00e9 formado pelos ninhos de 041 a 050 colocados na margem esquerda do c\u00f3rrego.<br \/>\n<img loading=\"lazy\" decoding=\"async\" src=\"http:\/\/nossacasa.net\/nossosriachos\/tiririca\/wp-content\/uploads\/sites\/12\/2019\/12\/Grupo-6.jpg\" alt=\"\" width=\"971\" height=\"632\" class=\"aligncenter size-full wp-image-2524\" srcset=\"http:\/\/nossacasa.net\/nossosriachos\/tiririca\/wp-content\/uploads\/sites\/12\/2019\/12\/Grupo-6.jpg 971w, http:\/\/nossacasa.net\/nossosriachos\/tiririca\/wp-content\/uploads\/sites\/12\/2019\/12\/Grupo-6-300x195.jpg 300w, http:\/\/nossacasa.net\/nossosriachos\/tiririca\/wp-content\/uploads\/sites\/12\/2019\/12\/Grupo-6-768x500.jpg 768w\" sizes=\"auto, (max-width: 767px) 89vw, (max-width: 1000px) 54vw, (max-width: 1071px) 543px, 580px\" \/><br \/>\n<img loading=\"lazy\" decoding=\"async\" src=\"http:\/\/nossacasa.net\/nossosriachos\/tiririca\/wp-content\/uploads\/sites\/12\/2020\/06\/Grupo_6-1.jpg\" alt=\"\" width=\"820\" height=\"429\" class=\"aligncenter size-full wp-image-4596\" srcset=\"http:\/\/nossacasa.net\/nossosriachos\/tiririca\/wp-content\/uploads\/sites\/12\/2020\/06\/Grupo_6-1.jpg 820w, http:\/\/nossacasa.net\/nossosriachos\/tiririca\/wp-content\/uploads\/sites\/12\/2020\/06\/Grupo_6-1-300x157.jpg 300w, http:\/\/nossacasa.net\/nossosriachos\/tiririca\/wp-content\/uploads\/sites\/12\/2020\/06\/Grupo_6-1-768x402.jpg 768w\" sizes=\"auto, (max-width: 767px) 89vw, (max-width: 1000px) 54vw, (max-width: 1071px) 543px, 580px\" \/><br \/>\n<img loading=\"lazy\" decoding=\"async\" src=\"http:\/\/nossacasa.net\/nossosriachos\/tiririca\/wp-content\/uploads\/sites\/12\/2019\/12\/Grupo6_S.jpg\" alt=\"\" width=\"918\" height=\"547\" class=\"aligncenter size-full wp-image-2745\" srcset=\"http:\/\/nossacasa.net\/nossosriachos\/tiririca\/wp-content\/uploads\/sites\/12\/2019\/12\/Grupo6_S.jpg 918w, http:\/\/nossacasa.net\/nossosriachos\/tiririca\/wp-content\/uploads\/sites\/12\/2019\/12\/Grupo6_S-300x179.jpg 300w, http:\/\/nossacasa.net\/nossosriachos\/tiririca\/wp-content\/uploads\/sites\/12\/2019\/12\/Grupo6_S-768x458.jpg 768w\" sizes=\"auto, (max-width: 767px) 89vw, (max-width: 1000px) 54vw, (max-width: 1071px) 543px, 580px\" \/><\/p>\n<p>Os ninhos do Grupo 6 foram adotados por <strong>Daniel<\/strong>, <strong>Fernanda<\/strong> e <strong>Renata<\/strong>.<\/p>\n<p><strong><a href=\"http:\/\/nossacasa.net\/nossosriachos\/tiririca\/grupo-6-ninhos-de-40-a-49\/\">Composi\u00e7\u00e3o bot\u00e2nica dos ninhos e entre ninhos do Grupo 6<\/a><\/strong><\/p>\n<\/div>\n","protected":false},"excerpt":{"rendered":"<p>O Grupo 6 \u00e9 formado pelos ninhos de 041 a 050 colocados na margem esquerda do c\u00f3rrego. Os ninhos do Grupo 6 foram adotados por Daniel, Fernanda e Renata. Composi\u00e7\u00e3o bot\u00e2nica dos ninhos e entre ninhos do Grupo 6<\/p>\n","protected":false},"author":1,"featured_media":4596,"parent":0,"menu_order":0,"comment_status":"closed","ping_status":"closed","template":"","meta":{"footnotes":""},"class_list":["post-2527","page","type-page","status-publish","has-post-thumbnail","hentry"],"_links":{"self":[{"href":"http:\/\/nossacasa.net\/nossosriachos\/tiririca\/wp-json\/wp\/v2\/pages\/2527","targetHints":{"allow":["GET"]}}],"collection":[{"href":"http:\/\/nossacasa.net\/nossosriachos\/tiririca\/wp-json\/wp\/v2\/pages"}],"about":[{"href":"http:\/\/nossacasa.net\/nossosriachos\/tiririca\/wp-json\/wp\/v2\/types\/page"}],"author":[{"embeddable":true,"href":"http:\/\/nossacasa.net\/nossosriachos\/tiririca\/wp-json\/wp\/v2\/users\/1"}],"replies":[{"embeddable":true,"href":"http:\/\/nossacasa.net\/nossosriachos\/tiririca\/wp-json\/wp\/v2\/comments?post=2527"}],"version-history":[{"count":13,"href":"http:\/\/nossacasa.net\/nossosriachos\/tiririca\/wp-json\/wp\/v2\/pages\/2527\/revisions"}],"predecessor-version":[{"id":4725,"href":"http:\/\/nossacasa.net\/nossosriachos\/tiririca\/wp-json\/wp\/v2\/pages\/2527\/revisions\/4725"}],"wp:featuredmedia":[{"embeddable":true,"href":"http:\/\/nossacasa.net\/nossosriachos\/tiririca\/wp-json\/wp\/v2\/media\/4596"}],"wp:attachment":[{"href":"http:\/\/nossacasa.net\/nossosriachos\/tiririca\/wp-json\/wp\/v2\/media?parent=2527"}],"curies":[{"name":"wp","href":"https:\/\/api.w.org\/{rel}","templated":true}]}}