{"id":2640,"date":"2019-12-24T17:44:13","date_gmt":"2019-12-24T20:44:13","guid":{"rendered":"http:\/\/nossacasa.net\/nossosriachos\/tiririca\/?page_id=2640"},"modified":"2020-06-24T21:32:34","modified_gmt":"2020-06-25T00:32:34","slug":"grupo-9","status":"publish","type":"page","link":"http:\/\/nossacasa.net\/nossosriachos\/tiririca\/grupo-9\/","title":{"rendered":"Grupo 9"},"content":{"rendered":"<div style=\"text-align: justify;\">\n<hr \/>\n<p>O <strong>Grupo 9<\/strong> \u00e9 formado pelos ninhos de <strong>071 a 080<\/strong> colocados na margem esquerda do c\u00f3rrego.<\/p>\n<hr \/>\n<p><img loading=\"lazy\" decoding=\"async\" src=\"http:\/\/nossacasa.net\/nossosriachos\/tiririca\/wp-content\/uploads\/sites\/12\/2019\/12\/Grupo_09.jpg\" alt=\"\" width=\"986\" height=\"599\" class=\"aligncenter size-full wp-image-2785\" srcset=\"http:\/\/nossacasa.net\/nossosriachos\/tiririca\/wp-content\/uploads\/sites\/12\/2019\/12\/Grupo_09.jpg 986w, http:\/\/nossacasa.net\/nossosriachos\/tiririca\/wp-content\/uploads\/sites\/12\/2019\/12\/Grupo_09-300x182.jpg 300w, http:\/\/nossacasa.net\/nossosriachos\/tiririca\/wp-content\/uploads\/sites\/12\/2019\/12\/Grupo_09-768x467.jpg 768w\" sizes=\"auto, (max-width: 767px) 89vw, (max-width: 1000px) 54vw, (max-width: 1071px) 543px, 580px\" \/><br \/>\n<img loading=\"lazy\" decoding=\"async\" src=\"http:\/\/nossacasa.net\/nossosriachos\/tiririca\/wp-content\/uploads\/sites\/12\/2020\/06\/Grupo_9.jpg\" alt=\"\" width=\"700\" height=\"464\" class=\"aligncenter size-full wp-image-4603\" srcset=\"http:\/\/nossacasa.net\/nossosriachos\/tiririca\/wp-content\/uploads\/sites\/12\/2020\/06\/Grupo_9.jpg 700w, http:\/\/nossacasa.net\/nossosriachos\/tiririca\/wp-content\/uploads\/sites\/12\/2020\/06\/Grupo_9-300x199.jpg 300w\" sizes=\"auto, (max-width: 700px) 100vw, 700px\" \/><br \/>\n<img loading=\"lazy\" decoding=\"async\" src=\"http:\/\/nossacasa.net\/nossosriachos\/tiririca\/wp-content\/uploads\/sites\/12\/2019\/12\/Grupo_09b.jpg\" alt=\"\" width=\"861\" height=\"512\" class=\"aligncenter size-full wp-image-2787\" srcset=\"http:\/\/nossacasa.net\/nossosriachos\/tiririca\/wp-content\/uploads\/sites\/12\/2019\/12\/Grupo_09b.jpg 861w, http:\/\/nossacasa.net\/nossosriachos\/tiririca\/wp-content\/uploads\/sites\/12\/2019\/12\/Grupo_09b-300x178.jpg 300w, http:\/\/nossacasa.net\/nossosriachos\/tiririca\/wp-content\/uploads\/sites\/12\/2019\/12\/Grupo_09b-768x457.jpg 768w\" sizes=\"auto, (max-width: 767px) 89vw, (max-width: 1000px) 54vw, (max-width: 1071px) 543px, 580px\" \/><\/p>\n<hr \/>\n<p>O grupo 9 foi adotado por <strong>Bebel<\/strong> e <strong>Luisa<\/strong>.<\/p>\n<hr \/>\n<p><strong><a href=\"http:\/\/nossacasa.net\/nossosriachos\/tiririca\/grupo-9-ninhos-de-70-a-79\/\">Composi\u00e7\u00e3o bot\u00e2nica dos ninhos e entre ninhos do Grupo 9<\/a><\/strong><\/p>\n<hr \/>\n<\/div>\n","protected":false},"excerpt":{"rendered":"<p>O Grupo 9 \u00e9 formado pelos ninhos de 071 a 080 colocados na margem esquerda do c\u00f3rrego. O grupo 9 foi adotado por Bebel e Luisa. Composi\u00e7\u00e3o bot\u00e2nica dos ninhos e entre ninhos do Grupo 9<\/p>\n","protected":false},"author":1,"featured_media":4603,"parent":0,"menu_order":0,"comment_status":"closed","ping_status":"closed","template":"","meta":{"footnotes":""},"class_list":["post-2640","page","type-page","status-publish","has-post-thumbnail","hentry"],"_links":{"self":[{"href":"http:\/\/nossacasa.net\/nossosriachos\/tiririca\/wp-json\/wp\/v2\/pages\/2640","targetHints":{"allow":["GET"]}}],"collection":[{"href":"http:\/\/nossacasa.net\/nossosriachos\/tiririca\/wp-json\/wp\/v2\/pages"}],"about":[{"href":"http:\/\/nossacasa.net\/nossosriachos\/tiririca\/wp-json\/wp\/v2\/types\/page"}],"author":[{"embeddable":true,"href":"http:\/\/nossacasa.net\/nossosriachos\/tiririca\/wp-json\/wp\/v2\/users\/1"}],"replies":[{"embeddable":true,"href":"http:\/\/nossacasa.net\/nossosriachos\/tiririca\/wp-json\/wp\/v2\/comments?post=2640"}],"version-history":[{"count":30,"href":"http:\/\/nossacasa.net\/nossosriachos\/tiririca\/wp-json\/wp\/v2\/pages\/2640\/revisions"}],"predecessor-version":[{"id":4728,"href":"http:\/\/nossacasa.net\/nossosriachos\/tiririca\/wp-json\/wp\/v2\/pages\/2640\/revisions\/4728"}],"wp:featuredmedia":[{"embeddable":true,"href":"http:\/\/nossacasa.net\/nossosriachos\/tiririca\/wp-json\/wp\/v2\/media\/4603"}],"wp:attachment":[{"href":"http:\/\/nossacasa.net\/nossosriachos\/tiririca\/wp-json\/wp\/v2\/media?parent=2640"}],"curies":[{"name":"wp","href":"https:\/\/api.w.org\/{rel}","templated":true}]}}