{"id":2649,"date":"2019-12-24T18:26:26","date_gmt":"2019-12-24T21:26:26","guid":{"rendered":"http:\/\/nossacasa.net\/nossosriachos\/tiririca\/?page_id=2649"},"modified":"2020-06-05T11:08:26","modified_gmt":"2020-06-05T14:08:26","slug":"grupo-10","status":"publish","type":"page","link":"http:\/\/nossacasa.net\/nossosriachos\/tiririca\/grupo-10\/","title":{"rendered":"Grupo 10"},"content":{"rendered":"<div style=\"text-align: justify;\">\n<hr \/>\n<p>O <strong>Grupo 10<\/strong> \u00e9 formado pelos <strong>ninhos de 080 a 089<\/strong> colocados na margem esquerda do c\u00f3rrego.<\/p>\n<hr \/>\n<p><img loading=\"lazy\" decoding=\"async\" src=\"http:\/\/nossacasa.net\/nossosriachos\/tiririca\/wp-content\/uploads\/sites\/12\/2019\/12\/Grupo_10.jpg\" alt=\"\" width=\"1000\" height=\"620\" class=\"aligncenter size-full wp-image-2781\" srcset=\"http:\/\/nossacasa.net\/nossosriachos\/tiririca\/wp-content\/uploads\/sites\/12\/2019\/12\/Grupo_10.jpg 1000w, http:\/\/nossacasa.net\/nossosriachos\/tiririca\/wp-content\/uploads\/sites\/12\/2019\/12\/Grupo_10-300x186.jpg 300w, http:\/\/nossacasa.net\/nossosriachos\/tiririca\/wp-content\/uploads\/sites\/12\/2019\/12\/Grupo_10-768x476.jpg 768w\" sizes=\"auto, (max-width: 767px) 89vw, (max-width: 1000px) 54vw, (max-width: 1071px) 543px, 580px\" \/><br \/>\n<img loading=\"lazy\" decoding=\"async\" src=\"http:\/\/nossacasa.net\/nossosriachos\/tiririca\/wp-content\/uploads\/sites\/12\/2019\/12\/Grupo_10a.jpg\" alt=\"\" width=\"784\" height=\"591\" class=\"aligncenter size-full wp-image-2782\" srcset=\"http:\/\/nossacasa.net\/nossosriachos\/tiririca\/wp-content\/uploads\/sites\/12\/2019\/12\/Grupo_10a.jpg 784w, http:\/\/nossacasa.net\/nossosriachos\/tiririca\/wp-content\/uploads\/sites\/12\/2019\/12\/Grupo_10a-300x226.jpg 300w, http:\/\/nossacasa.net\/nossosriachos\/tiririca\/wp-content\/uploads\/sites\/12\/2019\/12\/Grupo_10a-768x579.jpg 768w\" sizes=\"auto, (max-width: 767px) 89vw, (max-width: 1000px) 54vw, (max-width: 1071px) 543px, 580px\" \/><br \/>\n<img loading=\"lazy\" decoding=\"async\" src=\"http:\/\/nossacasa.net\/nossosriachos\/tiririca\/wp-content\/uploads\/sites\/12\/2019\/12\/Grupo_10b.jpg\" alt=\"\" width=\"915\" height=\"579\" class=\"aligncenter size-full wp-image-2783\" srcset=\"http:\/\/nossacasa.net\/nossosriachos\/tiririca\/wp-content\/uploads\/sites\/12\/2019\/12\/Grupo_10b.jpg 915w, http:\/\/nossacasa.net\/nossosriachos\/tiririca\/wp-content\/uploads\/sites\/12\/2019\/12\/Grupo_10b-300x190.jpg 300w, http:\/\/nossacasa.net\/nossosriachos\/tiririca\/wp-content\/uploads\/sites\/12\/2019\/12\/Grupo_10b-768x486.jpg 768w\" sizes=\"auto, (max-width: 767px) 89vw, (max-width: 1000px) 54vw, (max-width: 1071px) 543px, 580px\" \/><\/p>\n<hr \/>\n<p>Os ninhos do grupo 10 foram adotados por <strong>Simone<\/strong> (Vizinha do C\u00f3rrego)<\/p>\n<hr \/>\n<p><strong><a href=\"http:\/\/nossacasa.net\/nossosriachos\/tiririca\/grupo-10-ninhos-de-80-a-89\/\">Composi\u00e7\u00e3o bot\u00e2nica dos ninhos e entre ninhos do Grupo 10<\/a><\/strong><\/p>\n<hr \/>\n<\/div>\n","protected":false},"excerpt":{"rendered":"<p>O Grupo 10 \u00e9 formado pelos ninhos de 080 a 089 colocados na margem esquerda do c\u00f3rrego. Os ninhos do grupo 10 foram adotados por Simone (Vizinha do C\u00f3rrego) Composi\u00e7\u00e3o bot\u00e2nica dos ninhos e entre ninhos do Grupo 10<\/p>\n","protected":false},"author":1,"featured_media":2782,"parent":0,"menu_order":0,"comment_status":"closed","ping_status":"closed","template":"","meta":{"footnotes":""},"class_list":["post-2649","page","type-page","status-publish","has-post-thumbnail","hentry"],"_links":{"self":[{"href":"http:\/\/nossacasa.net\/nossosriachos\/tiririca\/wp-json\/wp\/v2\/pages\/2649","targetHints":{"allow":["GET"]}}],"collection":[{"href":"http:\/\/nossacasa.net\/nossosriachos\/tiririca\/wp-json\/wp\/v2\/pages"}],"about":[{"href":"http:\/\/nossacasa.net\/nossosriachos\/tiririca\/wp-json\/wp\/v2\/types\/page"}],"author":[{"embeddable":true,"href":"http:\/\/nossacasa.net\/nossosriachos\/tiririca\/wp-json\/wp\/v2\/users\/1"}],"replies":[{"embeddable":true,"href":"http:\/\/nossacasa.net\/nossosriachos\/tiririca\/wp-json\/wp\/v2\/comments?post=2649"}],"version-history":[{"count":16,"href":"http:\/\/nossacasa.net\/nossosriachos\/tiririca\/wp-json\/wp\/v2\/pages\/2649\/revisions"}],"predecessor-version":[{"id":4605,"href":"http:\/\/nossacasa.net\/nossosriachos\/tiririca\/wp-json\/wp\/v2\/pages\/2649\/revisions\/4605"}],"wp:featuredmedia":[{"embeddable":true,"href":"http:\/\/nossacasa.net\/nossosriachos\/tiririca\/wp-json\/wp\/v2\/media\/2782"}],"wp:attachment":[{"href":"http:\/\/nossacasa.net\/nossosriachos\/tiririca\/wp-json\/wp\/v2\/media?parent=2649"}],"curies":[{"name":"wp","href":"https:\/\/api.w.org\/{rel}","templated":true}]}}