{"id":2702,"date":"2019-12-24T20:38:52","date_gmt":"2019-12-24T23:38:52","guid":{"rendered":"http:\/\/nossacasa.net\/nossosriachos\/tiririca\/?page_id=2702"},"modified":"2020-09-21T12:06:24","modified_gmt":"2020-09-21T15:06:24","slug":"grupo-11","status":"publish","type":"page","link":"http:\/\/nossacasa.net\/nossosriachos\/tiririca\/grupo-11\/","title":{"rendered":"Grupo 11"},"content":{"rendered":"<div style=\"text-align: justify;\">\n<hr \/>\n<p>O <strong>Grupo 11<\/strong> \u00e9 formado pelos <strong>ninhos de 091 a 100<\/strong> colocados na margem esquerda do c\u00f3rrego.<\/p>\n<hr \/>\n<hr \/>\n<p>Os ninhos do grupo 11 foram adotados por <strong>Elias<\/strong> e <strong>Maur\u00edcio<\/strong>.<\/p>\n<hr \/>\n<p><strong>Atividades<\/strong>:<br \/>\nNa segunda-feira, 21 de setembro de 2020, Elias e Maur\u00edcio, aproveitando a chuvinha boa, plantaram lim\u00e3o, ab\u00f3bora e mam\u00e3o nos ninhos 90 a 100<\/p>\n<hr \/>\n<p><strong>Fotos<\/strong>:<br \/>\n<img loading=\"lazy\" decoding=\"async\" src=\"http:\/\/nossacasa.net\/nossosriachos\/tiririca\/wp-content\/uploads\/sites\/12\/2020\/09\/Elias_2020-09-21-at-11.45.46.jpeg\" alt=\"\" width=\"960\" height=\"1280\" class=\"aligncenter size-full wp-image-5127\" srcset=\"http:\/\/nossacasa.net\/nossosriachos\/tiririca\/wp-content\/uploads\/sites\/12\/2020\/09\/Elias_2020-09-21-at-11.45.46.jpeg 960w, http:\/\/nossacasa.net\/nossosriachos\/tiririca\/wp-content\/uploads\/sites\/12\/2020\/09\/Elias_2020-09-21-at-11.45.46-225x300.jpeg 225w, http:\/\/nossacasa.net\/nossosriachos\/tiririca\/wp-content\/uploads\/sites\/12\/2020\/09\/Elias_2020-09-21-at-11.45.46-768x1024.jpeg 768w\" sizes=\"auto, (max-width: 767px) 89vw, (max-width: 1000px) 54vw, (max-width: 1071px) 543px, 580px\" \/><\/p>\n<p><img loading=\"lazy\" decoding=\"async\" src=\"http:\/\/nossacasa.net\/nossosriachos\/tiririca\/wp-content\/uploads\/sites\/12\/2020\/09\/Elias_2020-09-21-at-11.47.05.jpeg\" alt=\"\" width=\"960\" height=\"1280\" class=\"aligncenter size-full wp-image-5128\" srcset=\"http:\/\/nossacasa.net\/nossosriachos\/tiririca\/wp-content\/uploads\/sites\/12\/2020\/09\/Elias_2020-09-21-at-11.47.05.jpeg 960w, http:\/\/nossacasa.net\/nossosriachos\/tiririca\/wp-content\/uploads\/sites\/12\/2020\/09\/Elias_2020-09-21-at-11.47.05-225x300.jpeg 225w, http:\/\/nossacasa.net\/nossosriachos\/tiririca\/wp-content\/uploads\/sites\/12\/2020\/09\/Elias_2020-09-21-at-11.47.05-768x1024.jpeg 768w\" sizes=\"auto, (max-width: 767px) 89vw, (max-width: 1000px) 54vw, (max-width: 1071px) 543px, 580px\" \/><\/p>\n<p><img loading=\"lazy\" decoding=\"async\" src=\"http:\/\/nossacasa.net\/nossosriachos\/tiririca\/wp-content\/uploads\/sites\/12\/2020\/09\/Elias_2020-09-21-at-11.47.16.jpeg\" alt=\"\" width=\"960\" height=\"1280\" class=\"aligncenter size-full wp-image-5129\" srcset=\"http:\/\/nossacasa.net\/nossosriachos\/tiririca\/wp-content\/uploads\/sites\/12\/2020\/09\/Elias_2020-09-21-at-11.47.16.jpeg 960w, http:\/\/nossacasa.net\/nossosriachos\/tiririca\/wp-content\/uploads\/sites\/12\/2020\/09\/Elias_2020-09-21-at-11.47.16-225x300.jpeg 225w, http:\/\/nossacasa.net\/nossosriachos\/tiririca\/wp-content\/uploads\/sites\/12\/2020\/09\/Elias_2020-09-21-at-11.47.16-768x1024.jpeg 768w\" sizes=\"auto, (max-width: 767px) 89vw, (max-width: 1000px) 54vw, (max-width: 1071px) 543px, 580px\" \/><\/p>\n<p><img loading=\"lazy\" decoding=\"async\" src=\"http:\/\/nossacasa.net\/nossosriachos\/tiririca\/wp-content\/uploads\/sites\/12\/2020\/09\/Elias_2020-09-21-at-11.47.19.jpeg\" alt=\"\" width=\"960\" height=\"1280\" class=\"aligncenter size-full wp-image-5130\" srcset=\"http:\/\/nossacasa.net\/nossosriachos\/tiririca\/wp-content\/uploads\/sites\/12\/2020\/09\/Elias_2020-09-21-at-11.47.19.jpeg 960w, http:\/\/nossacasa.net\/nossosriachos\/tiririca\/wp-content\/uploads\/sites\/12\/2020\/09\/Elias_2020-09-21-at-11.47.19-225x300.jpeg 225w, http:\/\/nossacasa.net\/nossosriachos\/tiririca\/wp-content\/uploads\/sites\/12\/2020\/09\/Elias_2020-09-21-at-11.47.19-768x1024.jpeg 768w\" sizes=\"auto, (max-width: 767px) 89vw, (max-width: 1000px) 54vw, (max-width: 1071px) 543px, 580px\" \/><\/p>\n<p><img loading=\"lazy\" decoding=\"async\" src=\"http:\/\/nossacasa.net\/nossosriachos\/tiririca\/wp-content\/uploads\/sites\/12\/2020\/09\/Elias_2020-09-21-at-11.47.22.jpeg\" alt=\"\" width=\"960\" height=\"1280\" class=\"aligncenter size-full wp-image-5131\" srcset=\"http:\/\/nossacasa.net\/nossosriachos\/tiririca\/wp-content\/uploads\/sites\/12\/2020\/09\/Elias_2020-09-21-at-11.47.22.jpeg 960w, http:\/\/nossacasa.net\/nossosriachos\/tiririca\/wp-content\/uploads\/sites\/12\/2020\/09\/Elias_2020-09-21-at-11.47.22-225x300.jpeg 225w, http:\/\/nossacasa.net\/nossosriachos\/tiririca\/wp-content\/uploads\/sites\/12\/2020\/09\/Elias_2020-09-21-at-11.47.22-768x1024.jpeg 768w\" sizes=\"auto, (max-width: 767px) 89vw, (max-width: 1000px) 54vw, (max-width: 1071px) 543px, 580px\" \/><\/p>\n<p><img loading=\"lazy\" decoding=\"async\" src=\"http:\/\/nossacasa.net\/nossosriachos\/tiririca\/wp-content\/uploads\/sites\/12\/2020\/09\/Elias_2020-09-21-at-11.47.24.jpeg\" alt=\"\" width=\"960\" height=\"1280\" class=\"aligncenter size-full wp-image-5132\" srcset=\"http:\/\/nossacasa.net\/nossosriachos\/tiririca\/wp-content\/uploads\/sites\/12\/2020\/09\/Elias_2020-09-21-at-11.47.24.jpeg 960w, http:\/\/nossacasa.net\/nossosriachos\/tiririca\/wp-content\/uploads\/sites\/12\/2020\/09\/Elias_2020-09-21-at-11.47.24-225x300.jpeg 225w, http:\/\/nossacasa.net\/nossosriachos\/tiririca\/wp-content\/uploads\/sites\/12\/2020\/09\/Elias_2020-09-21-at-11.47.24-768x1024.jpeg 768w\" sizes=\"auto, (max-width: 767px) 89vw, (max-width: 1000px) 54vw, (max-width: 1071px) 543px, 580px\" \/><\/p>\n<p><img loading=\"lazy\" decoding=\"async\" src=\"http:\/\/nossacasa.net\/nossosriachos\/tiririca\/wp-content\/uploads\/sites\/12\/2020\/09\/Elias_2020-09-21-at-11.47.25.jpeg\" alt=\"\" width=\"960\" height=\"1280\" class=\"aligncenter size-full wp-image-5133\" srcset=\"http:\/\/nossacasa.net\/nossosriachos\/tiririca\/wp-content\/uploads\/sites\/12\/2020\/09\/Elias_2020-09-21-at-11.47.25.jpeg 960w, http:\/\/nossacasa.net\/nossosriachos\/tiririca\/wp-content\/uploads\/sites\/12\/2020\/09\/Elias_2020-09-21-at-11.47.25-225x300.jpeg 225w, http:\/\/nossacasa.net\/nossosriachos\/tiririca\/wp-content\/uploads\/sites\/12\/2020\/09\/Elias_2020-09-21-at-11.47.25-768x1024.jpeg 768w\" sizes=\"auto, (max-width: 767px) 89vw, (max-width: 1000px) 54vw, (max-width: 1071px) 543px, 580px\" \/><\/p>\n<p><img loading=\"lazy\" decoding=\"async\" src=\"http:\/\/nossacasa.net\/nossosriachos\/tiririca\/wp-content\/uploads\/sites\/12\/2020\/09\/Elias_2020-09-21-at-11.47.32.jpeg\" alt=\"\" width=\"960\" height=\"1280\" class=\"aligncenter size-full wp-image-5134\" srcset=\"http:\/\/nossacasa.net\/nossosriachos\/tiririca\/wp-content\/uploads\/sites\/12\/2020\/09\/Elias_2020-09-21-at-11.47.32.jpeg 960w, http:\/\/nossacasa.net\/nossosriachos\/tiririca\/wp-content\/uploads\/sites\/12\/2020\/09\/Elias_2020-09-21-at-11.47.32-225x300.jpeg 225w, http:\/\/nossacasa.net\/nossosriachos\/tiririca\/wp-content\/uploads\/sites\/12\/2020\/09\/Elias_2020-09-21-at-11.47.32-768x1024.jpeg 768w\" sizes=\"auto, (max-width: 767px) 89vw, (max-width: 1000px) 54vw, (max-width: 1071px) 543px, 580px\" \/><\/p>\n<p><img loading=\"lazy\" decoding=\"async\" src=\"http:\/\/nossacasa.net\/nossosriachos\/tiririca\/wp-content\/uploads\/sites\/12\/2020\/09\/Elias_2020-09-21-at-11.47.32_2.jpeg\" alt=\"\" width=\"960\" height=\"1280\" class=\"aligncenter size-full wp-image-5135\" srcset=\"http:\/\/nossacasa.net\/nossosriachos\/tiririca\/wp-content\/uploads\/sites\/12\/2020\/09\/Elias_2020-09-21-at-11.47.32_2.jpeg 960w, http:\/\/nossacasa.net\/nossosriachos\/tiririca\/wp-content\/uploads\/sites\/12\/2020\/09\/Elias_2020-09-21-at-11.47.32_2-225x300.jpeg 225w, http:\/\/nossacasa.net\/nossosriachos\/tiririca\/wp-content\/uploads\/sites\/12\/2020\/09\/Elias_2020-09-21-at-11.47.32_2-768x1024.jpeg 768w\" sizes=\"auto, (max-width: 767px) 89vw, (max-width: 1000px) 54vw, (max-width: 1071px) 543px, 580px\" \/><\/p>\n<p><img loading=\"lazy\" decoding=\"async\" src=\"http:\/\/nossacasa.net\/nossosriachos\/tiririca\/wp-content\/uploads\/sites\/12\/2020\/09\/Elias_2020-09-21-at-11.47.35.jpeg\" alt=\"\" width=\"1280\" height=\"960\" class=\"aligncenter size-full wp-image-5136\" srcset=\"http:\/\/nossacasa.net\/nossosriachos\/tiririca\/wp-content\/uploads\/sites\/12\/2020\/09\/Elias_2020-09-21-at-11.47.35.jpeg 1280w, http:\/\/nossacasa.net\/nossosriachos\/tiririca\/wp-content\/uploads\/sites\/12\/2020\/09\/Elias_2020-09-21-at-11.47.35-300x225.jpeg 300w, http:\/\/nossacasa.net\/nossosriachos\/tiririca\/wp-content\/uploads\/sites\/12\/2020\/09\/Elias_2020-09-21-at-11.47.35-1024x768.jpeg 1024w, http:\/\/nossacasa.net\/nossosriachos\/tiririca\/wp-content\/uploads\/sites\/12\/2020\/09\/Elias_2020-09-21-at-11.47.35-768x576.jpeg 768w\" sizes=\"auto, (max-width: 767px) 89vw, (max-width: 1000px) 54vw, (max-width: 1071px) 543px, 580px\" \/><\/p>\n<hr \/>\n<p><strong>Atividades<\/strong>:<br \/>\nNo domingo, 28 de junho de 2020, <strong>Elias<\/strong> e <strong>Maur\u00edcio<\/strong> estiveram realizando atividades nos ninhos. Plantaram: muda de ab\u00f3bora no ninho 91; muda de abacateiro no ninho 93, duas mudas de lim\u00e3o-galego no ninho 94, uma muda de mangueira no 96, uma muda de lim\u00e3o galego no ninho 99, v\u00e1rias mudas de ab\u00f3bora no ninho 100 e duas mudas de jabuticaba entre os ninhos 100 e 101.<br \/>\n<strong>Fotos<\/strong>:<br \/>\n<div id='gallery-1' class='gallery galleryid-2702 gallery-columns-4 gallery-size-thumbnail'><figure class='gallery-item'>\n\t\t\t<div class='gallery-icon portrait'>\n\t\t\t\t<a href='http:\/\/nossacasa.net\/nossosriachos\/tiririca\/grupo-11\/whatsapp-image-2020-06-29-at-10-11-07\/'><img loading=\"lazy\" decoding=\"async\" width=\"150\" height=\"150\" src=\"http:\/\/nossacasa.net\/nossosriachos\/tiririca\/wp-content\/uploads\/sites\/12\/2020\/06\/WhatsApp-Image-2020-06-29-at-10.11.07-150x150.jpeg\" class=\"attachment-thumbnail size-thumbnail\" alt=\"\" aria-describedby=\"gallery-1-4781\" srcset=\"http:\/\/nossacasa.net\/nossosriachos\/tiririca\/wp-content\/uploads\/sites\/12\/2020\/06\/WhatsApp-Image-2020-06-29-at-10.11.07-150x150.jpeg 150w, http:\/\/nossacasa.net\/nossosriachos\/tiririca\/wp-content\/uploads\/sites\/12\/2020\/06\/WhatsApp-Image-2020-06-29-at-10.11.07-100x100.jpeg 100w, http:\/\/nossacasa.net\/nossosriachos\/tiririca\/wp-content\/uploads\/sites\/12\/2020\/06\/WhatsApp-Image-2020-06-29-at-10.11.07-50x50.jpeg 50w\" sizes=\"auto, 100vw\" \/><\/a>\n\t\t\t<\/div>\n\t\t\t\t<figcaption class='wp-caption-text gallery-caption' id='gallery-1-4781'>\n\t\t\t\tNinhos 91 a 100\n\t\t\t\t<\/figcaption><\/figure><figure class='gallery-item'>\n\t\t\t<div class='gallery-icon portrait'>\n\t\t\t\t<a href='http:\/\/nossacasa.net\/nossosriachos\/tiririca\/grupo-11\/whatsapp-image-2020-06-29-at-10-11-08-1\/'><img loading=\"lazy\" decoding=\"async\" width=\"150\" height=\"150\" src=\"http:\/\/nossacasa.net\/nossosriachos\/tiririca\/wp-content\/uploads\/sites\/12\/2020\/06\/WhatsApp-Image-2020-06-29-at-10.11.08-1-150x150.jpeg\" class=\"attachment-thumbnail size-thumbnail\" alt=\"\" aria-describedby=\"gallery-1-4782\" srcset=\"http:\/\/nossacasa.net\/nossosriachos\/tiririca\/wp-content\/uploads\/sites\/12\/2020\/06\/WhatsApp-Image-2020-06-29-at-10.11.08-1-150x150.jpeg 150w, http:\/\/nossacasa.net\/nossosriachos\/tiririca\/wp-content\/uploads\/sites\/12\/2020\/06\/WhatsApp-Image-2020-06-29-at-10.11.08-1-100x100.jpeg 100w, http:\/\/nossacasa.net\/nossosriachos\/tiririca\/wp-content\/uploads\/sites\/12\/2020\/06\/WhatsApp-Image-2020-06-29-at-10.11.08-1-50x50.jpeg 50w\" sizes=\"auto, 100vw\" \/><\/a>\n\t\t\t<\/div>\n\t\t\t\t<figcaption class='wp-caption-text gallery-caption' id='gallery-1-4782'>\n\t\t\t\tNinhos 91 a 100\n\t\t\t\t<\/figcaption><\/figure><figure class='gallery-item'>\n\t\t\t<div class='gallery-icon portrait'>\n\t\t\t\t<a href='http:\/\/nossacasa.net\/nossosriachos\/tiririca\/grupo-11\/whatsapp-image-2020-06-29-at-10-11-08\/'><img loading=\"lazy\" decoding=\"async\" width=\"150\" height=\"150\" src=\"http:\/\/nossacasa.net\/nossosriachos\/tiririca\/wp-content\/uploads\/sites\/12\/2020\/06\/WhatsApp-Image-2020-06-29-at-10.11.08-150x150.jpeg\" class=\"attachment-thumbnail size-thumbnail\" alt=\"\" aria-describedby=\"gallery-1-4783\" srcset=\"http:\/\/nossacasa.net\/nossosriachos\/tiririca\/wp-content\/uploads\/sites\/12\/2020\/06\/WhatsApp-Image-2020-06-29-at-10.11.08-150x150.jpeg 150w, http:\/\/nossacasa.net\/nossosriachos\/tiririca\/wp-content\/uploads\/sites\/12\/2020\/06\/WhatsApp-Image-2020-06-29-at-10.11.08-100x100.jpeg 100w, http:\/\/nossacasa.net\/nossosriachos\/tiririca\/wp-content\/uploads\/sites\/12\/2020\/06\/WhatsApp-Image-2020-06-29-at-10.11.08-50x50.jpeg 50w\" sizes=\"auto, 100vw\" \/><\/a>\n\t\t\t<\/div>\n\t\t\t\t<figcaption class='wp-caption-text gallery-caption' id='gallery-1-4783'>\n\t\t\t\tNinhos 91 a 100\n\t\t\t\t<\/figcaption><\/figure><figure class='gallery-item'>\n\t\t\t<div class='gallery-icon landscape'>\n\t\t\t\t<a href='http:\/\/nossacasa.net\/nossosriachos\/tiririca\/grupo-11\/whatsapp-image-2020-06-29-at-10-11-10\/'><img loading=\"lazy\" decoding=\"async\" width=\"150\" height=\"150\" src=\"http:\/\/nossacasa.net\/nossosriachos\/tiririca\/wp-content\/uploads\/sites\/12\/2020\/06\/WhatsApp-Image-2020-06-29-at-10.11.10-150x150.jpeg\" class=\"attachment-thumbnail size-thumbnail\" alt=\"\" aria-describedby=\"gallery-1-4784\" srcset=\"http:\/\/nossacasa.net\/nossosriachos\/tiririca\/wp-content\/uploads\/sites\/12\/2020\/06\/WhatsApp-Image-2020-06-29-at-10.11.10-150x150.jpeg 150w, http:\/\/nossacasa.net\/nossosriachos\/tiririca\/wp-content\/uploads\/sites\/12\/2020\/06\/WhatsApp-Image-2020-06-29-at-10.11.10-100x100.jpeg 100w, http:\/\/nossacasa.net\/nossosriachos\/tiririca\/wp-content\/uploads\/sites\/12\/2020\/06\/WhatsApp-Image-2020-06-29-at-10.11.10-50x50.jpeg 50w\" sizes=\"auto, 100vw\" \/><\/a>\n\t\t\t<\/div>\n\t\t\t\t<figcaption class='wp-caption-text gallery-caption' id='gallery-1-4784'>\n\t\t\t\tNinhos 91 a 100\n\t\t\t\t<\/figcaption><\/figure><figure class='gallery-item'>\n\t\t\t<div class='gallery-icon landscape'>\n\t\t\t\t<a href='http:\/\/nossacasa.net\/nossosriachos\/tiririca\/grupo-11\/whatsapp-image-2020-06-29-at-10-11-11\/'><img loading=\"lazy\" decoding=\"async\" width=\"150\" height=\"150\" src=\"http:\/\/nossacasa.net\/nossosriachos\/tiririca\/wp-content\/uploads\/sites\/12\/2020\/06\/WhatsApp-Image-2020-06-29-at-10.11.11-150x150.jpeg\" class=\"attachment-thumbnail size-thumbnail\" alt=\"\" aria-describedby=\"gallery-1-4785\" srcset=\"http:\/\/nossacasa.net\/nossosriachos\/tiririca\/wp-content\/uploads\/sites\/12\/2020\/06\/WhatsApp-Image-2020-06-29-at-10.11.11-150x150.jpeg 150w, http:\/\/nossacasa.net\/nossosriachos\/tiririca\/wp-content\/uploads\/sites\/12\/2020\/06\/WhatsApp-Image-2020-06-29-at-10.11.11-100x100.jpeg 100w, http:\/\/nossacasa.net\/nossosriachos\/tiririca\/wp-content\/uploads\/sites\/12\/2020\/06\/WhatsApp-Image-2020-06-29-at-10.11.11-50x50.jpeg 50w\" sizes=\"auto, 100vw\" \/><\/a>\n\t\t\t<\/div>\n\t\t\t\t<figcaption class='wp-caption-text gallery-caption' id='gallery-1-4785'>\n\t\t\t\tNinhos 91 a 100\n\t\t\t\t<\/figcaption><\/figure><figure class='gallery-item'>\n\t\t\t<div class='gallery-icon landscape'>\n\t\t\t\t<a href='http:\/\/nossacasa.net\/nossosriachos\/tiririca\/grupo-11\/whatsapp-image-2020-06-29-at-10-11-35\/'><img loading=\"lazy\" decoding=\"async\" width=\"150\" height=\"150\" src=\"http:\/\/nossacasa.net\/nossosriachos\/tiririca\/wp-content\/uploads\/sites\/12\/2020\/06\/WhatsApp-Image-2020-06-29-at-10.11.35-150x150.jpeg\" class=\"attachment-thumbnail size-thumbnail\" alt=\"\" aria-describedby=\"gallery-1-4786\" srcset=\"http:\/\/nossacasa.net\/nossosriachos\/tiririca\/wp-content\/uploads\/sites\/12\/2020\/06\/WhatsApp-Image-2020-06-29-at-10.11.35-150x150.jpeg 150w, http:\/\/nossacasa.net\/nossosriachos\/tiririca\/wp-content\/uploads\/sites\/12\/2020\/06\/WhatsApp-Image-2020-06-29-at-10.11.35-100x100.jpeg 100w, http:\/\/nossacasa.net\/nossosriachos\/tiririca\/wp-content\/uploads\/sites\/12\/2020\/06\/WhatsApp-Image-2020-06-29-at-10.11.35-50x50.jpeg 50w\" sizes=\"auto, 100vw\" \/><\/a>\n\t\t\t<\/div>\n\t\t\t\t<figcaption class='wp-caption-text gallery-caption' id='gallery-1-4786'>\n\t\t\t\tNinhos 91 a 100\n\t\t\t\t<\/figcaption><\/figure><figure class='gallery-item'>\n\t\t\t<div class='gallery-icon landscape'>\n\t\t\t\t<a href='http:\/\/nossacasa.net\/nossosriachos\/tiririca\/grupo-11\/whatsapp-image-2020-06-29-at-10-11-36-1\/'><img loading=\"lazy\" decoding=\"async\" width=\"150\" height=\"150\" src=\"http:\/\/nossacasa.net\/nossosriachos\/tiririca\/wp-content\/uploads\/sites\/12\/2020\/06\/WhatsApp-Image-2020-06-29-at-10.11.36-1-150x150.jpeg\" class=\"attachment-thumbnail size-thumbnail\" alt=\"\" aria-describedby=\"gallery-1-4787\" srcset=\"http:\/\/nossacasa.net\/nossosriachos\/tiririca\/wp-content\/uploads\/sites\/12\/2020\/06\/WhatsApp-Image-2020-06-29-at-10.11.36-1-150x150.jpeg 150w, http:\/\/nossacasa.net\/nossosriachos\/tiririca\/wp-content\/uploads\/sites\/12\/2020\/06\/WhatsApp-Image-2020-06-29-at-10.11.36-1-100x100.jpeg 100w, http:\/\/nossacasa.net\/nossosriachos\/tiririca\/wp-content\/uploads\/sites\/12\/2020\/06\/WhatsApp-Image-2020-06-29-at-10.11.36-1-50x50.jpeg 50w\" sizes=\"auto, 100vw\" \/><\/a>\n\t\t\t<\/div>\n\t\t\t\t<figcaption class='wp-caption-text gallery-caption' id='gallery-1-4787'>\n\t\t\t\tNinhos 91 a 100\n\t\t\t\t<\/figcaption><\/figure><figure class='gallery-item'>\n\t\t\t<div class='gallery-icon landscape'>\n\t\t\t\t<a href='http:\/\/nossacasa.net\/nossosriachos\/tiririca\/grupo-11\/whatsapp-image-2020-06-29-at-10-11-36\/'><img loading=\"lazy\" decoding=\"async\" width=\"150\" height=\"150\" src=\"http:\/\/nossacasa.net\/nossosriachos\/tiririca\/wp-content\/uploads\/sites\/12\/2020\/06\/WhatsApp-Image-2020-06-29-at-10.11.36-150x150.jpeg\" class=\"attachment-thumbnail size-thumbnail\" alt=\"\" aria-describedby=\"gallery-1-4788\" srcset=\"http:\/\/nossacasa.net\/nossosriachos\/tiririca\/wp-content\/uploads\/sites\/12\/2020\/06\/WhatsApp-Image-2020-06-29-at-10.11.36-150x150.jpeg 150w, http:\/\/nossacasa.net\/nossosriachos\/tiririca\/wp-content\/uploads\/sites\/12\/2020\/06\/WhatsApp-Image-2020-06-29-at-10.11.36-100x100.jpeg 100w, http:\/\/nossacasa.net\/nossosriachos\/tiririca\/wp-content\/uploads\/sites\/12\/2020\/06\/WhatsApp-Image-2020-06-29-at-10.11.36-50x50.jpeg 50w\" sizes=\"auto, 100vw\" \/><\/a>\n\t\t\t<\/div>\n\t\t\t\t<figcaption class='wp-caption-text gallery-caption' id='gallery-1-4788'>\n\t\t\t\tNinhos 91 a 100\n\t\t\t\t<\/figcaption><\/figure><figure class='gallery-item'>\n\t\t\t<div class='gallery-icon portrait'>\n\t\t\t\t<a href='http:\/\/nossacasa.net\/nossosriachos\/tiririca\/grupo-11\/whatsapp-image-2020-06-29-at-10-11-37-1\/'><img loading=\"lazy\" decoding=\"async\" width=\"150\" height=\"150\" src=\"http:\/\/nossacasa.net\/nossosriachos\/tiririca\/wp-content\/uploads\/sites\/12\/2020\/06\/WhatsApp-Image-2020-06-29-at-10.11.37-1-150x150.jpeg\" class=\"attachment-thumbnail size-thumbnail\" alt=\"\" aria-describedby=\"gallery-1-4789\" srcset=\"http:\/\/nossacasa.net\/nossosriachos\/tiririca\/wp-content\/uploads\/sites\/12\/2020\/06\/WhatsApp-Image-2020-06-29-at-10.11.37-1-150x150.jpeg 150w, http:\/\/nossacasa.net\/nossosriachos\/tiririca\/wp-content\/uploads\/sites\/12\/2020\/06\/WhatsApp-Image-2020-06-29-at-10.11.37-1-100x100.jpeg 100w, http:\/\/nossacasa.net\/nossosriachos\/tiririca\/wp-content\/uploads\/sites\/12\/2020\/06\/WhatsApp-Image-2020-06-29-at-10.11.37-1-50x50.jpeg 50w\" sizes=\"auto, 100vw\" \/><\/a>\n\t\t\t<\/div>\n\t\t\t\t<figcaption class='wp-caption-text gallery-caption' id='gallery-1-4789'>\n\t\t\t\tNinhos 91 a 100\n\t\t\t\t<\/figcaption><\/figure><figure class='gallery-item'>\n\t\t\t<div class='gallery-icon landscape'>\n\t\t\t\t<a href='http:\/\/nossacasa.net\/nossosriachos\/tiririca\/grupo-11\/whatsapp-image-2020-06-29-at-10-11-37\/'><img loading=\"lazy\" decoding=\"async\" width=\"150\" height=\"150\" src=\"http:\/\/nossacasa.net\/nossosriachos\/tiririca\/wp-content\/uploads\/sites\/12\/2020\/06\/WhatsApp-Image-2020-06-29-at-10.11.37-150x150.jpeg\" class=\"attachment-thumbnail size-thumbnail\" alt=\"\" aria-describedby=\"gallery-1-4790\" srcset=\"http:\/\/nossacasa.net\/nossosriachos\/tiririca\/wp-content\/uploads\/sites\/12\/2020\/06\/WhatsApp-Image-2020-06-29-at-10.11.37-150x150.jpeg 150w, http:\/\/nossacasa.net\/nossosriachos\/tiririca\/wp-content\/uploads\/sites\/12\/2020\/06\/WhatsApp-Image-2020-06-29-at-10.11.37-100x100.jpeg 100w, http:\/\/nossacasa.net\/nossosriachos\/tiririca\/wp-content\/uploads\/sites\/12\/2020\/06\/WhatsApp-Image-2020-06-29-at-10.11.37-50x50.jpeg 50w\" sizes=\"auto, 100vw\" \/><\/a>\n\t\t\t<\/div>\n\t\t\t\t<figcaption class='wp-caption-text gallery-caption' id='gallery-1-4790'>\n\t\t\t\tNinhos 91 a 100\n\t\t\t\t<\/figcaption><\/figure><figure class='gallery-item'>\n\t\t\t<div class='gallery-icon landscape'>\n\t\t\t\t<a href='http:\/\/nossacasa.net\/nossosriachos\/tiririca\/grupo-11\/whatsapp-image-2020-06-29-at-10-11-38\/'><img loading=\"lazy\" decoding=\"async\" width=\"150\" height=\"150\" src=\"http:\/\/nossacasa.net\/nossosriachos\/tiririca\/wp-content\/uploads\/sites\/12\/2020\/06\/WhatsApp-Image-2020-06-29-at-10.11.38-150x150.jpeg\" class=\"attachment-thumbnail size-thumbnail\" alt=\"\" aria-describedby=\"gallery-1-4791\" srcset=\"http:\/\/nossacasa.net\/nossosriachos\/tiririca\/wp-content\/uploads\/sites\/12\/2020\/06\/WhatsApp-Image-2020-06-29-at-10.11.38-150x150.jpeg 150w, http:\/\/nossacasa.net\/nossosriachos\/tiririca\/wp-content\/uploads\/sites\/12\/2020\/06\/WhatsApp-Image-2020-06-29-at-10.11.38-100x100.jpeg 100w, http:\/\/nossacasa.net\/nossosriachos\/tiririca\/wp-content\/uploads\/sites\/12\/2020\/06\/WhatsApp-Image-2020-06-29-at-10.11.38-50x50.jpeg 50w\" sizes=\"auto, 100vw\" \/><\/a>\n\t\t\t<\/div>\n\t\t\t\t<figcaption class='wp-caption-text gallery-caption' id='gallery-1-4791'>\n\t\t\t\tNinhos 91 a 100\n\t\t\t\t<\/figcaption><\/figure>\n\t\t<\/div>\n<\/p>\n<hr \/>\n<p><img loading=\"lazy\" decoding=\"async\" src=\"http:\/\/nossacasa.net\/nossosriachos\/tiririca\/wp-content\/uploads\/sites\/12\/2019\/12\/Grupo-11.jpg\" alt=\"\" width=\"953\" height=\"611\" class=\"aligncenter size-full wp-image-2705\" srcset=\"http:\/\/nossacasa.net\/nossosriachos\/tiririca\/wp-content\/uploads\/sites\/12\/2019\/12\/Grupo-11.jpg 953w, http:\/\/nossacasa.net\/nossosriachos\/tiririca\/wp-content\/uploads\/sites\/12\/2019\/12\/Grupo-11-300x192.jpg 300w, http:\/\/nossacasa.net\/nossosriachos\/tiririca\/wp-content\/uploads\/sites\/12\/2019\/12\/Grupo-11-768x492.jpg 768w\" sizes=\"auto, (max-width: 767px) 89vw, (max-width: 1000px) 54vw, (max-width: 1071px) 543px, 580px\" \/><\/p>\n<hr \/>\n<p><img decoding=\"async\" src=\"http:\/\/nossacasa.net\/nossosriachos\/tiririca\/wp-content\/uploads\/sites\/12\/2019\/12\/Grupo11_S.jpg\" alt=\"\" \n\n\n<hr \/>\n<p><strong><a href=\"http:\/\/nossacasa.net\/nossosriachos\/tiririca\/grupo-11-ninhos-de-90-a-99\/\">Composi\u00e7\u00e3o bot\u00e2nica dos ninhos e entre ninhos do Grupo 11<\/a><\/strong><\/p>\n<hr \/>\n<\/div>\n","protected":false},"excerpt":{"rendered":"<p>O Grupo 11 \u00e9 formado pelos ninhos de 091 a 100 colocados na margem esquerda do c\u00f3rrego. Os ninhos do grupo 11 foram adotados por Elias e Maur\u00edcio. Atividades: Na segunda-feira, 21 de setembro de 2020, Elias e Maur\u00edcio, aproveitando a chuvinha boa, plantaram lim\u00e3o, ab\u00f3bora e mam\u00e3o nos ninhos 90 a 100 Fotos: Atividades: &hellip; <\/p>\n<p class=\"link-more\"><a href=\"http:\/\/nossacasa.net\/nossosriachos\/tiririca\/grupo-11\/\" class=\"more-link\">Continue lendo<span class=\"screen-reader-text\"> &#8220;Grupo 11&#8221;<\/span><\/a><\/p>\n","protected":false},"author":1,"featured_media":0,"parent":0,"menu_order":0,"comment_status":"closed","ping_status":"closed","template":"","meta":{"footnotes":""},"class_list":["post-2702","page","type-page","status-publish","hentry"],"_links":{"self":[{"href":"http:\/\/nossacasa.net\/nossosriachos\/tiririca\/wp-json\/wp\/v2\/pages\/2702","targetHints":{"allow":["GET"]}}],"collection":[{"href":"http:\/\/nossacasa.net\/nossosriachos\/tiririca\/wp-json\/wp\/v2\/pages"}],"about":[{"href":"http:\/\/nossacasa.net\/nossosriachos\/tiririca\/wp-json\/wp\/v2\/types\/page"}],"author":[{"embeddable":true,"href":"http:\/\/nossacasa.net\/nossosriachos\/tiririca\/wp-json\/wp\/v2\/users\/1"}],"replies":[{"embeddable":true,"href":"http:\/\/nossacasa.net\/nossosriachos\/tiririca\/wp-json\/wp\/v2\/comments?post=2702"}],"version-history":[{"count":17,"href":"http:\/\/nossacasa.net\/nossosriachos\/tiririca\/wp-json\/wp\/v2\/pages\/2702\/revisions"}],"predecessor-version":[{"id":5137,"href":"http:\/\/nossacasa.net\/nossosriachos\/tiririca\/wp-json\/wp\/v2\/pages\/2702\/revisions\/5137"}],"wp:attachment":[{"href":"http:\/\/nossacasa.net\/nossosriachos\/tiririca\/wp-json\/wp\/v2\/media?parent=2702"}],"curies":[{"name":"wp","href":"https:\/\/api.w.org\/{rel}","templated":true}]}}