{"id":4613,"date":"2020-06-05T11:25:51","date_gmt":"2020-06-05T14:25:51","guid":{"rendered":"http:\/\/nossacasa.net\/nossosriachos\/tiririca\/?page_id=4613"},"modified":"2020-09-09T17:13:21","modified_gmt":"2020-09-09T20:13:21","slug":"grupo-14","status":"publish","type":"page","link":"http:\/\/nossacasa.net\/nossosriachos\/tiririca\/grupo-14\/","title":{"rendered":"Grupo 14"},"content":{"rendered":"<div style=\"text-align: justify;\">\n<hr \/>\n<p>O <strong>Grupo 14<\/strong> \u00e9 formado pelos <strong>ninhos de 120 a 129<\/strong> colocados na margem esquerda do c\u00f3rrego.<\/p>\n<hr \/>\n<p><img loading=\"lazy\" decoding=\"async\" src=\"http:\/\/nossacasa.net\/nossosriachos\/tiririca\/wp-content\/uploads\/sites\/12\/2019\/12\/Grupo12.jpg\" alt=\"\" width=\"813\" height=\"627\" class=\"aligncenter size-full wp-image-2771\" srcset=\"http:\/\/nossacasa.net\/nossosriachos\/tiririca\/wp-content\/uploads\/sites\/12\/2019\/12\/Grupo12.jpg 813w, http:\/\/nossacasa.net\/nossosriachos\/tiririca\/wp-content\/uploads\/sites\/12\/2019\/12\/Grupo12-300x231.jpg 300w, http:\/\/nossacasa.net\/nossosriachos\/tiririca\/wp-content\/uploads\/sites\/12\/2019\/12\/Grupo12-768x592.jpg 768w\" sizes=\"auto, (max-width: 767px) 89vw, (max-width: 1000px) 54vw, (max-width: 1071px) 543px, 580px\" \/><\/p>\n<hr \/>\n<p>Os ninhos do grupo 14 foram adotados por Bia &#038; Borges.<\/p>\n<hr \/>\n<p><strong>ATIVIDADES:<\/strong><br \/>\nNo domingo, 16\/08\/2020, Bia e Borges estiveram cuidando dos ninhos. Foram plantadas cinco mudas de caf\u00e9 nos ninhos 121, 123, 125, 127 e 128. Tamb\u00e9m algumas suculentas e bulbos. Foi jogada sementes de manjeric\u00e3o verde e roxo.<\/p>\n<hr \/>\n<p><strong>FOTOS:<\/strong><\/p>\n<hr \/>\n<figure id=\"attachment_4964\" aria-describedby=\"caption-attachment-4964\" style=\"width: 960px\" class=\"wp-caption aligncenter\"><img loading=\"lazy\" decoding=\"async\" src=\"http:\/\/nossacasa.net\/nossosriachos\/tiririca\/wp-content\/uploads\/sites\/12\/2020\/08\/Muda-de-caf\u00e9-2020-08-16.jpg\" alt=\"\" width=\"960\" height=\"1280\" class=\"size-full wp-image-4964\" srcset=\"http:\/\/nossacasa.net\/nossosriachos\/tiririca\/wp-content\/uploads\/sites\/12\/2020\/08\/Muda-de-caf\u00e9-2020-08-16.jpg 960w, http:\/\/nossacasa.net\/nossosriachos\/tiririca\/wp-content\/uploads\/sites\/12\/2020\/08\/Muda-de-caf\u00e9-2020-08-16-225x300.jpg 225w, http:\/\/nossacasa.net\/nossosriachos\/tiririca\/wp-content\/uploads\/sites\/12\/2020\/08\/Muda-de-caf\u00e9-2020-08-16-768x1024.jpg 768w\" sizes=\"auto, (max-width: 767px) 89vw, (max-width: 1000px) 54vw, (max-width: 1071px) 543px, 580px\" \/><figcaption id=\"caption-attachment-4964\" class=\"wp-caption-text\">Muda de caf\u00e9<\/figcaption><\/figure>\n<hr \/>\n<figure id=\"attachment_4963\" aria-describedby=\"caption-attachment-4963\" style=\"width: 960px\" class=\"wp-caption aligncenter\"><img loading=\"lazy\" decoding=\"async\" src=\"http:\/\/nossacasa.net\/nossosriachos\/tiririca\/wp-content\/uploads\/sites\/12\/2020\/08\/Bia-Muda-de-Caf\u00e9-2020-08-16-at-11.33.32-1.jpg\" alt=\"\" width=\"960\" height=\"1280\" class=\"size-full wp-image-4963\" srcset=\"http:\/\/nossacasa.net\/nossosriachos\/tiririca\/wp-content\/uploads\/sites\/12\/2020\/08\/Bia-Muda-de-Caf\u00e9-2020-08-16-at-11.33.32-1.jpg 960w, http:\/\/nossacasa.net\/nossosriachos\/tiririca\/wp-content\/uploads\/sites\/12\/2020\/08\/Bia-Muda-de-Caf\u00e9-2020-08-16-at-11.33.32-1-225x300.jpg 225w, http:\/\/nossacasa.net\/nossosriachos\/tiririca\/wp-content\/uploads\/sites\/12\/2020\/08\/Bia-Muda-de-Caf\u00e9-2020-08-16-at-11.33.32-1-768x1024.jpg 768w\" sizes=\"auto, (max-width: 767px) 89vw, (max-width: 1000px) 54vw, (max-width: 1071px) 543px, 580px\" \/><figcaption id=\"caption-attachment-4963\" class=\"wp-caption-text\">Bia plantando uma muda de caf\u00e9<\/figcaption><\/figure>\n<hr \/>\n<figure id=\"attachment_4970\" aria-describedby=\"caption-attachment-4970\" style=\"width: 960px\" class=\"wp-caption aligncenter\"><img loading=\"lazy\" decoding=\"async\" src=\"http:\/\/nossacasa.net\/nossosriachos\/tiririca\/wp-content\/uploads\/sites\/12\/2020\/08\/Ninho_121-2020-08-16.jpg\" alt=\"\" width=\"960\" height=\"1280\" class=\"size-full wp-image-4970\" srcset=\"http:\/\/nossacasa.net\/nossosriachos\/tiririca\/wp-content\/uploads\/sites\/12\/2020\/08\/Ninho_121-2020-08-16.jpg 960w, http:\/\/nossacasa.net\/nossosriachos\/tiririca\/wp-content\/uploads\/sites\/12\/2020\/08\/Ninho_121-2020-08-16-225x300.jpg 225w, http:\/\/nossacasa.net\/nossosriachos\/tiririca\/wp-content\/uploads\/sites\/12\/2020\/08\/Ninho_121-2020-08-16-768x1024.jpg 768w\" sizes=\"auto, (max-width: 767px) 89vw, (max-width: 1000px) 54vw, (max-width: 1071px) 543px, 580px\" \/><figcaption id=\"caption-attachment-4970\" class=\"wp-caption-text\">Muda de caf\u00e9 no ninho 121<\/figcaption><\/figure>\n<hr \/>\n<figure id=\"attachment_4966\" aria-describedby=\"caption-attachment-4966\" style=\"width: 970px\" class=\"wp-caption aligncenter\"><img loading=\"lazy\" decoding=\"async\" src=\"http:\/\/nossacasa.net\/nossosriachos\/tiririca\/wp-content\/uploads\/sites\/12\/2020\/08\/Ninho-123-2020-08-16.jpg\" alt=\"\" width=\"970\" height=\"1280\" class=\"size-full wp-image-4966\" srcset=\"http:\/\/nossacasa.net\/nossosriachos\/tiririca\/wp-content\/uploads\/sites\/12\/2020\/08\/Ninho-123-2020-08-16.jpg 970w, http:\/\/nossacasa.net\/nossosriachos\/tiririca\/wp-content\/uploads\/sites\/12\/2020\/08\/Ninho-123-2020-08-16-227x300.jpg 227w, http:\/\/nossacasa.net\/nossosriachos\/tiririca\/wp-content\/uploads\/sites\/12\/2020\/08\/Ninho-123-2020-08-16-776x1024.jpg 776w, http:\/\/nossacasa.net\/nossosriachos\/tiririca\/wp-content\/uploads\/sites\/12\/2020\/08\/Ninho-123-2020-08-16-768x1013.jpg 768w\" sizes=\"auto, (max-width: 767px) 89vw, (max-width: 1000px) 54vw, (max-width: 1071px) 543px, 580px\" \/><figcaption id=\"caption-attachment-4966\" class=\"wp-caption-text\">Muda de caf\u00e9 no ninho 123<\/figcaption><\/figure>\n<hr \/>\n<figure id=\"attachment_4967\" aria-describedby=\"caption-attachment-4967\" style=\"width: 1009px\" class=\"wp-caption aligncenter\"><img loading=\"lazy\" decoding=\"async\" src=\"http:\/\/nossacasa.net\/nossosriachos\/tiririca\/wp-content\/uploads\/sites\/12\/2020\/08\/Ninho-125-2020-08-16.jpg\" alt=\"\" width=\"1009\" height=\"1280\" class=\"size-full wp-image-4967\" srcset=\"http:\/\/nossacasa.net\/nossosriachos\/tiririca\/wp-content\/uploads\/sites\/12\/2020\/08\/Ninho-125-2020-08-16.jpg 1009w, http:\/\/nossacasa.net\/nossosriachos\/tiririca\/wp-content\/uploads\/sites\/12\/2020\/08\/Ninho-125-2020-08-16-236x300.jpg 236w, http:\/\/nossacasa.net\/nossosriachos\/tiririca\/wp-content\/uploads\/sites\/12\/2020\/08\/Ninho-125-2020-08-16-807x1024.jpg 807w, http:\/\/nossacasa.net\/nossosriachos\/tiririca\/wp-content\/uploads\/sites\/12\/2020\/08\/Ninho-125-2020-08-16-768x974.jpg 768w\" sizes=\"auto, (max-width: 767px) 89vw, (max-width: 1000px) 54vw, (max-width: 1071px) 543px, 580px\" \/><figcaption id=\"caption-attachment-4967\" class=\"wp-caption-text\">Muda de caf\u00e9 no ninho 125<\/figcaption><\/figure>\n<hr \/>\n<figure id=\"attachment_4968\" aria-describedby=\"caption-attachment-4968\" style=\"width: 994px\" class=\"wp-caption aligncenter\"><img loading=\"lazy\" decoding=\"async\" src=\"http:\/\/nossacasa.net\/nossosriachos\/tiririca\/wp-content\/uploads\/sites\/12\/2020\/08\/Ninho-127-2020-08-16.jpg\" alt=\"\" width=\"994\" height=\"1280\" class=\"size-full wp-image-4968\" srcset=\"http:\/\/nossacasa.net\/nossosriachos\/tiririca\/wp-content\/uploads\/sites\/12\/2020\/08\/Ninho-127-2020-08-16.jpg 994w, http:\/\/nossacasa.net\/nossosriachos\/tiririca\/wp-content\/uploads\/sites\/12\/2020\/08\/Ninho-127-2020-08-16-233x300.jpg 233w, http:\/\/nossacasa.net\/nossosriachos\/tiririca\/wp-content\/uploads\/sites\/12\/2020\/08\/Ninho-127-2020-08-16-795x1024.jpg 795w, http:\/\/nossacasa.net\/nossosriachos\/tiririca\/wp-content\/uploads\/sites\/12\/2020\/08\/Ninho-127-2020-08-16-768x989.jpg 768w\" sizes=\"auto, (max-width: 767px) 89vw, (max-width: 1000px) 54vw, (max-width: 1071px) 543px, 580px\" \/><figcaption id=\"caption-attachment-4968\" class=\"wp-caption-text\">Muda de caf\u00e9 no ninho 127<\/figcaption><\/figure>\n<hr \/>\n<figure id=\"attachment_4969\" aria-describedby=\"caption-attachment-4969\" style=\"width: 978px\" class=\"wp-caption aligncenter\"><img loading=\"lazy\" decoding=\"async\" src=\"http:\/\/nossacasa.net\/nossosriachos\/tiririca\/wp-content\/uploads\/sites\/12\/2020\/08\/Ninho-128-2020-08-16-at-11.27.16.jpg\" alt=\"\" width=\"978\" height=\"1280\" class=\"size-full wp-image-4969\" srcset=\"http:\/\/nossacasa.net\/nossosriachos\/tiririca\/wp-content\/uploads\/sites\/12\/2020\/08\/Ninho-128-2020-08-16-at-11.27.16.jpg 978w, http:\/\/nossacasa.net\/nossosriachos\/tiririca\/wp-content\/uploads\/sites\/12\/2020\/08\/Ninho-128-2020-08-16-at-11.27.16-229x300.jpg 229w, http:\/\/nossacasa.net\/nossosriachos\/tiririca\/wp-content\/uploads\/sites\/12\/2020\/08\/Ninho-128-2020-08-16-at-11.27.16-782x1024.jpg 782w, http:\/\/nossacasa.net\/nossosriachos\/tiririca\/wp-content\/uploads\/sites\/12\/2020\/08\/Ninho-128-2020-08-16-at-11.27.16-768x1005.jpg 768w\" sizes=\"auto, (max-width: 767px) 89vw, (max-width: 1000px) 54vw, (max-width: 1071px) 543px, 580px\" \/><figcaption id=\"caption-attachment-4969\" class=\"wp-caption-text\">Muda de caf\u00e9 no ninho 128<\/figcaption><\/figure>\n<hr \/>\n<figure id=\"attachment_4965\" aria-describedby=\"caption-attachment-4965\" style=\"width: 960px\" class=\"wp-caption aligncenter\"><img loading=\"lazy\" decoding=\"async\" src=\"http:\/\/nossacasa.net\/nossosriachos\/tiririca\/wp-content\/uploads\/sites\/12\/2020\/08\/Mudas-2020-08-16-at-11.28.36-1.jpg\" alt=\"\" width=\"960\" height=\"1280\" class=\"size-full wp-image-4965\" srcset=\"http:\/\/nossacasa.net\/nossosriachos\/tiririca\/wp-content\/uploads\/sites\/12\/2020\/08\/Mudas-2020-08-16-at-11.28.36-1.jpg 960w, http:\/\/nossacasa.net\/nossosriachos\/tiririca\/wp-content\/uploads\/sites\/12\/2020\/08\/Mudas-2020-08-16-at-11.28.36-1-225x300.jpg 225w, http:\/\/nossacasa.net\/nossosriachos\/tiririca\/wp-content\/uploads\/sites\/12\/2020\/08\/Mudas-2020-08-16-at-11.28.36-1-768x1024.jpg 768w\" sizes=\"auto, (max-width: 767px) 89vw, (max-width: 1000px) 54vw, (max-width: 1071px) 543px, 580px\" \/><figcaption id=\"caption-attachment-4965\" class=\"wp-caption-text\">Outras mudas<\/figcaption><\/figure>\n<hr \/>\n<p><strong><a href=\"http:\/\/nossacasa.net\/nossosriachos\/tiririca\/grupo-14-ninhos-de-120-a-129\/\">Composi\u00e7\u00e3o bot\u00e2nica dos ninhos e entre ninhos do Grupo 14<\/a><\/strong><\/p>\n<hr \/>\n<p><img loading=\"lazy\" decoding=\"async\" src=\"http:\/\/nossacasa.net\/nossosriachos\/tiririca\/wp-content\/uploads\/sites\/12\/2019\/12\/Grupo12_S.jpg\" alt=\"\" width=\"1075\" height=\"551\" class=\"aligncenter size-full wp-image-2773\" srcset=\"http:\/\/nossacasa.net\/nossosriachos\/tiririca\/wp-content\/uploads\/sites\/12\/2019\/12\/Grupo12_S.jpg 1075w, http:\/\/nossacasa.net\/nossosriachos\/tiririca\/wp-content\/uploads\/sites\/12\/2019\/12\/Grupo12_S-300x154.jpg 300w, http:\/\/nossacasa.net\/nossosriachos\/tiririca\/wp-content\/uploads\/sites\/12\/2019\/12\/Grupo12_S-1024x525.jpg 1024w, http:\/\/nossacasa.net\/nossosriachos\/tiririca\/wp-content\/uploads\/sites\/12\/2019\/12\/Grupo12_S-768x394.jpg 768w\" sizes=\"auto, (max-width: 767px) 89vw, (max-width: 1000px) 54vw, (max-width: 1071px) 543px, 580px\" \/><br \/>\n<img loading=\"lazy\" decoding=\"async\" src=\"http:\/\/nossacasa.net\/nossosriachos\/tiririca\/wp-content\/uploads\/sites\/12\/2019\/12\/Grupo12_L.jpg\" alt=\"\" width=\"1054\" height=\"551\" class=\"aligncenter size-full wp-image-2772\" srcset=\"http:\/\/nossacasa.net\/nossosriachos\/tiririca\/wp-content\/uploads\/sites\/12\/2019\/12\/Grupo12_L.jpg 1054w, http:\/\/nossacasa.net\/nossosriachos\/tiririca\/wp-content\/uploads\/sites\/12\/2019\/12\/Grupo12_L-300x157.jpg 300w, http:\/\/nossacasa.net\/nossosriachos\/tiririca\/wp-content\/uploads\/sites\/12\/2019\/12\/Grupo12_L-1024x535.jpg 1024w, http:\/\/nossacasa.net\/nossosriachos\/tiririca\/wp-content\/uploads\/sites\/12\/2019\/12\/Grupo12_L-768x401.jpg 768w\" sizes=\"auto, (max-width: 767px) 89vw, (max-width: 1000px) 54vw, (max-width: 1071px) 543px, 580px\" \/><\/p>\n<hr \/>\n<\/div>\n","protected":false},"excerpt":{"rendered":"<p>O Grupo 14 \u00e9 formado pelos ninhos de 120 a 129 colocados na margem esquerda do c\u00f3rrego. Os ninhos do grupo 14 foram adotados por Bia &#038; Borges. ATIVIDADES: No domingo, 16\/08\/2020, Bia e Borges estiveram cuidando dos ninhos. Foram plantadas cinco mudas de caf\u00e9 nos ninhos 121, 123, 125, 127 e 128. Tamb\u00e9m algumas &hellip; <\/p>\n<p class=\"link-more\"><a href=\"http:\/\/nossacasa.net\/nossosriachos\/tiririca\/grupo-14\/\" class=\"more-link\">Continue lendo<span class=\"screen-reader-text\"> &#8220;Grupo 14&#8221;<\/span><\/a><\/p>\n","protected":false},"author":1,"featured_media":2773,"parent":0,"menu_order":0,"comment_status":"closed","ping_status":"closed","template":"","meta":{"footnotes":""},"class_list":["post-4613","page","type-page","status-publish","has-post-thumbnail","hentry"],"_links":{"self":[{"href":"http:\/\/nossacasa.net\/nossosriachos\/tiririca\/wp-json\/wp\/v2\/pages\/4613","targetHints":{"allow":["GET"]}}],"collection":[{"href":"http:\/\/nossacasa.net\/nossosriachos\/tiririca\/wp-json\/wp\/v2\/pages"}],"about":[{"href":"http:\/\/nossacasa.net\/nossosriachos\/tiririca\/wp-json\/wp\/v2\/types\/page"}],"author":[{"embeddable":true,"href":"http:\/\/nossacasa.net\/nossosriachos\/tiririca\/wp-json\/wp\/v2\/users\/1"}],"replies":[{"embeddable":true,"href":"http:\/\/nossacasa.net\/nossosriachos\/tiririca\/wp-json\/wp\/v2\/comments?post=4613"}],"version-history":[{"count":4,"href":"http:\/\/nossacasa.net\/nossosriachos\/tiririca\/wp-json\/wp\/v2\/pages\/4613\/revisions"}],"predecessor-version":[{"id":5091,"href":"http:\/\/nossacasa.net\/nossosriachos\/tiririca\/wp-json\/wp\/v2\/pages\/4613\/revisions\/5091"}],"wp:featuredmedia":[{"embeddable":true,"href":"http:\/\/nossacasa.net\/nossosriachos\/tiririca\/wp-json\/wp\/v2\/media\/2773"}],"wp:attachment":[{"href":"http:\/\/nossacasa.net\/nossosriachos\/tiririca\/wp-json\/wp\/v2\/media?parent=4613"}],"curies":[{"name":"wp","href":"https:\/\/api.w.org\/{rel}","templated":true}]}}